{"id":9987,"date":"2025-12-05T11:37:11","date_gmt":"2025-12-05T08:37:11","guid":{"rendered":"https:\/\/tto.bau.edu.tr\/?page_id=9987"},"modified":"2025-12-05T11:38:05","modified_gmt":"2025-12-05T08:38:05","slug":"associate-professor-dr-caglar-sivris-international-patent-application-has-been-registered-by-the-european-patent-office","status":"publish","type":"page","link":"https:\/\/tto.bau.edu.tr\/en\/associate-professor-dr-caglar-sivris-international-patent-application-has-been-registered-by-the-european-patent-office\/","title":{"rendered":"Associate Professor Dr. \u00c7a\u011flar Sivri\u2019s International Patent Application Has Been Registered by the European Patent Office!"},"content":{"rendered":"<div  class=\"tatsu-BkbVBeRhRs tatsu-section  tatsu-bg-overlay   tatsu-clearfix\" data-title=\"\"  data-headerscheme=\"background--dark\"><div class='tatsu-section-pad clearfix' data-padding='{\"d\":\"90px 0px 90px 0px\"}' data-padding-top='90px'><div class=\"tatsu-row-wrap  tatsu-wrap tatsu-row-has-one-half tatsu-row-has-two-cols tatsu-medium-gutter tatsu-reg-cols  tatsu-clearfix tatsu-BygEHx0hRo\" ><div  class=\"tatsu-row \" ><div  class=\"tatsu-column  tatsu-bg-overlay tatsu-one-half tatsu-column-image-none tatsu-column-effect-none  tatsu-Hk9BxR2Rj\"  data-parallax-speed=\"0\" style=\"\"><div class=\"tatsu-column-inner \" ><div class=\"tatsu-column-pad-wrap\"><div class=\"tatsu-column-pad\" ><div  class=\"tatsu-single-image tatsu-module tatsu-image-lazyload tatsu-rJhHlR3As  \" ><div class=\"tatsu-single-image-inner \" style=\"width : 1080px;\" ><div class = \"tatsu-single-image-padding-wrap\" style = \"padding-bottom : 100%;\" ><\/div><img class = \"tatsu-gradient-border\" alt = \"\" title = \"\u00c7a\u011flar-Sivri_Duyuru_ENG_04.12.2025\" data-src = \"https:\/\/tto.bau.edu.tr\/wp-content\/uploads\/2025\/12\/Caglar-Sivri_Duyuru_ENG_04.12.2025.jpg\" src =\"data:image\/png;base64,iVBORw0KGgoAAAANSUhEUgAAAAEAAAABCAQAAAC1HAwCAAAAC0lEQVR42mNkYAAAAAYAAjCB0C8AAAAASUVORK5CYII=\"  \/><\/div><style>.tatsu-rJhHlR3As .tatsu-single-image-inner{border-style: solid;max-width: 100%;}.tatsu-rJhHlR3As.tatsu-single-image{transform: translate3d(0px,0px, 0);}<\/style><\/div><\/div><\/div><div class = \"tatsu-column-bg-image-wrap\"><div class = \"tatsu-column-bg-image tatsu-bg-lazyload\" data-src = \"\"><\/div><\/div><div class=\"tatsu-overlay tatsu-column-overlay tatsu-animate-none\" ><\/div><\/div><style>.tatsu-row > .tatsu-Hk9BxR2Rj.tatsu-column{width: 50%;}.tatsu-Hk9BxR2Rj.tatsu-column > .tatsu-column-inner > .tatsu-column-overlay{mix-blend-mode: normal;}.tatsu-Hk9BxR2Rj > .tatsu-column-inner > .tatsu-top-divider{z-index: 9999;}.tatsu-Hk9BxR2Rj > .tatsu-column-inner > .tatsu-bottom-divider{z-index: 9999;}.tatsu-Hk9BxR2Rj > .tatsu-column-inner > .tatsu-left-divider{z-index: 9999;}.tatsu-Hk9BxR2Rj > .tatsu-column-inner > .tatsu-right-divider{z-index: 9999;}@media only screen and (max-width:1377px) {.tatsu-row > .tatsu-Hk9BxR2Rj.tatsu-column{width: 50%;}}@media only screen and (min-width:768px) and (max-width: 1024px) {.tatsu-row > .tatsu-Hk9BxR2Rj.tatsu-column{width: 50%;}}@media only screen and (max-width: 767px) {.tatsu-row > .tatsu-Hk9BxR2Rj.tatsu-column{width: 100%;}}<\/style><\/div><div  class=\"tatsu-column  tatsu-bg-overlay tatsu-one-half tatsu-column-image-none tatsu-column-effect-none  tatsu-Byg5rgC3Cj\"  data-parallax-speed=\"0\" style=\"\"><div class=\"tatsu-column-inner \" ><div class=\"tatsu-column-pad-wrap\"><div class=\"tatsu-column-pad\" ><div  class=\"tatsu-module tatsu-text-block-wrap tatsu-rkaUlC3Ri  \"><div class=\"tatsu-text-inner tatsu-align-center  clearfix\" ><style>.tatsu-rkaUlC3Ri.tatsu-text-block-wrap .tatsu-text-inner{width: 100%;text-align: left;}<\/style>\n<p>The international patent application entitled <strong>\u201cAn Airbag Apparatus\u201d<\/strong>, filed by <strong>Assoc. Prof. Dr. \u00c7a\u011flar Sivri<\/strong>, a faculty member of the Faculty of Engineering and Natural Sciences, has been officially granted and registered by the<strong> European Patent Office (EPO)<\/strong>.<\/p>\n<p>The patented invention relates to an innovative airbag mechanism developed to enhance in-vehicle safety during accidents. This mechanism ergonomically conforms to the geometry of the human body at the moment of impact, effectively absorbs the collision force, and significantly reduces the risk of injury and death.<\/p>\n<p>We congratulate our esteemed academician on this important scientific and technological achievement and wish him continued success in his future studies.<\/p>\n<\/div><\/div><div  class=\"tatsu-module tatsu-text-block-wrap tatsu-r1AJNF_kZg  \"><div class=\"tatsu-text-inner tatsu-align-center  clearfix\" ><style>.tatsu-r1AJNF_kZg.tatsu-text-block-wrap .tatsu-text-inner{width: 100%;text-align: left;}<\/style>\n<p><em>04.12.2025<\/em><\/p>\n<\/div><\/div><div  class=\"tatsu-module tatsu-normal-button tatsu-button-wrap   tatsu-BkIKK-1zbg   \"><a class=\"tatsu-shortcode mediumbtn tatsu-button left-icon rounded   bg-animation-none  \" href=\"https:\/\/tto.bau.edu.tr\/wp-content\/uploads\/2025\/12\/Paten_Airbag_M.pdf\" style= \"\"  aria-label=\"Patent belgesini g\u00f6r\u00fcnt\u00fclemek i\u00e7in t\u0131klay\u0131n\u0131z\" data-gdpr-atts={} target=\"_blank\">Patent belgesini g\u00f6r\u00fcnt\u00fclemek i\u00e7in t\u0131klay\u0131n\u0131z<\/a><style>.tatsu-BkIKK-1zbg .tatsu-button{background-color: rgba(0,23,49,1);color: #ffffff ;}.tatsu-BkIKK-1zbg .tatsu-button:hover{background-color: rgba(0,11,100,1);}<\/style><\/div><\/div><\/div><div class = \"tatsu-column-bg-image-wrap\"><div class = \"tatsu-column-bg-image tatsu-bg-lazyload\" data-src = \"\"><\/div><\/div><div class=\"tatsu-overlay tatsu-column-overlay tatsu-animate-none\" ><\/div><\/div><style>.tatsu-row > .tatsu-Byg5rgC3Cj.tatsu-column{width: 50%;}.tatsu-Byg5rgC3Cj.tatsu-column > .tatsu-column-inner > .tatsu-column-overlay{mix-blend-mode: normal;}.tatsu-Byg5rgC3Cj > .tatsu-column-inner > .tatsu-top-divider{z-index: 9999;}.tatsu-Byg5rgC3Cj > .tatsu-column-inner > .tatsu-bottom-divider{z-index: 9999;}.tatsu-Byg5rgC3Cj > .tatsu-column-inner > .tatsu-left-divider{z-index: 9999;}.tatsu-Byg5rgC3Cj > .tatsu-column-inner > .tatsu-right-divider{z-index: 9999;}@media only screen and (max-width:1377px) {.tatsu-row > .tatsu-Byg5rgC3Cj.tatsu-column{width: 50%;}}@media only screen and (min-width:768px) and (max-width: 1024px) {.tatsu-row > .tatsu-Byg5rgC3Cj.tatsu-column{width: 50%;}}@media only screen and (max-width: 767px) {.tatsu-row > .tatsu-Byg5rgC3Cj.tatsu-column{width: 100%;}}<\/style><\/div><\/div><\/div><\/div><div class=\"tatsu-section-background-wrap\"><div class = \"tatsu-section-background tatsu-bg-lazyload\" data-src = \"\"><\/div><\/div><div class=\"tatsu-overlay tatsu-section-overlay\"><\/div><style>.tatsu-BkbVBeRhRs .tatsu-section-pad{padding: 90px 0px 90px 0px;}.tatsu-BkbVBeRhRs .tatsu-section-offset-wrap{transform: translateY(-0px);}.tatsu-BkbVBeRhRs > .tatsu-bottom-divider{z-index: 9999;}.tatsu-BkbVBeRhRs > .tatsu-top-divider{z-index: 9999;}.tatsu-BkbVBeRhRs .tatsu-section-overlay{mix-blend-mode: normal;}<\/style><\/div>\n","protected":false},"excerpt":{"rendered":"<div><a href=\"https:\/\/tto.bau.edu.tr\/en\/associate-professor-dr-caglar-sivris-international-patent-application-has-been-registered-by-the-european-patent-office\/\" class=\"exp-read-more exp-read-more-underlined\">Read More<\/a><\/div>\n","protected":false},"author":5,"featured_media":0,"parent":0,"menu_order":0,"comment_status":"closed","ping_status":"closed","template":"","meta":{"footnotes":""},"class_list":["post-9987","page","type-page","status-publish","hentry"],"_links":{"self":[{"href":"https:\/\/tto.bau.edu.tr\/en\/wp-json\/wp\/v2\/pages\/9987","targetHints":{"allow":["GET"]}}],"collection":[{"href":"https:\/\/tto.bau.edu.tr\/en\/wp-json\/wp\/v2\/pages"}],"about":[{"href":"https:\/\/tto.bau.edu.tr\/en\/wp-json\/wp\/v2\/types\/page"}],"author":[{"embeddable":true,"href":"https:\/\/tto.bau.edu.tr\/en\/wp-json\/wp\/v2\/users\/5"}],"replies":[{"embeddable":true,"href":"https:\/\/tto.bau.edu.tr\/en\/wp-json\/wp\/v2\/comments?post=9987"}],"version-history":[{"count":0,"href":"https:\/\/tto.bau.edu.tr\/en\/wp-json\/wp\/v2\/pages\/9987\/revisions"}],"wp:attachment":[{"href":"https:\/\/tto.bau.edu.tr\/en\/wp-json\/wp\/v2\/media?parent=9987"}],"curies":[{"name":"wp","href":"https:\/\/api.w.org\/{rel}","templated":true}]}}