{"id":9966,"date":"2025-12-01T16:42:28","date_gmt":"2025-12-01T13:42:28","guid":{"rendered":"https:\/\/tto.bau.edu.tr\/?page_id=9966"},"modified":"2025-12-01T16:43:23","modified_gmt":"2025-12-01T13:43:23","slug":"bautto-took-its-place-at-usimp-2025","status":"publish","type":"page","link":"https:\/\/tto.bau.edu.tr\/en\/bautto-took-its-place-at-usimp-2025\/","title":{"rendered":"BAUTTO Took Its Place at \u00dcS\u0130MP 2025"},"content":{"rendered":"<div  class=\"tatsu-HyZmURbYSeg tatsu-section  tatsu-bg-overlay   tatsu-clearfix\" data-title=\"\"  data-headerscheme=\"background--dark\"><div class='tatsu-section-pad clearfix' data-padding='{\"d\":\"90px 0px 90px 0px\"}' data-padding-top='90px'><div class=\"tatsu-row-wrap  tatsu-wrap tatsu-row-one-col tatsu-row-has-one-cols tatsu-medium-gutter tatsu-reg-cols  tatsu-clearfix tatsu-rye7ICZKBle\" ><div  class=\"tatsu-row \" ><div  class=\"tatsu-column  tatsu-bg-overlay tatsu-one-col tatsu-column-image-none tatsu-column-effect-none  tatsu-ryX8RZtBee\"  data-parallax-speed=\"0\" style=\"\"><div class=\"tatsu-column-inner \" ><div class=\"tatsu-column-pad-wrap\"><div class=\"tatsu-column-pad\" >            <div  class = \"tatsu-media-carousel tatsu-module clearfix  tatsu-H1oURWYHex\" >\n                <style>.tatsu-H1oURWYHex .tatsu-carousel-col{padding: 0 5px;}.tatsu-H1oURWYHex .tatsu-carousel{margin: 0 -5px;}.tatsu-H1oURWYHex .flickity-page-dots .is-selected{background: rgba(23,129,241,1);}.tatsu-H1oURWYHex{margin: 0px 0px 50px 0px;}<\/style>                <div class = \"tatsu-media-carousel-inner tatsu-carousel tatsu-fixed-carousel tatsu-carousel-cols-3 tatsu-carousel-adaptive-image\" data-free-scroll = \"1\" data-arrows = \"1\" data-outer-arrows = \"1\" data-infinite = \"1\" data-dots = \"1\" data-autoplay-speed = \"2000\" >\n                                                                                                        <div class = \"tatsu-media-slide tatsu-carousel-col\">\n                                    <div class = \"tatsu-media-slide-inner tatsu-carousel-col-inner\">\n                                                                                    <a href=\"https:\/\/tto.bau.edu.tr\/wp-content\/uploads\/2025\/12\/IMG_2392.jpg\" class = \"light_box\"><img class = \"tatsu-carousel-img\" alt = \"\" src = \"https:\/\/tto.bau.edu.tr\/wp-content\/uploads\/2025\/12\/IMG_2392.jpg\" \/><\/a>\n                                                                           <\/div>\n                                <\/div>\n                                                                                    <div class = \"tatsu-media-slide tatsu-carousel-col\">\n                                    <div class = \"tatsu-media-slide-inner tatsu-carousel-col-inner\">\n                                                                                    <a href=\"https:\/\/tto.bau.edu.tr\/wp-content\/uploads\/2025\/12\/IMG_2403.jpg\" class = \"light_box\"><img class = \"tatsu-carousel-img\" alt = \"\" src = \"https:\/\/tto.bau.edu.tr\/wp-content\/uploads\/2025\/12\/IMG_2403.jpg\" \/><\/a>\n                                                                           <\/div>\n                                <\/div>\n                                                                                    <div class = \"tatsu-media-slide tatsu-carousel-col\">\n                                    <div class = \"tatsu-media-slide-inner tatsu-carousel-col-inner\">\n                                                                                    <a href=\"https:\/\/tto.bau.edu.tr\/wp-content\/uploads\/2025\/12\/IMG_2470.jpg\" class = \"light_box\"><img class = \"tatsu-carousel-img\" alt = \"\" src = \"https:\/\/tto.bau.edu.tr\/wp-content\/uploads\/2025\/12\/IMG_2470.jpg\" \/><\/a>\n                                                                           <\/div>\n                                <\/div>\n                                                                                    <div class = \"tatsu-media-slide tatsu-carousel-col\">\n                                    <div class = \"tatsu-media-slide-inner tatsu-carousel-col-inner\">\n                                                                                    <a href=\"https:\/\/tto.bau.edu.tr\/wp-content\/uploads\/2025\/12\/IMG_2420.jpg\" class = \"light_box\"><img class = \"tatsu-carousel-img\" alt = \"\" src = \"https:\/\/tto.bau.edu.tr\/wp-content\/uploads\/2025\/12\/IMG_2420.jpg\" \/><\/a>\n                                                                           <\/div>\n                                <\/div>\n                                                                                    <div class = \"tatsu-media-slide tatsu-carousel-col\">\n                                    <div class = \"tatsu-media-slide-inner tatsu-carousel-col-inner\">\n                                                                                    <a href=\"https:\/\/tto.bau.edu.tr\/wp-content\/uploads\/2025\/12\/IMG_2456.jpg\" class = \"light_box\"><img class = \"tatsu-carousel-img\" alt = \"\" src = \"https:\/\/tto.bau.edu.tr\/wp-content\/uploads\/2025\/12\/IMG_2456.jpg\" \/><\/a>\n                                                                           <\/div>\n                                <\/div>\n                                                                                    <div class = \"tatsu-media-slide tatsu-carousel-col\">\n                                    <div class = \"tatsu-media-slide-inner tatsu-carousel-col-inner\">\n                                                                                    <a href=\"https:\/\/tto.bau.edu.tr\/wp-content\/uploads\/2025\/12\/IMG_2429.jpg\" class = \"light_box\"><img class = \"tatsu-carousel-img\" alt = \"\" src = \"https:\/\/tto.bau.edu.tr\/wp-content\/uploads\/2025\/12\/IMG_2429.jpg\" \/><\/a>\n                                                                           <\/div>\n                                <\/div>\n                                                                                    <div class = \"tatsu-media-slide tatsu-carousel-col\">\n                                    <div class = \"tatsu-media-slide-inner tatsu-carousel-col-inner\">\n                                                                                    <a href=\"https:\/\/tto.bau.edu.tr\/wp-content\/uploads\/2025\/12\/1O0A1529.jpg\" class = \"light_box\"><img class = \"tatsu-carousel-img\" alt = \"\" src = \"https:\/\/tto.bau.edu.tr\/wp-content\/uploads\/2025\/12\/1O0A1529.jpg\" \/><\/a>\n                                                                           <\/div>\n                                <\/div>\n                                                            <\/div>\n            <\/div>\n        <div  class=\"tatsu-module tatsu-text-block-wrap tatsu-B1dM3GYBgx  \"><div class=\"tatsu-text-inner tatsu-align-center  clearfix\" ><style>.tatsu-B1dM3GYBgx.tatsu-text-block-wrap .tatsu-text-inner{width: 100%;text-align: left;}<\/style>\n<h5 data-start=\"0\" data-end=\"81\"><strong data-start=\"0\" data-end=\"81\">BAUTTO Met with Ecosystem Stakeholders at the \u00dcS\u0130MP 2025 National Patent Fair<\/strong><\/h5>\n<p data-start=\"83\" data-end=\"352\">Bah\u00e7e\u015fehir University Technology Transfer Office (BAUTTO) participated with a stand at the \u00dcS\u0130MP University\u2013Industry Collaboration Congress, National Patent Fair, and the R&amp;D and Design Centers Symposium, held on 27\u201328 November 2025 at METU Culture and Congress Center.<\/p>\n<p data-start=\"354\" data-end=\"808\">At this year\u2019s event, organized under the theme <strong data-start=\"402\" data-end=\"500\">\u201cUniversity\u2013Industry Collaboration for Sustainable Production in a Changing Global Landscape,\u201d<\/strong> BAUTTO had the opportunity to present its activities, projects, and services aimed at strengthening university\u2013industry collaborations. Throughout the two-day event, the BAUTTO stand attracted great interest from academics, industry representatives, entrepreneurs, TTO managers, and government institutions.<\/p>\n<p data-start=\"810\" data-end=\"1207\">During the opening speeches, panels, and the TTO\u2013TEKMER Managers Meeting on the first day, the current state and future of university\u2013industry cooperation were discussed. On the second day, alongside the R&amp;D and Design Centers Symposium, numerous sessions were organized on topics such as artificial intelligence, sustainable production, digital automation, textile and manufacturing technologies.<\/p>\n<p data-start=\"1209\" data-end=\"1591\">Throughout the fair, BAUTTO informed visitors at its stand about university\u2013industry matchmaking activities, intellectual and industrial property processes, entrepreneurship and incubation supports, as well as national and international project development services. In addition, important meetings were held with stakeholder institutions to explore new collaboration opportunities.<\/p>\n<p data-start=\"1593\" data-end=\"1790\" data-is-last-node=\"\" data-is-only-node=\"\">As BAUTTO, we are pleased to have taken part in this significant event that contributes to the national ecosystem of university\u2013industry cooperation and to have come together with our stakeholders.<\/p>\n<\/div><\/div><div  class=\"tatsu-module tatsu-text-block-wrap tatsu-BJ3_-GsZWx  \"><div class=\"tatsu-text-inner tatsu-align-center  clearfix\" ><style>.tatsu-BJ3_-GsZWx.tatsu-text-block-wrap .tatsu-text-inner{width: 100%;text-align: left;}<\/style>\n<p>Date: <em>01.12.2025<\/em><\/p>\n<\/div><\/div><\/div><\/div><div class = \"tatsu-column-bg-image-wrap\"><div class = \"tatsu-column-bg-image tatsu-bg-lazyload\" data-src = \"\"><\/div><\/div><div class=\"tatsu-overlay tatsu-column-overlay tatsu-animate-none\" ><\/div><\/div><style>.tatsu-row > .tatsu-ryX8RZtBee.tatsu-column{width: 100%;}.tatsu-ryX8RZtBee.tatsu-column > .tatsu-column-inner > .tatsu-column-overlay{mix-blend-mode: normal;}.tatsu-ryX8RZtBee > .tatsu-column-inner > .tatsu-top-divider{z-index: 9999;}.tatsu-ryX8RZtBee > .tatsu-column-inner > .tatsu-bottom-divider{z-index: 9999;}.tatsu-ryX8RZtBee > .tatsu-column-inner > .tatsu-left-divider{z-index: 9999;}.tatsu-ryX8RZtBee > .tatsu-column-inner > .tatsu-right-divider{z-index: 9999;}@media only screen and (max-width:1377px) {.tatsu-row > .tatsu-ryX8RZtBee.tatsu-column{width: 100%;}}@media only screen and (min-width:768px) and (max-width: 1024px) {.tatsu-row > .tatsu-ryX8RZtBee.tatsu-column{width: 100%;}}@media only screen and (max-width: 767px) {.tatsu-row > .tatsu-ryX8RZtBee.tatsu-column{width: 100%;}}<\/style><\/div><\/div><\/div><\/div><div class=\"tatsu-section-background-wrap\"><div class = \"tatsu-section-background tatsu-bg-lazyload\" data-src = \"\"><\/div><\/div><div class=\"tatsu-overlay tatsu-section-overlay\"><\/div><style>.tatsu-HyZmURbYSeg .tatsu-section-pad{padding: 90px 0px 90px 0px;}.tatsu-HyZmURbYSeg .tatsu-section-offset-wrap{transform: translateY(-0px);}.tatsu-HyZmURbYSeg > .tatsu-bottom-divider{z-index: 9999;}.tatsu-HyZmURbYSeg > .tatsu-top-divider{z-index: 9999;}.tatsu-HyZmURbYSeg .tatsu-section-overlay{mix-blend-mode: normal;}<\/style><\/div>\n","protected":false},"excerpt":{"rendered":"<div><a href=\"https:\/\/tto.bau.edu.tr\/en\/bautto-took-its-place-at-usimp-2025\/\" class=\"exp-read-more exp-read-more-underlined\">Read More<\/a><\/div>\n","protected":false},"author":5,"featured_media":0,"parent":0,"menu_order":0,"comment_status":"closed","ping_status":"closed","template":"","meta":{"footnotes":""},"class_list":["post-9966","page","type-page","status-publish","hentry"],"_links":{"self":[{"href":"https:\/\/tto.bau.edu.tr\/en\/wp-json\/wp\/v2\/pages\/9966","targetHints":{"allow":["GET"]}}],"collection":[{"href":"https:\/\/tto.bau.edu.tr\/en\/wp-json\/wp\/v2\/pages"}],"about":[{"href":"https:\/\/tto.bau.edu.tr\/en\/wp-json\/wp\/v2\/types\/page"}],"author":[{"embeddable":true,"href":"https:\/\/tto.bau.edu.tr\/en\/wp-json\/wp\/v2\/users\/5"}],"replies":[{"embeddable":true,"href":"https:\/\/tto.bau.edu.tr\/en\/wp-json\/wp\/v2\/comments?post=9966"}],"version-history":[{"count":0,"href":"https:\/\/tto.bau.edu.tr\/en\/wp-json\/wp\/v2\/pages\/9966\/revisions"}],"wp:attachment":[{"href":"https:\/\/tto.bau.edu.tr\/en\/wp-json\/wp\/v2\/media?parent=9966"}],"curies":[{"name":"wp","href":"https:\/\/api.w.org\/{rel}","templated":true}]}}