{"id":9784,"date":"2025-11-05T11:55:22","date_gmt":"2025-11-05T08:55:22","guid":{"rendered":"https:\/\/tto.bau.edu.tr\/?page_id=9784"},"modified":"2025-11-05T11:55:22","modified_gmt":"2025-11-05T08:55:22","slug":"coursegpt-workshop-was-held-at-bahcesehir-universitys-faculty-of-educational-sciences-in-collaboration-with-openai-the-artificial-intelligence-competence-unit-and-the-cent","status":"publish","type":"page","link":"https:\/\/tto.bau.edu.tr\/en\/coursegpt-workshop-was-held-at-bahcesehir-universitys-faculty-of-educational-sciences-in-collaboration-with-openai-the-artificial-intelligence-competence-unit-and-the-cent\/","title":{"rendered":"\u201cCourseGPT Workshop\u201d was held at Bah\u00e7e\u015fehir University\u2019s Faculty of Educational Sciences in collaboration with OpenAI, the Artificial Intelligence Competence Unit, and the Center for Learning and Teaching (CLT)!"},"content":{"rendered":"<div  class=\"tatsu-rJZsBJtQU3 tatsu-section  tatsu-bg-overlay   tatsu-clearfix\" data-title=\"\"  data-headerscheme=\"background--dark\"><div class='tatsu-section-pad clearfix' data-padding='{\"d\":\"90px 0px 90px 0px\"}' data-padding-top='90px'><div class=\"tatsu-row-wrap  tatsu-wrap tatsu-row-has-one-half tatsu-row-has-two-cols tatsu-medium-gutter tatsu-reg-cols  tatsu-clearfix tatsu-BylsBJtXU2\" ><div  class=\"tatsu-row \" ><div  class=\"tatsu-column  tatsu-bg-overlay tatsu-one-half tatsu-column-image-none tatsu-column-effect-none  tatsu-Sk3ByKmUn\"  data-parallax-speed=\"0\" style=\"\"><div class=\"tatsu-column-inner \" ><div class=\"tatsu-column-pad-wrap\"><div class=\"tatsu-column-pad\" >            <div  class = \"tatsu-media-carousel tatsu-module clearfix  tatsu-SJga8d_kbx\" >\n                <style>.tatsu-SJga8d_kbx .tatsu-carousel-col{padding: 0 10px;}.tatsu-SJga8d_kbx .tatsu-carousel{margin: 0 -10px;}.tatsu-SJga8d_kbx .flickity-page-dots .is-selected{background: rgba(23,129,241,1);}.tatsu-SJga8d_kbx{padding: 0 0 0px 0;margin: -105px 0px 0px 0px;}<\/style>                <div class = \"tatsu-media-carousel-inner tatsu-carousel tatsu-client-carousel tatsu-full-screen-carousel tatsu-carousel-cols-1\" data-fullscreen = \"1\" data-free-scroll = \"1\" data-arrows = \"1\" data-outer-arrows = \"1\" data-infinite = \"1\" data-dots = \"1\" data-autoplay-speed = \"2000\" >\n                                                                                                        <div class = \"tatsu-media-slide tatsu-carousel-col\">\n                                    <div class = \"tatsu-media-slide-inner tatsu-carousel-col-inner\">\n                                                                                    <a href=\"https:\/\/tto.bau.edu.tr\/wp-content\/uploads\/2025\/11\/b5e6221f-9620-43cf-8b02-3dc0250914a0.jpeg\" class = \"light_box\"><img class = \"tatsu-carousel-img\" alt = \"\" src = \"https:\/\/tto.bau.edu.tr\/wp-content\/uploads\/2025\/11\/b5e6221f-9620-43cf-8b02-3dc0250914a0.jpeg\" \/><\/a>\n                                                                           <\/div>\n                                <\/div>\n                                                                                    <div class = \"tatsu-media-slide tatsu-carousel-col\">\n                                    <div class = \"tatsu-media-slide-inner tatsu-carousel-col-inner\">\n                                                                                    <a href=\"https:\/\/tto.bau.edu.tr\/wp-content\/uploads\/2025\/11\/a74d6f26-9e1b-44c2-94b5-3dea57db20cd.jpeg\" class = \"light_box\"><img class = \"tatsu-carousel-img\" alt = \"\" src = \"https:\/\/tto.bau.edu.tr\/wp-content\/uploads\/2025\/11\/a74d6f26-9e1b-44c2-94b5-3dea57db20cd.jpeg\" \/><\/a>\n                                                                           <\/div>\n                                <\/div>\n                                                                                    <div class = \"tatsu-media-slide tatsu-carousel-col\">\n                                    <div class = \"tatsu-media-slide-inner tatsu-carousel-col-inner\">\n                                                                                    <a href=\"https:\/\/tto.bau.edu.tr\/wp-content\/uploads\/2025\/11\/1835D62D-D6BE-4495-B3B2-A8878D53DE50.jpeg\" class = \"light_box\"><img class = \"tatsu-carousel-img\" alt = \"\" src = \"https:\/\/tto.bau.edu.tr\/wp-content\/uploads\/2025\/11\/1835D62D-D6BE-4495-B3B2-A8878D53DE50.jpeg\" \/><\/a>\n                                                                           <\/div>\n                                <\/div>\n                                                                                    <div class = \"tatsu-media-slide tatsu-carousel-col\">\n                                    <div class = \"tatsu-media-slide-inner tatsu-carousel-col-inner\">\n                                                                                    <a href=\"https:\/\/tto.bau.edu.tr\/wp-content\/uploads\/2025\/11\/07EA31C4-DAB3-4EC5-BF85-8B5514969D2A.jpeg\" class = \"light_box\"><img class = \"tatsu-carousel-img\" alt = \"\" src = \"https:\/\/tto.bau.edu.tr\/wp-content\/uploads\/2025\/11\/07EA31C4-DAB3-4EC5-BF85-8B5514969D2A.jpeg\" \/><\/a>\n                                                                           <\/div>\n                                <\/div>\n                                                            <\/div>\n            <\/div>\n        <\/div><\/div><div class = \"tatsu-column-bg-image-wrap\"><div class = \"tatsu-column-bg-image tatsu-bg-lazyload\" data-src = \"\"><\/div><\/div><div class=\"tatsu-overlay tatsu-column-overlay tatsu-animate-none\" ><\/div><\/div><style>.tatsu-row > .tatsu-Sk3ByKmUn.tatsu-column{width: 50%;}.tatsu-Sk3ByKmUn.tatsu-column > .tatsu-column-inner > .tatsu-column-overlay{mix-blend-mode: normal;}.tatsu-Sk3ByKmUn > .tatsu-column-inner > .tatsu-top-divider{z-index: 9999;}.tatsu-Sk3ByKmUn > .tatsu-column-inner > .tatsu-bottom-divider{z-index: 9999;}.tatsu-Sk3ByKmUn > .tatsu-column-inner > .tatsu-left-divider{z-index: 9999;}.tatsu-Sk3ByKmUn > .tatsu-column-inner > .tatsu-right-divider{z-index: 9999;}@media only screen and (max-width:1377px) {.tatsu-row > .tatsu-Sk3ByKmUn.tatsu-column{width: 50%;}}@media only screen and (min-width:768px) and (max-width: 1024px) {.tatsu-row > .tatsu-Sk3ByKmUn.tatsu-column{width: 50%;}}@media only screen and (max-width: 767px) {.tatsu-row > .tatsu-Sk3ByKmUn.tatsu-column{width: 100%;}}<\/style><\/div><div  class=\"tatsu-column  tatsu-bg-overlay tatsu-one-half tatsu-column-image-none tatsu-column-effect-none  tatsu-Hyl2S1KQ8h\"  data-parallax-speed=\"0\" style=\"\"><div class=\"tatsu-column-inner \" ><div class=\"tatsu-column-pad-wrap\"><div class=\"tatsu-column-pad\" ><div  class=\"tatsu-module tatsu-text-block-wrap tatsu-SkfPkYQ83  \"><div class=\"tatsu-text-inner tatsu-align-center  clearfix\" ><style>.tatsu-SkfPkYQ83.tatsu-text-block-wrap .tatsu-text-inner{width: 100%;text-align: left;}<\/style>\n<h5 data-start=\"0\" data-end=\"322\">As part of the <strong>\u201cCourseGPT Workshop\u201d held at Bah\u00e7e\u015fehir University\u2019s Faculty of Educational Sciences in collaboration with OpenAI, the Artificial Intelligence Competence Unit, and the Center for Learning and Teaching (CLT)<\/strong>, 30 faculty members designed their own AI assistants that they could integrate into their courses.<\/h5>\n<p data-start=\"324\" data-end=\"589\">In this hands-on training led by Dr. Sezin E\u015ffer \u00d6nd\u00fcn\u00e7, Dr. Meltem \u00d6zmutlu, and Dr. Zeynep C\u00f6mert, participants explored the potential of artificial intelligence in creating effective, accessible, and inclusive learning environments through instructional design.<\/p>\n<p data-start=\"591\" data-end=\"1049\" data-is-last-node=\"\" data-is-only-node=\"\">During the workshop, faculty members developed interactive and customizable GPT-based assistants tailored to the dynamics of their own courses using OpenAI infrastructure\u2014producing tangible tools to support digital transformation in learning processes. In fact, this workshop marks the first step of a broader training series, with future sessions planned for each faculty so that all academic units of Bah\u00e7e\u015fehir University can benefit from this experience.<\/p>\n<\/div><\/div><div  class=\"tatsu-module tatsu-text-block-wrap tatsu-i6ax64qudt618xal  \"><div class=\"tatsu-text-inner tatsu-align-center  clearfix\" ><style>.tatsu-i6ax64qudt618xal.tatsu-text-block-wrap .tatsu-text-inner{width: 100%;text-align: left;padding: 0px 0px 10px 0px;}.tatsu-i6ax64qudt618xal.tatsu-text-block-wrap{margin: 0px 0px 0px 0px;}<\/style>\n<p style=\"text-align: left;\"><em>Date: 05.11.2025<\/em><\/p>\n<\/div><\/div><\/div><\/div><div class = \"tatsu-column-bg-image-wrap\"><div class = \"tatsu-column-bg-image tatsu-bg-lazyload\" data-src = \"\"><\/div><\/div><div class=\"tatsu-overlay tatsu-column-overlay tatsu-animate-none\" ><\/div><\/div><style>.tatsu-row > .tatsu-Hyl2S1KQ8h.tatsu-column{width: 50%;}.tatsu-Hyl2S1KQ8h.tatsu-column > .tatsu-column-inner > .tatsu-column-overlay{mix-blend-mode: normal;}.tatsu-Hyl2S1KQ8h > .tatsu-column-inner > .tatsu-top-divider{z-index: 9999;}.tatsu-Hyl2S1KQ8h > .tatsu-column-inner > .tatsu-bottom-divider{z-index: 9999;}.tatsu-Hyl2S1KQ8h > .tatsu-column-inner > .tatsu-left-divider{z-index: 9999;}.tatsu-Hyl2S1KQ8h > .tatsu-column-inner > .tatsu-right-divider{z-index: 9999;}@media only screen and (max-width:1377px) {.tatsu-row > .tatsu-Hyl2S1KQ8h.tatsu-column{width: 50%;}}@media only screen and (min-width:768px) and (max-width: 1024px) {.tatsu-row > .tatsu-Hyl2S1KQ8h.tatsu-column{width: 50%;}}@media only screen and (max-width: 767px) {.tatsu-row > .tatsu-Hyl2S1KQ8h.tatsu-column{width: 100%;}}<\/style><\/div><\/div><\/div><\/div><div class=\"tatsu-section-background-wrap\"><div class = \"tatsu-section-background tatsu-bg-lazyload\" data-src = \"\"><\/div><\/div><div class=\"tatsu-overlay tatsu-section-overlay\"><\/div><style>.tatsu-rJZsBJtQU3 .tatsu-section-pad{padding: 90px 0px 90px 0px;}.tatsu-rJZsBJtQU3 .tatsu-section-offset-wrap{transform: translateY(-0px);}.tatsu-rJZsBJtQU3 > .tatsu-bottom-divider{z-index: 9999;}.tatsu-rJZsBJtQU3 > .tatsu-top-divider{z-index: 9999;}.tatsu-rJZsBJtQU3 .tatsu-section-overlay{mix-blend-mode: normal;}<\/style><\/div>\n","protected":false},"excerpt":{"rendered":"<div><a href=\"https:\/\/tto.bau.edu.tr\/en\/coursegpt-workshop-was-held-at-bahcesehir-universitys-faculty-of-educational-sciences-in-collaboration-with-openai-the-artificial-intelligence-competence-unit-and-the-cent\/\" class=\"exp-read-more exp-read-more-underlined\">Read More<\/a><\/div>\n","protected":false},"author":5,"featured_media":0,"parent":0,"menu_order":0,"comment_status":"closed","ping_status":"closed","template":"","meta":{"footnotes":""},"class_list":["post-9784","page","type-page","status-publish","hentry"],"_links":{"self":[{"href":"https:\/\/tto.bau.edu.tr\/en\/wp-json\/wp\/v2\/pages\/9784","targetHints":{"allow":["GET"]}}],"collection":[{"href":"https:\/\/tto.bau.edu.tr\/en\/wp-json\/wp\/v2\/pages"}],"about":[{"href":"https:\/\/tto.bau.edu.tr\/en\/wp-json\/wp\/v2\/types\/page"}],"author":[{"embeddable":true,"href":"https:\/\/tto.bau.edu.tr\/en\/wp-json\/wp\/v2\/users\/5"}],"replies":[{"embeddable":true,"href":"https:\/\/tto.bau.edu.tr\/en\/wp-json\/wp\/v2\/comments?post=9784"}],"version-history":[{"count":0,"href":"https:\/\/tto.bau.edu.tr\/en\/wp-json\/wp\/v2\/pages\/9784\/revisions"}],"wp:attachment":[{"href":"https:\/\/tto.bau.edu.tr\/en\/wp-json\/wp\/v2\/media?parent=9784"}],"curies":[{"name":"wp","href":"https:\/\/api.w.org\/{rel}","templated":true}]}}