{"id":9618,"date":"2025-10-20T16:16:16","date_gmt":"2025-10-20T13:16:16","guid":{"rendered":"https:\/\/tto.bau.edu.tr\/?page_id=9618"},"modified":"2025-10-21T14:23:35","modified_gmt":"2025-10-21T11:23:35","slug":"leaders-talk-artificial-intelligence-event-series-kicks-off-at-bahcesehir-university","status":"publish","type":"page","link":"https:\/\/tto.bau.edu.tr\/en\/leaders-talk-artificial-intelligence-event-series-kicks-off-at-bahcesehir-university\/","title":{"rendered":"\u201cLeaders Talk Artificial Intelligence\u201d Event Series Kicks Off at Bah\u00e7e\u015fehir University"},"content":{"rendered":"<div  class=\"tatsu-rJZsBJtQU3 tatsu-section  tatsu-bg-overlay   tatsu-clearfix\" data-title=\"\"  data-headerscheme=\"background--dark\"><div class='tatsu-section-pad clearfix' data-padding='{\"d\":\"90px 0px 90px 0px\"}' data-padding-top='90px'><\/div><div class=\"tatsu-section-background-wrap\"><div class = \"tatsu-section-background tatsu-bg-lazyload\" data-src = \"\"><\/div><\/div><div class=\"tatsu-overlay tatsu-section-overlay\"><\/div><style>.tatsu-rJZsBJtQU3 .tatsu-section-pad{padding: 90px 0px 90px 0px;}.tatsu-rJZsBJtQU3 .tatsu-section-offset-wrap{transform: translateY(-0px);}.tatsu-rJZsBJtQU3 > .tatsu-bottom-divider{z-index: 9999;}.tatsu-rJZsBJtQU3 > .tatsu-top-divider{z-index: 9999;}.tatsu-rJZsBJtQU3 .tatsu-section-overlay{mix-blend-mode: normal;}<\/style><\/div><div  class=\"tatsu-S1ZuvM2iaxe tatsu-section  tatsu-bg-overlay   tatsu-clearfix\" data-title=\"\"  data-headerscheme=\"background--dark\"><div class='tatsu-section-pad clearfix' data-padding='{\"d\":\"0px 0px 0px 0px\"}' data-padding-top='0px'><div class=\"tatsu-row-wrap  tatsu-wrap tatsu-row-one-col tatsu-row-has-one-cols tatsu-medium-gutter tatsu-reg-cols  tatsu-clearfix tatsu-Bke_Pf3oplx\" ><div  class=\"tatsu-row \" ><div  class=\"tatsu-column  tatsu-bg-overlay tatsu-one-col tatsu-column-image-none tatsu-column-effect-none  tatsu-HyuvG2sTlx\"  data-parallax-speed=\"0\" style=\"\"><div class=\"tatsu-column-inner \" ><div class=\"tatsu-column-pad-wrap\"><div class=\"tatsu-column-pad\" >            <div  class = \"tatsu-media-carousel tatsu-module clearfix  tatsu-rJKqV3jaxe\" >\n                <style>.tatsu-rJKqV3jaxe .tatsu-carousel-col{padding: 0 10px;}.tatsu-rJKqV3jaxe .tatsu-carousel{margin: 0 -10px;}.tatsu-rJKqV3jaxe .tatsu-carousel-col-inner{height: 150px;}.tatsu-rJKqV3jaxe .flickity-page-dots .is-selected{background: rgba(23,129,241,1);}<\/style>                <div class = \"tatsu-media-carousel-inner tatsu-carousel tatsu-variable-carousel tatsu-carousel-adaptive-image\" data-variable-width = \"1\" data-free-scroll = \"1\" data-arrows = \"1\" data-outer-arrows = \"1\" data-infinite = \"1\" data-dots = \"1\" data-autoplay = \"1\" data-autoplay-speed = \"2000\" >\n                                                                                                        <div class = \"tatsu-media-slide tatsu-carousel-col\">\n                                    <div class = \"tatsu-media-slide-inner tatsu-carousel-col-inner\">\n                                                                                    <a href=\"https:\/\/tto.bau.edu.tr\/wp-content\/uploads\/2025\/10\/DSC01977.jpg\" class = \"light_box\"><img class = \"tatsu-carousel-img\" alt = \"\" data-aspect-ratio = \"1.4997070884593\" src = \"https:\/\/tto.bau.edu.tr\/wp-content\/uploads\/2025\/10\/DSC01977.jpg\" \/><\/a>\n                                                                           <\/div>\n                                <\/div>\n                                                                                    <div class = \"tatsu-media-slide tatsu-carousel-col\">\n                                    <div class = \"tatsu-media-slide-inner tatsu-carousel-col-inner\">\n                                                                                    <a href=\"https:\/\/tto.bau.edu.tr\/wp-content\/uploads\/2025\/10\/BAU00675.jpg\" class = \"light_box\"><img class = \"tatsu-carousel-img\" alt = \"\" data-aspect-ratio = \"1.7765440666204\" src = \"https:\/\/tto.bau.edu.tr\/wp-content\/uploads\/2025\/10\/BAU00675.jpg\" \/><\/a>\n                                                                           <\/div>\n                                <\/div>\n                                                                                    <div class = \"tatsu-media-slide tatsu-carousel-col\">\n                                    <div class = \"tatsu-media-slide-inner tatsu-carousel-col-inner\">\n                                                                                    <a href=\"https:\/\/tto.bau.edu.tr\/wp-content\/uploads\/2025\/10\/1760962959753.jpg\" class = \"light_box\"><img class = \"tatsu-carousel-img\" alt = \"\" data-aspect-ratio = \"1.5003663003663\" sizes = \"(max-width: 2048px) 100vw, 2048px\" srcset = \"https:\/\/tto.bau.edu.tr\/wp-content\/uploads\/2025\/10\/1760962959753.jpg 2048w, https:\/\/tto.bau.edu.tr\/wp-content\/uploads\/2025\/10\/1760962959753-300x200.jpg 300w, https:\/\/tto.bau.edu.tr\/wp-content\/uploads\/2025\/10\/1760962959753-1024x683.jpg 1024w, https:\/\/tto.bau.edu.tr\/wp-content\/uploads\/2025\/10\/1760962959753-768x512.jpg 768w, https:\/\/tto.bau.edu.tr\/wp-content\/uploads\/2025\/10\/1760962959753-1536x1024.jpg 1536w, https:\/\/tto.bau.edu.tr\/wp-content\/uploads\/2025\/10\/1760962959753-1160x773.jpg 1160w, https:\/\/tto.bau.edu.tr\/wp-content\/uploads\/2025\/10\/1760962959753-75x50.jpg 75w, https:\/\/tto.bau.edu.tr\/wp-content\/uploads\/2025\/10\/1760962959753-650x433.jpg 650w, https:\/\/tto.bau.edu.tr\/wp-content\/uploads\/2025\/10\/1760962959753-1000x667.jpg 1000w, https:\/\/tto.bau.edu.tr\/wp-content\/uploads\/2025\/10\/1760962959753-50x33.jpg 50w\" \/><\/a>\n                                                                           <\/div>\n                                <\/div>\n                                                                                    <div class = \"tatsu-media-slide tatsu-carousel-col\">\n                                    <div class = \"tatsu-media-slide-inner tatsu-carousel-col-inner\">\n                                                                                    <a href=\"https:\/\/tto.bau.edu.tr\/wp-content\/uploads\/2025\/10\/1760962941143.jpg\" class = \"light_box\"><img class = \"tatsu-carousel-img\" alt = \"\" data-aspect-ratio = \"1.5003663003663\" sizes = \"(max-width: 2048px) 100vw, 2048px\" srcset = \"https:\/\/tto.bau.edu.tr\/wp-content\/uploads\/2025\/10\/1760962941143.jpg 2048w, https:\/\/tto.bau.edu.tr\/wp-content\/uploads\/2025\/10\/1760962941143-300x200.jpg 300w, https:\/\/tto.bau.edu.tr\/wp-content\/uploads\/2025\/10\/1760962941143-1024x683.jpg 1024w, https:\/\/tto.bau.edu.tr\/wp-content\/uploads\/2025\/10\/1760962941143-768x512.jpg 768w, https:\/\/tto.bau.edu.tr\/wp-content\/uploads\/2025\/10\/1760962941143-1536x1024.jpg 1536w, https:\/\/tto.bau.edu.tr\/wp-content\/uploads\/2025\/10\/1760962941143-1160x773.jpg 1160w, https:\/\/tto.bau.edu.tr\/wp-content\/uploads\/2025\/10\/1760962941143-75x50.jpg 75w, https:\/\/tto.bau.edu.tr\/wp-content\/uploads\/2025\/10\/1760962941143-650x433.jpg 650w, https:\/\/tto.bau.edu.tr\/wp-content\/uploads\/2025\/10\/1760962941143-1000x667.jpg 1000w, https:\/\/tto.bau.edu.tr\/wp-content\/uploads\/2025\/10\/1760962941143-50x33.jpg 50w\" \/><\/a>\n                                                                           <\/div>\n                                <\/div>\n                                                            <\/div>\n            <\/div>\n        <div  class=\"tatsu-single-image tatsu-module align-center tatsu-image-lazyload tatsu-SJ8nM2jalg  \" ><div class=\"tatsu-single-image-inner \" style=\"width : 2560px;\" ><div class = \"tatsu-single-image-padding-wrap\" style = \"padding-bottom : 7.96875%;\" ><\/div><img class = \"tatsu-gradient-border\" alt = \"\" title = \"logo pack\" data-src = \"https:\/\/tto.bau.edu.tr\/wp-content\/uploads\/2025\/10\/logo-pack-scaled.png\" src =\"data:image\/png;base64,iVBORw0KGgoAAAANSUhEUgAAAAEAAAABCAQAAAC1HAwCAAAAC0lEQVR42mNkYAAAAAYAAjCB0C8AAAAASUVORK5CYII=\"  \/><\/div><style>.tatsu-SJ8nM2jalg .tatsu-single-image-inner{border-style: solid;max-width: 76%;}.tatsu-SJ8nM2jalg.tatsu-single-image{transform: translate3d(0px,0px, 0);}<\/style><\/div><div  class=\"tatsu-module tatsu-text-block-wrap tatsu-S1jaGnoTxx  \"><div class=\"tatsu-text-inner tatsu-align-center  clearfix\" ><style>.tatsu-S1jaGnoTxx.tatsu-text-block-wrap .tatsu-text-inner{width: 100%;text-align: left;padding: 0px 0px 20px 0px;}.tatsu-S1jaGnoTxx.tatsu-text-block-wrap{margin: 0px 0px 0px 0px;}<\/style>\n<h5><strong>\u201cLeaders Talk Artificial Intelligence\u201d Event Series Kicks Off at Bah\u00e7e\u015fehir University<\/strong><\/h5>\n<p>A new event series exploring the transformation of leadership in the age of artificial intelligence has begun at Bah\u00e7e\u015fehir University. The first session of the monthly series, titled <strong>\u201cLeaders Talk Artificial Intelligence,\u201d<\/strong> featured <strong>Mr. Levent K\u00f6m\u00fcr, General Manager of Uluda\u011f \u0130\u00e7ecek<\/strong>, as the guest speaker.<\/p>\n<p>The event delved deeply into how artificial intelligence technologies are reshaping leadership through the lenses of <strong>reality, emotion, and culture<\/strong>. In his speech, Mr. K\u00f6m\u00fcr emphasized that artificial intelligence is not merely a data- and algorithm-driven transformation, but one that must also place <strong>human culture, values, and emotional intelligence<\/strong> at its core.<\/p>\n<p>Mr. K\u00f6m\u00fcr stated, <em>\u201cNo matter how advanced technology becomes, human meaning, culture, and emotions will continue to guide leadership. In the age of artificial intelligence, those who can combine these elements will be the ones to make a difference.\u201d<\/em><\/p>\n<p>Organized with the contribution of <strong>the BAU Science Communication Office<\/strong>, the event brought together academics, students, and industry professionals, offering them new perspectives on <strong>the leadership of the future<\/strong>.<\/p>\n<p>At the <strong>BAU Science Communication Office<\/strong>, our mission is to make the societal impact of science visible and to promote an approach that places the human element at the center of technological transformation. The \u201cLeaders Talk Artificial Intelligence\u201d series represents an important step toward this goal.<\/p>\n<p>We extend our sincere thanks to all our distinguished guests and partners who contributed to the success of this event.<\/p>\n<\/div><\/div><div  class=\"tatsu-module tatsu-text-block-wrap tatsu-i6c4rv7otaaqotzc  \"><div class=\"tatsu-text-inner tatsu-align-center  clearfix\" ><style>.tatsu-i6c4rv7otaaqotzc.tatsu-text-block-wrap .tatsu-text-inner{width: 100%;text-align: left;padding: 10px 15px 50px 0px;}.tatsu-i6c4rv7otaaqotzc.tatsu-text-block-wrap{margin: 0px 0px 0px 0px;}<\/style>\n<p style=\"text-align: left;\"><em>Date: 20.10.2025<\/em><\/p>\n<\/div><\/div><\/div><\/div><div class = \"tatsu-column-bg-image-wrap\"><div class = \"tatsu-column-bg-image tatsu-bg-lazyload\" data-src = \"\"><\/div><\/div><div class=\"tatsu-overlay tatsu-column-overlay tatsu-animate-none\" ><\/div><\/div><style>.tatsu-row > .tatsu-HyuvG2sTlx.tatsu-column{width: 100%;}.tatsu-HyuvG2sTlx.tatsu-column > .tatsu-column-inner > .tatsu-column-overlay{mix-blend-mode: normal;}.tatsu-HyuvG2sTlx > .tatsu-column-inner > .tatsu-top-divider{z-index: 9999;}.tatsu-HyuvG2sTlx > .tatsu-column-inner > .tatsu-bottom-divider{z-index: 9999;}.tatsu-HyuvG2sTlx > .tatsu-column-inner > .tatsu-left-divider{z-index: 9999;}.tatsu-HyuvG2sTlx > .tatsu-column-inner > .tatsu-right-divider{z-index: 9999;}@media only screen and (max-width:1377px) {.tatsu-row > .tatsu-HyuvG2sTlx.tatsu-column{width: 100%;}}@media only screen and (min-width:768px) and (max-width: 1024px) {.tatsu-row > .tatsu-HyuvG2sTlx.tatsu-column{width: 100%;}}@media only screen and (max-width: 767px) {.tatsu-row > .tatsu-HyuvG2sTlx.tatsu-column{width: 100%;}}<\/style><\/div><\/div><\/div><\/div><div class=\"tatsu-section-background-wrap\"><div class = \"tatsu-section-background tatsu-bg-lazyload\" data-src = \"\"><\/div><\/div><div class=\"tatsu-overlay tatsu-section-overlay\"><\/div><style>.tatsu-S1ZuvM2iaxe .tatsu-section-offset-wrap{transform: translateY(-0px);}.tatsu-S1ZuvM2iaxe > .tatsu-bottom-divider{z-index: 9999;}.tatsu-S1ZuvM2iaxe > .tatsu-top-divider{z-index: 9999;}.tatsu-S1ZuvM2iaxe .tatsu-section-overlay{mix-blend-mode: normal;}<\/style><\/div>\n","protected":false},"excerpt":{"rendered":"<div><a href=\"https:\/\/tto.bau.edu.tr\/en\/leaders-talk-artificial-intelligence-event-series-kicks-off-at-bahcesehir-university\/\" class=\"exp-read-more exp-read-more-underlined\">Read More<\/a><\/div>\n","protected":false},"author":3,"featured_media":0,"parent":0,"menu_order":0,"comment_status":"closed","ping_status":"closed","template":"","meta":{"footnotes":""},"class_list":["post-9618","page","type-page","status-publish","hentry"],"_links":{"self":[{"href":"https:\/\/tto.bau.edu.tr\/en\/wp-json\/wp\/v2\/pages\/9618","targetHints":{"allow":["GET"]}}],"collection":[{"href":"https:\/\/tto.bau.edu.tr\/en\/wp-json\/wp\/v2\/pages"}],"about":[{"href":"https:\/\/tto.bau.edu.tr\/en\/wp-json\/wp\/v2\/types\/page"}],"author":[{"embeddable":true,"href":"https:\/\/tto.bau.edu.tr\/en\/wp-json\/wp\/v2\/users\/3"}],"replies":[{"embeddable":true,"href":"https:\/\/tto.bau.edu.tr\/en\/wp-json\/wp\/v2\/comments?post=9618"}],"version-history":[{"count":0,"href":"https:\/\/tto.bau.edu.tr\/en\/wp-json\/wp\/v2\/pages\/9618\/revisions"}],"wp:attachment":[{"href":"https:\/\/tto.bau.edu.tr\/en\/wp-json\/wp\/v2\/media?parent=9618"}],"curies":[{"name":"wp","href":"https:\/\/api.w.org\/{rel}","templated":true}]}}