{"id":9271,"date":"2025-09-11T14:35:41","date_gmt":"2025-09-11T11:35:41","guid":{"rendered":"https:\/\/tto.bau.edu.tr\/?page_id=9271"},"modified":"2025-09-11T14:36:39","modified_gmt":"2025-09-11T11:36:39","slug":"science-cafe-event-bilim-kafe-etkinligi","status":"publish","type":"page","link":"https:\/\/tto.bau.edu.tr\/en\/science-cafe-event-bilim-kafe-etkinligi\/","title":{"rendered":"Science Caf\u00e9 Event | Bilim Kafe Etkinli\u011fi"},"content":{"rendered":"<div  class=\"tatsu-rJZsBJtQU3 tatsu-section  tatsu-bg-overlay   tatsu-clearfix\" data-title=\"\"  data-headerscheme=\"background--dark\"><div class='tatsu-section-pad clearfix' data-padding='{\"d\":\"90px 0px 90px 0px\"}' data-padding-top='90px'><div class=\"tatsu-row-wrap  tatsu-wrap tatsu-row-has-one-half tatsu-row-has-two-cols tatsu-medium-gutter tatsu-reg-cols  tatsu-clearfix tatsu-BylsBJtXU2\" ><div  class=\"tatsu-row \" ><div  class=\"tatsu-column  tatsu-bg-overlay tatsu-one-half tatsu-column-image-none tatsu-column-effect-none  tatsu-Sk3ByKmUn\"  data-parallax-speed=\"0\" style=\"\"><div class=\"tatsu-column-inner \" ><div class=\"tatsu-column-pad-wrap\"><div class=\"tatsu-column-pad\" ><div  class=\"tatsu-single-image tatsu-module tatsu-image-lazyload tatsu-BkdqR9e-xg  \" ><div class=\"tatsu-single-image-inner \" style=\"width : 1080px;\" ><div class = \"tatsu-single-image-padding-wrap\" style = \"padding-bottom : 177.77777777778%;\" ><\/div><a href = \"https:\/\/data.bau.edu.tr\/app\/form?id=kFMVBg\" target = \"_blank\" ><img class = \"tatsu-gradient-border\" alt = \"\" title = \"Bilim Tarihinin Bilim \u0130leti\u015fimindeki Rol\u00fc_Story_03.09.2025\" data-src = \"https:\/\/tto.bau.edu.tr\/wp-content\/uploads\/2025\/09\/Bilim-Tarihinin-Bilim-Iletisimindeki-Rolu_Story_03.09.2025.png\" src =\"data:image\/png;base64,iVBORw0KGgoAAAANSUhEUgAAAAEAAAABCAQAAAC1HAwCAAAAC0lEQVR42mNkYAAAAAYAAjCB0C8AAAAASUVORK5CYII=\"  \/><\/a><\/div><style>.tatsu-BkdqR9e-xg .tatsu-single-image-inner{border-style: solid;max-width: 100%;}.tatsu-BkdqR9e-xg.tatsu-single-image{transform: translate3d(0px,0px, 0);}<\/style><\/div><\/div><\/div><div class = \"tatsu-column-bg-image-wrap\"><div class = \"tatsu-column-bg-image tatsu-bg-lazyload\" data-src = \"\"><\/div><\/div><div class=\"tatsu-overlay tatsu-column-overlay tatsu-animate-none\" ><\/div><\/div><style>.tatsu-row > .tatsu-Sk3ByKmUn.tatsu-column{width: 50%;}.tatsu-Sk3ByKmUn.tatsu-column > .tatsu-column-inner > .tatsu-column-overlay{mix-blend-mode: normal;}.tatsu-Sk3ByKmUn > .tatsu-column-inner > .tatsu-top-divider{z-index: 9999;}.tatsu-Sk3ByKmUn > .tatsu-column-inner > .tatsu-bottom-divider{z-index: 9999;}.tatsu-Sk3ByKmUn > .tatsu-column-inner > .tatsu-left-divider{z-index: 9999;}.tatsu-Sk3ByKmUn > .tatsu-column-inner > .tatsu-right-divider{z-index: 9999;}@media only screen and (max-width:1377px) {.tatsu-row > .tatsu-Sk3ByKmUn.tatsu-column{width: 50%;}}@media only screen and (min-width:768px) and (max-width: 1024px) {.tatsu-row > .tatsu-Sk3ByKmUn.tatsu-column{width: 50%;}}@media only screen and (max-width: 767px) {.tatsu-row > .tatsu-Sk3ByKmUn.tatsu-column{width: 100%;}}<\/style><\/div><div  class=\"tatsu-column  tatsu-bg-overlay tatsu-one-half tatsu-column-image-none tatsu-column-effect-none  tatsu-Hyl2S1KQ8h\"  data-parallax-speed=\"0\" style=\"\"><div class=\"tatsu-column-inner \" ><div class=\"tatsu-column-pad-wrap\"><div class=\"tatsu-column-pad\" ><div  class=\"tatsu-module tatsu-text-block-wrap tatsu-SkfPkYQ83  \"><div class=\"tatsu-text-inner tatsu-align-center  clearfix\" ><style>.tatsu-SkfPkYQ83.tatsu-text-block-wrap .tatsu-text-inner{width: 100%;text-align: left;}<\/style>\n<h6><strong>\u201cGe\u00e7mi\u015fin \u00d6\u011fretisi \u0130le Gelece\u011fi \u015eekillendirmek: Bilim Tarihinin Bilim \u0130leti\u015fimindeki Rol\u00fc\u201d<\/strong><\/h6>\n<h6><strong>\u201cShaping the Future with the Lessons of the Past: The Role of the History of Science in Science Communication\u201d<\/strong><\/h6>\n<p>Bah\u00e7e\u015fehir \u00dcniversitesi Bilim \u0130leti\u015fimi Ofisi taraf\u0131ndan d\u00fczenlenen <strong>Bilim Kafe<\/strong> etkinli\u011finde, bilimsel bilginin topluma aktar\u0131lma yollar\u0131 tart\u0131\u015f\u0131lacak.<br \/>\nOrganized by the Bah\u00e7e\u015fehir University Science Communication Office, this <strong>Science Caf\u00e9<\/strong> will focus on how scientific knowledge can be shared with society.<\/p>\n<p>\ud83d\udcc5\u00a0<strong>Tarih \/ Date:<\/strong>\u00a015 Eyl\u00fcl 2026 \u2013 September 15, 2026<br \/>\n\u23f0\u00a0<strong>Saat \/ Time:<\/strong>\u00a015:00<br \/>\n\ud83d\udccd\u00a0<strong>Yer \/ Venue:<\/strong>\u00a0Akademi Teras \u2013 Academy Terrace<\/p>\n<p><strong>\ud83c\udfa4 Konu\u015fmac\u0131lar \/ Speakers<\/strong><\/p>\n<ul>\n<li><strong>Derya\u00a0G\u00fcrses Tarbuck<\/strong>\u00a0(Bah\u00e7e\u015fehir \u00dcniversitesi \/ Bah\u00e7e\u015fehir University) \u2013\u00a0<em>Bilim \u0130leti\u015fiminin K\u00fcresel Boyutlar\u0131 \/ Global Dimensions of Science Communication<\/em><\/li>\n<li><strong>Kapil Raj<\/strong>\u00a0(Centre Alexandre Koyr\u00e9, Paris) \u2013\u00a0<em>Bilim ve K\u00fclt\u00fcrel Ba\u011flamlar \/ Science and Cultural Contexts<\/em><\/li>\n<li><strong>Stefano Gulizia<\/strong>\u00a0(Ca\u2019 Foscari \u00dcniversitesi, Venedik \/ Ca\u2019 Foscari University, Venice) \u2013\u00a0<em>Bilim, Tarih ve Toplum \u0130li\u015fkileri \/ Science, History and Society<\/em><\/li>\n<\/ul>\n<p><strong>\ud83c\udf99\ufe0f Moderat\u00f6r \/ Moderator<\/strong><\/p>\n<ul>\n<li><strong>Nil\u00fcfer Geysi<\/strong>\u00a0(Bah\u00e7e\u015fehir \u00dcniversitesi \/ Bah\u00e7e\u015fehir University)<\/li>\n<\/ul>\n<p>Etkinlikte bilim ileti\u015fiminin tarihsel ve g\u00fcncel boyutlar\u0131 ele al\u0131nacak, kat\u0131l\u0131mc\u0131larla birlikte interaktif bir tart\u0131\u015fma ger\u00e7ekle\u015ftirilecektir.<br \/>\nThe event will explore both historical and contemporary dimensions of science communication and will include an interactive discussion with participants.<\/p>\n<\/div><\/div><div  class=\"tatsu-module tatsu-normal-button tatsu-button-wrap align-block block-center  tatsu-SJsQfPOqel   \"><a class=\"tatsu-shortcode blockbtn tatsu-button left-icon rounded   bg-animation-none  \" href=\"https:\/\/data.bau.edu.tr\/app\/form?id=kFMVBg\" style= \"\"  aria-label=\"Etkinli\u011fe kay\u0131t olmak i\u00e7in t\u0131klay\u0131n\u0131z\" data-gdpr-atts={} target=\"_blank\">Etkinli\u011fe kay\u0131t olmak i\u00e7in t\u0131klay\u0131n\u0131z<\/a><style>.tatsu-SJsQfPOqel .tatsu-button{background-color: rgba(0,2,92,1);color: #ffffff ;}.tatsu-SJsQfPOqel .tatsu-button:hover{background-color: rgba(255,189,14,1);color: rgba(0,7,94,1) ;}<\/style><\/div><\/div><\/div><div class = \"tatsu-column-bg-image-wrap\"><div class = \"tatsu-column-bg-image tatsu-bg-lazyload\" data-src = \"\"><\/div><\/div><div class=\"tatsu-overlay tatsu-column-overlay tatsu-animate-none\" ><\/div><\/div><style>.tatsu-row > .tatsu-Hyl2S1KQ8h.tatsu-column{width: 50%;}.tatsu-Hyl2S1KQ8h.tatsu-column > .tatsu-column-inner > .tatsu-column-overlay{mix-blend-mode: normal;}.tatsu-Hyl2S1KQ8h > .tatsu-column-inner > .tatsu-top-divider{z-index: 9999;}.tatsu-Hyl2S1KQ8h > .tatsu-column-inner > .tatsu-bottom-divider{z-index: 9999;}.tatsu-Hyl2S1KQ8h > .tatsu-column-inner > .tatsu-left-divider{z-index: 9999;}.tatsu-Hyl2S1KQ8h > .tatsu-column-inner > .tatsu-right-divider{z-index: 9999;}@media only screen and (max-width:1377px) {.tatsu-row > .tatsu-Hyl2S1KQ8h.tatsu-column{width: 50%;}}@media only screen and (min-width:768px) and (max-width: 1024px) {.tatsu-row > .tatsu-Hyl2S1KQ8h.tatsu-column{width: 50%;}}@media only screen and (max-width: 767px) {.tatsu-row > .tatsu-Hyl2S1KQ8h.tatsu-column{width: 100%;}}<\/style><\/div><\/div><\/div><\/div><div class=\"tatsu-section-background-wrap\"><div class = \"tatsu-section-background tatsu-bg-lazyload\" data-src = \"\"><\/div><\/div><div class=\"tatsu-overlay tatsu-section-overlay\"><\/div><style>.tatsu-rJZsBJtQU3 .tatsu-section-pad{padding: 90px 0px 90px 0px;}.tatsu-rJZsBJtQU3 .tatsu-section-offset-wrap{transform: translateY(-0px);}.tatsu-rJZsBJtQU3 > .tatsu-bottom-divider{z-index: 9999;}.tatsu-rJZsBJtQU3 > .tatsu-top-divider{z-index: 9999;}.tatsu-rJZsBJtQU3 .tatsu-section-overlay{mix-blend-mode: normal;}<\/style><\/div>\n","protected":false},"excerpt":{"rendered":"<div><a href=\"https:\/\/tto.bau.edu.tr\/en\/science-cafe-event-bilim-kafe-etkinligi\/\" class=\"exp-read-more exp-read-more-underlined\">Read More<\/a><\/div>\n","protected":false},"author":5,"featured_media":0,"parent":0,"menu_order":0,"comment_status":"closed","ping_status":"closed","template":"","meta":{"footnotes":""},"class_list":["post-9271","page","type-page","status-publish","hentry"],"_links":{"self":[{"href":"https:\/\/tto.bau.edu.tr\/en\/wp-json\/wp\/v2\/pages\/9271","targetHints":{"allow":["GET"]}}],"collection":[{"href":"https:\/\/tto.bau.edu.tr\/en\/wp-json\/wp\/v2\/pages"}],"about":[{"href":"https:\/\/tto.bau.edu.tr\/en\/wp-json\/wp\/v2\/types\/page"}],"author":[{"embeddable":true,"href":"https:\/\/tto.bau.edu.tr\/en\/wp-json\/wp\/v2\/users\/5"}],"replies":[{"embeddable":true,"href":"https:\/\/tto.bau.edu.tr\/en\/wp-json\/wp\/v2\/comments?post=9271"}],"version-history":[{"count":0,"href":"https:\/\/tto.bau.edu.tr\/en\/wp-json\/wp\/v2\/pages\/9271\/revisions"}],"wp:attachment":[{"href":"https:\/\/tto.bau.edu.tr\/en\/wp-json\/wp\/v2\/media?parent=9271"}],"curies":[{"name":"wp","href":"https:\/\/api.w.org\/{rel}","templated":true}]}}