{"id":8852,"date":"2025-07-10T15:34:01","date_gmt":"2025-07-10T12:34:01","guid":{"rendered":"https:\/\/tto.bau.edu.tr\/?page_id=8852"},"modified":"2026-04-13T15:17:34","modified_gmt":"2026-04-13T12:17:34","slug":"bap-commission-members","status":"publish","type":"page","link":"https:\/\/tto.bau.edu.tr\/en\/bap-commission-members\/","title":{"rendered":"BAP Commission Members"},"content":{"rendered":"<div  class=\"tatsu-BJW8TPfHPJl tatsu-section  tatsu-bg-overlay   tatsu-clearfix\" data-title=\"\"  data-headerscheme=\"background--dark\"><div class='tatsu-section-pad clearfix' data-padding='{\"d\":\"90px 0px 90px 0px\"}' data-padding-top='90px'><div class=\"tatsu-row-wrap  tatsu-wrap tatsu-row-one-col tatsu-row-has-one-cols tatsu-medium-gutter tatsu-reg-cols  tatsu-clearfix tatsu-S1xUpDGSvyx\" ><div  class=\"tatsu-row \" ><div  class=\"tatsu-column  tatsu-bg-overlay tatsu-one-col tatsu-column-image-none tatsu-column-effect-none  tatsu-H1UaPMrvke\"  data-parallax-speed=\"0\" style=\"\"><div class=\"tatsu-column-inner \" ><div class=\"tatsu-column-pad-wrap\"><div class=\"tatsu-column-pad\" ><div  class=\"tatsu-module tatsu-animated-heading-wrap anime_top_bottom_lines  tatsu-rkGwOMSD1g   \"  data-anime-type=\"anime_top_bottom_lines\" data-anime-duration=\"20\" ><div class=\"tatsu-animated-heading-inner-wrap\" ><span class=\"tatsu-animated-heading-line tatsu-animated-heading-line1\"><\/span><h1 class=\"tatsu-animated-heading-inner\">BAP Commission Members<\/h1><span class=\"tatsu-animated-heading-line tatsu-animated-heading-line2\"><\/span><\/div><style>.tatsu-rkGwOMSD1g.tatsu-animated-heading-wrap{text-align: center;}.tatsu-rkGwOMSD1g .tatsu-animated-heading-inner{color: #ffffff ;}<\/style><\/div><\/div><\/div><div class = \"tatsu-column-bg-image-wrap\"><div class = \"tatsu-column-bg-image tatsu-bg-lazyload\" data-src = \"\"><\/div><\/div><div class=\"tatsu-overlay tatsu-column-overlay tatsu-animate-none\" ><\/div><\/div><style>.tatsu-row > .tatsu-H1UaPMrvke.tatsu-column{width: 100%;}.tatsu-H1UaPMrvke.tatsu-column > .tatsu-column-inner > .tatsu-column-overlay{mix-blend-mode: normal;}.tatsu-H1UaPMrvke > .tatsu-column-inner > .tatsu-top-divider{z-index: 9999;}.tatsu-H1UaPMrvke > .tatsu-column-inner > .tatsu-bottom-divider{z-index: 9999;}.tatsu-H1UaPMrvke > .tatsu-column-inner > .tatsu-left-divider{z-index: 9999;}.tatsu-H1UaPMrvke > .tatsu-column-inner > .tatsu-right-divider{z-index: 9999;}@media only screen and (max-width:1377px) {.tatsu-row > .tatsu-H1UaPMrvke.tatsu-column{width: 100%;}}@media only screen and (min-width:768px) and (max-width: 1024px) {.tatsu-row > .tatsu-H1UaPMrvke.tatsu-column{width: 100%;}}@media only screen and (max-width: 767px) {.tatsu-row > .tatsu-H1UaPMrvke.tatsu-column{width: 100%;}}<\/style><\/div><\/div><\/div><\/div><div class=\"tatsu-section-background-wrap\"><div class = \"tatsu-bg-blur\" style = \"background-image : url(data:image\/png;base64,iVBORw0KGgoAAAANSUhEUgAAADIAAAAhCAYAAACbffiEAAANCklEQVRYw12ZW5MbyXFGT2ZVdaMBzI1cDvfClVZa2Vboyf6d8s\/zoyMUK5ukuCSHM4NLX6oq0w\/VM1wZEQgEGt2Nyktlfnla\/vMv\/+EiAgqiAirrZ\/v+9NaoaBAkRRRHFFRBoyAK4O06ACvtPpsN5Bm30o6r4giuCpsOiuFasCW33wQQwaut6wCvBccAAyr4gvgMkoHcjokRRRTEQQREEEBwQBB8\/Q7ijjiEEFGrSM0oghQQdSTEdo07aGjGldzuJgoBXAXccTGc0gxUUHHcK+Bt0VaBgLuAG+C\/eStIao7B29qBiAotIoJIO4\/VMwiIOC1QRnCIy0RQR602Q9zBvF2DIGnTrqO04yqgEQ\/y7HET2ndVPLR1m9u6qArMgDZDbF2sAO4tMtIc3bwVQCCKBiSsqSFAkKfgIOqotpSKSYnuJK90OCFqS7GgzcN1wYhQFwi6poK3uK6LcDMcwVTwEDAcswp1bv5VwaSliqsg4rjlZsBT5uBf0wxfIyNE7btmiBvUAlER9TXnFRUnqBAFNqJsvNIDKSUCjotjDkWESsXd8bJGFkfMmyHaDDAUq4KbUkUQDaARcEwcFcUkrobXdcEGHpp31\/s+p9zq9KgpIglcHJ\/86wKk7RUVGIbIxW7D5dCxj4GkoMVgLtR5ZqlKTpHFzlSvbS8oUA1ZU8ZRTAImRtWIiSM4VQOEDiyDGCYgXp8cDUHbmldntBRTIIJ8jUqUoGtqGZLCs7UqsN12XN7s6TeJaAW1wiYF9l1HRNGbQJkXzvdHRqvEEikueAzrPsnP+9OBKpWqUBGKgVRD5rHtA6vtPDHES9sfQde0Yq1OT6UHEP2atkDEK14cgkBSRCCJcXWzp9t04IXpdCDMI0FgPAWG3Y7toKRuh78cSJc9+v4OtUh1bztDBAkJJEIU3J3qTlUlO5SUWLS2tA8CteI1t9REWyRrwVVwHKwglkHDsy1OXTe8Es0yEkPrFyEwDJGrqxtUjfPhESsL9XDPzaZn0yX6EBmis9lBkCMuRlGlvxmwvFANvMyIdu2evnpRwESoMZAFckxoF1A1JBcoFc8TXic8Cm4ZrwvUtfK5rWmVcY3gBfECprgq0cyQbGhR0pC4udoSI3z8dMd8eiDUhT4EohZqBQ0GWZC0B3EkOHXK1GFLuhzoilBHhZhQQGuFp1LrFesjSQKztYabUkJV28LDgIeEqzcjlhPuT01PWwsRYzMkljljpQIFXFofoVTcC5ev9pSSub9\/5PzwCfWCiJNiYJoXLi8HatexpI7zOYA75TxxLs7YK\/2rSy5kh5SCHWb84YSIQ7cBayli2hGtEKhcv94iG2FcKo9H5R+fJ8xjK9wScALiFakTrQpUXt\/u+PmPr3n\/j4\/88svb1n\/ciZKbPLi6iFxeD3z8+Cvj4x39ZsN+2zHNCxKEKBVTeFgqtc70S6aWBd9sqf2G42GkC4Gu3zLEwOb7DTbs8XPTCAj4ml4mle2LSlE434+cFuH6RjnVyN3DjLghJTcnBEFqwUkMm4HbV9c83D3Sp45hO3A6HQEjfvtiA0F5\/e0VX5bCNM\/EGEkp8PDwiHpBoxKHgRHBysI0ZULNaNfT7y7xEHk8PLDbdli\/QyqoB\/SydXAdaSV4UKwYbAQ2kenXjAaFsbJ0xjZUHvNCcYMytb1hFTeDELj99pqxCuNhoe8Tm2HPaa7gRnx9uyGGwH02lnmmlgIaKMuEW22VQSPjeGYZR\/ooeC5oiCScZZmpJXM63TEH59Vuz9WuKUqpTrgwJPTIbPgCvlNMK\/XziWQD3juBQpma3rvYBeZxLcfFwQvYTBeFXV+4ezwT6kIpzs3FhsN4ZjkfiX0IfL4\/IxeXVIMmWZS8zHTDjtR1UGfyvLCUmaUYMYCGjmnJpGlms9\/jm2vO48h\/v\/07\/Y+vuQ07NBiqjuwd6bV1\/M4otYONEGMkqyCbgKeCiXHVw5fjA4XUVLR0SFRubhK5LIz3J0IQehesClebxMeTE6cp8+79I6+6HSkpqdtQ84jGnloyNU\/gRqmOqlA8YkEIbhgdVsHzQrFKnY885In\/IvPvtz\/watshqkhXEAtIEuiNcHboFI0dWg3ZCDIEvBM8K9t9YTpmiAUQrvbO999t+fX+CP11Ux4xcV4mXl4PPBwX4tt3D3x\/uydEOFboklJ8bcUuFIuYZwwQCSCO1aU1KwIzhSq79lvoESvkvJAfl9a5tUd60N5AAz6DaEKH0oSrBIahI3hm2CbOY+Sb6450No6zUIEfh5nTssDNDS9eRw6zMy+VZexxWfj5p++Iqd+wmNAXJ\/Y9Ic+UkohByHPFLWMGrgGCtybkRjEIWvByoiyCph2EBBr43ctveV07qBVsRgzoU9NHGhGteN86dOoV3SvJA6lTHkW4v9rxFyvk0FGWiU+PzpQSV9cbvhmEX2bIh5n8vnCshZ9ebomPxxOn80yIj\/zwL2\/Y9D2Ck6cz7kaZz7gmPAhmEDByoVUSNUQM9IyZI1Lx2DHnhXo4El70sBi+H5AU8Trjn+9xd8rllskS9cZ5PMB2yIyD4FPm\/WKM04khNfn\/7u2JTkZ++R84v7zgy2FGl4kwnrmfZg67G+LhMDf9nxceP9+zv70mxsBcZ8o8Ng2JICEialh2aimoV6pDiA6WEY3EGOiGDRIjVUZsEOQ4opqwwwjTTD2PmDuLzUwzOBseTifqlfNeEhc2cn7\/yNGNP\/\/5Gw6nwvHuwNWFcf50z3kZme4fScHoozOPJx7uIbrlJtpceLz7wu56v8rtDmeE2KFph6YAXqg2tVkBAwczIWJt8rPKfDqw3NxQBMLhCJvUJMa7O9wde7mj1MI0PZCJyHli+TJTLDHdn4ldJZTmpLJccn93R\/Iz08mgzATf4HWEoGyGiB9GPn\/+iOK1jZUSKaXy+d2vDF1P2myb7pEAGogpItrhoWszuDQJ6g5ujteZmuemyM3J5uRSqLuO\/OWe+XzmPC2c5wLf7Mg5k8vEOM3kMlLGA3U5MeeJoRdevrrg1w8f6Drn9e2OcRrBz+ALtc7kZcRKBq9M45k2tYi0qFhlPBy5\/\/CJ\/X6HhogvR8hHAEJMhH6HdDs89rhGHKXWNuq6ZaxOPJxPHNSw7QXZnMe7E484j3nky4dfOT0cCS8uWGphKYV8fsSo1DxSzLj99iXilX+8fceXd+8RVS52qc030kgKLMTYpkZHiO6GeP46Orrw8PkLFy8u2F9e8zA+oPnAfIA4XNL3Pda9oJYJKwtYbgo1WBsNREldQocB23fc\/+19a9AuFAJFleP\/fuT2T99z\/eYVHz78iqQOE2EzbPjxp+85L5m\/\/\/0ti8E0Fea3b\/nTn37PxeWOaRxxq9gqiPs+cfPyGvnrv\/3oso6QogqhQ9T45s1rdi+u+fTub+TTZ3I1pNsShgvSZosGRfUJVDghCLtdz9W247urns185u6XtyyH0+o1p4ZI7RKdFeqm4\/rHW1QLp\/sH0sWApY7H45H\/ffeepebnocrdGXYdP7z5DsU5ng6M88TNi2vMnVoz8td\/\/d6bJ1csJCAp8M3v3tDt99x9+gfz\/bumeUSQ1EM3oCEhqSf1TYVe7wfi6UTIE7FO1PGAWWn3dMPFMBwXaQZpwkRIQ8DVETHOCOfzCaM2hpA6fDm3qVwqIpV+05G62OQ7TimZUjOxDcorCWz9mz4lYpeYxgnzdbx3b3imzAgVCwmxhcyO7W5Lub\/n9PkRVUe9EDQgISC2tIh4g3CmAhIodaa6cc6OxYjJCpBEMQzqgtcMmoClOQOY54V5mZ8JCtLWFRt2\/Prqh56Xb95wmBZKLfgTU3rGGo5bQQS8Ol4CijOORg2xYVULKNaGoiBgC+76PHtf5okvsafimBuOYRrwsnzFpoQVA9XVGOH\/r\/WZa4k0+PAEh3aXF9z+4SeOS2UaT5S6rCevGEZ0HfxXmS3gZcTLQpkO1JzR9RRVATGkFppGaUDUgY9mbURYR1wrGa2OeW1SSLX9q3S4pmcgJ5LW\/8\/rsa+viGcQZXd5xe0f\/sBYIefSgNlyXm3wFVfSKMYTd3JrbCovLPOpGYYiIpg3Mii6MljLrSeJ4r40OO0CXpsBsrI1d\/D8HHkoK8DT9R3WKPyGBztEEePFq1e8+P3PnJZKzguqQuoSeRY8n9fSvNJISSvVqOvmH7i43OHHL0zTiHtYDQR5Asnyz2TQaTAbsxYleYoVz6j1iTC6W8NA0nCreFyjEn+DTZ347e9+z\/72Dae5sCwzjqNB6fuevGxZlsNKx\/1rTj6RwaB0w54Ser7548+c7z5wuPtEXua1QAji+s\/eM54Jett\/TyY0z8ozrPb16YD8cyo981hpzzXWShuvfviZw\/HMkhfM2zMOFUWj0g9b8rkHW\/iNHgHt2qODENjsLhjHkXlWLl5+zw+3r6nTI3cf3nM8HBu\/lRWQy\/pIwJe1pH6F0Lh8NUqegvcUnbA+5ihrFOrX7Fpp3f8BpDMm9PvPuKQAAAAASUVORK5CYII=);\"\"><\/div><div class = \"tatsu-section-background tatsu-bg-lazyload\" data-src = \"https:\/\/tto.bau.edu.tr\/wp-content\/uploads\/2022\/04\/BAUTTO_WEBSITE_SLIDER18_BAP_.png\"><\/div><\/div><div class=\"tatsu-overlay tatsu-section-overlay\"><\/div><style>.tatsu-BJW8TPfHPJl.tatsu-section{background-color: #323232;}.tatsu-BJW8TPfHPJl .tatsu-section-background{background-image: url(https:\/\/tto.bau.edu.tr\/wp-content\/uploads\/2022\/04\/BAUTTO_WEBSITE_SLIDER18_BAP_.png);background-repeat: no-repeat;background-attachment: scroll;background-position: center right;background-size: cover;}.tatsu-BJW8TPfHPJl .tatsu-bg-blur{background-repeat: no-repeat;background-attachment: scroll;background-position: center right;background-size: cover;}.tatsu-BJW8TPfHPJl .tatsu-section-pad{padding: 90px 0px 90px 0px;}.tatsu-BJW8TPfHPJl .tatsu-section-offset-wrap{transform: translateY(-0px);}.tatsu-BJW8TPfHPJl > .tatsu-bottom-divider{z-index: 9999;}.tatsu-BJW8TPfHPJl > .tatsu-top-divider{z-index: 9999;}.tatsu-BJW8TPfHPJl .tatsu-section-overlay{mix-blend-mode: normal;}<\/style><\/div><div  class=\"tatsu-r1WLs_fSPJg tatsu-section  tatsu-bg-overlay   tatsu-clearfix\" data-title=\"\"  data-headerscheme=\"background--dark\"><div class='tatsu-section-pad clearfix' data-padding='{\"d\":\"90px 0px 90px 0px\"}' data-padding-top='90px'><div class=\"tatsu-row-wrap  tatsu-wrap tatsu-row-one-col tatsu-row-has-one-cols tatsu-zero-margin tatsu-medium-gutter tatsu-reg-cols  tatsu-clearfix tatsu-Hyl8j_MSD1l\" ><div  class=\"tatsu-row \" ><div  class=\"tatsu-column  tatsu-bg-overlay tatsu-one-col tatsu-column-image-none tatsu-column-effect-none  tatsu-Sk8s_fSvJe\"  data-parallax-speed=\"0\" style=\"\"><div class=\"tatsu-column-inner \" ><div class=\"tatsu-column-pad-wrap\"><div class=\"tatsu-column-pad\" ><div  class=\"tatsu-module tatsu-inline-text clearfix tatsu-HJ8anzBPJx   \" ><style>.tatsu-HJ8anzBPJx .tatsu-inline-text-inner{width: 100%;text-align: left;}.tatsu-HJ8anzBPJx.tatsu-inline-text{margin: 0px 0px 0px 0px;}@media only screen and (max-width: 767px) {.tatsu-HJ8anzBPJx .tatsu-inline-text-inner{width: 100%;}}<\/style><div class=\"tatsu-inline-text-inner tatsu-align-center\">\n<h5>The Scientific Research Projects Commission of Bah\u00e7e\u015fehir University is a unit affiliated with the Rectorate. It is responsible for evaluating, approving, supporting, managing, monitoring, and assessing the outcomes of scientific research projects, R&#038;D projects, and technology-based and innovative entrepreneurship activities proposed by Bah\u00e7e\u015fehir University\u2019s academic staff, students, and entrepreneurs.<\/h5>\n<h5>The BAP Commission is composed of the following members appointed by the Rector upon the recommendation of the University Senate: 1 Commission Chair, 12 Faculty Members, 1 TTO Representative, and 1 Student Representative.<\/h5>\n<\/div><\/div><div  class=\"tatsu-module tatsu-divider-wrap  tatsu-HyoIqzBvke   \"  ><style>.tatsu-HyoIqzBvke .tatsu-divider{height: 1px;width: 50%;background: rgba(245,166,35,1);}.tatsu-HyoIqzBvke.tatsu-divider-wrap{text-align: left;margin: 0px 0px 0px 0px;}.tatsu-HyoIqzBvke{padding: 10px 0px 0px 0px;}<\/style><hr class=\"tatsu-divider\"\/><\/div><div  class=\"tatsu-module tatsu-animated-heading-wrap anime_fade_in  tatsu-Byo0KMHDyx   \"  data-anime-type=\"anime_fade_in\" data-anime-duration=\"20\" ><h4 class=\"tatsu-animated-heading-inner\">Chairman of the Commission<\/h4><style>.tatsu-Byo0KMHDyx.tatsu-animated-heading-wrap{text-align: left;}.tatsu-Byo0KMHDyx .tatsu-animated-heading-inner{color: rgba(23,129,241,1) ;}.tatsu-Byo0KMHDyx .tatsu-animated-heading-line{background: rgba(23,129,241,1);}.tatsu-Byo0KMHDyx{padding: 0px 0px 10px 0px;margin: 0px 0px 10px 0px;}<\/style><\/div><\/div><\/div><div class = \"tatsu-column-bg-image-wrap\"><div class = \"tatsu-column-bg-image tatsu-bg-lazyload\" data-src = \"\"><\/div><\/div><div class=\"tatsu-overlay tatsu-column-overlay tatsu-animate-none\" ><\/div><\/div><style>.tatsu-row > .tatsu-Sk8s_fSvJe.tatsu-column{width: 100%;}.tatsu-Sk8s_fSvJe.tatsu-column > .tatsu-column-inner > .tatsu-column-overlay{mix-blend-mode: normal;}.tatsu-Sk8s_fSvJe > .tatsu-column-inner > .tatsu-top-divider{z-index: 9999;}.tatsu-Sk8s_fSvJe > .tatsu-column-inner > .tatsu-bottom-divider{z-index: 9999;}.tatsu-Sk8s_fSvJe > .tatsu-column-inner > .tatsu-left-divider{z-index: 9999;}.tatsu-Sk8s_fSvJe > .tatsu-column-inner > .tatsu-right-divider{z-index: 9999;}@media only screen and (max-width:1377px) {.tatsu-row > .tatsu-Sk8s_fSvJe.tatsu-column{width: 100%;}}@media only screen and (min-width:768px) and (max-width: 1024px) {.tatsu-row > .tatsu-Sk8s_fSvJe.tatsu-column{width: 100%;}}@media only screen and (max-width: 767px) {.tatsu-row > .tatsu-Sk8s_fSvJe.tatsu-column{width: 100%;}}<\/style><\/div><\/div><\/div><div class=\"tatsu-row-wrap  tatsu-wrap tatsu-row-one-col tatsu-row-has-one-cols tatsu-medium-gutter tatsu-reg-cols  tatsu-clearfix tatsu-Hygo4tGBwkx\" ><div  class=\"tatsu-row \" ><div  class=\"tatsu-column  tatsu-bg-overlay tatsu-one-col tatsu-column-image-none tatsu-column-effect-none  tatsu-BksVKGSv1e\"  data-parallax-speed=\"0\" style=\"\"><div class=\"tatsu-column-inner \" ><div class=\"tatsu-column-pad-wrap\"><div class=\"tatsu-column-pad\" ><div  class=\"tatsu-module tatsu-title-icon  tatsu-SJ0BKMHwke  \" ><span class=\"tatsu-ti-wrap tatsu-ti medium plain align-left\" ><i class=\"tatsu-icon-award tatsu-ti tatsu-ti-icon\"><\/i><\/span><div class=\"tatsu-tc tatsu-tc-custom-space align-left medium plain\">\n<h6>Prof. Dr. Faik Tun\u00e7 Bozbura<\/h6>\n<\/div><style>.tatsu-SJ0BKMHwke .tatsu-ti-icon{color: #FF5722 ;}.tatsu-SJ0BKMHwke{margin: 0px 0px 0px 0px;}<\/style><\/div><div  class=\"tatsu-module tatsu-divider-wrap  tatsu-HyOqe7rPJx   \"  ><style>.tatsu-HyOqe7rPJx .tatsu-divider{height: 1px;width: 50%;background: rgba(245,166,35,1);}.tatsu-HyOqe7rPJx.tatsu-divider-wrap{text-align: left;margin: 0px 0px 0px 0px;}.tatsu-HyOqe7rPJx{padding: 10px 0px 0px 0px;}<\/style><hr class=\"tatsu-divider\"\/><\/div><div  class=\"tatsu-module tatsu-animated-heading-wrap anime_fade_in  tatsu-SJnmczBw1l   \"  data-anime-type=\"anime_fade_in\" data-anime-duration=\"20\" ><h4 class=\"tatsu-animated-heading-inner\">Members of the Commission<\/h4><style>.tatsu-SJnmczBw1l.tatsu-animated-heading-wrap{text-align: left;}.tatsu-SJnmczBw1l .tatsu-animated-heading-inner{color: rgba(23,129,241,1) ;}.tatsu-SJnmczBw1l .tatsu-animated-heading-line{background: rgba(23,129,241,1);}.tatsu-SJnmczBw1l{padding: 0px 250px 0px 0px;margin: 0px 0px 0px 0px;}<\/style><\/div><div  class=\"tatsu-module tatsu-title-icon  tatsu-HJGocMrwyx  \" ><span class=\"tatsu-ti-wrap tatsu-ti medium plain align-left\" ><i class=\"tatsu-icon-user tatsu-ti tatsu-ti-icon\"><\/i><\/span><div class=\"tatsu-tc tatsu-tc-custom-space align-left medium plain\">\n<h6>Prof. Dr. Hasan Kemal Suher<\/h6>\n<\/div><style>.tatsu-HJGocMrwyx .tatsu-ti-icon{color: #FF5722 ;}.tatsu-HJGocMrwyx{margin: 0px 0px 0px 0px;padding: 10px 0px 0px 0px;}<\/style><\/div><div  class=\"tatsu-module tatsu-title-icon  tatsu-SytC9MBvJg  \" ><span class=\"tatsu-ti-wrap tatsu-ti medium plain align-left\" ><i class=\"tatsu-icon-user tatsu-ti tatsu-ti-icon\"><\/i><\/span><div class=\"tatsu-tc tatsu-tc-custom-space align-left medium plain\">\n<h6>Prof. Dr. Serdar Durda\u011f\u0131<\/h6>\n<\/div><style>.tatsu-SytC9MBvJg .tatsu-ti-icon{color: #FF5722 ;}.tatsu-SytC9MBvJg{margin: 0px 0px 0px 0px;padding: 10px 0px 0px 0px;}<\/style><\/div><div  class=\"tatsu-module tatsu-title-icon  tatsu-HJLp5zBPJx  \" ><span class=\"tatsu-ti-wrap tatsu-ti medium plain align-left\" ><i class=\"tatsu-icon-user tatsu-ti tatsu-ti-icon\"><\/i><\/span><div class=\"tatsu-tc tatsu-tc-custom-space align-left medium plain\">\n<h6>Dr. \u00d6\u011fr. \u00dcyesi Sabiha Dulay<\/h6>\n<\/div><style>.tatsu-HJLp5zBPJx .tatsu-ti-icon{color: #FF5722 ;}.tatsu-HJLp5zBPJx{margin: 0px 0px 0px 0px;padding: 10px 0px 0px 0px;}<\/style><\/div><div  class=\"tatsu-module tatsu-title-icon  tatsu-HJLgsMHv1l  \" ><span class=\"tatsu-ti-wrap tatsu-ti medium plain align-left\" ><i class=\"tatsu-icon-user tatsu-ti tatsu-ti-icon\"><\/i><\/span><div class=\"tatsu-tc tatsu-tc-custom-space align-left medium plain\">\n<h6>Prof. Dr. G\u00f6kay G\u00f6rmeli<\/h6>\n<\/div><style>.tatsu-HJLgsMHv1l .tatsu-ti-icon{color: #FF5722 ;}.tatsu-HJLgsMHv1l{margin: 0px 0px 0px 0px;padding: 10px 0px 0px 0px;}<\/style><\/div><div  class=\"tatsu-module tatsu-title-icon  tatsu-SkUfsGSvJl  \" ><span class=\"tatsu-ti-wrap tatsu-ti medium plain align-left\" ><i class=\"tatsu-icon-user tatsu-ti tatsu-ti-icon\"><\/i><\/span><div class=\"tatsu-tc tatsu-tc-custom-space align-left medium plain\">\n<h6>Prof. Dr. H\u00fcmeyra Ad\u0131g\u00fczel<\/h6>\n<\/div><style>.tatsu-SkUfsGSvJl .tatsu-ti-icon{color: #FF5722 ;}.tatsu-SkUfsGSvJl{margin: 0px 0px 0px 0px;padding: 10px 0px 0px 0px;}<\/style><\/div><div  class=\"tatsu-module tatsu-title-icon  tatsu-rJymofHD1e  \" ><span class=\"tatsu-ti-wrap tatsu-ti medium plain align-left\" ><i class=\"tatsu-icon-user tatsu-ti tatsu-ti-icon\"><\/i><\/span><div class=\"tatsu-tc tatsu-tc-custom-space align-left medium plain\">\n<h6>Do\u00e7. Dr. \u0130lkay Turan<\/h6>\n<\/div><style>.tatsu-rJymofHD1e .tatsu-ti-icon{color: #FF5722 ;}.tatsu-rJymofHD1e{margin: 0px 0px 0px 0px;padding: 10px 0px 0px 0px;}<\/style><\/div><div  class=\"tatsu-module tatsu-title-icon  tatsu-B1tXoGHv1l  \" ><span class=\"tatsu-ti-wrap tatsu-ti medium plain align-left\" ><i class=\"tatsu-icon-user tatsu-ti tatsu-ti-icon\"><\/i><\/span><div class=\"tatsu-tc tatsu-tc-custom-space align-left medium plain\">\n<h6>Do\u00e7. Dr. Yi\u011fit Y\u0131lmaz<\/h6>\n<\/div><style>.tatsu-B1tXoGHv1l .tatsu-ti-icon{color: #FF5722 ;}.tatsu-B1tXoGHv1l{margin: 0px 0px 0px 0px;padding: 10px 0px 0px 0px;}<\/style><\/div><div  class=\"tatsu-module tatsu-title-icon  tatsu-H1vVofSDke  \" ><span class=\"tatsu-ti-wrap tatsu-ti medium plain align-left\" ><i class=\"tatsu-icon-user tatsu-ti tatsu-ti-icon\"><\/i><\/span><div class=\"tatsu-tc tatsu-tc-custom-space align-left medium plain\">\n<h6>Prof. Dr. Taha \u00d6zy\u00fcrek<\/h6>\n<\/div><style>.tatsu-H1vVofSDke .tatsu-ti-icon{color: #FF5722 ;}.tatsu-H1vVofSDke{margin: 0px 0px 0px 0px;padding: 10px 0px 0px 0px;}<\/style><\/div><div  class=\"tatsu-module tatsu-title-icon  tatsu-HymLjMSv1l  \" ><span class=\"tatsu-ti-wrap tatsu-ti medium plain align-left\" ><i class=\"tatsu-icon-user tatsu-ti tatsu-ti-icon\"><\/i><\/span><div class=\"tatsu-tc tatsu-tc-custom-space align-left medium plain\">\n<h6>Do\u00e7. Dr. Zafer Kahraman<\/h6>\n<\/div><style>.tatsu-HymLjMSv1l .tatsu-ti-icon{color: #FF5722 ;}.tatsu-HymLjMSv1l{margin: 0px 0px 0px 0px;padding: 10px 0px 0px 0px;}<\/style><\/div><div  class=\"tatsu-module tatsu-title-icon  tatsu-BJ4SiMBwkl  \" ><span class=\"tatsu-ti-wrap tatsu-ti medium plain align-left\" ><i class=\"tatsu-icon-user tatsu-ti tatsu-ti-icon\"><\/i><\/span><div class=\"tatsu-tc tatsu-tc-custom-space align-left medium plain\">\n<h6>Dr. \u00d6\u011fr. \u00dcyesi \u0130smet Ayd\u0131n<\/h6>\n<\/div><style>.tatsu-BJ4SiMBwkl .tatsu-ti-icon{color: #FF5722 ;}.tatsu-BJ4SiMBwkl{margin: 0px 0px 0px 0px;padding: 10px 0px 0px 0px;}<\/style><\/div><div  class=\"tatsu-module tatsu-title-icon  tatsu-S1ZvifHvkg  \" ><span class=\"tatsu-ti-wrap tatsu-ti medium plain align-left\" ><i class=\"tatsu-icon-user tatsu-ti tatsu-ti-icon\"><\/i><\/span><div class=\"tatsu-tc tatsu-tc-custom-space align-left medium plain\">\n<h6>Do\u00e7. Dr. Timu\u00e7in Av\u015far<\/h6>\n<\/div><style>.tatsu-S1ZvifHvkg .tatsu-ti-icon{color: #FF5722 ;}.tatsu-S1ZvifHvkg{margin: 0px 0px 0px 0px;padding: 10px 0px 0px 0px;}<\/style><\/div><div  class=\"tatsu-module tatsu-title-icon  tatsu-SJhdszSD1x  \" ><span class=\"tatsu-ti-wrap tatsu-ti medium plain align-left\" ><i class=\"tatsu-icon-user tatsu-ti tatsu-ti-icon\"><\/i><\/span><div class=\"tatsu-tc tatsu-tc-custom-space align-left medium plain\">\n<h6>Dr. \u00d6\u011fr. \u00dcyesi Fatih Kahraman<\/h6>\n<\/div><style>.tatsu-SJhdszSD1x .tatsu-ti-icon{color: #FF5722 ;}.tatsu-SJhdszSD1x{margin: 0px 0px 0px 0px;padding: 10px 0px 0px 0px;}<\/style><\/div><div  class=\"tatsu-module tatsu-title-icon  tatsu-r10vsMBw1l  \" ><span class=\"tatsu-ti-wrap tatsu-ti medium plain align-left\" ><i class=\"tatsu-icon-user tatsu-ti tatsu-ti-icon\"><\/i><\/span><div class=\"tatsu-tc tatsu-tc-custom-space align-left medium plain\">\n<h6>Dr. Nil Girgin Kal\u0131p<\/h6>\n<\/div><style>.tatsu-r10vsMBw1l .tatsu-ti-icon{color: #FF5722 ;}.tatsu-r10vsMBw1l{margin: 0px 0px 0px 0px;padding: 10px 0px 0px 0px;}<\/style><\/div><div  class=\"tatsu-module tatsu-title-icon  tatsu-BJm1kwqhWg  \" ><span class=\"tatsu-ti-wrap tatsu-ti medium plain align-left\" ><i class=\"tatsu-icon-user tatsu-ti tatsu-ti-icon\"><\/i><\/span><div class=\"tatsu-tc tatsu-tc-custom-space align-left medium plain\">\n<h6>Zeynep A\u011fmaz<\/h6>\n<\/div><style>.tatsu-BJm1kwqhWg .tatsu-ti-icon{color: #FF5722 ;}.tatsu-BJm1kwqhWg{margin: 0px 0px 0px 0px;padding: 10px 0px 0px 0px;}<\/style><\/div><div  class=\"tatsu-module tatsu-divider-wrap  tatsu-SyAMKGrD1l   \"  ><style>.tatsu-SyAMKGrD1l .tatsu-divider{height: 1px;width: 50%;background: rgba(245,166,35,1);}.tatsu-SyAMKGrD1l.tatsu-divider-wrap{text-align: left;margin: 0px 0px 0px 0px;}.tatsu-SyAMKGrD1l{padding: 10px 0px 10px 0px;}<\/style><hr class=\"tatsu-divider\"\/><\/div><\/div><\/div><div class = \"tatsu-column-bg-image-wrap\"><div class = \"tatsu-column-bg-image tatsu-bg-lazyload\" data-src = \"\"><\/div><\/div><div class=\"tatsu-overlay tatsu-column-overlay tatsu-animate-none\" ><\/div><\/div><style>.tatsu-row > .tatsu-BksVKGSv1e.tatsu-column{width: 100%;}.tatsu-BksVKGSv1e.tatsu-column > .tatsu-column-inner > .tatsu-column-overlay{mix-blend-mode: normal;}.tatsu-BksVKGSv1e > .tatsu-column-inner > .tatsu-top-divider{z-index: 9999;}.tatsu-BksVKGSv1e > .tatsu-column-inner > .tatsu-bottom-divider{z-index: 9999;}.tatsu-BksVKGSv1e > .tatsu-column-inner > .tatsu-left-divider{z-index: 9999;}.tatsu-BksVKGSv1e > .tatsu-column-inner > .tatsu-right-divider{z-index: 9999;}@media only screen and (max-width:1377px) {.tatsu-row > .tatsu-BksVKGSv1e.tatsu-column{width: 100%;}}@media only screen and (min-width:768px) and (max-width: 1024px) {.tatsu-row > .tatsu-BksVKGSv1e.tatsu-column{width: 100%;}}@media only screen and (max-width: 767px) {.tatsu-row > .tatsu-BksVKGSv1e.tatsu-column{width: 100%;}}<\/style><\/div><\/div><\/div><\/div><div class=\"tatsu-section-background-wrap\"><div class = \"tatsu-section-background tatsu-bg-lazyload\" data-src = \"\"><\/div><\/div><div class=\"tatsu-overlay tatsu-section-overlay\"><\/div><style>.tatsu-r1WLs_fSPJg .tatsu-section-pad{padding: 90px 0px 90px 0px;}.tatsu-r1WLs_fSPJg .tatsu-section-offset-wrap{transform: translateY(-0px);}.tatsu-r1WLs_fSPJg > .tatsu-bottom-divider{z-index: 9999;}.tatsu-r1WLs_fSPJg > .tatsu-top-divider{z-index: 9999;}.tatsu-r1WLs_fSPJg .tatsu-section-overlay{mix-blend-mode: normal;}<\/style><\/div>\n","protected":false},"excerpt":{"rendered":"<div><a href=\"https:\/\/tto.bau.edu.tr\/en\/bap-commission-members\/\" class=\"exp-read-more exp-read-more-underlined\">Read More<\/a><\/div>\n","protected":false},"author":5,"featured_media":0,"parent":0,"menu_order":0,"comment_status":"closed","ping_status":"closed","template":"","meta":{"footnotes":""},"class_list":["post-8852","page","type-page","status-publish","hentry"],"_links":{"self":[{"href":"https:\/\/tto.bau.edu.tr\/en\/wp-json\/wp\/v2\/pages\/8852","targetHints":{"allow":["GET"]}}],"collection":[{"href":"https:\/\/tto.bau.edu.tr\/en\/wp-json\/wp\/v2\/pages"}],"about":[{"href":"https:\/\/tto.bau.edu.tr\/en\/wp-json\/wp\/v2\/types\/page"}],"author":[{"embeddable":true,"href":"https:\/\/tto.bau.edu.tr\/en\/wp-json\/wp\/v2\/users\/5"}],"replies":[{"embeddable":true,"href":"https:\/\/tto.bau.edu.tr\/en\/wp-json\/wp\/v2\/comments?post=8852"}],"version-history":[{"count":4,"href":"https:\/\/tto.bau.edu.tr\/en\/wp-json\/wp\/v2\/pages\/8852\/revisions"}],"predecessor-version":[{"id":11319,"href":"https:\/\/tto.bau.edu.tr\/en\/wp-json\/wp\/v2\/pages\/8852\/revisions\/11319"}],"wp:attachment":[{"href":"https:\/\/tto.bau.edu.tr\/en\/wp-json\/wp\/v2\/media?parent=8852"}],"curies":[{"name":"wp","href":"https:\/\/api.w.org\/{rel}","templated":true}]}}