{"id":8837,"date":"2025-07-09T12:52:32","date_gmt":"2025-07-09T09:52:32","guid":{"rendered":"https:\/\/tto.bau.edu.tr\/?page_id=8837"},"modified":"2025-07-09T12:56:25","modified_gmt":"2025-07-09T09:56:25","slug":"deneyap-technology-workshops-trainer-application","status":"publish","type":"page","link":"https:\/\/tto.bau.edu.tr\/en\/deneyap-technology-workshops-trainer-application\/","title":{"rendered":"DENEYAP Technology Workshops Trainer Application"},"content":{"rendered":"<div  class=\"tatsu-rJZsBJtQU3 tatsu-section  tatsu-bg-overlay   tatsu-clearfix\" data-title=\"\"  data-headerscheme=\"background--dark\"><div class='tatsu-section-pad clearfix' data-padding='{\"d\":\"90px 0px 90px 0px\"}' data-padding-top='90px'><div class=\"tatsu-row-wrap  tatsu-wrap tatsu-row-one-col tatsu-row-has-one-cols tatsu-medium-gutter tatsu-reg-cols  tatsu-clearfix tatsu-BylsBJtXU2\" ><div  class=\"tatsu-row \" ><div  class=\"tatsu-column  tatsu-bg-overlay tatsu-one-col tatsu-column-image-none tatsu-column-effect-none  tatsu-Sk3ByKmUn\"  data-parallax-speed=\"0\" style=\"\"><div class=\"tatsu-column-inner \" ><div class=\"tatsu-column-pad-wrap\"><div class=\"tatsu-column-pad\" ><div  class=\"tatsu-single-image tatsu-module tatsu-image-lazyload tatsu-BkdqR9e-xg  \" ><div class=\"tatsu-single-image-inner \" style=\"width : 1920px;\" ><div class = \"tatsu-single-image-padding-wrap\" style = \"padding-bottom : 56.25%;\" ><\/div><img class = \"tatsu-gradient-border\" alt = \"\" title = \"Deneyap-T\u00fcrkiye\" data-src = \"https:\/\/tto.bau.edu.tr\/wp-content\/uploads\/2025\/07\/Deneyap-Turkiye.jpg\" src =\"data:image\/png;base64,iVBORw0KGgoAAAANSUhEUgAAAAEAAAABCAQAAAC1HAwCAAAAC0lEQVR42mNkYAAAAAYAAjCB0C8AAAAASUVORK5CYII=\"  \/><\/div><style>.tatsu-BkdqR9e-xg{margin: -73px -14px 0px 250px;}.tatsu-BkdqR9e-xg .tatsu-single-image-inner{border-style: solid;max-width: 50%;}.tatsu-BkdqR9e-xg.tatsu-single-image{transform: translate3d(0px,0px, 0);}<\/style><\/div><div  class=\"tatsu-module tatsu-text-block-wrap tatsu-SkfPkYQ83  \"><div class=\"tatsu-text-inner tatsu-align-center  clearfix\" ><style>.tatsu-SkfPkYQ83.tatsu-text-block-wrap .tatsu-text-inner{width: 100%;text-align: left;}<\/style>\n<article class=\"text-token-text-primary w-full\" dir=\"auto\" data-testid=\"conversation-turn-4\" data-scroll-anchor=\"true\">\n<div class=\"text-base my-auto mx-auto py-5 &#091;--thread-content-margin:--spacing(4)&#093; @&#091;37rem&#093;:&#091;--thread-content-margin:--spacing(6)&#093; @&#091;72rem&#093;:&#091;--thread-content-margin:--spacing(16)&#093; px-(--thread-content-margin)\">\n<div class=\"&#091;--thread-content-max-width:32rem&#093; @&#091;34rem&#093;:&#091;--thread-content-max-width:40rem&#093; @&#091;64rem&#093;:&#091;--thread-content-max-width:48rem&#093; mx-auto flex max-w-(--thread-content-max-width) flex-1 text-base gap-4 md:gap-5 lg:gap-6 group\/turn-messages focus-visible:outline-hidden\" tabindex=\"-1\">\n<div class=\"group\/conversation-turn relative flex w-full min-w-0 flex-col agent-turn\">\n<div class=\"relative flex-col gap-1 md:gap-3\">\n<div class=\"flex max-w-full flex-col grow\">\n<div class=\"min-h-8 text-message relative flex w-full flex-col items-end gap-2 text-start break-words whitespace-normal &#091;.text-message+&amp;&#093;:mt-5\" dir=\"auto\" data-message-author-role=\"assistant\" data-message-id=\"03d806e3-394b-4378-8516-f7a1e558f990\" data-message-model-slug=\"gpt-4o\">\n<div class=\"flex w-full flex-col gap-1 empty:hidden first:pt-&#091;3px&#093;\">\n<div class=\"markdown prose dark:prose-invert w-full break-words dark\">\n<p data-start=\"0\" data-end=\"408\">In order to train the engineers, tech entrepreneurs, and technology leaders of the future, an important collaboration was established in 2018 between the Republic of T\u00fcrkiye Ministry of Industry and Technology, the Ministry of Youth and Sports, T\u00dcB\u0130TAK (The Scientific and Technological Research Council of T\u00fcrkiye), and the T\u00fcrkiye Technology Team Foundation, launching the <strong data-start=\"375\" data-end=\"407\">Deneyap Technology Workshops<\/strong>.<\/p>\n<p data-start=\"410\" data-end=\"541\">Operating in <strong data-start=\"423\" data-end=\"457\">81 provinces and 131 workshops<\/strong>, Deneyap Technology Workshops continue to raise the technology stars of the future.<\/p>\n<p data-start=\"543\" data-end=\"1244\">Within the scope of the program, free 36-month-long trainings are provided in <strong data-start=\"621\" data-end=\"641\">11 subject areas<\/strong>, including <em data-start=\"653\" data-end=\"824\">Design and Production, Robotics and Coding, Electronics Programming and the Internet of Things, Nanotechnology and Materials Science, and Aviation and Space Technologies<\/em>. These workshops aim to train our youth\u2014potential future scientists, researchers, and entrepreneurs\u2014to become innovative and productive individuals who contribute to the development of our country. It is crucial that Deneyap Technology Workshops are embraced and supported by public administrations and local stakeholders in the provinces to ensure they create the intended impact and maintain long-term sustainability.<\/p>\n<p data-start=\"1246\" data-end=\"1493\">Educational activities at Deneyap Technology Workshops are carried out by <strong data-start=\"1320\" data-end=\"1472\">teachers, professionals from relevant industries, academic staff from related university departments, undergraduate\/graduate students, and graduates<\/strong> serving as trainers.<\/p>\n<p data-start=\"1495\" data-end=\"1658\" data-is-last-node=\"\" data-is-only-node=\"\">\ud83d\udc49 <a class=\"\" href=\"https:\/\/www.deneyap.org\/tr\/\" rel=\"noopener\" data-start=\"1498\" data-end=\"1570\">Click here for more information about Deneyap Technology Workshops<\/a><br data-start=\"1570\" data-end=\"1573\" \/>\ud83d\udce9 If you have any questions, you can contact us via email at <strong data-start=\"1635\" data-end=\"1657\"><a class=\"cursor-pointer\" rel=\"noopener\" data-start=\"1637\" data-end=\"1655\">tto@tto.bau.edu.tr<\/a><\/strong><\/p>\n<\/div>\n<\/div>\n<\/div>\n<\/div>\n<\/div>\n<\/div>\n<\/div>\n<\/div>\n<\/article>\n<\/div><\/div><div  class=\"tatsu-module tatsu-normal-button tatsu-button-wrap   tatsu-SJRoKIbBex   \"><a class=\"tatsu-shortcode mediumbtn tatsu-button left-icon rounded   bg-animation-none  \" href=\"https:\/\/t3kys.com\/tr\/program\/application\/11114\/\" style= \"\"  aria-label=\"Click here to apply as a trainer\" data-gdpr-atts={} target=\"_blank\">Click here to apply as a trainer<\/a><style>.tatsu-SJRoKIbBex .tatsu-button{background-color: rgba(74,144,226,1);color: #ffffff ;}.tatsu-SJRoKIbBex .tatsu-button:hover{background-color: rgba(140,28,22,1);}.tatsu-SJRoKIbBex.tatsu-button-wrap{margin: 0px 0px 0px 0px;}<\/style><\/div><\/div><\/div><div class = \"tatsu-column-bg-image-wrap\"><div class = \"tatsu-column-bg-image tatsu-bg-lazyload\" data-src = \"\"><\/div><\/div><div class=\"tatsu-overlay tatsu-column-overlay tatsu-animate-none\" ><\/div><\/div><style>.tatsu-row > .tatsu-Sk3ByKmUn.tatsu-column{width: 100%;}.tatsu-Sk3ByKmUn.tatsu-column > .tatsu-column-inner > .tatsu-column-overlay{mix-blend-mode: normal;}.tatsu-Sk3ByKmUn > .tatsu-column-inner > .tatsu-top-divider{z-index: 9999;}.tatsu-Sk3ByKmUn > .tatsu-column-inner > .tatsu-bottom-divider{z-index: 9999;}.tatsu-Sk3ByKmUn > .tatsu-column-inner > .tatsu-left-divider{z-index: 9999;}.tatsu-Sk3ByKmUn > .tatsu-column-inner > .tatsu-right-divider{z-index: 9999;}@media only screen and (max-width:1377px) {.tatsu-row > .tatsu-Sk3ByKmUn.tatsu-column{width: 100%;}}@media only screen and (min-width:768px) and (max-width: 1024px) {.tatsu-row > .tatsu-Sk3ByKmUn.tatsu-column{width: 100%;}}@media only screen and (max-width: 767px) {.tatsu-row > .tatsu-Sk3ByKmUn.tatsu-column{width: 100%;}}<\/style><\/div><\/div><\/div><\/div><div class=\"tatsu-section-background-wrap\"><div class = \"tatsu-section-background tatsu-bg-lazyload\" data-src = \"\"><\/div><\/div><div class=\"tatsu-overlay tatsu-section-overlay\"><\/div><style>.tatsu-rJZsBJtQU3 .tatsu-section-pad{padding: 90px 0px 90px 0px;}.tatsu-rJZsBJtQU3 .tatsu-section-offset-wrap{transform: translateY(-0px);}.tatsu-rJZsBJtQU3 > .tatsu-bottom-divider{z-index: 9999;}.tatsu-rJZsBJtQU3 > .tatsu-top-divider{z-index: 9999;}.tatsu-rJZsBJtQU3 .tatsu-section-overlay{mix-blend-mode: normal;}<\/style><\/div>\n","protected":false},"excerpt":{"rendered":"<div><a href=\"https:\/\/tto.bau.edu.tr\/en\/deneyap-technology-workshops-trainer-application\/\" class=\"exp-read-more exp-read-more-underlined\">Read More<\/a><\/div>\n","protected":false},"author":5,"featured_media":0,"parent":0,"menu_order":0,"comment_status":"closed","ping_status":"closed","template":"","meta":{"footnotes":""},"class_list":["post-8837","page","type-page","status-publish","hentry"],"_links":{"self":[{"href":"https:\/\/tto.bau.edu.tr\/en\/wp-json\/wp\/v2\/pages\/8837","targetHints":{"allow":["GET"]}}],"collection":[{"href":"https:\/\/tto.bau.edu.tr\/en\/wp-json\/wp\/v2\/pages"}],"about":[{"href":"https:\/\/tto.bau.edu.tr\/en\/wp-json\/wp\/v2\/types\/page"}],"author":[{"embeddable":true,"href":"https:\/\/tto.bau.edu.tr\/en\/wp-json\/wp\/v2\/users\/5"}],"replies":[{"embeddable":true,"href":"https:\/\/tto.bau.edu.tr\/en\/wp-json\/wp\/v2\/comments?post=8837"}],"version-history":[{"count":0,"href":"https:\/\/tto.bau.edu.tr\/en\/wp-json\/wp\/v2\/pages\/8837\/revisions"}],"wp:attachment":[{"href":"https:\/\/tto.bau.edu.tr\/en\/wp-json\/wp\/v2\/media?parent=8837"}],"curies":[{"name":"wp","href":"https:\/\/api.w.org\/{rel}","templated":true}]}}