{"id":8780,"date":"2025-07-07T13:24:52","date_gmt":"2025-07-07T10:24:52","guid":{"rendered":"https:\/\/tto.bau.edu.tr\/?page_id=8780"},"modified":"2025-07-21T11:21:53","modified_gmt":"2025-07-21T08:21:53","slug":"dr-fatih-kahraman-appeared-as-a-guest-on-the-teknokolik-program","status":"publish","type":"page","link":"https:\/\/tto.bau.edu.tr\/en\/dr-fatih-kahraman-appeared-as-a-guest-on-the-teknokolik-program\/","title":{"rendered":"Dr. Fatih Kahraman Appeared as a Guest on the Teknokolik Program"},"content":{"rendered":"<div  class=\"tatsu-HyZmURbYSeg tatsu-section  tatsu-bg-overlay   tatsu-clearfix\" data-title=\"\"  data-headerscheme=\"background--dark\"><div class='tatsu-section-pad clearfix' data-padding='{\"d\":\"90px 0px 90px 0px\"}' data-padding-top='90px'><div class=\"tatsu-row-wrap  tatsu-wrap tatsu-row-one-col tatsu-row-has-one-cols tatsu-medium-gutter tatsu-reg-cols  tatsu-clearfix tatsu-rye7ICZKBle\" ><div  class=\"tatsu-row \" ><div  class=\"tatsu-column  tatsu-bg-overlay tatsu-one-col tatsu-column-image-none tatsu-column-effect-none  tatsu-ryX8RZtBee\"  data-parallax-speed=\"0\" style=\"\"><div class=\"tatsu-column-inner \" ><div class=\"tatsu-column-pad-wrap\"><div class=\"tatsu-column-pad\" ><div  class=\"tatsu-single-image tatsu-module align-center tatsu-image-lazyload tatsu-BJYruOjLel  \" ><div class=\"tatsu-single-image-inner \" style=\"width : 1609px;\" ><div class = \"tatsu-single-image-padding-wrap\" style = \"padding-bottom : 55.562461155998%;\" ><\/div><img class = \"tatsu-gradient-border\" alt = \"\" title = \"Dr Fatih Kahraman\" data-src = \"https:\/\/tto.bau.edu.tr\/wp-content\/uploads\/2025\/07\/Dr-Fatih-Kahraman.jpg\" src =\"data:image\/png;base64,iVBORw0KGgoAAAANSUhEUgAAAAEAAAABCAQAAAC1HAwCAAAAC0lEQVR42mNkYAAAAAYAAjCB0C8AAAAASUVORK5CYII=\"  \/><\/div><style>.tatsu-BJYruOjLel .tatsu-single-image-inner{border-style: solid;max-width: 60%;}.tatsu-BJYruOjLel.tatsu-single-image{transform: translate3d(0px,0px, 0);}<\/style><\/div><div  class=\"tatsu-module tatsu-text-block-wrap tatsu-B1dM3GYBgx  \"><div class=\"tatsu-text-inner tatsu-align-center  clearfix\" ><style>.tatsu-B1dM3GYBgx.tatsu-text-block-wrap .tatsu-text-inner{width: 100%;text-align: left;}<\/style>\n<h4><strong>Everything About Artificial Intelligence on TEKNOKOL\u0130K!<\/strong><\/h4>\n<p>On July 18, 2025, TEKNOKOL\u0130K aired on CNBC-e, featuring Dr. Fatih Kahraman, Head of the Artificial Intelligence Engineering Department at Bah\u00e7e\u015fehir University, in a comprehensive discussion on the present and future of artificial intelligence technologies, moderated by Naz \u00d6zde\u011firmenci.<\/p>\n<p>The program explored how AI is driving profound transformations across various industries and enhancing competitiveness. In particular, it highlighted pioneering initiatives led by Bah\u00e7e\u015fehir University (BAU) in the field of education, along with the strategic roadmap guiding this transformation. Ongoing projects carried out in collaboration with OpenAI were also discussed. A holistic AI perspective was presented, covering the vision of Artificial General Intelligence (AGI) alongside key topics such as ethics, safety, and regulation.<\/p>\n<p>\ud83d\udcfa <strong>Channel:<\/strong> CNBC-e<\/p>\n<\/div><\/div><div  class=\"tatsu-module tatsu-normal-button tatsu-button-wrap   tatsu-ByRuOuiLll   \"><a class=\"tatsu-shortcode mediumbtn tatsu-button left-icon rounded   bg-animation-none  \" href=\"https:\/\/drive.google.com\/file\/d\/1TPWo9I-uYN_v3JIgdStr9O-XyQzvsviZ\/view\" style= \"\"  aria-label=\"CLICK HERE TO WATCH THE PROGRAM\" data-gdpr-atts={} target=\"_blank\">CLICK HERE TO WATCH THE PROGRAM<\/a><style>.tatsu-ByRuOuiLll .tatsu-button{background-color: rgba(4,37,78,1);color: #ffffff ;}.tatsu-ByRuOuiLll .tatsu-button:hover{background-color: rgba(11,59,115,1);}<\/style><\/div><\/div><\/div><div class = \"tatsu-column-bg-image-wrap\"><div class = \"tatsu-column-bg-image tatsu-bg-lazyload\" data-src = \"\"><\/div><\/div><div class=\"tatsu-overlay tatsu-column-overlay tatsu-animate-none\" ><\/div><\/div><style>.tatsu-row > .tatsu-ryX8RZtBee.tatsu-column{width: 100%;}.tatsu-ryX8RZtBee.tatsu-column > .tatsu-column-inner > .tatsu-column-overlay{mix-blend-mode: normal;}.tatsu-ryX8RZtBee > .tatsu-column-inner > .tatsu-top-divider{z-index: 9999;}.tatsu-ryX8RZtBee > .tatsu-column-inner > .tatsu-bottom-divider{z-index: 9999;}.tatsu-ryX8RZtBee > .tatsu-column-inner > .tatsu-left-divider{z-index: 9999;}.tatsu-ryX8RZtBee > .tatsu-column-inner > .tatsu-right-divider{z-index: 9999;}@media only screen and (max-width:1377px) {.tatsu-row > .tatsu-ryX8RZtBee.tatsu-column{width: 100%;}}@media only screen and (min-width:768px) and (max-width: 1024px) {.tatsu-row > .tatsu-ryX8RZtBee.tatsu-column{width: 100%;}}@media only screen and (max-width: 767px) {.tatsu-row > .tatsu-ryX8RZtBee.tatsu-column{width: 100%;}}<\/style><\/div><\/div><\/div><\/div><div class=\"tatsu-section-background-wrap\"><div class = \"tatsu-section-background tatsu-bg-lazyload\" data-src = \"\"><\/div><\/div><div class=\"tatsu-overlay tatsu-section-overlay\"><\/div><style>.tatsu-HyZmURbYSeg .tatsu-section-pad{padding: 90px 0px 90px 0px;}.tatsu-HyZmURbYSeg .tatsu-section-offset-wrap{transform: translateY(-0px);}.tatsu-HyZmURbYSeg > .tatsu-bottom-divider{z-index: 9999;}.tatsu-HyZmURbYSeg > .tatsu-top-divider{z-index: 9999;}.tatsu-HyZmURbYSeg .tatsu-section-overlay{mix-blend-mode: normal;}<\/style><\/div>\n","protected":false},"excerpt":{"rendered":"<div><a href=\"https:\/\/tto.bau.edu.tr\/en\/dr-fatih-kahraman-appeared-as-a-guest-on-the-teknokolik-program\/\" class=\"exp-read-more exp-read-more-underlined\">Read More<\/a><\/div>\n","protected":false},"author":5,"featured_media":0,"parent":0,"menu_order":0,"comment_status":"closed","ping_status":"closed","template":"","meta":{"footnotes":""},"class_list":["post-8780","page","type-page","status-publish","hentry"],"_links":{"self":[{"href":"https:\/\/tto.bau.edu.tr\/en\/wp-json\/wp\/v2\/pages\/8780","targetHints":{"allow":["GET"]}}],"collection":[{"href":"https:\/\/tto.bau.edu.tr\/en\/wp-json\/wp\/v2\/pages"}],"about":[{"href":"https:\/\/tto.bau.edu.tr\/en\/wp-json\/wp\/v2\/types\/page"}],"author":[{"embeddable":true,"href":"https:\/\/tto.bau.edu.tr\/en\/wp-json\/wp\/v2\/users\/5"}],"replies":[{"embeddable":true,"href":"https:\/\/tto.bau.edu.tr\/en\/wp-json\/wp\/v2\/comments?post=8780"}],"version-history":[{"count":0,"href":"https:\/\/tto.bau.edu.tr\/en\/wp-json\/wp\/v2\/pages\/8780\/revisions"}],"wp:attachment":[{"href":"https:\/\/tto.bau.edu.tr\/en\/wp-json\/wp\/v2\/media?parent=8780"}],"curies":[{"name":"wp","href":"https:\/\/api.w.org\/{rel}","templated":true}]}}