{"id":8707,"date":"2025-06-25T14:01:14","date_gmt":"2025-06-25T11:01:14","guid":{"rendered":"https:\/\/tto.bau.edu.tr\/?page_id=8707"},"modified":"2025-06-25T21:50:22","modified_gmt":"2025-06-25T18:50:22","slug":"applications-for-the-spreading-science-awards-2025-have-started","status":"publish","type":"page","link":"https:\/\/tto.bau.edu.tr\/en\/applications-for-the-spreading-science-awards-2025-have-started\/","title":{"rendered":"Applications for the Spreading Science Awards 2025 Have Started"},"content":{"rendered":"<div  class=\"tatsu-rJZsBJtQU3 tatsu-section  tatsu-bg-overlay   tatsu-clearfix\" data-title=\"\"  data-headerscheme=\"background--dark\"><div class='tatsu-section-pad clearfix' data-padding='{\"d\":\"90px 0px 90px 0px\"}' data-padding-top='90px'><div class=\"tatsu-row-wrap  tatsu-wrap tatsu-row-one-col tatsu-row-has-one-cols tatsu-medium-gutter tatsu-reg-cols  tatsu-clearfix tatsu-B1lsFKBKVge\" ><div  class=\"tatsu-row \" ><div  class=\"tatsu-column  tatsu-bg-overlay tatsu-one-col tatsu-column-image-none tatsu-column-effect-none  tatsu-SJsKFSt4le\"  data-parallax-speed=\"0\" style=\"\"><div class=\"tatsu-column-inner \" ><div class=\"tatsu-column-pad-wrap\"><div class=\"tatsu-column-pad\" ><div  class=\"tatsu-single-image tatsu-module tatsu-image-lazyload tatsu-r1j5KHFEge  \" ><div class=\"tatsu-single-image-inner \" style=\"width : 2560px;\" ><div class = \"tatsu-single-image-padding-wrap\" style = \"padding-bottom : 50%;\" ><\/div><a href = \"https:\/\/www.ilimyaymaodulleri.org\/\" target = \"_blank\" ><img class = \"tatsu-gradient-border\" alt = \"\" title = \"Basvuru_Final-TW,Fb\" data-src = \"https:\/\/tto.bau.edu.tr\/wp-content\/uploads\/2025\/06\/Basvuru_Final-TWFb-scaled.jpg\" src =\"data:image\/png;base64,iVBORw0KGgoAAAANSUhEUgAAAAEAAAABCAQAAAC1HAwCAAAAC0lEQVR42mNkYAAAAAYAAjCB0C8AAAAASUVORK5CYII=\"  \/><\/a><\/div><style>.tatsu-r1j5KHFEge{margin: 0px 0px 25px 0px;}.tatsu-r1j5KHFEge .tatsu-single-image-inner{border-style: solid;max-width: 100%;}.tatsu-r1j5KHFEge.tatsu-single-image{transform: translate3d(0px,0px, 0);}<\/style><\/div><div  class=\"tatsu-module tatsu-text-block-wrap tatsu-SyD6FrK4xx  \"><div class=\"tatsu-text-inner tatsu-align-center  clearfix\" ><style>.tatsu-SyD6FrK4xx.tatsu-text-block-wrap .tatsu-text-inner{width: 100%;text-align: left;}<\/style>\n<h5>Applications for Spreading Science Awards 2025 Have Started!<\/h5>\n<p>The Spreading Science Awards is a prestigious and comprehensive award program aiming to enhance Turkey\u2019s scientific capacity, support academic productivity, and encourage scientific studies focused on societal benefit. The 2025 edition will mark the fourth time the Spreading Science Awards have been held, taking place every two years.<\/p>\n<p>The Spreading Science Awards were established to recognize and reward research that offers solutions to national issues, prioritizes public interest, and demonstrates scientific depth\u2014based on universal scientific principles. This award program not only promotes individual achievement but also seeks to contribute to Turkey\u2019s knowledge production, academic vision, and scientific future in the long term.<\/p>\n<p>Application Requirements and Process<\/p>\n<p>Applications for the awards in the fields of Social Sciences, Engineering, Natural and Health Sciences can be submitted by researchers and academics who hold at least a doctoral degree, or such individuals may be nominated by others. Direct applications are not accepted for the Grand Prize; nominations for this category can only be made by university rectors, presidents of chambers of commerce and industry, directors of technology development centers, and members of the Honorary Committee.<\/p>\n<p>Nominations and applications will be accepted electronically through www.ilimyaymaodulleri.org between May 16 and July 31, 2025.<\/p>\n<\/div><\/div><div  class=\"tatsu-module tatsu-normal-button tatsu-button-wrap   tatsu-SkRtiHYVlx   \"><a class=\"tatsu-shortcode mediumbtn tatsu-button left-icon rounded   bg-animation-none  \" href=\"https:\/\/www.ilimyaymaodulleri.org\/anasayfa\" style= \"\"  aria-label=\"Detayl\u0131 Bilgi ve Ba\u015fvuru \u0130\u00e7in T\u0131klay\u0131n\u0131z\" data-gdpr-atts={} target=\"_blank\"><i class=\"tatsu-icon tatsu-icon-chevron-right2\"><\/i>Detayl\u0131 Bilgi ve Ba\u015fvuru \u0130\u00e7in T\u0131klay\u0131n\u0131z<\/a><style>.tatsu-SkRtiHYVlx .tatsu-button{background-color: rgba(19,34,133,1);color: #ffffff ;}.tatsu-SkRtiHYVlx .tatsu-button:hover{background-color: rgba(24,0,0,1);}<\/style><\/div><\/div><\/div><div class = \"tatsu-column-bg-image-wrap\"><div class = \"tatsu-column-bg-image tatsu-bg-lazyload\" data-src = \"\"><\/div><\/div><div class=\"tatsu-overlay tatsu-column-overlay tatsu-animate-none\" ><\/div><\/div><style>.tatsu-row > .tatsu-SJsKFSt4le.tatsu-column{width: 100%;}.tatsu-SJsKFSt4le.tatsu-column > .tatsu-column-inner > .tatsu-column-overlay{mix-blend-mode: normal;}.tatsu-SJsKFSt4le > .tatsu-column-inner > .tatsu-top-divider{z-index: 9999;}.tatsu-SJsKFSt4le > .tatsu-column-inner > .tatsu-bottom-divider{z-index: 9999;}.tatsu-SJsKFSt4le > .tatsu-column-inner > .tatsu-left-divider{z-index: 9999;}.tatsu-SJsKFSt4le > .tatsu-column-inner > .tatsu-right-divider{z-index: 9999;}@media only screen and (max-width:1377px) {.tatsu-row > .tatsu-SJsKFSt4le.tatsu-column{width: 100%;}}@media only screen and (min-width:768px) and (max-width: 1024px) {.tatsu-row > .tatsu-SJsKFSt4le.tatsu-column{width: 100%;}}@media only screen and (max-width: 767px) {.tatsu-row > .tatsu-SJsKFSt4le.tatsu-column{width: 100%;}}<\/style><\/div><\/div><\/div><\/div><div class=\"tatsu-section-background-wrap\"><div class = \"tatsu-section-background tatsu-bg-lazyload\" data-src = \"\"><\/div><\/div><div class=\"tatsu-overlay tatsu-section-overlay\"><\/div><style>.tatsu-rJZsBJtQU3 .tatsu-section-pad{padding: 90px 0px 90px 0px;}.tatsu-rJZsBJtQU3 .tatsu-section-offset-wrap{transform: translateY(-0px);}.tatsu-rJZsBJtQU3 > .tatsu-bottom-divider{z-index: 9999;}.tatsu-rJZsBJtQU3 > .tatsu-top-divider{z-index: 9999;}.tatsu-rJZsBJtQU3 .tatsu-section-overlay{mix-blend-mode: normal;}<\/style><\/div>\n","protected":false},"excerpt":{"rendered":"<div><a href=\"https:\/\/tto.bau.edu.tr\/en\/applications-for-the-spreading-science-awards-2025-have-started\/\" class=\"exp-read-more exp-read-more-underlined\">Read More<\/a><\/div>\n","protected":false},"author":5,"featured_media":0,"parent":0,"menu_order":0,"comment_status":"closed","ping_status":"closed","template":"","meta":{"footnotes":""},"class_list":["post-8707","page","type-page","status-publish","hentry"],"_links":{"self":[{"href":"https:\/\/tto.bau.edu.tr\/en\/wp-json\/wp\/v2\/pages\/8707","targetHints":{"allow":["GET"]}}],"collection":[{"href":"https:\/\/tto.bau.edu.tr\/en\/wp-json\/wp\/v2\/pages"}],"about":[{"href":"https:\/\/tto.bau.edu.tr\/en\/wp-json\/wp\/v2\/types\/page"}],"author":[{"embeddable":true,"href":"https:\/\/tto.bau.edu.tr\/en\/wp-json\/wp\/v2\/users\/5"}],"replies":[{"embeddable":true,"href":"https:\/\/tto.bau.edu.tr\/en\/wp-json\/wp\/v2\/comments?post=8707"}],"version-history":[{"count":0,"href":"https:\/\/tto.bau.edu.tr\/en\/wp-json\/wp\/v2\/pages\/8707\/revisions"}],"wp:attachment":[{"href":"https:\/\/tto.bau.edu.tr\/en\/wp-json\/wp\/v2\/media?parent=8707"}],"curies":[{"name":"wp","href":"https:\/\/api.w.org\/{rel}","templated":true}]}}