{"id":8652,"date":"2025-06-23T16:07:40","date_gmt":"2025-06-23T13:07:40","guid":{"rendered":"https:\/\/tto.bau.edu.tr\/?page_id=8652"},"modified":"2025-06-23T16:07:40","modified_gmt":"2025-06-23T13:07:40","slug":"our-undergraduate-student-sila-dilsa-denizs-project-has-been-awarded-support","status":"publish","type":"page","link":"https:\/\/tto.bau.edu.tr\/en\/our-undergraduate-student-sila-dilsa-denizs-project-has-been-awarded-support\/","title":{"rendered":"Our Undergraduate Student S\u0131la Dil\u015fa Deniz\u2019s Project Has Been Awarded Support"},"content":{"rendered":"<div  class=\"tatsu-rJZsBJtQU3 tatsu-section  tatsu-bg-overlay   tatsu-clearfix\" data-title=\"\"  data-headerscheme=\"background--dark\"><div class='tatsu-section-pad clearfix' data-padding='{\"d\":\"90px 0px 90px 0px\"}' data-padding-top='90px'><div class=\"tatsu-row-wrap  tatsu-wrap tatsu-row-has-one-half tatsu-row-has-two-cols tatsu-medium-gutter tatsu-reg-cols  tatsu-clearfix tatsu-BylsBJtXU2\" ><div  class=\"tatsu-row \" ><div  class=\"tatsu-column  tatsu-bg-overlay tatsu-one-half tatsu-column-image-none tatsu-column-effect-none  tatsu-Sk3ByKmUn\"  data-parallax-speed=\"0\" style=\"\"><div class=\"tatsu-column-inner \" ><div class=\"tatsu-column-pad-wrap\"><div class=\"tatsu-column-pad\" ><div  class=\"tatsu-single-image tatsu-module tatsu-image-lazyload tatsu-BkdqR9e-xg  \" ><div class=\"tatsu-single-image-inner \" style=\"width : 1080px;\" ><div class = \"tatsu-single-image-padding-wrap\" style = \"padding-bottom : 100%;\" ><\/div><img class = \"tatsu-gradient-border\" alt = \"\" title = \"S\u0131la-Dil\u015fa-Deniz_Tebrik_ENG_23.06.2025\" data-src = \"https:\/\/tto.bau.edu.tr\/wp-content\/uploads\/2025\/06\/Sila-Dilsa-Deniz_Tebrik_ENG_23.06.2025.jpg\" src =\"data:image\/png;base64,iVBORw0KGgoAAAANSUhEUgAAAAEAAAABCAQAAAC1HAwCAAAAC0lEQVR42mNkYAAAAAYAAjCB0C8AAAAASUVORK5CYII=\"  \/><\/div><style>.tatsu-BkdqR9e-xg .tatsu-single-image-inner{border-style: solid;max-width: 100%;}.tatsu-BkdqR9e-xg.tatsu-single-image{transform: translate3d(0px,0px, 0);}<\/style><\/div><\/div><\/div><div class = \"tatsu-column-bg-image-wrap\"><div class = \"tatsu-column-bg-image tatsu-bg-lazyload\" data-src = \"\"><\/div><\/div><div class=\"tatsu-overlay tatsu-column-overlay tatsu-animate-none\" ><\/div><\/div><style>.tatsu-row > .tatsu-Sk3ByKmUn.tatsu-column{width: 50%;}.tatsu-Sk3ByKmUn.tatsu-column > .tatsu-column-inner > .tatsu-column-overlay{mix-blend-mode: normal;}.tatsu-Sk3ByKmUn > .tatsu-column-inner > .tatsu-top-divider{z-index: 9999;}.tatsu-Sk3ByKmUn > .tatsu-column-inner > .tatsu-bottom-divider{z-index: 9999;}.tatsu-Sk3ByKmUn > .tatsu-column-inner > .tatsu-left-divider{z-index: 9999;}.tatsu-Sk3ByKmUn > .tatsu-column-inner > .tatsu-right-divider{z-index: 9999;}@media only screen and (max-width:1377px) {.tatsu-row > .tatsu-Sk3ByKmUn.tatsu-column{width: 50%;}}@media only screen and (min-width:768px) and (max-width: 1024px) {.tatsu-row > .tatsu-Sk3ByKmUn.tatsu-column{width: 50%;}}@media only screen and (max-width: 767px) {.tatsu-row > .tatsu-Sk3ByKmUn.tatsu-column{width: 100%;}}<\/style><\/div><div  class=\"tatsu-column  tatsu-bg-overlay tatsu-one-half tatsu-column-image-none tatsu-column-effect-none  tatsu-Hyl2S1KQ8h\"  data-parallax-speed=\"0\" style=\"\"><div class=\"tatsu-column-inner \" ><div class=\"tatsu-column-pad-wrap\"><div class=\"tatsu-column-pad\" ><div  class=\"tatsu-module tatsu-text-block-wrap tatsu-SkfPkYQ83  \"><div class=\"tatsu-text-inner tatsu-align-center  clearfix\" ><style>.tatsu-SkfPkYQ83.tatsu-text-block-wrap .tatsu-text-inner{width: 100%;text-align: left;}<\/style>\n<article class=\"text-token-text-primary w-full\" dir=\"auto\" data-testid=\"conversation-turn-4\" data-scroll-anchor=\"true\">\n<div class=\"text-base my-auto mx-auto py-5 &#091;--thread-content-margin:--spacing(4)&#093; @&#091;37rem&#093;:&#091;--thread-content-margin:--spacing(6)&#093; @&#091;72rem&#093;:&#091;--thread-content-margin:--spacing(16)&#093; px-(--thread-content-margin)\">\n<div class=\"&#091;--thread-content-max-width:32rem&#093; @&#091;34rem&#093;:&#091;--thread-content-max-width:40rem&#093; @&#091;64rem&#093;:&#091;--thread-content-max-width:48rem&#093; mx-auto flex max-w-(--thread-content-max-width) flex-1 text-base gap-4 md:gap-5 lg:gap-6 group\/turn-messages focus-visible:outline-hidden\" tabindex=\"-1\">\n<div class=\"group\/conversation-turn relative flex w-full min-w-0 flex-col agent-turn\">\n<div class=\"relative flex-col gap-1 md:gap-3\">\n<div class=\"flex max-w-full flex-col grow\">\n<div class=\"min-h-8 text-message relative flex w-full flex-col items-end gap-2 text-start break-words whitespace-normal &#091;.text-message+&amp;&#093;:mt-5\" dir=\"auto\" data-message-author-role=\"assistant\" data-message-id=\"3c214987-e112-4b70-8f9d-280430e73cef\" data-message-model-slug=\"gpt-4o\">\n<div class=\"flex w-full flex-col gap-1 empty:hidden first:pt-&#091;3px&#093;\">\n<div class=\"markdown prose dark:prose-invert w-full break-words dark\">\n<p data-start=\"0\" data-end=\"102\">As part of the evaluation results of the T\u00dcSEB 2025-A1-01 R&amp;D Project Call for Undergraduate Students:<\/p>\n<p data-start=\"104\" data-end=\"554\">Under the supervision of Dr. Bet\u00fcl \u015eahin, faculty member at the Faculty of Medicine, the project titled <em data-start=\"208\" data-end=\"334\">\u201cIdentification of Metabolite Profiles Related to Alzheimer\u2019s Disease and the Development of a Corresponding Diagnostic Kit\u201d<\/em>\u00a0 by S\u0131la Dil\u015fa Deniz, a Molecular Biology and Genetics student at the Faculty of Engineering and Natural Sciences at Bah\u00e7e\u015fehir University, has been awarded support for a duration of 12 months with a budget of 50,000 TL.<\/p>\n<p data-start=\"556\" data-end=\"650\" data-is-last-node=\"\" data-is-only-node=\"\">We congratulate our esteemed student and wish her continued success in her academic endeavors.<\/p>\n<\/div>\n<\/div>\n<\/div>\n<\/div>\n<\/div>\n<\/div>\n<\/div>\n<\/div>\n<\/article>\n<\/div><\/div><\/div><\/div><div class = \"tatsu-column-bg-image-wrap\"><div class = \"tatsu-column-bg-image tatsu-bg-lazyload\" data-src = \"\"><\/div><\/div><div class=\"tatsu-overlay tatsu-column-overlay tatsu-animate-none\" ><\/div><\/div><style>.tatsu-row > .tatsu-Hyl2S1KQ8h.tatsu-column{width: 50%;}.tatsu-Hyl2S1KQ8h.tatsu-column > .tatsu-column-inner > .tatsu-column-overlay{mix-blend-mode: normal;}.tatsu-Hyl2S1KQ8h > .tatsu-column-inner > .tatsu-top-divider{z-index: 9999;}.tatsu-Hyl2S1KQ8h > .tatsu-column-inner > .tatsu-bottom-divider{z-index: 9999;}.tatsu-Hyl2S1KQ8h > .tatsu-column-inner > .tatsu-left-divider{z-index: 9999;}.tatsu-Hyl2S1KQ8h > .tatsu-column-inner > .tatsu-right-divider{z-index: 9999;}@media only screen and (max-width:1377px) {.tatsu-row > .tatsu-Hyl2S1KQ8h.tatsu-column{width: 50%;}}@media only screen and (min-width:768px) and (max-width: 1024px) {.tatsu-row > .tatsu-Hyl2S1KQ8h.tatsu-column{width: 50%;}}@media only screen and (max-width: 767px) {.tatsu-row > .tatsu-Hyl2S1KQ8h.tatsu-column{width: 100%;}}<\/style><\/div><\/div><\/div><\/div><div class=\"tatsu-section-background-wrap\"><div class = \"tatsu-section-background tatsu-bg-lazyload\" data-src = \"\"><\/div><\/div><div class=\"tatsu-overlay tatsu-section-overlay\"><\/div><style>.tatsu-rJZsBJtQU3 .tatsu-section-pad{padding: 90px 0px 90px 0px;}.tatsu-rJZsBJtQU3 .tatsu-section-offset-wrap{transform: translateY(-0px);}.tatsu-rJZsBJtQU3 > .tatsu-bottom-divider{z-index: 9999;}.tatsu-rJZsBJtQU3 > .tatsu-top-divider{z-index: 9999;}.tatsu-rJZsBJtQU3 .tatsu-section-overlay{mix-blend-mode: normal;}<\/style><\/div>\n","protected":false},"excerpt":{"rendered":"<div><a href=\"https:\/\/tto.bau.edu.tr\/en\/our-undergraduate-student-sila-dilsa-denizs-project-has-been-awarded-support\/\" class=\"exp-read-more exp-read-more-underlined\">Read More<\/a><\/div>\n","protected":false},"author":5,"featured_media":0,"parent":0,"menu_order":0,"comment_status":"closed","ping_status":"closed","template":"","meta":{"footnotes":""},"class_list":["post-8652","page","type-page","status-publish","hentry"],"_links":{"self":[{"href":"https:\/\/tto.bau.edu.tr\/en\/wp-json\/wp\/v2\/pages\/8652","targetHints":{"allow":["GET"]}}],"collection":[{"href":"https:\/\/tto.bau.edu.tr\/en\/wp-json\/wp\/v2\/pages"}],"about":[{"href":"https:\/\/tto.bau.edu.tr\/en\/wp-json\/wp\/v2\/types\/page"}],"author":[{"embeddable":true,"href":"https:\/\/tto.bau.edu.tr\/en\/wp-json\/wp\/v2\/users\/5"}],"replies":[{"embeddable":true,"href":"https:\/\/tto.bau.edu.tr\/en\/wp-json\/wp\/v2\/comments?post=8652"}],"version-history":[{"count":0,"href":"https:\/\/tto.bau.edu.tr\/en\/wp-json\/wp\/v2\/pages\/8652\/revisions"}],"wp:attachment":[{"href":"https:\/\/tto.bau.edu.tr\/en\/wp-json\/wp\/v2\/media?parent=8652"}],"curies":[{"name":"wp","href":"https:\/\/api.w.org\/{rel}","templated":true}]}}