{"id":8499,"date":"2025-06-02T11:23:03","date_gmt":"2025-06-02T08:23:03","guid":{"rendered":"https:\/\/tto.bau.edu.tr\/?page_id=8499"},"modified":"2025-06-02T11:23:03","modified_gmt":"2025-06-02T08:23:03","slug":"bahcesehir-university-achieves-a-major-success-by-ranking-among-the-top-10-universities-in-turkey-in-the-2024-entrepreneurial-and-innovative-university-index","status":"publish","type":"page","link":"https:\/\/tto.bau.edu.tr\/en\/bahcesehir-university-achieves-a-major-success-by-ranking-among-the-top-10-universities-in-turkey-in-the-2024-entrepreneurial-and-innovative-university-index\/","title":{"rendered":"Bah\u00e7e\u015fehir University Achieves a Major Success by Ranking Among the Top 10 Universities in Turkey in the 2024 Entrepreneurial and Innovative University Index"},"content":{"rendered":"<div  class=\"tatsu-rJbA0bpzMxx tatsu-section  tatsu-bg-overlay   tatsu-clearfix\" data-title=\"\"  data-headerscheme=\"background--dark\"><div class='tatsu-section-pad clearfix' data-padding='{\"d\":\"90px 0px 90px 0px\"}' data-padding-top='90px'><div class=\"tatsu-row-wrap  tatsu-wrap tatsu-row-one-col tatsu-row-has-one-cols tatsu-medium-gutter tatsu-reg-cols  tatsu-clearfix tatsu-S1eR0W6Mzxx\" ><div  class=\"tatsu-row \" ><div  class=\"tatsu-column  tatsu-bg-overlay tatsu-one-col tatsu-column-image-none tatsu-column-effect-none  tatsu-B1dkf6GGxl\"  data-parallax-speed=\"0\" style=\"\"><div class=\"tatsu-column-inner \" ><div class=\"tatsu-column-pad-wrap\"><div class=\"tatsu-column-pad\" ><div  class=\"tatsu-single-image tatsu-module align-center tatsu-image-lazyload tatsu-rkLez6ffeg  \" ><div class=\"tatsu-single-image-inner \" style=\"width : 966px;\" ><div class = \"tatsu-single-image-padding-wrap\" style = \"padding-bottom : 61.076604554865%;\" ><\/div><a href = \"https:\/\/www.teknofest.org\/tr\/yarismalar\/eylem-temelli-turkce-buyuk-dil-modeli-yarismasi\/\" ><img class = \"tatsu-gradient-border\" alt = \"\" title = \"Tubitak 2024 (966 x 590 piksel)\" data-src = \"https:\/\/tto.bau.edu.tr\/wp-content\/uploads\/2025\/06\/Tubitak-2024-966-x-590-piksel.png\" src =\"data:image\/png;base64,iVBORw0KGgoAAAANSUhEUgAAAAEAAAABCAQAAAC1HAwCAAAAC0lEQVR42mNkYAAAAAYAAjCB0C8AAAAASUVORK5CYII=\"  \/><\/a><\/div><style>.tatsu-rkLez6ffeg{margin: 0px 0px 10px 0px;}.tatsu-rkLez6ffeg .tatsu-single-image-inner{border-style: solid;max-width: 79%;}.tatsu-rkLez6ffeg.tatsu-single-image{transform: translate3d(0px,0px, 0);}<\/style><\/div><div  class=\"tatsu-module tatsu-inline-text clearfix tatsu-rylXMTfzxg   \" ><style>.tatsu-rylXMTfzxg .tatsu-inline-text-inner{width: 100%;text-align: left;}@media only screen and (max-width: 767px) {.tatsu-rylXMTfzxg .tatsu-inline-text-inner{width: 100%;}}<\/style><div class=\"tatsu-inline-text-inner tatsu-align-center\">\n<div style=\"color: #404040; font-family: Muli, sans-serif; font-size: 16px; text-align: justify; background-color: #ffffff;\">\n<p class=\"MsoNormal\"><span style=\"color: #404040; font-family: Muli, sans-serif;\"><span style=\"font-size: 16px;\"><strong>Bah\u00e7e\u015fehir \u00dcniversitesi, 2024 Giri\u015fimci ve Yenilik\u00e7i \u00dcniversite Endeksi\u2019nde T\u00fcrkiye Genelinde ilk 10 \u00dcniversite Aras\u0131na Girerek B\u00fcy\u00fck Bir Ba\u015far\u0131ya \u0130mza Att\u0131!<\/strong><\/span><\/span><\/p>\n<p class=\"MsoNormal\" style=\"color: #404040; font-family: Muli, sans-serif; font-size: 16px;\">T\u00dcB\u0130TAK taraf\u0131ndan a\u00e7\u0131klanan 2024 y\u0131l\u0131 Giri\u015fimci ve Yenilik\u00e7i \u00dcniversite Endeksi sonu\u00e7lar\u0131na g\u00f6re Bah\u00e7e\u015fehir \u00dcniversitesi (BAU), T\u00fcrkiye genelindeki \u00fcniversiteler aras\u0131nda 10. s\u0131raya yerle\u015ferek \u00f6nemli bir ba\u015far\u0131ya imza att\u0131. Bu sonu\u00e7la birlikte BAU, vak\u0131f \u00fcniversiteleri aras\u0131nda en iyi 5 \u00fcniversiteden biri oldu. \u00dcniversitemiz ayr\u0131ca, endeksin en dikkat \u00e7eken boyutlar\u0131ndan biri olan \u201cEkonomik ve Toplumsal Katk\u0131\u201d kategorisinde vak\u0131f \u00fcniversiteleri aras\u0131nda 1.\u2019si olarak listenin zirvesine yerle\u015fti.<\/p>\n<p class=\"MsoNormal\" style=\"color: #404040; font-family: Muli, sans-serif; font-size: 16px;\">Toplam 61,22 puanla giri\u015fimcilik ve yenilik\u00e7ilik kapasitesini ortaya koyan Bah\u00e7e\u015fehir \u00dcniversitesi, y\u00fcksek\u00f6\u011fretimde topluma de\u011fer katan, \u00fcretken ve etki odakl\u0131 yakla\u015f\u0131m\u0131yla \u00f6ne \u00e7\u0131kt\u0131. \u00d6\u011frenci ve mezunlar\u0131n\u0131n kurdu\u011fu firmalarla giri\u015fimcilik ekosistemine g\u00fc\u00e7 katan BAU, ayn\u0131 zamanda sanayiyle geli\u015ftirdi\u011fi i\u015f birlikleriyle projelerin ticarile\u015fmesini ve sahada kar\u015f\u0131l\u0131k bulmas\u0131n\u0131 sa\u011flad\u0131. Fikri m\u00fclkiyet \u00fcretimi, lisanslanan patentler ve ulusal-uluslararas\u0131 giri\u015fim destekleriyle yenilik\u00e7i \u00fcretimi te\u015fvik eden \u00fcniversite, bilgi temelli kalk\u0131nman\u0131n merkezinde yer ald\u0131.<\/p>\n<p class=\"MsoNormal\" style=\"color: #404040; font-family: Muli, sans-serif; font-size: 16px;\">Bu ba\u015far\u0131n\u0131n arkas\u0131nda, \u00fcniversitenin yap\u0131land\u0131r\u0131lm\u0131\u015f giri\u015fimcilik ekosisteminin b\u00fcy\u00fck pay\u0131 bulunuyor. \u00dcniversite-sanayi i\u015f birlikleri, proje ve FSMH s\u00fcre\u00e7lerini y\u00f6neten BAUTTO\u2019nun sa\u011flad\u0131\u011f\u0131\u00a0 destek ve stratejik a\u011flar, BAU HUB\u2019\u0131n giri\u015fimci \u00f6\u011frenci, mezun ve akademisyenlere sundu\u011fu destek mekanizmalar\u0131 ve fikirleri ticarile\u015ftirme s\u00fcrecine altyap\u0131 sa\u011flayan BUG Lab\/BAU TEKMER, Bah\u00e7e\u015fehir \u00dcniversitesi\u2019nin yenilik\u00e7i d\u00f6n\u00fc\u015f\u00fcm\u00fcn\u00fc destekleyen g\u00fc\u00e7l\u00fc yap\u0131lar olarak \u00f6ne \u00e7\u0131k\u0131yor. Bu merkezler arac\u0131l\u0131\u011f\u0131yla, fikirlerin projeye, projelerin \u00fcr\u00fcne d\u00f6n\u00fc\u015fmesi i\u00e7in gerekli her a\u015fama destekleniyor.<\/p>\n<p class=\"MsoNormal\" style=\"color: #404040; font-family: Muli, sans-serif; font-size: 16px;\"><strong>Liderlik ve Vizyon<\/strong><\/p>\n<p class=\"MsoNormal\" style=\"color: #404040; font-family: Muli, sans-serif; font-size: 16px;\">Bah\u00e7e\u015fehir \u00dcniversitesi Rekt\u00f6r\u00fc Prof. Dr. Esra Hatipo\u011flu, elde edilen bu ba\u015far\u0131y\u0131 de\u011ferlendirdi\u011fi a\u00e7\u0131klamas\u0131nda \u015fu ifadelere yer verdi:<\/p>\n<p class=\"MsoNormal\" style=\"color: #404040; font-family: Muli, sans-serif; font-size: 16px;\"><em>\u201cGiri\u015fimcilik ve yenilik\u00e7ilik, Bah\u00e7e\u015fehir \u00dcniversitesi olarak bizler i\u00e7in yaln\u0131zca bir hedef de\u011fil, t\u00fcm akademik ve y\u00f6netsel kararlar\u0131m\u0131z\u0131n temelini olu\u015fturan stratejik bir \u00f6nceliktir. Biz, \u00f6\u011frencilerimizin, mezunlar\u0131m\u0131z\u0131n ve akademisyenlerimizin yaln\u0131zca bilgi \u00fcretmesini de\u011fil; ayn\u0131 zamanda bu bilgiyi katma de\u011fere, toplumsal faydaya ve s\u00fcrd\u00fcr\u00fclebilir \u00e7\u00f6z\u00fcmlere d\u00f6n\u00fc\u015ft\u00fcrmesini ama\u00e7l\u0131yoruz. \u00dcniversite b\u00fcnyesinde geli\u015ftirdi\u011fimiz destek sistemleriyle fikirlerin ye\u015fermesine, projeye d\u00f6n\u00fc\u015fmesine ve ticarile\u015ferek ger\u00e7ek d\u00fcnyada kar\u015f\u0131l\u0131k bulmas\u0131na rehberlik ediyoruz. Bug\u00fcn ald\u0131\u011f\u0131m\u0131z bu sonu\u00e7, \u00fcniversite olarak kararl\u0131l\u0131kla y\u00fcr\u00fctt\u00fc\u011f\u00fcm\u00fcz giri\u015fimcilik ve inovasyon politikalar\u0131n\u0131n do\u011fal bir sonucudur. Bu ba\u015far\u0131y\u0131 yaln\u0131zca bir s\u0131ralama ba\u015far\u0131s\u0131 olarak de\u011fil; \u00f6\u011frencilerimizin, giri\u015fimcilerimizin ve ara\u015ft\u0131rmac\u0131lar\u0131m\u0131z\u0131n yaratt\u0131\u011f\u0131 ger\u00e7ek etkiyle anlaml\u0131 k\u0131l\u0131yoruz.\u201d dedi.<\/em><\/p>\n<p class=\"MsoNormal\" style=\"color: #404040; font-family: Muli, sans-serif; font-size: 16px;\"><strong>Stratejik Vizyonun Bir Sonucu<\/strong><\/p>\n<p class=\"MsoNormal\" style=\"color: #404040; font-family: Muli, sans-serif; font-size: 16px;\">Bah\u00e7e\u015fehir \u00dcniversitesi\u2019nin bu ba\u015far\u0131ya ula\u015fmas\u0131nda uygulamaya d\u00f6n\u00fck, ara\u015ft\u0131rma odakl\u0131 ve toplumsal etkiyi \u00f6nceleyen stratejik vizyonunun \u00f6nemli bir rol\u00fc bulunuyor. Giri\u015fimcili\u011fi yaln\u0131zca bir ekonomik faaliyet de\u011fil, ayn\u0131 zamanda s\u00fcrd\u00fcr\u00fclebilir sosyal d\u00f6n\u00fc\u015f\u00fcm arac\u0131 olarak g\u00f6ren BAU; BAUTTO, BAU HUB ve BUG Lab\/BAU TEKMER gibi \u00f6zg\u00fcn yap\u0131lar\u0131yla akademik bilgi ile reel sekt\u00f6r\u00fc bulu\u015fturarak ger\u00e7ek d\u00fcnya \u00e7\u00f6z\u00fcmleri \u00fcretiyor. Bu yakla\u015f\u0131m, \u00fcniversitenin sadece e\u011fitim alan\u0131nda de\u011fil, giri\u015fimcilik ve yenilik\u00e7ilik sahas\u0131nda da \u00f6nc\u00fc bir rol \u00fcstlenmesini sa\u011fl\u0131yor.<\/p>\n<p class=\"MsoNormal\" style=\"color: #404040; font-family: Muli, sans-serif; font-size: 16px;\">Bah\u00e7e\u015fehir \u00dcniversitesi, y\u00fcksek\u00f6\u011fretimde giri\u015fimcilik, yenilik ve etki odakl\u0131 yakla\u015f\u0131m\u0131yla yaln\u0131zca \u00f6\u011frenci, mezun ve akademisyenlerine de\u011fil, ekosistem genelinde T\u00fcrkiye\u2019nin gelece\u011fine de de\u011fer katmaya devam ediyor.<\/p>\n<\/div>\n<\/div><\/div><\/div><\/div><div class = \"tatsu-column-bg-image-wrap\"><div class = \"tatsu-column-bg-image tatsu-bg-lazyload\" data-src = \"\"><\/div><\/div><div class=\"tatsu-overlay tatsu-column-overlay tatsu-animate-none\" ><\/div><\/div><style>.tatsu-row > .tatsu-B1dkf6GGxl.tatsu-column{width: 100%;}.tatsu-B1dkf6GGxl.tatsu-column > .tatsu-column-inner > .tatsu-column-overlay{mix-blend-mode: normal;}.tatsu-B1dkf6GGxl > .tatsu-column-inner > .tatsu-top-divider{z-index: 9999;}.tatsu-B1dkf6GGxl > .tatsu-column-inner > .tatsu-bottom-divider{z-index: 9999;}.tatsu-B1dkf6GGxl > .tatsu-column-inner > .tatsu-left-divider{z-index: 9999;}.tatsu-B1dkf6GGxl > .tatsu-column-inner > .tatsu-right-divider{z-index: 9999;}@media only screen and (max-width:1377px) {.tatsu-row > .tatsu-B1dkf6GGxl.tatsu-column{width: 100%;}}@media only screen and (min-width:768px) and (max-width: 1024px) {.tatsu-row > .tatsu-B1dkf6GGxl.tatsu-column{width: 100%;}}@media only screen and (max-width: 767px) {.tatsu-row > .tatsu-B1dkf6GGxl.tatsu-column{width: 100%;}}<\/style><\/div><\/div><\/div><\/div><div class=\"tatsu-section-background-wrap\"><div class = \"tatsu-section-background tatsu-bg-lazyload\" data-src = \"\"><\/div><\/div><div class=\"tatsu-overlay tatsu-section-overlay\"><\/div><style>.tatsu-rJbA0bpzMxx .tatsu-section-pad{padding: 90px 0px 90px 0px;}.tatsu-rJbA0bpzMxx .tatsu-section-offset-wrap{transform: translateY(-0px);}.tatsu-rJbA0bpzMxx > .tatsu-bottom-divider{z-index: 9999;}.tatsu-rJbA0bpzMxx > .tatsu-top-divider{z-index: 9999;}.tatsu-rJbA0bpzMxx .tatsu-section-overlay{mix-blend-mode: normal;}<\/style><\/div>\n","protected":false},"excerpt":{"rendered":"<div><a href=\"https:\/\/tto.bau.edu.tr\/en\/bahcesehir-university-achieves-a-major-success-by-ranking-among-the-top-10-universities-in-turkey-in-the-2024-entrepreneurial-and-innovative-university-index\/\" class=\"exp-read-more exp-read-more-underlined\">Read More<\/a><\/div>\n","protected":false},"author":5,"featured_media":0,"parent":0,"menu_order":0,"comment_status":"closed","ping_status":"closed","template":"","meta":{"footnotes":""},"class_list":["post-8499","page","type-page","status-publish","hentry"],"_links":{"self":[{"href":"https:\/\/tto.bau.edu.tr\/en\/wp-json\/wp\/v2\/pages\/8499","targetHints":{"allow":["GET"]}}],"collection":[{"href":"https:\/\/tto.bau.edu.tr\/en\/wp-json\/wp\/v2\/pages"}],"about":[{"href":"https:\/\/tto.bau.edu.tr\/en\/wp-json\/wp\/v2\/types\/page"}],"author":[{"embeddable":true,"href":"https:\/\/tto.bau.edu.tr\/en\/wp-json\/wp\/v2\/users\/5"}],"replies":[{"embeddable":true,"href":"https:\/\/tto.bau.edu.tr\/en\/wp-json\/wp\/v2\/comments?post=8499"}],"version-history":[{"count":0,"href":"https:\/\/tto.bau.edu.tr\/en\/wp-json\/wp\/v2\/pages\/8499\/revisions"}],"wp:attachment":[{"href":"https:\/\/tto.bau.edu.tr\/en\/wp-json\/wp\/v2\/media?parent=8499"}],"curies":[{"name":"wp","href":"https:\/\/api.w.org\/{rel}","templated":true}]}}