{"id":8425,"date":"2025-05-16T16:52:12","date_gmt":"2025-05-16T13:52:12","guid":{"rendered":"https:\/\/tto.bau.edu.tr\/?page_id=8425"},"modified":"2025-05-16T16:53:52","modified_gmt":"2025-05-16T13:53:52","slug":"corrosion-poster-competition-applications-are-now-open","status":"publish","type":"page","link":"https:\/\/tto.bau.edu.tr\/en\/corrosion-poster-competition-applications-are-now-open\/","title":{"rendered":"Corrosion Poster Competition Applications Are Now Open!"},"content":{"rendered":"<div  class=\"tatsu-rJZsBJtQU3 tatsu-section  tatsu-bg-overlay   tatsu-clearfix\" data-title=\"\"  data-headerscheme=\"background--dark\"><div class='tatsu-section-pad clearfix' data-padding='{\"d\":\"90px 0px 90px 0px\"}' data-padding-top='90px'><div class=\"tatsu-row-wrap  tatsu-wrap tatsu-row-has-one-half tatsu-row-has-two-cols tatsu-medium-gutter tatsu-reg-cols  tatsu-clearfix tatsu-BylsBJtXU2\" ><div  class=\"tatsu-row \" ><div  class=\"tatsu-column  tatsu-bg-overlay tatsu-one-half tatsu-column-image-none tatsu-column-effect-none  tatsu-Sk3ByKmUn\"  data-parallax-speed=\"0\" style=\"\"><div class=\"tatsu-column-inner \" ><div class=\"tatsu-column-pad-wrap\"><div class=\"tatsu-column-pad\" ><div  class=\"tatsu-single-image tatsu-module tatsu-image-lazyload tatsu-BkdqR9e-xg  \" ><div class=\"tatsu-single-image-inner \" style=\"width : 1920px;\" ><div class = \"tatsu-single-image-padding-wrap\" style = \"padding-bottom : 56.25%;\" ><\/div><img class = \"tatsu-gradient-border\" alt = \"\" title = \"Korozyon-Poster-Yar\u0131\u015fmas\u0131_Duyuru_ENG_16.05.2025\" data-src = \"https:\/\/tto.bau.edu.tr\/wp-content\/uploads\/2025\/05\/Korozyon-Poster-Yarismasi_Duyuru_ENG_16.05.2025.jpg\" src =\"data:image\/png;base64,iVBORw0KGgoAAAANSUhEUgAAAAEAAAABCAQAAAC1HAwCAAAAC0lEQVR42mNkYAAAAAYAAjCB0C8AAAAASUVORK5CYII=\"  \/><\/div><style>.tatsu-BkdqR9e-xg .tatsu-single-image-inner{border-style: solid;max-width: 100%;}.tatsu-BkdqR9e-xg.tatsu-single-image{transform: translate3d(0px,0px, 0);}<\/style><\/div><\/div><\/div><div class = \"tatsu-column-bg-image-wrap\"><div class = \"tatsu-column-bg-image tatsu-bg-lazyload\" data-src = \"\"><\/div><\/div><div class=\"tatsu-overlay tatsu-column-overlay tatsu-animate-none\" ><\/div><\/div><style>.tatsu-row > .tatsu-Sk3ByKmUn.tatsu-column{width: 50%;}.tatsu-Sk3ByKmUn.tatsu-column > .tatsu-column-inner > .tatsu-column-overlay{mix-blend-mode: normal;}.tatsu-Sk3ByKmUn > .tatsu-column-inner > .tatsu-top-divider{z-index: 9999;}.tatsu-Sk3ByKmUn > .tatsu-column-inner > .tatsu-bottom-divider{z-index: 9999;}.tatsu-Sk3ByKmUn > .tatsu-column-inner > .tatsu-left-divider{z-index: 9999;}.tatsu-Sk3ByKmUn > .tatsu-column-inner > .tatsu-right-divider{z-index: 9999;}@media only screen and (max-width:1377px) {.tatsu-row > .tatsu-Sk3ByKmUn.tatsu-column{width: 50%;}}@media only screen and (min-width:768px) and (max-width: 1024px) {.tatsu-row > .tatsu-Sk3ByKmUn.tatsu-column{width: 50%;}}@media only screen and (max-width: 767px) {.tatsu-row > .tatsu-Sk3ByKmUn.tatsu-column{width: 100%;}}<\/style><\/div><div  class=\"tatsu-column  tatsu-bg-overlay tatsu-one-half tatsu-column-image-none tatsu-column-effect-none  tatsu-Hyl2S1KQ8h\"  data-parallax-speed=\"0\" style=\"\"><div class=\"tatsu-column-inner \" ><div class=\"tatsu-column-pad-wrap\"><div class=\"tatsu-column-pad\" ><div  class=\"tatsu-module tatsu-text-block-wrap tatsu-SkfPkYQ83  \"><div class=\"tatsu-text-inner tatsu-align-center  clearfix\" ><style>.tatsu-SkfPkYQ83.tatsu-text-block-wrap .tatsu-text-inner{width: 100%;text-align: left;}<\/style>\n<p class=\"\" data-start=\"0\" data-end=\"59\"><strong data-start=\"0\" data-end=\"59\">Corrosion Poster Competition Applications Are Now Open!<\/strong><\/p>\n<p class=\"\" data-start=\"61\" data-end=\"352\">Organized as part of the 2025 Corrosion Awareness Day, the Corrosion Poster Competition is held in collaboration with the European Federation of Corrosion (EFC) and the Corrosion Association. The competition aims to draw attention to the topic of corrosion and raise awareness in this field.<\/p>\n<p class=\"\" data-start=\"354\" data-end=\"431\"><strong data-start=\"358\" data-end=\"379\">Application Dates<\/strong><br data-start=\"379\" data-end=\"382\" \/>The deadline for submissions is <strong data-start=\"414\" data-end=\"430\">May 16, 2025<\/strong>.<\/p>\n<p class=\"\" data-start=\"433\" data-end=\"712\"><strong data-start=\"436\" data-end=\"466\">Participation Requirements<\/strong><br data-start=\"466\" data-end=\"469\" \/><strong data-start=\"469\" data-end=\"478\">Theme<\/strong>: Posters must focus on the theme of corrosion.<br data-start=\"525\" data-end=\"528\" data-is-only-node=\"\" \/><strong data-start=\"528\" data-end=\"540\">Language<\/strong>: Submissions may be in either <strong data-start=\"571\" data-end=\"593\">Turkish or English<\/strong>.<br data-start=\"594\" data-end=\"597\" \/><strong data-start=\"597\" data-end=\"605\">Size<\/strong>: Poster dimensions must be <strong data-start=\"633\" data-end=\"646\">70&#215;100 cm<\/strong>.<br data-start=\"647\" data-end=\"650\" \/><strong data-start=\"650\" data-end=\"661\">Entries<\/strong>: Participants may submit <strong data-start=\"687\" data-end=\"711\">more than one poster<\/strong>.<\/p>\n<\/div><\/div><div  class=\"tatsu-module tatsu-normal-button tatsu-button-wrap   tatsu-SyOo5n4Wxg   \"><a class=\"tatsu-shortcode mediumbtn tatsu-button left-icon rounded   bg-animation-none  \" href=\"https:\/\/tto.bau.edu.tr\/wp-content\/uploads\/2025\/05\/1745234488.pdf\" style= \"\"  aria-label=\"Detayl\u0131 bilgi ve ba\u015fvuru i\u00e7in t\u0131klay\u0131n\u0131z\" data-gdpr-atts={} target=\"_blank\">Detayl\u0131 bilgi ve ba\u015fvuru i\u00e7in t\u0131klay\u0131n\u0131z<\/a><style>.tatsu-SyOo5n4Wxg .tatsu-button{background-color: rgba(23,129,241,1);color: #ffffff ;}.tatsu-SyOo5n4Wxg .tatsu-button:hover{background-color: rgba(245,166,35,1);color: rgba(255,255,255,1) ;}<\/style><\/div><\/div><\/div><div class = \"tatsu-column-bg-image-wrap\"><div class = \"tatsu-column-bg-image tatsu-bg-lazyload\" data-src = \"\"><\/div><\/div><div class=\"tatsu-overlay tatsu-column-overlay tatsu-animate-none\" ><\/div><\/div><style>.tatsu-row > .tatsu-Hyl2S1KQ8h.tatsu-column{width: 50%;}.tatsu-Hyl2S1KQ8h.tatsu-column > .tatsu-column-inner > .tatsu-column-overlay{mix-blend-mode: normal;}.tatsu-Hyl2S1KQ8h > .tatsu-column-inner > .tatsu-top-divider{z-index: 9999;}.tatsu-Hyl2S1KQ8h > .tatsu-column-inner > .tatsu-bottom-divider{z-index: 9999;}.tatsu-Hyl2S1KQ8h > .tatsu-column-inner > .tatsu-left-divider{z-index: 9999;}.tatsu-Hyl2S1KQ8h > .tatsu-column-inner > .tatsu-right-divider{z-index: 9999;}@media only screen and (max-width:1377px) {.tatsu-row > .tatsu-Hyl2S1KQ8h.tatsu-column{width: 50%;}}@media only screen and (min-width:768px) and (max-width: 1024px) {.tatsu-row > .tatsu-Hyl2S1KQ8h.tatsu-column{width: 50%;}}@media only screen and (max-width: 767px) {.tatsu-row > .tatsu-Hyl2S1KQ8h.tatsu-column{width: 100%;}}<\/style><\/div><\/div><\/div><\/div><div class=\"tatsu-section-background-wrap\"><div class = \"tatsu-section-background tatsu-bg-lazyload\" data-src = \"\"><\/div><\/div><div class=\"tatsu-overlay tatsu-section-overlay\"><\/div><style>.tatsu-rJZsBJtQU3 .tatsu-section-pad{padding: 90px 0px 90px 0px;}.tatsu-rJZsBJtQU3 .tatsu-section-offset-wrap{transform: translateY(-0px);}.tatsu-rJZsBJtQU3 > .tatsu-bottom-divider{z-index: 9999;}.tatsu-rJZsBJtQU3 > .tatsu-top-divider{z-index: 9999;}.tatsu-rJZsBJtQU3 .tatsu-section-overlay{mix-blend-mode: normal;}<\/style><\/div>\n","protected":false},"excerpt":{"rendered":"<div><a href=\"https:\/\/tto.bau.edu.tr\/en\/corrosion-poster-competition-applications-are-now-open\/\" class=\"exp-read-more exp-read-more-underlined\">Read More<\/a><\/div>\n","protected":false},"author":5,"featured_media":0,"parent":0,"menu_order":0,"comment_status":"closed","ping_status":"closed","template":"","meta":{"footnotes":""},"class_list":["post-8425","page","type-page","status-publish","hentry"],"_links":{"self":[{"href":"https:\/\/tto.bau.edu.tr\/en\/wp-json\/wp\/v2\/pages\/8425","targetHints":{"allow":["GET"]}}],"collection":[{"href":"https:\/\/tto.bau.edu.tr\/en\/wp-json\/wp\/v2\/pages"}],"about":[{"href":"https:\/\/tto.bau.edu.tr\/en\/wp-json\/wp\/v2\/types\/page"}],"author":[{"embeddable":true,"href":"https:\/\/tto.bau.edu.tr\/en\/wp-json\/wp\/v2\/users\/5"}],"replies":[{"embeddable":true,"href":"https:\/\/tto.bau.edu.tr\/en\/wp-json\/wp\/v2\/comments?post=8425"}],"version-history":[{"count":0,"href":"https:\/\/tto.bau.edu.tr\/en\/wp-json\/wp\/v2\/pages\/8425\/revisions"}],"wp:attachment":[{"href":"https:\/\/tto.bau.edu.tr\/en\/wp-json\/wp\/v2\/media?parent=8425"}],"curies":[{"name":"wp","href":"https:\/\/api.w.org\/{rel}","templated":true}]}}