{"id":8393,"date":"2025-05-16T16:05:31","date_gmt":"2025-05-16T13:05:31","guid":{"rendered":"https:\/\/tto.bau.edu.tr\/?page_id=8393"},"modified":"2025-05-16T16:06:24","modified_gmt":"2025-05-16T13:06:24","slug":"bahcesehir-universitys-train-the-trainer-program-has-launched","status":"publish","type":"page","link":"https:\/\/tto.bau.edu.tr\/en\/bahcesehir-universitys-train-the-trainer-program-has-launched\/","title":{"rendered":"Bah\u00e7e\u015fehir University\u2019s Train the Trainer Program Has Launched!"},"content":{"rendered":"<div  class=\"tatsu-rJZsBJtQU3 tatsu-section  tatsu-bg-overlay   tatsu-clearfix\" data-title=\"\"  data-headerscheme=\"background--dark\"><div class='tatsu-section-pad clearfix' data-padding='{\"d\":\"90px 0px 90px 0px\"}' data-padding-top='90px'><div class=\"tatsu-row-wrap  tatsu-wrap tatsu-row-has-one-half tatsu-row-has-two-cols tatsu-medium-gutter tatsu-reg-cols  tatsu-clearfix tatsu-BylsBJtXU2\" ><div  class=\"tatsu-row \" ><div  class=\"tatsu-column  tatsu-bg-overlay tatsu-one-half tatsu-column-image-none tatsu-column-effect-none  tatsu-Sk3ByKmUn\"  data-parallax-speed=\"0\" style=\"\"><div class=\"tatsu-column-inner \" ><div class=\"tatsu-column-pad-wrap\"><div class=\"tatsu-column-pad\" ><div  class=\"tatsu-single-image tatsu-module tatsu-image-lazyload tatsu-BkdqR9e-xg  \" ><div class=\"tatsu-single-image-inner \" style=\"width : 2250px;\" ><div class = \"tatsu-single-image-padding-wrap\" style = \"padding-bottom : 100%;\" ><\/div><img class = \"tatsu-gradient-border\" alt = \"\" title = \"BAU _ E\u011fiticinin E\u011fitim Program\u0131_1080x1080\" data-src = \"https:\/\/tto.bau.edu.tr\/wp-content\/uploads\/2025\/05\/BAU-_-Egiticinin-Egitim-Programi_1080x1080.png\" src =\"data:image\/png;base64,iVBORw0KGgoAAAANSUhEUgAAAAEAAAABCAQAAAC1HAwCAAAAC0lEQVR42mNkYAAAAAYAAjCB0C8AAAAASUVORK5CYII=\"  \/><\/div><style>.tatsu-BkdqR9e-xg .tatsu-single-image-inner{border-style: solid;max-width: 100%;}.tatsu-BkdqR9e-xg.tatsu-single-image{transform: translate3d(0px,0px, 0);}<\/style><\/div><\/div><\/div><div class = \"tatsu-column-bg-image-wrap\"><div class = \"tatsu-column-bg-image tatsu-bg-lazyload\" data-src = \"\"><\/div><\/div><div class=\"tatsu-overlay tatsu-column-overlay tatsu-animate-none\" ><\/div><\/div><style>.tatsu-row > .tatsu-Sk3ByKmUn.tatsu-column{width: 50%;}.tatsu-Sk3ByKmUn.tatsu-column > .tatsu-column-inner > .tatsu-column-overlay{mix-blend-mode: normal;}.tatsu-Sk3ByKmUn > .tatsu-column-inner > .tatsu-top-divider{z-index: 9999;}.tatsu-Sk3ByKmUn > .tatsu-column-inner > .tatsu-bottom-divider{z-index: 9999;}.tatsu-Sk3ByKmUn > .tatsu-column-inner > .tatsu-left-divider{z-index: 9999;}.tatsu-Sk3ByKmUn > .tatsu-column-inner > .tatsu-right-divider{z-index: 9999;}@media only screen and (max-width:1377px) {.tatsu-row > .tatsu-Sk3ByKmUn.tatsu-column{width: 50%;}}@media only screen and (min-width:768px) and (max-width: 1024px) {.tatsu-row > .tatsu-Sk3ByKmUn.tatsu-column{width: 50%;}}@media only screen and (max-width: 767px) {.tatsu-row > .tatsu-Sk3ByKmUn.tatsu-column{width: 100%;}}<\/style><\/div><div  class=\"tatsu-column  tatsu-bg-overlay tatsu-one-half tatsu-column-image-none tatsu-column-effect-none  tatsu-Hyl2S1KQ8h\"  data-parallax-speed=\"0\" style=\"\"><div class=\"tatsu-column-inner \" ><div class=\"tatsu-column-pad-wrap\"><div class=\"tatsu-column-pad\" ><div  class=\"tatsu-module tatsu-text-block-wrap tatsu-SkfPkYQ83  \"><div class=\"tatsu-text-inner tatsu-align-center  clearfix\" ><style>.tatsu-SkfPkYQ83.tatsu-text-block-wrap .tatsu-text-inner{width: 100%;text-align: left;}<\/style>\n<p class=\"\" data-start=\"0\" data-end=\"109\"><strong>Bah\u00e7e\u015fehir University\u2019s Train the Trainer Program Has Launched!<\/strong><\/p>\n<p class=\"\" data-start=\"0\" data-end=\"295\">The Center for Learning and Teaching (CLT), in collaboration with @baugo_online and @bau_tto, has designed the &#8220;Train the Trainer Program&#8221; as an online system aimed at supporting the continuous development of all our faculty members in alignment with quality standards in education and teaching.<\/p>\n<p class=\"\" data-start=\"297\" data-end=\"388\">The program is accessible to all faculty members through Itslearning and the BAUGO website.<\/p>\n<p class=\"\" data-start=\"390\" data-end=\"541\">Itslearning and BAUGO accounts have been created for all faculty members. In case of login issues, support can be obtained via <strong data-start=\"517\" data-end=\"540\"><a class=\"cursor-pointer\" rel=\"noopener\" data-start=\"519\" data-end=\"538\">baugo@de.bau.edu.tr<\/a><\/strong>.<\/p>\n<p class=\"\" data-start=\"543\" data-end=\"633\">The program consists of 13 training videos and includes a multiple-choice exam at the end.<\/p>\n<\/div><\/div><\/div><\/div><div class = \"tatsu-column-bg-image-wrap\"><div class = \"tatsu-column-bg-image tatsu-bg-lazyload\" data-src = \"\"><\/div><\/div><div class=\"tatsu-overlay tatsu-column-overlay tatsu-animate-none\" ><\/div><\/div><style>.tatsu-row > .tatsu-Hyl2S1KQ8h.tatsu-column{width: 50%;}.tatsu-Hyl2S1KQ8h.tatsu-column > .tatsu-column-inner > .tatsu-column-overlay{mix-blend-mode: normal;}.tatsu-Hyl2S1KQ8h > .tatsu-column-inner > .tatsu-top-divider{z-index: 9999;}.tatsu-Hyl2S1KQ8h > .tatsu-column-inner > .tatsu-bottom-divider{z-index: 9999;}.tatsu-Hyl2S1KQ8h > .tatsu-column-inner > .tatsu-left-divider{z-index: 9999;}.tatsu-Hyl2S1KQ8h > .tatsu-column-inner > .tatsu-right-divider{z-index: 9999;}@media only screen and (max-width:1377px) {.tatsu-row > .tatsu-Hyl2S1KQ8h.tatsu-column{width: 50%;}}@media only screen and (min-width:768px) and (max-width: 1024px) {.tatsu-row > .tatsu-Hyl2S1KQ8h.tatsu-column{width: 50%;}}@media only screen and (max-width: 767px) {.tatsu-row > .tatsu-Hyl2S1KQ8h.tatsu-column{width: 100%;}}<\/style><\/div><\/div><\/div><\/div><div class=\"tatsu-section-background-wrap\"><div class = \"tatsu-section-background tatsu-bg-lazyload\" data-src = \"\"><\/div><\/div><div class=\"tatsu-overlay tatsu-section-overlay\"><\/div><style>.tatsu-rJZsBJtQU3 .tatsu-section-pad{padding: 90px 0px 90px 0px;}.tatsu-rJZsBJtQU3 .tatsu-section-offset-wrap{transform: translateY(-0px);}.tatsu-rJZsBJtQU3 > .tatsu-bottom-divider{z-index: 9999;}.tatsu-rJZsBJtQU3 > .tatsu-top-divider{z-index: 9999;}.tatsu-rJZsBJtQU3 .tatsu-section-overlay{mix-blend-mode: normal;}<\/style><\/div>\n","protected":false},"excerpt":{"rendered":"<div><a href=\"https:\/\/tto.bau.edu.tr\/en\/bahcesehir-universitys-train-the-trainer-program-has-launched\/\" class=\"exp-read-more exp-read-more-underlined\">Read More<\/a><\/div>\n","protected":false},"author":5,"featured_media":0,"parent":0,"menu_order":0,"comment_status":"closed","ping_status":"closed","template":"","meta":{"footnotes":""},"class_list":["post-8393","page","type-page","status-publish","hentry"],"_links":{"self":[{"href":"https:\/\/tto.bau.edu.tr\/en\/wp-json\/wp\/v2\/pages\/8393","targetHints":{"allow":["GET"]}}],"collection":[{"href":"https:\/\/tto.bau.edu.tr\/en\/wp-json\/wp\/v2\/pages"}],"about":[{"href":"https:\/\/tto.bau.edu.tr\/en\/wp-json\/wp\/v2\/types\/page"}],"author":[{"embeddable":true,"href":"https:\/\/tto.bau.edu.tr\/en\/wp-json\/wp\/v2\/users\/5"}],"replies":[{"embeddable":true,"href":"https:\/\/tto.bau.edu.tr\/en\/wp-json\/wp\/v2\/comments?post=8393"}],"version-history":[{"count":0,"href":"https:\/\/tto.bau.edu.tr\/en\/wp-json\/wp\/v2\/pages\/8393\/revisions"}],"wp:attachment":[{"href":"https:\/\/tto.bau.edu.tr\/en\/wp-json\/wp\/v2\/media?parent=8393"}],"curies":[{"name":"wp","href":"https:\/\/api.w.org\/{rel}","templated":true}]}}