{"id":8065,"date":"2024-12-19T15:53:42","date_gmt":"2024-12-19T12:53:42","guid":{"rendered":"https:\/\/tto.bau.edu.tr\/?page_id=8065"},"modified":"2024-12-19T15:54:51","modified_gmt":"2024-12-19T12:54:51","slug":"our-masters-student-bahar-gungordus-tuseb-project-has-been-selected-for-support","status":"publish","type":"page","link":"https:\/\/tto.bau.edu.tr\/en\/our-masters-student-bahar-gungordus-tuseb-project-has-been-selected-for-support\/","title":{"rendered":"Our Master\u2019s student Bahar G\u00fcng\u00f6rd\u00fc\u2019s T\u00dcSEB Project has been selected for support!"},"content":{"rendered":"<div  class=\"tatsu-SkWavHxAQ0 tatsu-section  tatsu-bg-overlay   tatsu-clearfix\" data-title=\"\"  data-headerscheme=\"background--dark\"><div class='tatsu-section-pad clearfix' data-padding='{\"d\":\"90px 0px 90px 0px\"}' data-padding-top='90px'><div class=\"tatsu-row-wrap  tatsu-wrap tatsu-row-has-one-half tatsu-row-has-two-cols tatsu-medium-gutter tatsu-reg-cols  tatsu-clearfix tatsu-HJeaDBxRmA\" ><div  class=\"tatsu-row \" ><div  class=\"tatsu-column  tatsu-bg-overlay tatsu-one-half tatsu-column-image-none tatsu-column-effect-none  tatsu-SkWuHeR7C\"  data-parallax-speed=\"0\" style=\"\"><div class=\"tatsu-column-inner \" ><div class=\"tatsu-column-pad-wrap\"><div class=\"tatsu-column-pad\" ><div  class=\"tatsu-single-image tatsu-module tatsu-image-lazyload tatsu-HkXdBeCQ0  \" ><div class=\"tatsu-single-image-inner \" style=\"width : 1080px;\" ><div class = \"tatsu-single-image-padding-wrap\" style = \"padding-bottom : 100%;\" ><\/div><img class = \"tatsu-gradient-border\" alt = \"\" title = \"Bahar-G\u00fcng\u00f6rd\u00fc_Tebrik_ENG_19.12.2024\" data-src = \"https:\/\/tto.bau.edu.tr\/wp-content\/uploads\/2024\/12\/Bahar-Gungordu_Tebrik_ENG_19.12.2024.jpg\" src =\"data:image\/png;base64,iVBORw0KGgoAAAANSUhEUgAAAAEAAAABCAQAAAC1HAwCAAAAC0lEQVR42mNkYAAAAAYAAjCB0C8AAAAASUVORK5CYII=\"  \/><\/div><style>.tatsu-HkXdBeCQ0 .tatsu-single-image-inner{border-style: solid;max-width: 100%;}.tatsu-HkXdBeCQ0.tatsu-single-image{transform: translate3d(0px,0px, 0);}<\/style><\/div><\/div><\/div><div class = \"tatsu-column-bg-image-wrap\"><div class = \"tatsu-column-bg-image tatsu-bg-lazyload\" data-src = \"\"><\/div><\/div><div class=\"tatsu-overlay tatsu-column-overlay tatsu-animate-none\" ><\/div><\/div><style>.tatsu-row > .tatsu-SkWuHeR7C.tatsu-column{width: 50%;}.tatsu-SkWuHeR7C.tatsu-column > .tatsu-column-inner > .tatsu-column-overlay{mix-blend-mode: normal;}.tatsu-SkWuHeR7C > .tatsu-column-inner > .tatsu-top-divider{z-index: 9999;}.tatsu-SkWuHeR7C > .tatsu-column-inner > .tatsu-bottom-divider{z-index: 9999;}.tatsu-SkWuHeR7C > .tatsu-column-inner > .tatsu-left-divider{z-index: 9999;}.tatsu-SkWuHeR7C > .tatsu-column-inner > .tatsu-right-divider{z-index: 9999;}@media only screen and (max-width:1377px) {.tatsu-row > .tatsu-SkWuHeR7C.tatsu-column{width: 50%;}}@media only screen and (min-width:768px) and (max-width: 1024px) {.tatsu-row > .tatsu-SkWuHeR7C.tatsu-column{width: 50%;}}@media only screen and (max-width: 767px) {.tatsu-row > .tatsu-SkWuHeR7C.tatsu-column{width: 100%;}}<\/style><\/div><div  class=\"tatsu-column  tatsu-bg-overlay tatsu-one-half tatsu-column-image-none tatsu-column-effect-none  tatsu-ByxbOSgAQ0\"  data-parallax-speed=\"0\" style=\"\"><div class=\"tatsu-column-inner \" ><div class=\"tatsu-column-pad-wrap\"><div class=\"tatsu-column-pad\" ><div  class=\"tatsu-module tatsu-text-block-wrap tatsu-HkEFHlR70  \"><div class=\"tatsu-text-inner tatsu-align-center  clearfix\" ><style>.tatsu-HkEFHlR70.tatsu-text-block-wrap .tatsu-text-inner{width: 100%;text-align: left;}<\/style>\n<p>As part of the evaluation results for the T\u00dcSEB Group A Emergency R&amp;D Project Call for the first term of 2024,<\/p>\n<p>Bahar G\u00fcng\u00f6rd\u00fc, a graduate student in the Department of Bioengineering at BAU Graduate School of Engineering, has been granted support for her project titled &#8220;<strong>The Role of Magnetic Field Exposure on Bacterial Viability with Magnetophoretic Scaffold<\/strong>&#8221; with a budget of <strong>150,000 TL.<\/strong><\/p>\n<p>We congratulate <strong>Bahar G\u00fcng\u00f6rd\u00fc<\/strong>, the project leader and Bioengineering master&#8217;s student, as well as her project advisors <strong>Prof. Dr. Ozan Akdo\u011fan<\/strong> and <strong>Dr. Lecturer Canan Ba\u011fc\u0131<\/strong>, and wish them success in their work.<\/p>\n<\/div><\/div><\/div><\/div><div class = \"tatsu-column-bg-image-wrap\"><div class = \"tatsu-column-bg-image tatsu-bg-lazyload\" data-src = \"\"><\/div><\/div><div class=\"tatsu-overlay tatsu-column-overlay tatsu-animate-none\" ><\/div><\/div><style>.tatsu-row > .tatsu-ByxbOSgAQ0.tatsu-column{width: 50%;}.tatsu-ByxbOSgAQ0.tatsu-column > .tatsu-column-inner > .tatsu-column-overlay{mix-blend-mode: normal;}.tatsu-ByxbOSgAQ0 > .tatsu-column-inner > .tatsu-top-divider{z-index: 9999;}.tatsu-ByxbOSgAQ0 > .tatsu-column-inner > .tatsu-bottom-divider{z-index: 9999;}.tatsu-ByxbOSgAQ0 > .tatsu-column-inner > .tatsu-left-divider{z-index: 9999;}.tatsu-ByxbOSgAQ0 > .tatsu-column-inner > .tatsu-right-divider{z-index: 9999;}@media only screen and (max-width:1377px) {.tatsu-row > .tatsu-ByxbOSgAQ0.tatsu-column{width: 50%;}}@media only screen and (min-width:768px) and (max-width: 1024px) {.tatsu-row > .tatsu-ByxbOSgAQ0.tatsu-column{width: 50%;}}@media only screen and (max-width: 767px) {.tatsu-row > .tatsu-ByxbOSgAQ0.tatsu-column{width: 100%;}}<\/style><\/div><\/div><\/div><\/div><div class=\"tatsu-section-background-wrap\"><div class = \"tatsu-section-background tatsu-bg-lazyload\" data-src = \"\"><\/div><\/div><div class=\"tatsu-overlay tatsu-section-overlay\"><\/div><style>.tatsu-SkWavHxAQ0 .tatsu-section-pad{padding: 90px 0px 90px 0px;}.tatsu-SkWavHxAQ0 .tatsu-section-offset-wrap{transform: translateY(-0px);}.tatsu-SkWavHxAQ0 > .tatsu-bottom-divider{z-index: 9999;}.tatsu-SkWavHxAQ0 > .tatsu-top-divider{z-index: 9999;}.tatsu-SkWavHxAQ0 .tatsu-section-overlay{mix-blend-mode: normal;}<\/style><\/div>\n","protected":false},"excerpt":{"rendered":"<div><a href=\"https:\/\/tto.bau.edu.tr\/en\/our-masters-student-bahar-gungordus-tuseb-project-has-been-selected-for-support\/\" class=\"exp-read-more exp-read-more-underlined\">Read More<\/a><\/div>\n","protected":false},"author":3,"featured_media":0,"parent":0,"menu_order":0,"comment_status":"closed","ping_status":"closed","template":"","meta":{"footnotes":""},"class_list":["post-8065","page","type-page","status-publish","hentry"],"_links":{"self":[{"href":"https:\/\/tto.bau.edu.tr\/en\/wp-json\/wp\/v2\/pages\/8065","targetHints":{"allow":["GET"]}}],"collection":[{"href":"https:\/\/tto.bau.edu.tr\/en\/wp-json\/wp\/v2\/pages"}],"about":[{"href":"https:\/\/tto.bau.edu.tr\/en\/wp-json\/wp\/v2\/types\/page"}],"author":[{"embeddable":true,"href":"https:\/\/tto.bau.edu.tr\/en\/wp-json\/wp\/v2\/users\/3"}],"replies":[{"embeddable":true,"href":"https:\/\/tto.bau.edu.tr\/en\/wp-json\/wp\/v2\/comments?post=8065"}],"version-history":[{"count":0,"href":"https:\/\/tto.bau.edu.tr\/en\/wp-json\/wp\/v2\/pages\/8065\/revisions"}],"wp:attachment":[{"href":"https:\/\/tto.bau.edu.tr\/en\/wp-json\/wp\/v2\/media?parent=8065"}],"curies":[{"name":"wp","href":"https:\/\/api.w.org\/{rel}","templated":true}]}}