{"id":8041,"date":"2024-12-02T12:12:43","date_gmt":"2024-12-02T09:12:43","guid":{"rendered":"https:\/\/tto.bau.edu.tr\/?page_id=8041"},"modified":"2024-12-02T12:14:55","modified_gmt":"2024-12-02T09:14:55","slug":"as-bautto-we-came-together-with-bau-researchers","status":"publish","type":"page","link":"https:\/\/tto.bau.edu.tr\/en\/as-bautto-we-came-together-with-bau-researchers\/","title":{"rendered":"As BAUTTO, We Came Together with BAU Researchers"},"content":{"rendered":"<div  class=\"tatsu-rJZK7hMWGA tatsu-section  tatsu-bg-overlay   tatsu-clearfix\" data-title=\"\"  data-headerscheme=\"background--dark\"><div class='tatsu-section-pad clearfix' data-padding='{\"d\":\"90px 0px 90px 0px\"}' data-padding-top='90px'><div class=\"tatsu-row-wrap  tatsu-wrap tatsu-row-has-one-half tatsu-row-has-two-cols tatsu-medium-gutter tatsu-reg-cols  tatsu-clearfix tatsu-B1gYm2G-zR\" ><div  class=\"tatsu-row \" ><div  class=\"tatsu-column  tatsu-bg-overlay tatsu-one-half tatsu-column-image-none tatsu-column-effect-none  tatsu-rJFQhGbGC\"  data-parallax-speed=\"0\" style=\"\"><div class=\"tatsu-column-inner \" ><div class=\"tatsu-column-pad-wrap\"><div class=\"tatsu-column-pad\" ><div  class=\"tatsu-gallery-wrap tatsu-gallery-module tatsu-module 0 tatsu-HyaTKxo71e   \" ><div class=\"gallery   style1-hover \"  ><div class=\"gallery-container be-grid be-row be-cols-3 clickable clearfix  \" data-aspect-ratio=\"1.6\" data-animation-target = \".gallery-thumb-img-wrap\" data-cols=\"3\" data-scroll-reveal = \"1\" data-animation = \"fadeIn\" data-gutter=\"40\" data-layout=\"metro\" ><div class=\"gallery-cell be-col be-hoverlay  not-wide no-wide-width-height style1-hover \" ><div class=\"gallery-cell-inner\"\"><a data-thumb = \"https:\/\/tto.bau.edu.tr\/wp-content\/uploads\/2024\/11\/bautto-toplanti-150x150.png\" href=\"https:\/\/tto.bau.edu.tr\/wp-content\/uploads\/2024\/11\/bautto-toplanti.png\"  class=\"thumb-anchor mobx  \" data-rel=\"my-galleryHyaTKxo71e\" title=\"\"><div class=\"thumb-wrap\"><div style = \"padding-bottom : 100%;\" class=\"gallery-thumb-img-wrap be-grid-placeholder none-effect\"  ><img decoding=\"async\" class=\"\"  src=\"https:\/\/tto.bau.edu.tr\/wp-content\/uploads\/2024\/11\/bautto-toplanti-650x385.png\" alt=\"\" \/><\/div><\/div><div class=\"thumb-overlay\"><div class=\"thumb-bg\"><div class=\"thumb-title-wrap display-table-cell vertical-align-middle align-center fadeIn animated\"><\/div><\/div><\/div><\/a><\/div><\/div><div class=\"gallery-cell be-col be-hoverlay  not-wide no-wide-width-height style1-hover \" ><div class=\"gallery-cell-inner\"\"><a data-thumb = \"https:\/\/tto.bau.edu.tr\/wp-content\/uploads\/2024\/11\/15-150x150.jpg\" href=\"https:\/\/tto.bau.edu.tr\/wp-content\/uploads\/2024\/11\/15-scaled.jpg\"  class=\"thumb-anchor mobx  \" data-rel=\"my-galleryHyaTKxo71e\" title=\"\"><div class=\"thumb-wrap\"><div style = \"padding-bottom : 100%;\" class=\"gallery-thumb-img-wrap be-grid-placeholder none-effect\"  ><img decoding=\"async\" class=\"\"  src=\"https:\/\/tto.bau.edu.tr\/wp-content\/uploads\/2024\/11\/15-650x385.jpg\" alt=\"\" \/><\/div><\/div><div class=\"thumb-overlay\"><div class=\"thumb-bg\"><div class=\"thumb-title-wrap display-table-cell vertical-align-middle align-center fadeIn animated\"><\/div><\/div><\/div><\/a><\/div><\/div><div class=\"gallery-cell be-col be-hoverlay  not-wide no-wide-width-height style1-hover \" ><div class=\"gallery-cell-inner\"\"><a data-thumb = \"https:\/\/tto.bau.edu.tr\/wp-content\/uploads\/2024\/11\/14-150x150.jpg\" href=\"https:\/\/tto.bau.edu.tr\/wp-content\/uploads\/2024\/11\/14-scaled.jpg\"  class=\"thumb-anchor mobx  \" data-rel=\"my-galleryHyaTKxo71e\" title=\"\"><div class=\"thumb-wrap\"><div style = \"padding-bottom : 100%;\" class=\"gallery-thumb-img-wrap be-grid-placeholder none-effect\"  ><img decoding=\"async\" class=\"\"  src=\"https:\/\/tto.bau.edu.tr\/wp-content\/uploads\/2024\/11\/14-650x385.jpg\" alt=\"\" \/><\/div><\/div><div class=\"thumb-overlay\"><div class=\"thumb-bg\"><div class=\"thumb-title-wrap display-table-cell vertical-align-middle align-center fadeIn animated\"><\/div><\/div><\/div><\/a><\/div><\/div><div class=\"gallery-cell be-col be-hoverlay  not-wide no-wide-width-height style1-hover \" ><div class=\"gallery-cell-inner\"\"><a data-thumb = \"https:\/\/tto.bau.edu.tr\/wp-content\/uploads\/2024\/11\/13-150x150.jpg\" href=\"https:\/\/tto.bau.edu.tr\/wp-content\/uploads\/2024\/11\/13-scaled.jpg\"  class=\"thumb-anchor mobx  \" data-rel=\"my-galleryHyaTKxo71e\" title=\"\"><div class=\"thumb-wrap\"><div style = \"padding-bottom : 100%;\" class=\"gallery-thumb-img-wrap be-grid-placeholder none-effect\"  ><img decoding=\"async\" class=\"\"  src=\"https:\/\/tto.bau.edu.tr\/wp-content\/uploads\/2024\/11\/13-650x385.jpg\" alt=\"\" \/><\/div><\/div><div class=\"thumb-overlay\"><div class=\"thumb-bg\"><div class=\"thumb-title-wrap display-table-cell vertical-align-middle align-center fadeIn animated\"><\/div><\/div><\/div><\/a><\/div><\/div><div class=\"gallery-cell be-col be-hoverlay  not-wide no-wide-width-height style1-hover \" ><div class=\"gallery-cell-inner\"\"><a data-thumb = \"https:\/\/tto.bau.edu.tr\/wp-content\/uploads\/2024\/11\/12-150x150.jpg\" href=\"https:\/\/tto.bau.edu.tr\/wp-content\/uploads\/2024\/11\/12-scaled.jpg\"  class=\"thumb-anchor mobx  \" data-rel=\"my-galleryHyaTKxo71e\" title=\"\"><div class=\"thumb-wrap\"><div style = \"padding-bottom : 100%;\" class=\"gallery-thumb-img-wrap be-grid-placeholder none-effect\"  ><img decoding=\"async\" class=\"\"  src=\"https:\/\/tto.bau.edu.tr\/wp-content\/uploads\/2024\/11\/12-650x385.jpg\" alt=\"\" \/><\/div><\/div><div class=\"thumb-overlay\"><div class=\"thumb-bg\"><div class=\"thumb-title-wrap display-table-cell vertical-align-middle align-center fadeIn animated\"><\/div><\/div><\/div><\/a><\/div><\/div><div class=\"gallery-cell be-col be-hoverlay  not-wide no-wide-width-height style1-hover \" ><div class=\"gallery-cell-inner\"\"><a data-thumb = \"https:\/\/tto.bau.edu.tr\/wp-content\/uploads\/2024\/11\/11-150x150.jpg\" href=\"https:\/\/tto.bau.edu.tr\/wp-content\/uploads\/2024\/11\/11-scaled.jpg\"  class=\"thumb-anchor mobx  \" data-rel=\"my-galleryHyaTKxo71e\" title=\"\"><div class=\"thumb-wrap\"><div style = \"padding-bottom : 100%;\" class=\"gallery-thumb-img-wrap be-grid-placeholder none-effect\"  ><img decoding=\"async\" class=\"\"  src=\"https:\/\/tto.bau.edu.tr\/wp-content\/uploads\/2024\/11\/11-650x385.jpg\" alt=\"\" \/><\/div><\/div><div class=\"thumb-overlay\"><div class=\"thumb-bg\"><div class=\"thumb-title-wrap display-table-cell vertical-align-middle align-center fadeIn animated\"><\/div><\/div><\/div><\/a><\/div><\/div><div class=\"gallery-cell be-col be-hoverlay  not-wide no-wide-width-height style1-hover \" ><div class=\"gallery-cell-inner\"\"><a data-thumb = \"https:\/\/tto.bau.edu.tr\/wp-content\/uploads\/2024\/11\/10-150x150.jpg\" href=\"https:\/\/tto.bau.edu.tr\/wp-content\/uploads\/2024\/11\/10-scaled.jpg\"  class=\"thumb-anchor mobx  \" data-rel=\"my-galleryHyaTKxo71e\" title=\"\"><div class=\"thumb-wrap\"><div style = \"padding-bottom : 100%;\" class=\"gallery-thumb-img-wrap be-grid-placeholder none-effect\"  ><img decoding=\"async\" class=\"\"  src=\"https:\/\/tto.bau.edu.tr\/wp-content\/uploads\/2024\/11\/10-650x385.jpg\" alt=\"\" \/><\/div><\/div><div class=\"thumb-overlay\"><div class=\"thumb-bg\"><div class=\"thumb-title-wrap display-table-cell vertical-align-middle align-center fadeIn animated\"><\/div><\/div><\/div><\/a><\/div><\/div><div class=\"gallery-cell be-col be-hoverlay  not-wide no-wide-width-height style1-hover \" ><div class=\"gallery-cell-inner\"\"><a data-thumb = \"https:\/\/tto.bau.edu.tr\/wp-content\/uploads\/2024\/11\/9-150x150.jpg\" href=\"https:\/\/tto.bau.edu.tr\/wp-content\/uploads\/2024\/11\/9-scaled.jpg\"  class=\"thumb-anchor mobx  \" data-rel=\"my-galleryHyaTKxo71e\" title=\"\"><div class=\"thumb-wrap\"><div style = \"padding-bottom : 100%;\" class=\"gallery-thumb-img-wrap be-grid-placeholder none-effect\"  ><img decoding=\"async\" class=\"\"  src=\"https:\/\/tto.bau.edu.tr\/wp-content\/uploads\/2024\/11\/9-650x385.jpg\" alt=\"\" \/><\/div><\/div><div class=\"thumb-overlay\"><div class=\"thumb-bg\"><div class=\"thumb-title-wrap display-table-cell vertical-align-middle align-center fadeIn animated\"><\/div><\/div><\/div><\/a><\/div><\/div><div class=\"gallery-cell be-col be-hoverlay  not-wide no-wide-width-height style1-hover \" ><div class=\"gallery-cell-inner\"\"><a data-thumb = \"https:\/\/tto.bau.edu.tr\/wp-content\/uploads\/2024\/11\/8-150x150.jpg\" href=\"https:\/\/tto.bau.edu.tr\/wp-content\/uploads\/2024\/11\/8-scaled.jpg\"  class=\"thumb-anchor mobx  \" data-rel=\"my-galleryHyaTKxo71e\" title=\"\"><div class=\"thumb-wrap\"><div style = \"padding-bottom : 100%;\" class=\"gallery-thumb-img-wrap be-grid-placeholder none-effect\"  ><img decoding=\"async\" class=\"\"  src=\"https:\/\/tto.bau.edu.tr\/wp-content\/uploads\/2024\/11\/8-650x385.jpg\" alt=\"\" \/><\/div><\/div><div class=\"thumb-overlay\"><div class=\"thumb-bg\"><div class=\"thumb-title-wrap display-table-cell vertical-align-middle align-center fadeIn animated\"><\/div><\/div><\/div><\/a><\/div><\/div><div class=\"gallery-cell be-col be-hoverlay  not-wide no-wide-width-height style1-hover \" ><div class=\"gallery-cell-inner\"\"><a data-thumb = \"https:\/\/tto.bau.edu.tr\/wp-content\/uploads\/2024\/11\/7-150x150.jpg\" href=\"https:\/\/tto.bau.edu.tr\/wp-content\/uploads\/2024\/11\/7-scaled.jpg\"  class=\"thumb-anchor mobx  \" data-rel=\"my-galleryHyaTKxo71e\" title=\"\"><div class=\"thumb-wrap\"><div style = \"padding-bottom : 100%;\" class=\"gallery-thumb-img-wrap be-grid-placeholder none-effect\"  ><img decoding=\"async\" class=\"\"  src=\"https:\/\/tto.bau.edu.tr\/wp-content\/uploads\/2024\/11\/7-650x385.jpg\" alt=\"\" \/><\/div><\/div><div class=\"thumb-overlay\"><div class=\"thumb-bg\"><div class=\"thumb-title-wrap display-table-cell vertical-align-middle align-center fadeIn animated\"><\/div><\/div><\/div><\/a><\/div><\/div><div class=\"gallery-cell be-col be-hoverlay  not-wide no-wide-width-height style1-hover \" ><div class=\"gallery-cell-inner\"\"><a data-thumb = \"https:\/\/tto.bau.edu.tr\/wp-content\/uploads\/2024\/11\/6-150x150.jpg\" href=\"https:\/\/tto.bau.edu.tr\/wp-content\/uploads\/2024\/11\/6-scaled.jpg\"  class=\"thumb-anchor mobx  \" data-rel=\"my-galleryHyaTKxo71e\" title=\"\"><div class=\"thumb-wrap\"><div style = \"padding-bottom : 100%;\" class=\"gallery-thumb-img-wrap be-grid-placeholder none-effect\"  ><img decoding=\"async\" class=\"\"  src=\"https:\/\/tto.bau.edu.tr\/wp-content\/uploads\/2024\/11\/6-650x385.jpg\" alt=\"\" \/><\/div><\/div><div class=\"thumb-overlay\"><div class=\"thumb-bg\"><div class=\"thumb-title-wrap display-table-cell vertical-align-middle align-center fadeIn animated\"><\/div><\/div><\/div><\/a><\/div><\/div><div class=\"gallery-cell be-col be-hoverlay  not-wide no-wide-width-height style1-hover \" ><div class=\"gallery-cell-inner\"\"><a data-thumb = \"https:\/\/tto.bau.edu.tr\/wp-content\/uploads\/2024\/11\/5-150x150.jpg\" href=\"https:\/\/tto.bau.edu.tr\/wp-content\/uploads\/2024\/11\/5-scaled.jpg\"  class=\"thumb-anchor mobx  \" data-rel=\"my-galleryHyaTKxo71e\" title=\"\"><div class=\"thumb-wrap\"><div style = \"padding-bottom : 100%;\" class=\"gallery-thumb-img-wrap be-grid-placeholder none-effect\"  ><img decoding=\"async\" class=\"\"  src=\"https:\/\/tto.bau.edu.tr\/wp-content\/uploads\/2024\/11\/5-650x385.jpg\" alt=\"\" \/><\/div><\/div><div class=\"thumb-overlay\"><div class=\"thumb-bg\"><div class=\"thumb-title-wrap display-table-cell vertical-align-middle align-center fadeIn animated\"><\/div><\/div><\/div><\/a><\/div><\/div><div class=\"gallery-cell be-col be-hoverlay  not-wide no-wide-width-height style1-hover \" ><div class=\"gallery-cell-inner\"\"><a data-thumb = \"https:\/\/tto.bau.edu.tr\/wp-content\/uploads\/2024\/11\/4-150x150.jpg\" href=\"https:\/\/tto.bau.edu.tr\/wp-content\/uploads\/2024\/11\/4-scaled.jpg\"  class=\"thumb-anchor mobx  \" data-rel=\"my-galleryHyaTKxo71e\" title=\"\"><div class=\"thumb-wrap\"><div style = \"padding-bottom : 100%;\" class=\"gallery-thumb-img-wrap be-grid-placeholder none-effect\"  ><img decoding=\"async\" class=\"\"  src=\"https:\/\/tto.bau.edu.tr\/wp-content\/uploads\/2024\/11\/4-650x385.jpg\" alt=\"\" \/><\/div><\/div><div class=\"thumb-overlay\"><div class=\"thumb-bg\"><div class=\"thumb-title-wrap display-table-cell vertical-align-middle align-center fadeIn animated\"><\/div><\/div><\/div><\/a><\/div><\/div><div class=\"gallery-cell be-col be-hoverlay  not-wide no-wide-width-height style1-hover \" ><div class=\"gallery-cell-inner\"\"><a data-thumb = \"https:\/\/tto.bau.edu.tr\/wp-content\/uploads\/2024\/11\/3-150x150.jpg\" href=\"https:\/\/tto.bau.edu.tr\/wp-content\/uploads\/2024\/11\/3-scaled.jpg\"  class=\"thumb-anchor mobx  \" data-rel=\"my-galleryHyaTKxo71e\" title=\"\"><div class=\"thumb-wrap\"><div style = \"padding-bottom : 100%;\" class=\"gallery-thumb-img-wrap be-grid-placeholder none-effect\"  ><img decoding=\"async\" class=\"\"  src=\"https:\/\/tto.bau.edu.tr\/wp-content\/uploads\/2024\/11\/3-650x385.jpg\" alt=\"\" \/><\/div><\/div><div class=\"thumb-overlay\"><div class=\"thumb-bg\"><div class=\"thumb-title-wrap display-table-cell vertical-align-middle align-center fadeIn animated\"><\/div><\/div><\/div><\/a><\/div><\/div><div class=\"gallery-cell be-col be-hoverlay  not-wide no-wide-width-height style1-hover \" ><div class=\"gallery-cell-inner\"\"><a data-thumb = \"https:\/\/tto.bau.edu.tr\/wp-content\/uploads\/2024\/11\/2-150x150.jpg\" href=\"https:\/\/tto.bau.edu.tr\/wp-content\/uploads\/2024\/11\/2-scaled.jpg\"  class=\"thumb-anchor mobx  \" data-rel=\"my-galleryHyaTKxo71e\" title=\"\"><div class=\"thumb-wrap\"><div style = \"padding-bottom : 100%;\" class=\"gallery-thumb-img-wrap be-grid-placeholder none-effect\"  ><img decoding=\"async\" class=\"\"  src=\"https:\/\/tto.bau.edu.tr\/wp-content\/uploads\/2024\/11\/2-650x385.jpg\" alt=\"\" \/><\/div><\/div><div class=\"thumb-overlay\"><div class=\"thumb-bg\"><div class=\"thumb-title-wrap display-table-cell vertical-align-middle align-center fadeIn animated\"><\/div><\/div><\/div><\/a><\/div><\/div><\/div><\/div><style>.tatsu-HyaTKxo71e .gallery-container{margin: 0 -20px;}.tatsu-HyaTKxo71e .gallery-container .gallery-cell.be-col{margin-bottom: 40px;}.tatsu-HyaTKxo71e .gallery-container .gallery-cell.be-col {padding: 0 20px;}.tatsu-HyaTKxo71e.tatsu-gallery-module .gallery-container {margin-bottom: -40px !important;}.tatsu-HyaTKxo71e.tatsu-gallery-module .thumb-title{color: #fff ;}.tatsu-HyaTKxo71e.tatsu-gallery-module .thumb-bg{background-color: rgba(23,129,241,1);}<\/style><\/div><\/div><\/div><div class = \"tatsu-column-bg-image-wrap\"><div class = \"tatsu-column-bg-image tatsu-bg-lazyload\" data-src = \"\"><\/div><\/div><div class=\"tatsu-overlay tatsu-column-overlay tatsu-animate-none\" ><\/div><\/div><style>.tatsu-row > .tatsu-rJFQhGbGC.tatsu-column{width: 50%;}.tatsu-rJFQhGbGC.tatsu-column > .tatsu-column-inner > .tatsu-column-overlay{mix-blend-mode: normal;}.tatsu-rJFQhGbGC > .tatsu-column-inner > .tatsu-top-divider{z-index: 9999;}.tatsu-rJFQhGbGC > .tatsu-column-inner > .tatsu-bottom-divider{z-index: 9999;}.tatsu-rJFQhGbGC > .tatsu-column-inner > .tatsu-left-divider{z-index: 9999;}.tatsu-rJFQhGbGC > .tatsu-column-inner > .tatsu-right-divider{z-index: 9999;}@media only screen and (max-width:1377px) {.tatsu-row > .tatsu-rJFQhGbGC.tatsu-column{width: 50%;}}@media only screen and (min-width:768px) and (max-width: 1024px) {.tatsu-row > .tatsu-rJFQhGbGC.tatsu-column{width: 50%;}}@media only screen and (max-width: 767px) {.tatsu-row > .tatsu-rJFQhGbGC.tatsu-column{width: 100%;}}<\/style><\/div><div  class=\"tatsu-column  tatsu-bg-overlay tatsu-one-half tatsu-column-image-none tatsu-column-effect-none  tatsu-HJxcpFgimke\"  data-parallax-speed=\"0\" style=\"\"><div class=\"tatsu-column-inner \" ><div class=\"tatsu-column-pad-wrap\"><div class=\"tatsu-column-pad\" ><div  class=\"tatsu-module tatsu-text-block-wrap tatsu-Hkw1cxs7yl  \"><div class=\"tatsu-text-inner tatsu-align-center  clearfix\" ><style>.tatsu-Hkw1cxs7yl.tatsu-text-block-wrap .tatsu-text-inner{width: 100%;text-align: left;}<\/style>\n<p>As Bah\u00e7e\u015fehir University Technology Transfer Office (BAUTTO), we came together with our researchers to evaluate the ongoing efforts to enhance the research performance of our university.<\/p>\n<p>Bah\u00e7e\u015fehir University continues its efforts to increase its research performance without slowing down. As BAUTTO, we held discussions with our researchers to strengthen the university&#8217;s research capacity through various projects and strategies.<\/p>\n<p>A detailed evaluation of the university\u2019s current research performance was conducted with the participation of Bah\u00e7e\u015fehir University Rector Prof. Dr. Esra Hatipo\u011flu, Vice Rectors Prof. Dr. Tun\u00e7 Bozbura and Prof. Dr. Ahmet Be\u015fkese. The meeting focused on collaborations in research areas and identified areas that need further development.<\/p>\n<p>Another significant aspect of our event was the meeting with the Faculty of Communication. Bah\u00e7e\u015fehir University focused on strengthening its participation in T\u00dcB\u0130TAK and Horizon Europe projects and achieving more success on these platforms. During the meeting, the potential contributions of these projects to the university were discussed, with the goal of developing more collaborations and projects in relevant fields.<\/p>\n<p>As BAUTTO, these strategic meetings in the fields of research and technology transfer are regularly organized to contribute to the university\u2019s scientific development and to ensure stronger participation in national and international projects. Our goal is to raise awareness of Bah\u00e7e\u015fehir University\u2019s research and increase its impact in the scientific field.<\/p>\n<p>\u00a0<\/p>\n<\/div><\/div><\/div><\/div><div class = \"tatsu-column-bg-image-wrap\"><div class = \"tatsu-column-bg-image tatsu-bg-lazyload\" data-src = \"\"><\/div><\/div><div class=\"tatsu-overlay tatsu-column-overlay tatsu-animate-none\" ><\/div><\/div><style>.tatsu-row > .tatsu-HJxcpFgimke.tatsu-column{width: 50%;}.tatsu-HJxcpFgimke.tatsu-column > .tatsu-column-inner > .tatsu-column-overlay{mix-blend-mode: normal;}.tatsu-HJxcpFgimke > .tatsu-column-inner > .tatsu-top-divider{z-index: 9999;}.tatsu-HJxcpFgimke > .tatsu-column-inner > .tatsu-bottom-divider{z-index: 9999;}.tatsu-HJxcpFgimke > .tatsu-column-inner > .tatsu-left-divider{z-index: 9999;}.tatsu-HJxcpFgimke > .tatsu-column-inner > .tatsu-right-divider{z-index: 9999;}@media only screen and (max-width:1377px) {.tatsu-row > .tatsu-HJxcpFgimke.tatsu-column{width: 50%;}}@media only screen and (min-width:768px) and (max-width: 1024px) {.tatsu-row > .tatsu-HJxcpFgimke.tatsu-column{width: 50%;}}@media only screen and (max-width: 767px) {.tatsu-row > .tatsu-HJxcpFgimke.tatsu-column{width: 100%;}}<\/style><\/div><\/div><\/div><\/div><div class=\"tatsu-section-background-wrap\"><div class = \"tatsu-section-background tatsu-bg-lazyload\" data-src = \"\"><\/div><\/div><div class=\"tatsu-overlay tatsu-section-overlay\"><\/div><style>.tatsu-rJZK7hMWGA .tatsu-section-pad{padding: 90px 0px 90px 0px;}.tatsu-rJZK7hMWGA .tatsu-section-offset-wrap{transform: translateY(-0px);}.tatsu-rJZK7hMWGA > .tatsu-bottom-divider{z-index: 9999;}.tatsu-rJZK7hMWGA > .tatsu-top-divider{z-index: 9999;}.tatsu-rJZK7hMWGA .tatsu-section-overlay{mix-blend-mode: normal;}<\/style><\/div>\n","protected":false},"excerpt":{"rendered":"<div><a href=\"https:\/\/tto.bau.edu.tr\/en\/as-bautto-we-came-together-with-bau-researchers\/\" class=\"exp-read-more exp-read-more-underlined\">Read More<\/a><\/div>\n","protected":false},"author":3,"featured_media":0,"parent":0,"menu_order":0,"comment_status":"closed","ping_status":"closed","template":"","meta":{"footnotes":""},"class_list":["post-8041","page","type-page","status-publish","hentry"],"_links":{"self":[{"href":"https:\/\/tto.bau.edu.tr\/en\/wp-json\/wp\/v2\/pages\/8041","targetHints":{"allow":["GET"]}}],"collection":[{"href":"https:\/\/tto.bau.edu.tr\/en\/wp-json\/wp\/v2\/pages"}],"about":[{"href":"https:\/\/tto.bau.edu.tr\/en\/wp-json\/wp\/v2\/types\/page"}],"author":[{"embeddable":true,"href":"https:\/\/tto.bau.edu.tr\/en\/wp-json\/wp\/v2\/users\/3"}],"replies":[{"embeddable":true,"href":"https:\/\/tto.bau.edu.tr\/en\/wp-json\/wp\/v2\/comments?post=8041"}],"version-history":[{"count":0,"href":"https:\/\/tto.bau.edu.tr\/en\/wp-json\/wp\/v2\/pages\/8041\/revisions"}],"wp:attachment":[{"href":"https:\/\/tto.bau.edu.tr\/en\/wp-json\/wp\/v2\/media?parent=8041"}],"curies":[{"name":"wp","href":"https:\/\/api.w.org\/{rel}","templated":true}]}}