{"id":7945,"date":"2024-11-11T13:20:41","date_gmt":"2024-11-11T10:20:41","guid":{"rendered":"https:\/\/tto.bau.edu.tr\/?page_id=7945"},"modified":"2024-11-11T13:21:38","modified_gmt":"2024-11-11T10:21:38","slug":"mcaa-career-development-working-group-webinar-invitation","status":"publish","type":"page","link":"https:\/\/tto.bau.edu.tr\/en\/mcaa-career-development-working-group-webinar-invitation\/","title":{"rendered":"MCAA Career Development Working Group Webinar Invitation"},"content":{"rendered":"<div  class=\"tatsu-rJZK7hMWGA tatsu-section  tatsu-bg-overlay   tatsu-clearfix\" data-title=\"\"  data-headerscheme=\"background--dark\"><div class='tatsu-section-pad clearfix' data-padding='{\"d\":\"90px 0px 90px 0px\"}' data-padding-top='90px'><div class=\"tatsu-row-wrap  tatsu-wrap tatsu-row-one-col tatsu-row-has-one-cols tatsu-medium-gutter tatsu-reg-cols  tatsu-clearfix tatsu-B1gYm2G-zR\" ><div  class=\"tatsu-row \" ><div  class=\"tatsu-column  tatsu-bg-overlay tatsu-one-col tatsu-column-image-none tatsu-column-effect-none  tatsu-rJFQhGbGC\"  data-parallax-speed=\"0\" style=\"\"><div class=\"tatsu-column-inner \" ><div class=\"tatsu-column-pad-wrap\"><div class=\"tatsu-column-pad\" ><div  class=\"tatsu-single-image tatsu-module tatsu-image-lazyload tatsu-SkRmnzWfA  \" ><div class=\"tatsu-single-image-inner \" style=\"width : 1600px;\" ><div class = \"tatsu-single-image-padding-wrap\" style = \"padding-bottom : 56.25%;\" ><\/div><a href = \"https:\/\/mariecuriealumni-eu.zoom.us\/meeting\/register\/tJ0kdOyrpj8jHtVyslfKo9YRP-DYChNp-lLT?_x_zm_rtaid=9EOTG6GtQaSA5_qonmZcBQ.1731317338825.d478f08e528942f59b185360587b280e&_x_zm_rhtaid=610\" target = \"_blank\" ><img class = \"tatsu-gradient-border\" alt = \"\" title = \"MCAA-Webinar-G\u00f6rsel\" data-src = \"https:\/\/tto.bau.edu.tr\/wp-content\/uploads\/2024\/11\/MCAA-Webinar-Gorsel.png\" src =\"data:image\/png;base64,iVBORw0KGgoAAAANSUhEUgAAAAEAAAABCAQAAAC1HAwCAAAAC0lEQVR42mNkYAAAAAYAAjCB0C8AAAAASUVORK5CYII=\"  \/><\/a><\/div><style>.tatsu-SkRmnzWfA{margin: 0px 0px 30px 0px;}.tatsu-SkRmnzWfA .tatsu-single-image-inner{border-style: solid;max-width: 100%;}.tatsu-SkRmnzWfA.tatsu-single-image{transform: translate3d(0px,0px, 0);}<\/style><\/div><div  class=\"tatsu-module tatsu-text-block-wrap tatsu-B1lH2zWfC  \"><div class=\"tatsu-text-inner tatsu-align-center  clearfix\" ><style>.tatsu-B1lH2zWfC.tatsu-text-block-wrap .tatsu-text-inner{width: 100%;text-align: left;}<\/style>\n<p>The Career Development Working Group invites you to a webinar on career transitions for researchers. Three distinguished speakers will share their experiences and career paths in both academia and industry, demonstrating how MSCA Fellowships have provided valuable opportunities to think beyond traditional research.<\/p>\n<p><strong>Date: November 15th (Friday), 2024<br \/>\u00a0<br \/>Time: 15:30-16:30 CET<\/strong><\/p>\n<p><strong>Register for the webinar here:<\/strong>\u00a0<a title=\"\u00d6zg\u00fcn URL: https:\/\/shorturl.at\/KhvmI. Bu ba\u011flant\u0131ya g\u00fcveniyorsan\u0131z t\u0131klay\u0131n veya dokunun.\" href=\"https:\/\/eur03.safelinks.protection.outlook.com\/?url=https%3A%2F%2Fshorturl.at%2FKhvmI&amp;data=05%7C02%7Cmurat.atan%40bau.edu.tr%7C0a6f031daad74106ca1108dd021379c5%7C8985f9b5679c4a398db6854329895dac%7C0%7C0%7C638669004850332385%7CUnknown%7CTWFpbGZsb3d8eyJFbXB0eU1hcGkiOnRydWUsIlYiOiIwLjAuMDAwMCIsIlAiOiJXaW4zMiIsIkFOIjoiTWFpbCIsIldUIjoyfQ%3D%3D%7C0%7C%7C%7C&amp;sdata=9yqN3JXvvxp4SCqGHMp8BSllvEzKV2cUNPdnt4K%2FZQI%3D&amp;reserved=0\" target=\"_blank\" rel=\"noopener noreferrer\" data-auth=\"Verified\" data-linkindex=\"0\">https:\/\/shorturl.at\/KhvmI<\/a>\u00a0<\/p>\n<p><strong>Meeting ID:<\/strong>\u00a0999 3538 4941<br \/><strong>Password:\u00a0<\/strong>606372<\/p>\n<p>Please disseminate this event among your members.<\/p>\n<p><strong>Topics to be covered include:<\/strong><\/p>\n<p>\u00b7\u00a0What difficulties to overcome whilst job hunting?<\/p>\n<p>\u00b7\u00a0What are the first couple of months in the private sector like?<\/p>\n<p>\u00b7\u00a0What skills gained during an MSCA-PF can be very useful in industry?<\/p>\n<p>\u00b7\u00a0How to collaborate with new colleagues who have a different background?<\/p>\n<p><strong>Moderator:<\/strong><\/p>\n<p><strong>Prof.\u00a0\u00a0S\u00fcreyya Aky\u00fcz, Chair,<\/strong><\/p>\n<p>Career Development Working Group<\/p>\n<p>Dept of Mathematics,\u00a0Bahcesehir University, Istanbul, Turkey<\/p>\n<p><strong>Speakers:<\/strong><\/p>\n<p><strong>Dr. Zeynep Karatza<\/strong><br \/>Dr. Karatza completed an MSCA Postdoctoral Fellowship at the National Technical University of Athens, Greece, where she studied the thermomechanical response of concrete tunnel linings in fire conditions. She then transitioned to industry and is currently a consultant at OTM A.T.E., a geotechnical firm in Athens,Greece.<\/p>\n<p><strong>Dr. Paraskevi Yiouta-Mitra<\/strong><br \/>Dr. Yiouta-Mitra, from the Tunnelling Laboratory, School of Mining and Metallurgy, National Technical University of Athens, will facilitate the webinar. She is a member of the MCAA Career Development Working Group and works with the International Tunnelling Association\u2019s Sprayed Concrete Lining and Sustainability-Task Force EDI. She specializes in underground works support.<\/p>\n<p><strong>Dr. Ilaria Sanzari\u00a0<\/strong><br \/>Dr. Sanzari is a Postdoc Marie Curie Fellow at the Department of Pharmacy, University of Salerno,Italy. She specializes in nanotechnology, particularly the application of nanomaterials in AgriTech and biomedical industries. She earned her PhD in Electronics and Electrical Engineering from the University of Southampton,focusing on nanogels for cardiac cell stimulation. After her PhD,she worked as a Deep Tech Consultant at TTP Plc in Cambridge for almost five years.<\/p>\n<\/div><\/div><\/div><\/div><div class = \"tatsu-column-bg-image-wrap\"><div class = \"tatsu-column-bg-image tatsu-bg-lazyload\" data-src = \"\"><\/div><\/div><div class=\"tatsu-overlay tatsu-column-overlay tatsu-animate-none\" ><\/div><\/div><style>.tatsu-row > .tatsu-rJFQhGbGC.tatsu-column{width: 100%;}.tatsu-rJFQhGbGC.tatsu-column > .tatsu-column-inner > .tatsu-column-overlay{mix-blend-mode: normal;}.tatsu-rJFQhGbGC > .tatsu-column-inner > .tatsu-top-divider{z-index: 9999;}.tatsu-rJFQhGbGC > .tatsu-column-inner > .tatsu-bottom-divider{z-index: 9999;}.tatsu-rJFQhGbGC > .tatsu-column-inner > .tatsu-left-divider{z-index: 9999;}.tatsu-rJFQhGbGC > .tatsu-column-inner > .tatsu-right-divider{z-index: 9999;}@media only screen and (max-width:1377px) {.tatsu-row > .tatsu-rJFQhGbGC.tatsu-column{width: 100%;}}@media only screen and (min-width:768px) and (max-width: 1024px) {.tatsu-row > .tatsu-rJFQhGbGC.tatsu-column{width: 100%;}}@media only screen and (max-width: 767px) {.tatsu-row > .tatsu-rJFQhGbGC.tatsu-column{width: 100%;}}<\/style><\/div><\/div><\/div><\/div><div class=\"tatsu-section-background-wrap\"><div class = \"tatsu-section-background tatsu-bg-lazyload\" data-src = \"\"><\/div><\/div><div class=\"tatsu-overlay tatsu-section-overlay\"><\/div><style>.tatsu-rJZK7hMWGA .tatsu-section-pad{padding: 90px 0px 90px 0px;}.tatsu-rJZK7hMWGA .tatsu-section-offset-wrap{transform: translateY(-0px);}.tatsu-rJZK7hMWGA > .tatsu-bottom-divider{z-index: 9999;}.tatsu-rJZK7hMWGA > .tatsu-top-divider{z-index: 9999;}.tatsu-rJZK7hMWGA .tatsu-section-overlay{mix-blend-mode: normal;}<\/style><\/div>\n","protected":false},"excerpt":{"rendered":"<div><a href=\"https:\/\/tto.bau.edu.tr\/en\/mcaa-career-development-working-group-webinar-invitation\/\" class=\"exp-read-more exp-read-more-underlined\">Read More<\/a><\/div>\n","protected":false},"author":3,"featured_media":0,"parent":0,"menu_order":0,"comment_status":"closed","ping_status":"closed","template":"","meta":{"footnotes":""},"class_list":["post-7945","page","type-page","status-publish","hentry"],"_links":{"self":[{"href":"https:\/\/tto.bau.edu.tr\/en\/wp-json\/wp\/v2\/pages\/7945","targetHints":{"allow":["GET"]}}],"collection":[{"href":"https:\/\/tto.bau.edu.tr\/en\/wp-json\/wp\/v2\/pages"}],"about":[{"href":"https:\/\/tto.bau.edu.tr\/en\/wp-json\/wp\/v2\/types\/page"}],"author":[{"embeddable":true,"href":"https:\/\/tto.bau.edu.tr\/en\/wp-json\/wp\/v2\/users\/3"}],"replies":[{"embeddable":true,"href":"https:\/\/tto.bau.edu.tr\/en\/wp-json\/wp\/v2\/comments?post=7945"}],"version-history":[{"count":0,"href":"https:\/\/tto.bau.edu.tr\/en\/wp-json\/wp\/v2\/pages\/7945\/revisions"}],"wp:attachment":[{"href":"https:\/\/tto.bau.edu.tr\/en\/wp-json\/wp\/v2\/media?parent=7945"}],"curies":[{"name":"wp","href":"https:\/\/api.w.org\/{rel}","templated":true}]}}