{"id":7889,"date":"2024-11-04T15:23:23","date_gmt":"2024-11-04T12:23:23","guid":{"rendered":"https:\/\/tto.bau.edu.tr\/?page_id=7889"},"modified":"2024-11-04T15:28:19","modified_gmt":"2024-11-04T12:28:19","slug":"gender-equality-and-inclusion-call-opened-bauequal-baubap","status":"publish","type":"page","link":"https:\/\/tto.bau.edu.tr\/en\/gender-equality-and-inclusion-call-opened-bauequal-baubap\/","title":{"rendered":"\u201cGender Equality and Inclusion\u201d Call Opened! (BAUEQUAL-BAUBAP)"},"content":{"rendered":"<div  class=\"tatsu-BJWFwf1uuR tatsu-section  tatsu-bg-overlay   tatsu-clearfix\" data-title=\"\"  data-headerscheme=\"background--dark\"><div class='tatsu-section-pad clearfix' data-padding='{\"d\":\"90px 0px 90px 0px\"}' data-padding-top='90px'><div class=\"tatsu-row-wrap  tatsu-wrap tatsu-row-has-one-half tatsu-row-has-two-cols tatsu-medium-gutter tatsu-reg-cols  tatsu-clearfix tatsu-BJxKPMyuOC\" ><div  class=\"tatsu-row \" ><div  class=\"tatsu-column  tatsu-bg-overlay tatsu-one-half tatsu-column-image-none tatsu-column-effect-none  tatsu-H16DfyOOA\"  data-parallax-speed=\"0\" style=\"\"><div class=\"tatsu-column-inner \" ><div class=\"tatsu-column-pad-wrap\"><div class=\"tatsu-column-pad\" ><div  class=\"tatsu-single-image tatsu-module tatsu-image-lazyload tatsu-B1eOMku_A  \" ><div class=\"tatsu-single-image-inner \" style=\"width : 1080px;\" ><div class = \"tatsu-single-image-padding-wrap\" style = \"padding-bottom : 100%;\" ><\/div><a href = \"https:\/\/tto.bau.edu.tr\/wp-content\/uploads\/2024\/11\/BAUBAP-BAUEQUAL-2024-Cagri-Metni_04.11.2024-1.docx\" ><img class = \"tatsu-gradient-border\" alt = \"\" title = \"BAP_\u00c7a\u011fr\u0131_Duyuru_G\u00f6rsel_ENG_30.10.2024\" data-src = \"https:\/\/tto.bau.edu.tr\/wp-content\/uploads\/2024\/11\/BAP_Cagri_Duyuru_Gorsel_ENG_30.10.2024.jpg\" src =\"data:image\/png;base64,iVBORw0KGgoAAAANSUhEUgAAAAEAAAABCAQAAAC1HAwCAAAAC0lEQVR42mNkYAAAAAYAAjCB0C8AAAAASUVORK5CYII=\"  \/><\/a><\/div><style>.tatsu-B1eOMku_A .tatsu-single-image-inner{border-style: solid;max-width: 100%;}.tatsu-B1eOMku_A.tatsu-single-image{transform: translate3d(0px,0px, 0);}<\/style><\/div><\/div><\/div><div class = \"tatsu-column-bg-image-wrap\"><div class = \"tatsu-column-bg-image tatsu-bg-lazyload\" data-src = \"\"><\/div><\/div><div class=\"tatsu-overlay tatsu-column-overlay tatsu-animate-none\" ><\/div><\/div><style>.tatsu-row > .tatsu-H16DfyOOA.tatsu-column{width: 50%;}.tatsu-H16DfyOOA.tatsu-column > .tatsu-column-inner > .tatsu-column-overlay{mix-blend-mode: normal;}.tatsu-H16DfyOOA > .tatsu-column-inner > .tatsu-top-divider{z-index: 9999;}.tatsu-H16DfyOOA > .tatsu-column-inner > .tatsu-bottom-divider{z-index: 9999;}.tatsu-H16DfyOOA > .tatsu-column-inner > .tatsu-left-divider{z-index: 9999;}.tatsu-H16DfyOOA > .tatsu-column-inner > .tatsu-right-divider{z-index: 9999;}@media only screen and (max-width:1377px) {.tatsu-row > .tatsu-H16DfyOOA.tatsu-column{width: 50%;}}@media only screen and (min-width:768px) and (max-width: 1024px) {.tatsu-row > .tatsu-H16DfyOOA.tatsu-column{width: 50%;}}@media only screen and (max-width: 767px) {.tatsu-row > .tatsu-H16DfyOOA.tatsu-column{width: 100%;}}<\/style><\/div><div  class=\"tatsu-column  tatsu-bg-overlay tatsu-one-half tatsu-column-image-none tatsu-column-effect-none  tatsu-rJxpDM1OO0\"  data-parallax-speed=\"0\" style=\"\"><div class=\"tatsu-column-inner \" ><div class=\"tatsu-column-pad-wrap\"><div class=\"tatsu-column-pad\" ><div  class=\"tatsu-module tatsu-text-block-wrap tatsu-B1stfkOOR  \"><div class=\"tatsu-text-inner tatsu-align-center  clearfix\" ><style>.tatsu-B1stfkOOR.tatsu-text-block-wrap .tatsu-text-inner{width: 100%;text-align: left;}<\/style>\n<p><strong>&#8220;Gender Equality and Inclusion&#8221; Call Opened! (BAUEQUAL-BAUBAP)<\/strong><\/p>\n<p>Bah\u00e7e\u015fehir University is taking significant steps to support gender equality and inclusivity through the Equality and Inclusivity Unit (BAUEQUAL). Established in 2020, BAUEQUAL aims to create an equitable institutional culture and enhance the understanding of gender equality in society.<\/p>\n<p>In this context, a call for proposals has been prepared to support research projects related to gender equality and inclusivity. The projects are expected to promote gender equality, raise awareness, and contribute to scientific knowledge.<\/p>\n<p><strong>Call Opening Date:<\/strong> November 4, 2024<br \/><strong>Closing Date:<\/strong> December 31, 2024<\/p>\n<\/div><\/div><div  class=\"tatsu-module tatsu-normal-button tatsu-button-wrap   tatsu-BJn02NIZkx   \"><a class=\"tatsu-shortcode mediumbtn tatsu-button left-icon circular   bg-animation-none  \" href=\"https:\/\/tto.bau.edu.tr\/wp-content\/uploads\/2024\/11\/BAUBAP-BAUEQUAL-2024-Cagri-Metni_04.11.2024-1.docx\" style= \"\"  aria-label=\"Click here to access the detailed call for proposals.\" data-gdpr-atts={} target=\"_blank\"><i class=\"tatsu-icon tatsu-icon-arrow-right2\"><\/i>Click here to access the detailed call for proposals.<\/a><style>.tatsu-BJn02NIZkx .tatsu-button{background-color: rgba(23,129,241,1);color: #ffffff ;}.tatsu-BJn02NIZkx .tatsu-button:hover{background-color: rgba(255,125,0,1);}<\/style><\/div><\/div><\/div><div class = \"tatsu-column-bg-image-wrap\"><div class = \"tatsu-column-bg-image tatsu-bg-lazyload\" data-src = \"\"><\/div><\/div><div class=\"tatsu-overlay tatsu-column-overlay tatsu-animate-none\" ><\/div><\/div><style>.tatsu-row > .tatsu-rJxpDM1OO0.tatsu-column{width: 50%;}.tatsu-rJxpDM1OO0.tatsu-column > .tatsu-column-inner > .tatsu-column-overlay{mix-blend-mode: normal;}.tatsu-rJxpDM1OO0 > .tatsu-column-inner > .tatsu-top-divider{z-index: 9999;}.tatsu-rJxpDM1OO0 > .tatsu-column-inner > .tatsu-bottom-divider{z-index: 9999;}.tatsu-rJxpDM1OO0 > .tatsu-column-inner > .tatsu-left-divider{z-index: 9999;}.tatsu-rJxpDM1OO0 > .tatsu-column-inner > .tatsu-right-divider{z-index: 9999;}@media only screen and (max-width:1377px) {.tatsu-row > .tatsu-rJxpDM1OO0.tatsu-column{width: 50%;}}@media only screen and (min-width:768px) and (max-width: 1024px) {.tatsu-row > .tatsu-rJxpDM1OO0.tatsu-column{width: 50%;}}@media only screen and (max-width: 767px) {.tatsu-row > .tatsu-rJxpDM1OO0.tatsu-column{width: 100%;}}<\/style><\/div><\/div><\/div><\/div><div class=\"tatsu-section-background-wrap\"><div class = \"tatsu-section-background tatsu-bg-lazyload\" data-src = \"\"><\/div><\/div><div class=\"tatsu-overlay tatsu-section-overlay\"><\/div><style>.tatsu-BJWFwf1uuR .tatsu-section-pad{padding: 90px 0px 90px 0px;}.tatsu-BJWFwf1uuR .tatsu-section-offset-wrap{transform: translateY(-0px);}.tatsu-BJWFwf1uuR > .tatsu-bottom-divider{z-index: 9999;}.tatsu-BJWFwf1uuR > .tatsu-top-divider{z-index: 9999;}.tatsu-BJWFwf1uuR .tatsu-section-overlay{mix-blend-mode: normal;}<\/style><\/div>\n","protected":false},"excerpt":{"rendered":"<div><a href=\"https:\/\/tto.bau.edu.tr\/en\/gender-equality-and-inclusion-call-opened-bauequal-baubap\/\" class=\"exp-read-more exp-read-more-underlined\">Read More<\/a><\/div>\n","protected":false},"author":3,"featured_media":0,"parent":0,"menu_order":0,"comment_status":"closed","ping_status":"closed","template":"","meta":{"footnotes":""},"class_list":["post-7889","page","type-page","status-publish","hentry"],"_links":{"self":[{"href":"https:\/\/tto.bau.edu.tr\/en\/wp-json\/wp\/v2\/pages\/7889","targetHints":{"allow":["GET"]}}],"collection":[{"href":"https:\/\/tto.bau.edu.tr\/en\/wp-json\/wp\/v2\/pages"}],"about":[{"href":"https:\/\/tto.bau.edu.tr\/en\/wp-json\/wp\/v2\/types\/page"}],"author":[{"embeddable":true,"href":"https:\/\/tto.bau.edu.tr\/en\/wp-json\/wp\/v2\/users\/3"}],"replies":[{"embeddable":true,"href":"https:\/\/tto.bau.edu.tr\/en\/wp-json\/wp\/v2\/comments?post=7889"}],"version-history":[{"count":0,"href":"https:\/\/tto.bau.edu.tr\/en\/wp-json\/wp\/v2\/pages\/7889\/revisions"}],"wp:attachment":[{"href":"https:\/\/tto.bau.edu.tr\/en\/wp-json\/wp\/v2\/media?parent=7889"}],"curies":[{"name":"wp","href":"https:\/\/api.w.org\/{rel}","templated":true}]}}