{"id":7665,"date":"2024-05-12T23:23:57","date_gmt":"2024-05-12T20:23:57","guid":{"rendered":"https:\/\/tto.bau.edu.tr\/?page_id=7665"},"modified":"2024-05-12T23:24:54","modified_gmt":"2024-05-12T20:24:54","slug":"prof-dr-sefika-feza-orhans-project-qualified-for-support-within-the-scope-of-tubitak-4005-program","status":"publish","type":"page","link":"https:\/\/tto.bau.edu.tr\/en\/prof-dr-sefika-feza-orhans-project-qualified-for-support-within-the-scope-of-tubitak-4005-program\/","title":{"rendered":"Prof. Dr. \u015eefika Feza Orhan\u2019s Project Qualified for Support within the Scope of T\u00dcB\u0130TAK 4005 Program!"},"content":{"rendered":"<div  class=\"tatsu-Sy-hDSi0GA tatsu-section  tatsu-bg-overlay   tatsu-clearfix\" data-title=\"\"  data-headerscheme=\"background--dark\"><div class='tatsu-section-pad clearfix' data-padding='{\"d\":\"90px 0px 90px 0px\"}' data-padding-top='90px'><div class=\"tatsu-row-wrap  tatsu-wrap tatsu-row-has-one-half tatsu-row-has-two-cols tatsu-medium-gutter tatsu-reg-cols  tatsu-clearfix tatsu-ByenPHoAGR\" ><div  class=\"tatsu-row \" ><div  class=\"tatsu-column  tatsu-bg-overlay tatsu-one-half tatsu-column-image-none tatsu-column-effect-none  tatsu-B1kdro0GA\"  data-parallax-speed=\"0\" style=\"\"><div class=\"tatsu-column-inner \" ><div class=\"tatsu-column-pad-wrap\"><div class=\"tatsu-column-pad\" ><div  class=\"tatsu-single-image tatsu-module tatsu-image-lazyload tatsu-rJMOHo0GR  \" ><div class=\"tatsu-single-image-inner \" style=\"width : 1920px;\" ><div class = \"tatsu-single-image-padding-wrap\" style = \"padding-bottom : 56.25%;\" ><\/div><img class = \"tatsu-gradient-border\" alt = \"\" title = \"S\u0327efika-Feza-Orhan_Yatay_Eng_06.05.2024\" data-src = \"https:\/\/tto.bau.edu.tr\/wp-content\/uploads\/2024\/05\/Sefika-Feza-Orhan_Yatay_Eng_06.05.2024.jpg\" src =\"data:image\/png;base64,iVBORw0KGgoAAAANSUhEUgAAAAEAAAABCAQAAAC1HAwCAAAAC0lEQVR42mNkYAAAAAYAAjCB0C8AAAAASUVORK5CYII=\"  \/><\/div><style>.tatsu-rJMOHo0GR .tatsu-single-image-inner{border-style: solid;max-width: 100%;}.tatsu-rJMOHo0GR.tatsu-single-image{transform: translate3d(0px,0px, 0);}<\/style><\/div><\/div><\/div><div class = \"tatsu-column-bg-image-wrap\"><div class = \"tatsu-column-bg-image tatsu-bg-lazyload\" data-src = \"\"><\/div><\/div><div class=\"tatsu-overlay tatsu-column-overlay tatsu-animate-none\" ><\/div><\/div><style>.tatsu-row > .tatsu-B1kdro0GA.tatsu-column{width: 50%;}.tatsu-B1kdro0GA.tatsu-column > .tatsu-column-inner > .tatsu-column-overlay{mix-blend-mode: normal;}.tatsu-B1kdro0GA > .tatsu-column-inner > .tatsu-top-divider{z-index: 9999;}.tatsu-B1kdro0GA > .tatsu-column-inner > .tatsu-bottom-divider{z-index: 9999;}.tatsu-B1kdro0GA > .tatsu-column-inner > .tatsu-left-divider{z-index: 9999;}.tatsu-B1kdro0GA > .tatsu-column-inner > .tatsu-right-divider{z-index: 9999;}@media only screen and (max-width:1377px) {.tatsu-row > .tatsu-B1kdro0GA.tatsu-column{width: 50%;}}@media only screen and (min-width:768px) and (max-width: 1024px) {.tatsu-row > .tatsu-B1kdro0GA.tatsu-column{width: 50%;}}@media only screen and (max-width: 767px) {.tatsu-row > .tatsu-B1kdro0GA.tatsu-column{width: 100%;}}<\/style><\/div><div  class=\"tatsu-column  tatsu-bg-overlay tatsu-one-half tatsu-column-image-none tatsu-column-effect-none  tatsu-HJgydBi0MA\"  data-parallax-speed=\"0\" style=\"\"><div class=\"tatsu-column-inner \" ><div class=\"tatsu-column-pad-wrap\"><div class=\"tatsu-column-pad\" ><div  class=\"tatsu-module tatsu-text-block-wrap tatsu-BJoYHs0fC  \"><div class=\"tatsu-text-inner tatsu-align-center  clearfix\" ><style>.tatsu-BJoYHs0fC.tatsu-text-block-wrap .tatsu-text-inner{width: 100%;text-align: left;}<\/style>\n<p>Within the scope of T\u00dcB\u0130TAK 4005 \u201cInnovative Educational Practices Support Program\u201d evaluation results;<\/p>\n<p>From the Faculty of Educational Sciences at BAU, headed by the project coordinator Prof. Dr. \u015eefika Feza Orhan, with the expertise of Dr. Ay\u015feg\u00fcl Liman Kaban and Dr. Meltem \u00d6zmutlu, the project titled &#8220;Training Teachers to Develop, Design, and Implement Productive Artificial Intelligence Educational Products within the Framework of the Technology Integration Planning Model&#8221; has been awarded funding of 62,975 TL for a duration of 10 months.<\/p>\n<p>Congratulations to our esteemed academicians, and we wish continued success in they endeavors.<\/p>\n<\/div><\/div><\/div><\/div><div class = \"tatsu-column-bg-image-wrap\"><div class = \"tatsu-column-bg-image tatsu-bg-lazyload\" data-src = \"\"><\/div><\/div><div class=\"tatsu-overlay tatsu-column-overlay tatsu-animate-none\" ><\/div><\/div><style>.tatsu-row > .tatsu-HJgydBi0MA.tatsu-column{width: 50%;}.tatsu-HJgydBi0MA.tatsu-column > .tatsu-column-inner > .tatsu-column-overlay{mix-blend-mode: normal;}.tatsu-HJgydBi0MA > .tatsu-column-inner > .tatsu-top-divider{z-index: 9999;}.tatsu-HJgydBi0MA > .tatsu-column-inner > .tatsu-bottom-divider{z-index: 9999;}.tatsu-HJgydBi0MA > .tatsu-column-inner > .tatsu-left-divider{z-index: 9999;}.tatsu-HJgydBi0MA > .tatsu-column-inner > .tatsu-right-divider{z-index: 9999;}@media only screen and (max-width:1377px) {.tatsu-row > .tatsu-HJgydBi0MA.tatsu-column{width: 50%;}}@media only screen and (min-width:768px) and (max-width: 1024px) {.tatsu-row > .tatsu-HJgydBi0MA.tatsu-column{width: 50%;}}@media only screen and (max-width: 767px) {.tatsu-row > .tatsu-HJgydBi0MA.tatsu-column{width: 100%;}}<\/style><\/div><\/div><\/div><\/div><div class=\"tatsu-section-background-wrap\"><div class = \"tatsu-section-background tatsu-bg-lazyload\" data-src = \"\"><\/div><\/div><div class=\"tatsu-overlay tatsu-section-overlay\"><\/div><style>.tatsu-Sy-hDSi0GA .tatsu-section-pad{padding: 90px 0px 90px 0px;}.tatsu-Sy-hDSi0GA .tatsu-section-offset-wrap{transform: translateY(-0px);}.tatsu-Sy-hDSi0GA > .tatsu-bottom-divider{z-index: 9999;}.tatsu-Sy-hDSi0GA > .tatsu-top-divider{z-index: 9999;}.tatsu-Sy-hDSi0GA .tatsu-section-overlay{mix-blend-mode: normal;}<\/style><\/div>\n","protected":false},"excerpt":{"rendered":"<div><a href=\"https:\/\/tto.bau.edu.tr\/en\/prof-dr-sefika-feza-orhans-project-qualified-for-support-within-the-scope-of-tubitak-4005-program\/\" class=\"exp-read-more exp-read-more-underlined\">Read More<\/a><\/div>\n","protected":false},"author":3,"featured_media":0,"parent":0,"menu_order":0,"comment_status":"closed","ping_status":"closed","template":"","meta":{"footnotes":""},"class_list":["post-7665","page","type-page","status-publish","hentry"],"_links":{"self":[{"href":"https:\/\/tto.bau.edu.tr\/en\/wp-json\/wp\/v2\/pages\/7665","targetHints":{"allow":["GET"]}}],"collection":[{"href":"https:\/\/tto.bau.edu.tr\/en\/wp-json\/wp\/v2\/pages"}],"about":[{"href":"https:\/\/tto.bau.edu.tr\/en\/wp-json\/wp\/v2\/types\/page"}],"author":[{"embeddable":true,"href":"https:\/\/tto.bau.edu.tr\/en\/wp-json\/wp\/v2\/users\/3"}],"replies":[{"embeddable":true,"href":"https:\/\/tto.bau.edu.tr\/en\/wp-json\/wp\/v2\/comments?post=7665"}],"version-history":[{"count":0,"href":"https:\/\/tto.bau.edu.tr\/en\/wp-json\/wp\/v2\/pages\/7665\/revisions"}],"wp:attachment":[{"href":"https:\/\/tto.bau.edu.tr\/en\/wp-json\/wp\/v2\/media?parent=7665"}],"curies":[{"name":"wp","href":"https:\/\/api.w.org\/{rel}","templated":true}]}}