{"id":7573,"date":"2024-03-19T23:58:31","date_gmt":"2024-03-19T20:58:31","guid":{"rendered":"https:\/\/tto.bau.edu.tr\/?page_id=7573"},"modified":"2025-10-13T13:42:44","modified_gmt":"2025-10-13T10:42:44","slug":"equal-opportunity-project-in-technology-has-started","status":"publish","type":"page","link":"https:\/\/tto.bau.edu.tr\/en\/equal-opportunity-project-in-technology-has-started\/","title":{"rendered":"Equal Opportunity Project in Technology has started!"},"content":{"rendered":"<div  class=\"tatsu-SkbAF3_PRp tatsu-section  tatsu-bg-overlay   tatsu-clearfix\" data-title=\"\"  data-headerscheme=\"background--dark\"><div class='tatsu-section-pad clearfix' data-padding='{\"d\":\"90px 0px 90px 0px\"}' data-padding-top='90px'><div class=\"tatsu-row-wrap  tatsu-wrap tatsu-row-has-one-half tatsu-row-has-two-cols tatsu-medium-gutter tatsu-reg-cols  tatsu-clearfix tatsu-H1lCt3dPAa\" ><div  class=\"tatsu-row \" ><div  class=\"tatsu-column  tatsu-bg-overlay tatsu-one-half tatsu-column-image-none tatsu-column-effect-none  tatsu-r1Bs2_vAa\"  data-parallax-speed=\"0\" style=\"\"><div class=\"tatsu-column-inner \" ><div class=\"tatsu-column-pad-wrap\"><div class=\"tatsu-column-pad\" ><div  class=\"tatsu-single-image tatsu-module tatsu-image-lazyload tatsu-HyUnnOPR6  \" ><div class=\"tatsu-single-image-inner \" style=\"width : 1400px;\" ><div class = \"tatsu-single-image-padding-wrap\" style = \"padding-bottom : 148%;\" ><\/div><img class = \"tatsu-gradient-border\" alt = \"\" title = \"thumbnail_image002\" data-src = \"https:\/\/tto.bau.edu.tr\/wp-content\/uploads\/2024\/03\/thumbnail_image002.jpg\" src =\"data:image\/png;base64,iVBORw0KGgoAAAANSUhEUgAAAAEAAAABCAQAAAC1HAwCAAAAC0lEQVR42mNkYAAAAAYAAjCB0C8AAAAASUVORK5CYII=\"  \/><\/div><style>.tatsu-HyUnnOPR6 .tatsu-single-image-inner{border-style: solid;max-width: 100%;}.tatsu-HyUnnOPR6.tatsu-single-image{transform: translate3d(0px,0px, 0);}<\/style><\/div><div  class=\"tatsu-module tatsu-text-block-wrap tatsu-i6axqwuq7n5j7i9q  \"><div class=\"tatsu-text-inner tatsu-align-center  clearfix\" ><style>.tatsu-i6axqwuq7n5j7i9q.tatsu-text-block-wrap .tatsu-text-inner{width: 100%;text-align: left;padding: 10px 15px 0px 0px;}.tatsu-i6axqwuq7n5j7i9q.tatsu-text-block-wrap{margin: 0px 0px 0px 0px;}<\/style>\n<p style=\"text-align: left;\"><em>Date: 27.12.2023<\/em><\/p>\n<\/div><\/div><\/div><\/div><div class = \"tatsu-column-bg-image-wrap\"><div class = \"tatsu-column-bg-image tatsu-bg-lazyload\" data-src = \"\"><\/div><\/div><div class=\"tatsu-overlay tatsu-column-overlay tatsu-animate-none\" ><\/div><\/div><style>.tatsu-row > .tatsu-r1Bs2_vAa.tatsu-column{width: 50%;}.tatsu-r1Bs2_vAa.tatsu-column > .tatsu-column-inner > .tatsu-column-overlay{mix-blend-mode: normal;}.tatsu-r1Bs2_vAa > .tatsu-column-inner > .tatsu-top-divider{z-index: 9999;}.tatsu-r1Bs2_vAa > .tatsu-column-inner > .tatsu-bottom-divider{z-index: 9999;}.tatsu-r1Bs2_vAa > .tatsu-column-inner > .tatsu-left-divider{z-index: 9999;}.tatsu-r1Bs2_vAa > .tatsu-column-inner > .tatsu-right-divider{z-index: 9999;}@media only screen and (max-width:1377px) {.tatsu-row > .tatsu-r1Bs2_vAa.tatsu-column{width: 50%;}}@media only screen and (min-width:768px) and (max-width: 1024px) {.tatsu-row > .tatsu-r1Bs2_vAa.tatsu-column{width: 50%;}}@media only screen and (max-width: 767px) {.tatsu-row > .tatsu-r1Bs2_vAa.tatsu-column{width: 100%;}}<\/style><\/div><div  class=\"tatsu-column  tatsu-bg-overlay tatsu-one-half tatsu-column-image-none tatsu-column-effect-none  tatsu-r1erohOv0p\"  data-parallax-speed=\"0\" style=\"\"><div class=\"tatsu-column-inner \" ><div class=\"tatsu-column-pad-wrap\"><div class=\"tatsu-column-pad\" ><div  class=\"tatsu-module tatsu-text-block-wrap tatsu-rJya2uw0p  \"><div class=\"tatsu-text-inner tatsu-align-center  clearfix\" ><style>.tatsu-rJya2uw0p.tatsu-text-block-wrap .tatsu-text-inner{width: 100%;text-align: left;}<\/style>\n<p><strong>The &#8220;Equal Opportunity Project in Technology&#8221;, prepared in cooperation with Bah\u00e7e\u015fehir University and Yap\u0131 Kredi, has started!<\/strong><\/p>\n<p>A new milestone has been added to the studies carried out by <strong>Bah\u00e7e\u015fehir University Technology Transfer Office<\/strong> in the field of <strong>University\u2013Industry Cooperation<\/strong>. In order to increase women&#8217;s participation in the world of innovation, <strong>Yap\u0131 Kredi<\/strong> launched the <em>Equal Opportunity in Technology<\/em> project in partnership with <strong>CIFAL Istanbul<\/strong> and <strong>Bah\u00e7e\u015fehir University<\/strong>, affiliated with the <strong>United Nations Institute for Training and Research (UNITAR)<\/strong>.<\/p>\n<p>Within the scope of this program, participants will receive <strong>free training<\/strong> from experts in a wide range of fields &#8211; from <strong>big data<\/strong> to <strong>artificial intelligence<\/strong>, from <strong>cloud technologies<\/strong> to <strong>cyber security<\/strong>.<\/p>\n<p>The project, which will run <strong>from 2023 until December 2026<\/strong>, aims to <strong>provide free technology education and certification opportunities to 80,000 women<\/strong>, supporting their active participation in the technology ecosystem.<\/p>\n<p><strong>Program Participation Conditions<\/strong><\/p>\n<p>All individuals aged <strong>15 and above<\/strong> who are interested in technology and wish to improve themselves in this field can apply and participate in this completely free training program.<\/p>\n<p>In addition, <strong>residents of the Umut Cities<\/strong> established by <strong>Ko\u00e7 Holding<\/strong> after the earthquakes centered in Kahramanmara\u015f can also apply to the project <strong>regardless of gender<\/strong>.<\/p>\n<p>Training sessions will be opened for applicants whose applications are positively evaluated.<\/p>\n<p>If you want to take your first step toward a strong technology career through this impactful collaboration, <a href=\"https:\/\/baugo.online\/certificate-programs\/teknolojide-firsat-esitligi\"><strong>click here!<\/strong><\/a><\/p>\n<\/div><\/div><\/div><\/div><div class = \"tatsu-column-bg-image-wrap\"><div class = \"tatsu-column-bg-image tatsu-bg-lazyload\" data-src = \"\"><\/div><\/div><div class=\"tatsu-overlay tatsu-column-overlay tatsu-animate-none\" ><\/div><\/div><style>.tatsu-row > .tatsu-r1erohOv0p.tatsu-column{width: 50%;}.tatsu-r1erohOv0p.tatsu-column > .tatsu-column-inner > .tatsu-column-overlay{mix-blend-mode: normal;}.tatsu-r1erohOv0p > .tatsu-column-inner > .tatsu-top-divider{z-index: 9999;}.tatsu-r1erohOv0p > .tatsu-column-inner > .tatsu-bottom-divider{z-index: 9999;}.tatsu-r1erohOv0p > .tatsu-column-inner > .tatsu-left-divider{z-index: 9999;}.tatsu-r1erohOv0p > .tatsu-column-inner > .tatsu-right-divider{z-index: 9999;}@media only screen and (max-width:1377px) {.tatsu-row > .tatsu-r1erohOv0p.tatsu-column{width: 50%;}}@media only screen and (min-width:768px) and (max-width: 1024px) {.tatsu-row > .tatsu-r1erohOv0p.tatsu-column{width: 50%;}}@media only screen and (max-width: 767px) {.tatsu-row > .tatsu-r1erohOv0p.tatsu-column{width: 100%;}}<\/style><\/div><\/div><\/div><\/div><div class=\"tatsu-section-background-wrap\"><div class = \"tatsu-section-background tatsu-bg-lazyload\" data-src = \"\"><\/div><\/div><div class=\"tatsu-overlay tatsu-section-overlay\"><\/div><style>.tatsu-SkbAF3_PRp .tatsu-section-pad{padding: 90px 0px 90px 0px;}.tatsu-SkbAF3_PRp .tatsu-section-offset-wrap{transform: translateY(-0px);}.tatsu-SkbAF3_PRp > .tatsu-bottom-divider{z-index: 9999;}.tatsu-SkbAF3_PRp > .tatsu-top-divider{z-index: 9999;}.tatsu-SkbAF3_PRp .tatsu-section-overlay{mix-blend-mode: normal;}<\/style><\/div>\n","protected":false},"excerpt":{"rendered":"<div><a href=\"https:\/\/tto.bau.edu.tr\/en\/equal-opportunity-project-in-technology-has-started\/\" class=\"exp-read-more exp-read-more-underlined\">Read More<\/a><\/div>\n","protected":false},"author":3,"featured_media":0,"parent":0,"menu_order":0,"comment_status":"closed","ping_status":"closed","template":"","meta":{"footnotes":""},"class_list":["post-7573","page","type-page","status-publish","hentry"],"_links":{"self":[{"href":"https:\/\/tto.bau.edu.tr\/en\/wp-json\/wp\/v2\/pages\/7573","targetHints":{"allow":["GET"]}}],"collection":[{"href":"https:\/\/tto.bau.edu.tr\/en\/wp-json\/wp\/v2\/pages"}],"about":[{"href":"https:\/\/tto.bau.edu.tr\/en\/wp-json\/wp\/v2\/types\/page"}],"author":[{"embeddable":true,"href":"https:\/\/tto.bau.edu.tr\/en\/wp-json\/wp\/v2\/users\/3"}],"replies":[{"embeddable":true,"href":"https:\/\/tto.bau.edu.tr\/en\/wp-json\/wp\/v2\/comments?post=7573"}],"version-history":[{"count":0,"href":"https:\/\/tto.bau.edu.tr\/en\/wp-json\/wp\/v2\/pages\/7573\/revisions"}],"wp:attachment":[{"href":"https:\/\/tto.bau.edu.tr\/en\/wp-json\/wp\/v2\/media?parent=7573"}],"curies":[{"name":"wp","href":"https:\/\/api.w.org\/{rel}","templated":true}]}}