{"id":7466,"date":"2024-03-01T17:19:52","date_gmt":"2024-03-01T14:19:52","guid":{"rendered":"https:\/\/tto.bau.edu.tr\/?page_id=7466"},"modified":"2024-03-01T17:24:23","modified_gmt":"2024-03-01T14:24:23","slug":"dr-ibrahim-can-yasas-tubitak-2219-project-qualified-for-support","status":"publish","type":"page","link":"https:\/\/tto.bau.edu.tr\/en\/dr-ibrahim-can-yasas-tubitak-2219-project-qualified-for-support\/","title":{"rendered":"Dr. \u0130brahim Can Ya\u015fa\u2019s T\u00dcB\u0130TAK 2219 Project Qualified for Support!"},"content":{"rendered":"<div  class=\"tatsu-S1W4zVvy6a tatsu-section  tatsu-bg-overlay   tatsu-clearfix\" data-title=\"\"  data-headerscheme=\"background--dark\"><div class='tatsu-section-pad clearfix' data-padding='{\"d\":\"90px 0px 90px 0px\"}' data-padding-top='90px'><div class=\"tatsu-row-wrap  tatsu-wrap tatsu-row-has-one-half tatsu-row-has-two-cols tatsu-medium-gutter tatsu-reg-cols  tatsu-clearfix tatsu-rJxVfNw1pT\" ><div  class=\"tatsu-row \" ><div  class=\"tatsu-column  tatsu-bg-overlay tatsu-one-half tatsu-column-image-none tatsu-column-effect-none  tatsu-HyLS4vJpa\"  data-parallax-speed=\"0\" style=\"\"><div class=\"tatsu-column-inner \" ><div class=\"tatsu-column-pad-wrap\"><div class=\"tatsu-column-pad\" ><div  class=\"tatsu-single-image tatsu-module tatsu-image-lazyload tatsu-rkZU4vypp  \" ><div class=\"tatsu-single-image-inner \" style=\"width : 1920px;\" ><div class = \"tatsu-single-image-padding-wrap\" style = \"padding-bottom : 56.25%;\" ><\/div><img class = \"tatsu-gradient-border\" alt = \"\" title = \"I\u0307brahim-Can-Yas\u0327a_Tebrik_2219_Yatay_ENG_26.02.2024\" data-src = \"https:\/\/tto.bau.edu.tr\/wp-content\/uploads\/2024\/03\/Ibrahim-Can-Yasa_Tebrik_2219_Yatay_ENG_26.02.2024.jpg\" src =\"data:image\/png;base64,iVBORw0KGgoAAAANSUhEUgAAAAEAAAABCAQAAAC1HAwCAAAAC0lEQVR42mNkYAAAAAYAAjCB0C8AAAAASUVORK5CYII=\"  \/><\/div><style>.tatsu-rkZU4vypp .tatsu-single-image-inner{border-style: solid;max-width: 100%;}.tatsu-rkZU4vypp.tatsu-single-image{transform: translate3d(0px,0px, 0);}<\/style><\/div><\/div><\/div><div class = \"tatsu-column-bg-image-wrap\"><div class = \"tatsu-column-bg-image tatsu-bg-lazyload\" data-src = \"\"><\/div><\/div><div class=\"tatsu-overlay tatsu-column-overlay tatsu-animate-none\" ><\/div><\/div><style>.tatsu-row > .tatsu-HyLS4vJpa.tatsu-column{width: 50%;}.tatsu-HyLS4vJpa.tatsu-column > .tatsu-column-inner > .tatsu-column-overlay{mix-blend-mode: normal;}.tatsu-HyLS4vJpa > .tatsu-column-inner > .tatsu-top-divider{z-index: 9999;}.tatsu-HyLS4vJpa > .tatsu-column-inner > .tatsu-bottom-divider{z-index: 9999;}.tatsu-HyLS4vJpa > .tatsu-column-inner > .tatsu-left-divider{z-index: 9999;}.tatsu-HyLS4vJpa > .tatsu-column-inner > .tatsu-right-divider{z-index: 9999;}@media only screen and (max-width:1377px) {.tatsu-row > .tatsu-HyLS4vJpa.tatsu-column{width: 50%;}}@media only screen and (min-width:768px) and (max-width: 1024px) {.tatsu-row > .tatsu-HyLS4vJpa.tatsu-column{width: 50%;}}@media only screen and (max-width: 767px) {.tatsu-row > .tatsu-HyLS4vJpa.tatsu-column{width: 100%;}}<\/style><\/div><div  class=\"tatsu-column  tatsu-bg-overlay tatsu-one-half tatsu-column-image-none tatsu-column-effect-none  tatsu-r1g8BNPyap\"  data-parallax-speed=\"0\" style=\"\"><div class=\"tatsu-column-inner \" ><div class=\"tatsu-column-pad-wrap\"><div class=\"tatsu-column-pad\" ><div  class=\"tatsu-module tatsu-text-block-wrap tatsu-SJ654DkaT  \"><div class=\"tatsu-text-inner tatsu-align-center  clearfix\" ><style>.tatsu-SJ654DkaT.tatsu-text-block-wrap .tatsu-text-inner{width: 100%;text-align: left;}<\/style>\n<p><strong>Dr. \u0130brahim Can Ya\u015fa&#8217;s Project Received Support Within the Scope of T\u00dcB\u0130TAK 2219 International Postdoctoral Research Support Program 2nd Term 2023!<\/strong><\/p>\n<p>BAU Faculty of Health Sciences academician Dr. \u0130brahim Can Ya\u015fa&#8217;s project titled &#8220;Development and Examination of the Effectiveness of a Therapy Program for Individuals with Primary Progressive Aphasia and Their Communication Partners whose Native Language is Turkish&#8221; with a budget of 1,000,000 TL was entitled to be supported for 12 months.<\/p>\n<p>We congratulate our valuable academician and wish him continued successful work \ud83d\udc4f<\/p>\n<\/div><\/div><\/div><\/div><div class = \"tatsu-column-bg-image-wrap\"><div class = \"tatsu-column-bg-image tatsu-bg-lazyload\" data-src = \"\"><\/div><\/div><div class=\"tatsu-overlay tatsu-column-overlay tatsu-animate-none\" ><\/div><\/div><style>.tatsu-row > .tatsu-r1g8BNPyap.tatsu-column{width: 50%;}.tatsu-r1g8BNPyap.tatsu-column > .tatsu-column-inner > .tatsu-column-overlay{mix-blend-mode: normal;}.tatsu-r1g8BNPyap > .tatsu-column-inner > .tatsu-top-divider{z-index: 9999;}.tatsu-r1g8BNPyap > .tatsu-column-inner > .tatsu-bottom-divider{z-index: 9999;}.tatsu-r1g8BNPyap > .tatsu-column-inner > .tatsu-left-divider{z-index: 9999;}.tatsu-r1g8BNPyap > .tatsu-column-inner > .tatsu-right-divider{z-index: 9999;}@media only screen and (max-width:1377px) {.tatsu-row > .tatsu-r1g8BNPyap.tatsu-column{width: 50%;}}@media only screen and (min-width:768px) and (max-width: 1024px) {.tatsu-row > .tatsu-r1g8BNPyap.tatsu-column{width: 50%;}}@media only screen and (max-width: 767px) {.tatsu-row > .tatsu-r1g8BNPyap.tatsu-column{width: 100%;}}<\/style><\/div><\/div><\/div><\/div><div class=\"tatsu-section-background-wrap\"><div class = \"tatsu-section-background tatsu-bg-lazyload\" data-src = \"\"><\/div><\/div><div class=\"tatsu-overlay tatsu-section-overlay\"><\/div><style>.tatsu-S1W4zVvy6a .tatsu-section-pad{padding: 90px 0px 90px 0px;}.tatsu-S1W4zVvy6a .tatsu-section-offset-wrap{transform: translateY(-0px);}.tatsu-S1W4zVvy6a > .tatsu-bottom-divider{z-index: 9999;}.tatsu-S1W4zVvy6a > .tatsu-top-divider{z-index: 9999;}.tatsu-S1W4zVvy6a .tatsu-section-overlay{mix-blend-mode: normal;}<\/style><\/div>\n","protected":false},"excerpt":{"rendered":"<div><a href=\"https:\/\/tto.bau.edu.tr\/en\/dr-ibrahim-can-yasas-tubitak-2219-project-qualified-for-support\/\" class=\"exp-read-more exp-read-more-underlined\">Read More<\/a><\/div>\n","protected":false},"author":3,"featured_media":0,"parent":0,"menu_order":0,"comment_status":"closed","ping_status":"closed","template":"","meta":{"footnotes":""},"class_list":["post-7466","page","type-page","status-publish","hentry"],"_links":{"self":[{"href":"https:\/\/tto.bau.edu.tr\/en\/wp-json\/wp\/v2\/pages\/7466","targetHints":{"allow":["GET"]}}],"collection":[{"href":"https:\/\/tto.bau.edu.tr\/en\/wp-json\/wp\/v2\/pages"}],"about":[{"href":"https:\/\/tto.bau.edu.tr\/en\/wp-json\/wp\/v2\/types\/page"}],"author":[{"embeddable":true,"href":"https:\/\/tto.bau.edu.tr\/en\/wp-json\/wp\/v2\/users\/3"}],"replies":[{"embeddable":true,"href":"https:\/\/tto.bau.edu.tr\/en\/wp-json\/wp\/v2\/comments?post=7466"}],"version-history":[{"count":0,"href":"https:\/\/tto.bau.edu.tr\/en\/wp-json\/wp\/v2\/pages\/7466\/revisions"}],"wp:attachment":[{"href":"https:\/\/tto.bau.edu.tr\/en\/wp-json\/wp\/v2\/media?parent=7466"}],"curies":[{"name":"wp","href":"https:\/\/api.w.org\/{rel}","templated":true}]}}