{"id":7246,"date":"2024-01-04T17:39:51","date_gmt":"2024-01-04T14:39:51","guid":{"rendered":"https:\/\/tto.bau.edu.tr\/?page_id=7246"},"modified":"2024-01-04T17:41:13","modified_gmt":"2024-01-04T14:41:13","slug":"prof-dr-serdar-durdagis-tubitak-1001-project-qualified-for-support","status":"publish","type":"page","link":"https:\/\/tto.bau.edu.tr\/en\/prof-dr-serdar-durdagis-tubitak-1001-project-qualified-for-support\/","title":{"rendered":"Prof. Dr. Serdar Durda\u011f\u0131\u2019s T\u00dcB\u0130TAK 1001 Project Qualified for Support!"},"content":{"rendered":"<div  class=\"tatsu-Sk-fHQrNOa tatsu-section  tatsu-bg-overlay   tatsu-clearfix\" data-title=\"\"  data-headerscheme=\"background--dark\"><div class='tatsu-section-pad clearfix' data-padding='{\"d\":\"90px 0px 90px 0px\"}' data-padding-top='90px'><div class=\"tatsu-row-wrap  tatsu-wrap tatsu-row-has-one-half tatsu-row-has-two-cols tatsu-medium-gutter tatsu-reg-cols  tatsu-clearfix tatsu-BkeMSXHNua\" ><div  class=\"tatsu-row \" ><div  class=\"tatsu-column  tatsu-bg-overlay tatsu-one-half tatsu-column-image-none tatsu-column-effect-none  tatsu-rkrrXHNOp\"  data-parallax-speed=\"0\" style=\"\"><div class=\"tatsu-column-inner \" ><div class=\"tatsu-column-pad-wrap\"><div class=\"tatsu-column-pad\" ><div  class=\"tatsu-single-image tatsu-module tatsu-image-lazyload tatsu-rydS7BEOT  \" ><div class=\"tatsu-single-image-inner \" style=\"width : 1080px;\" ><div class = \"tatsu-single-image-padding-wrap\" style = \"padding-bottom : 100%;\" ><\/div><img class = \"tatsu-gradient-border\" alt = \"\" title = \"Serdar-Durdag\u0306\u0131_TU\u0308BI\u0307TAK-1001_Insta_v2_ENG__04.01.2024\" data-src = \"https:\/\/tto.bau.edu.tr\/wp-content\/uploads\/2024\/01\/Serdar-Durdagi_TUBITAK-1001_Insta_v2_ENG__04.01.2024.jpg\" src =\"data:image\/png;base64,iVBORw0KGgoAAAANSUhEUgAAAAEAAAABCAQAAAC1HAwCAAAAC0lEQVR42mNkYAAAAAYAAjCB0C8AAAAASUVORK5CYII=\"  \/><\/div><style>.tatsu-rydS7BEOT .tatsu-single-image-inner{border-style: solid;max-width: 100%;}.tatsu-rydS7BEOT.tatsu-single-image{transform: translate3d(0px,0px, 0);}<\/style><\/div><\/div><\/div><div class = \"tatsu-column-bg-image-wrap\"><div class = \"tatsu-column-bg-image tatsu-bg-lazyload\" data-src = \"\"><\/div><\/div><div class=\"tatsu-overlay tatsu-column-overlay tatsu-animate-none\" ><\/div><\/div><style>.tatsu-row > .tatsu-rkrrXHNOp.tatsu-column{width: 50%;}.tatsu-rkrrXHNOp.tatsu-column > .tatsu-column-inner > .tatsu-column-overlay{mix-blend-mode: normal;}.tatsu-rkrrXHNOp > .tatsu-column-inner > .tatsu-top-divider{z-index: 9999;}.tatsu-rkrrXHNOp > .tatsu-column-inner > .tatsu-bottom-divider{z-index: 9999;}.tatsu-rkrrXHNOp > .tatsu-column-inner > .tatsu-left-divider{z-index: 9999;}.tatsu-rkrrXHNOp > .tatsu-column-inner > .tatsu-right-divider{z-index: 9999;}@media only screen and (max-width:1377px) {.tatsu-row > .tatsu-rkrrXHNOp.tatsu-column{width: 50%;}}@media only screen and (min-width:768px) and (max-width: 1024px) {.tatsu-row > .tatsu-rkrrXHNOp.tatsu-column{width: 50%;}}@media only screen and (max-width: 767px) {.tatsu-row > .tatsu-rkrrXHNOp.tatsu-column{width: 100%;}}<\/style><\/div><div  class=\"tatsu-column  tatsu-bg-overlay tatsu-one-half tatsu-column-image-none tatsu-column-effect-none  tatsu-HJgHHQSVua\"  data-parallax-speed=\"0\" style=\"\"><div class=\"tatsu-column-inner \" ><div class=\"tatsu-column-pad-wrap\"><div class=\"tatsu-column-pad\" ><div  class=\"tatsu-module tatsu-text-block-wrap tatsu-ryk_7HEdp  \"><div class=\"tatsu-text-inner tatsu-align-center  clearfix\" ><style>.tatsu-ryk_7HEdp.tatsu-text-block-wrap .tatsu-text-inner{width: 100%;text-align: left;}<\/style>\n<p><strong>Prof. Dr. Serdar Durda\u011f\u0131&#8217;s T\u00dcB\u0130TAK 1001 Project Qualified for Support! <\/strong><\/p>\n<p>Prof. Dr. Serdar Durda\u011f\u0131&#8217;s Project Qualified for Support within the Scope of T\u00dcB\u0130TAK 1001 &#8211; &#8220;Scientific and Technological Research Projects Support Program&#8221; 2023 2nd Term Results!<\/p>\n<p>Our dean of Bah\u00e7e\u015fehir University Faculty of Pharmacy, Prof. Dr. Serdar Durda\u011f\u0131&#8217;s project titled &#8220;Development of Dynamic Structure-Based Pharmacophore Models for the Discovery of New Effective Yb-1 Inhibitors: Using Molecular Dynamic Trajectories in Accelerated Virtual Screening&#8221; with a budget of 1,645,000 TL was entitled to be supported for 24 months.<\/p>\n<p>We congratulate our esteemed academician and wish him continued successful work.<\/p>\n<\/div><\/div><\/div><\/div><div class = \"tatsu-column-bg-image-wrap\"><div class = \"tatsu-column-bg-image tatsu-bg-lazyload\" data-src = \"\"><\/div><\/div><div class=\"tatsu-overlay tatsu-column-overlay tatsu-animate-none\" ><\/div><\/div><style>.tatsu-row > .tatsu-HJgHHQSVua.tatsu-column{width: 50%;}.tatsu-HJgHHQSVua.tatsu-column > .tatsu-column-inner > .tatsu-column-overlay{mix-blend-mode: normal;}.tatsu-HJgHHQSVua > .tatsu-column-inner > .tatsu-top-divider{z-index: 9999;}.tatsu-HJgHHQSVua > .tatsu-column-inner > .tatsu-bottom-divider{z-index: 9999;}.tatsu-HJgHHQSVua > .tatsu-column-inner > .tatsu-left-divider{z-index: 9999;}.tatsu-HJgHHQSVua > .tatsu-column-inner > .tatsu-right-divider{z-index: 9999;}@media only screen and (max-width:1377px) {.tatsu-row > .tatsu-HJgHHQSVua.tatsu-column{width: 50%;}}@media only screen and (min-width:768px) and (max-width: 1024px) {.tatsu-row > .tatsu-HJgHHQSVua.tatsu-column{width: 50%;}}@media only screen and (max-width: 767px) {.tatsu-row > .tatsu-HJgHHQSVua.tatsu-column{width: 100%;}}<\/style><\/div><\/div><\/div><\/div><div class=\"tatsu-section-background-wrap\"><div class = \"tatsu-section-background tatsu-bg-lazyload\" data-src = \"\"><\/div><\/div><div class=\"tatsu-overlay tatsu-section-overlay\"><\/div><style>.tatsu-Sk-fHQrNOa .tatsu-section-pad{padding: 90px 0px 90px 0px;}.tatsu-Sk-fHQrNOa .tatsu-section-offset-wrap{transform: translateY(-0px);}.tatsu-Sk-fHQrNOa > .tatsu-bottom-divider{z-index: 9999;}.tatsu-Sk-fHQrNOa > .tatsu-top-divider{z-index: 9999;}.tatsu-Sk-fHQrNOa .tatsu-section-overlay{mix-blend-mode: normal;}<\/style><\/div>\n","protected":false},"excerpt":{"rendered":"<div><a href=\"https:\/\/tto.bau.edu.tr\/en\/prof-dr-serdar-durdagis-tubitak-1001-project-qualified-for-support\/\" class=\"exp-read-more exp-read-more-underlined\">Read More<\/a><\/div>\n","protected":false},"author":3,"featured_media":0,"parent":0,"menu_order":0,"comment_status":"closed","ping_status":"closed","template":"","meta":{"footnotes":""},"class_list":["post-7246","page","type-page","status-publish","hentry"],"_links":{"self":[{"href":"https:\/\/tto.bau.edu.tr\/en\/wp-json\/wp\/v2\/pages\/7246","targetHints":{"allow":["GET"]}}],"collection":[{"href":"https:\/\/tto.bau.edu.tr\/en\/wp-json\/wp\/v2\/pages"}],"about":[{"href":"https:\/\/tto.bau.edu.tr\/en\/wp-json\/wp\/v2\/types\/page"}],"author":[{"embeddable":true,"href":"https:\/\/tto.bau.edu.tr\/en\/wp-json\/wp\/v2\/users\/3"}],"replies":[{"embeddable":true,"href":"https:\/\/tto.bau.edu.tr\/en\/wp-json\/wp\/v2\/comments?post=7246"}],"version-history":[{"count":0,"href":"https:\/\/tto.bau.edu.tr\/en\/wp-json\/wp\/v2\/pages\/7246\/revisions"}],"wp:attachment":[{"href":"https:\/\/tto.bau.edu.tr\/en\/wp-json\/wp\/v2\/media?parent=7246"}],"curies":[{"name":"wp","href":"https:\/\/api.w.org\/{rel}","templated":true}]}}