{"id":7229,"date":"2023-12-27T21:58:03","date_gmt":"2023-12-27T18:58:03","guid":{"rendered":"https:\/\/tto.bau.edu.tr\/?page_id=7229"},"modified":"2023-12-27T21:58:03","modified_gmt":"2023-12-27T18:58:03","slug":"prof-dr-pinar-melis-yelsali-parmaksizs-project-to-be-supported-within-the-scope-of-tubitak-1002-rapid-support-program","status":"publish","type":"page","link":"https:\/\/tto.bau.edu.tr\/en\/prof-dr-pinar-melis-yelsali-parmaksizs-project-to-be-supported-within-the-scope-of-tubitak-1002-rapid-support-program\/","title":{"rendered":"Prof. Dr. P\u0131nar Melis Yelsal\u0131 Parmaks\u0131z\u2019s Project to be Supported within the Scope of T\u00dcB\u0130TAK 1002 Rapid Support Program!"},"content":{"rendered":"<div  class=\"tatsu-ByWso7e5P6 tatsu-section  tatsu-bg-overlay   tatsu-clearfix\" data-title=\"\"  data-headerscheme=\"background--dark\"><div class='tatsu-section-pad clearfix' data-padding='{\"d\":\"90px 0px 90px 0px\"}' data-padding-top='90px'><div class=\"tatsu-row-wrap  tatsu-wrap tatsu-row-has-one-half tatsu-row-has-two-cols tatsu-medium-gutter tatsu-reg-cols  tatsu-clearfix tatsu-SJgioXe5va\" ><div  class=\"tatsu-row \" ><div  class=\"tatsu-column  tatsu-bg-overlay tatsu-one-half tatsu-column-image-none tatsu-column-effect-none  tatsu-Hk6omxcwa\"  data-parallax-speed=\"0\" style=\"\"><div class=\"tatsu-column-inner \" ><div class=\"tatsu-column-pad-wrap\"><div class=\"tatsu-column-pad\" ><div  class=\"tatsu-single-image tatsu-module tatsu-image-lazyload tatsu-S1ynmx5D6  \" ><div class=\"tatsu-single-image-inner \" style=\"width : 1920px;\" ><div class = \"tatsu-single-image-padding-wrap\" style = \"padding-bottom : 56.25%;\" ><\/div><img class = \"tatsu-gradient-border\" alt = \"\" title = \"PINAR-MELI\u0307S-YELSALI_TEBRI\u0307K_DUYURU_ENG_25.12.2023\" data-src = \"https:\/\/tto.bau.edu.tr\/wp-content\/uploads\/2023\/12\/PINAR-MELIS-YELSALI_TEBRIK_DUYURU_ENG_25.12.2023.jpg\" src =\"data:image\/png;base64,iVBORw0KGgoAAAANSUhEUgAAAAEAAAABCAQAAAC1HAwCAAAAC0lEQVR42mNkYAAAAAYAAjCB0C8AAAAASUVORK5CYII=\"  \/><\/div><style>.tatsu-S1ynmx5D6 .tatsu-single-image-inner{border-style: solid;max-width: 100%;}.tatsu-S1ynmx5D6.tatsu-single-image{transform: translate3d(0px,0px, 0);}<\/style><\/div><\/div><\/div><div class = \"tatsu-column-bg-image-wrap\"><div class = \"tatsu-column-bg-image tatsu-bg-lazyload\" data-src = \"\"><\/div><\/div><div class=\"tatsu-overlay tatsu-column-overlay tatsu-animate-none\" ><\/div><\/div><style>.tatsu-row > .tatsu-Hk6omxcwa.tatsu-column{width: 50%;}.tatsu-Hk6omxcwa.tatsu-column > .tatsu-column-inner > .tatsu-column-overlay{mix-blend-mode: normal;}.tatsu-Hk6omxcwa > .tatsu-column-inner > .tatsu-top-divider{z-index: 9999;}.tatsu-Hk6omxcwa > .tatsu-column-inner > .tatsu-bottom-divider{z-index: 9999;}.tatsu-Hk6omxcwa > .tatsu-column-inner > .tatsu-left-divider{z-index: 9999;}.tatsu-Hk6omxcwa > .tatsu-column-inner > .tatsu-right-divider{z-index: 9999;}@media only screen and (max-width:1377px) {.tatsu-row > .tatsu-Hk6omxcwa.tatsu-column{width: 50%;}}@media only screen and (min-width:768px) and (max-width: 1024px) {.tatsu-row > .tatsu-Hk6omxcwa.tatsu-column{width: 50%;}}@media only screen and (max-width: 767px) {.tatsu-row > .tatsu-Hk6omxcwa.tatsu-column{width: 100%;}}<\/style><\/div><div  class=\"tatsu-column  tatsu-bg-overlay tatsu-one-half tatsu-column-image-none tatsu-column-effect-none  tatsu-rJeTj7gcP6\"  data-parallax-speed=\"0\" style=\"\"><div class=\"tatsu-column-inner \" ><div class=\"tatsu-column-pad-wrap\"><div class=\"tatsu-column-pad\" ><div  class=\"tatsu-module tatsu-text-block-wrap tatsu-rkBhmxcPT  \"><div class=\"tatsu-text-inner tatsu-align-center  clearfix\" ><style>.tatsu-rkBhmxcPT.tatsu-text-block-wrap .tatsu-text-inner{width: 100%;text-align: left;}<\/style>\n<p><strong>Prof. Dr. P\u0131nar Melis Yelsal\u0131 Parmaks\u0131z&#8217;s Project to be Supported within the Scope of T\u00dcB\u0130TAK 1002 Rapid Support Program!<\/strong><\/p>\n<p>Within the scope of T\u00dcB\u0130TAK 1002 \u2013 Rapid Support Program evaluation results;<\/p>\n<p>One of our academicians from BAU Faculty of Economics, Administrative and Social Sciences. Dr. P\u0131nar Melis Yelsal\u0131 Parmaks\u0131z&#8217;s project titled &#8220;The Phenomenon of Single-Person Households from the Perspective of Qualitative Approach&#8221; with a budget of 61,980 TL was entitled to be supported for 9 months.<\/p>\n<p>We congratulate our valuable academician and wish him continued successful work.<\/p>\n<\/div><\/div><\/div><\/div><div class = \"tatsu-column-bg-image-wrap\"><div class = \"tatsu-column-bg-image tatsu-bg-lazyload\" data-src = \"\"><\/div><\/div><div class=\"tatsu-overlay tatsu-column-overlay tatsu-animate-none\" ><\/div><\/div><style>.tatsu-row > .tatsu-rJeTj7gcP6.tatsu-column{width: 50%;}.tatsu-rJeTj7gcP6.tatsu-column > .tatsu-column-inner > .tatsu-column-overlay{mix-blend-mode: normal;}.tatsu-rJeTj7gcP6 > .tatsu-column-inner > .tatsu-top-divider{z-index: 9999;}.tatsu-rJeTj7gcP6 > .tatsu-column-inner > .tatsu-bottom-divider{z-index: 9999;}.tatsu-rJeTj7gcP6 > .tatsu-column-inner > .tatsu-left-divider{z-index: 9999;}.tatsu-rJeTj7gcP6 > .tatsu-column-inner > .tatsu-right-divider{z-index: 9999;}@media only screen and (max-width:1377px) {.tatsu-row > .tatsu-rJeTj7gcP6.tatsu-column{width: 50%;}}@media only screen and (min-width:768px) and (max-width: 1024px) {.tatsu-row > .tatsu-rJeTj7gcP6.tatsu-column{width: 50%;}}@media only screen and (max-width: 767px) {.tatsu-row > .tatsu-rJeTj7gcP6.tatsu-column{width: 100%;}}<\/style><\/div><\/div><\/div><\/div><div class=\"tatsu-section-background-wrap\"><div class = \"tatsu-section-background tatsu-bg-lazyload\" data-src = \"\"><\/div><\/div><div class=\"tatsu-overlay tatsu-section-overlay\"><\/div><style>.tatsu-ByWso7e5P6 .tatsu-section-pad{padding: 90px 0px 90px 0px;}.tatsu-ByWso7e5P6 .tatsu-section-offset-wrap{transform: translateY(-0px);}.tatsu-ByWso7e5P6 > .tatsu-bottom-divider{z-index: 9999;}.tatsu-ByWso7e5P6 > .tatsu-top-divider{z-index: 9999;}.tatsu-ByWso7e5P6 .tatsu-section-overlay{mix-blend-mode: normal;}<\/style><\/div>\n","protected":false},"excerpt":{"rendered":"<div><a href=\"https:\/\/tto.bau.edu.tr\/en\/prof-dr-pinar-melis-yelsali-parmaksizs-project-to-be-supported-within-the-scope-of-tubitak-1002-rapid-support-program\/\" class=\"exp-read-more exp-read-more-underlined\">Read More<\/a><\/div>\n","protected":false},"author":3,"featured_media":0,"parent":0,"menu_order":0,"comment_status":"closed","ping_status":"closed","template":"","meta":{"footnotes":""},"class_list":["post-7229","page","type-page","status-publish","hentry"],"_links":{"self":[{"href":"https:\/\/tto.bau.edu.tr\/en\/wp-json\/wp\/v2\/pages\/7229","targetHints":{"allow":["GET"]}}],"collection":[{"href":"https:\/\/tto.bau.edu.tr\/en\/wp-json\/wp\/v2\/pages"}],"about":[{"href":"https:\/\/tto.bau.edu.tr\/en\/wp-json\/wp\/v2\/types\/page"}],"author":[{"embeddable":true,"href":"https:\/\/tto.bau.edu.tr\/en\/wp-json\/wp\/v2\/users\/3"}],"replies":[{"embeddable":true,"href":"https:\/\/tto.bau.edu.tr\/en\/wp-json\/wp\/v2\/comments?post=7229"}],"version-history":[{"count":0,"href":"https:\/\/tto.bau.edu.tr\/en\/wp-json\/wp\/v2\/pages\/7229\/revisions"}],"wp:attachment":[{"href":"https:\/\/tto.bau.edu.tr\/en\/wp-json\/wp\/v2\/media?parent=7229"}],"curies":[{"name":"wp","href":"https:\/\/api.w.org\/{rel}","templated":true}]}}