{"id":7138,"date":"2023-12-08T14:07:49","date_gmt":"2023-12-08T11:07:49","guid":{"rendered":"https:\/\/tto.bau.edu.tr\/?page_id=7138"},"modified":"2023-12-08T14:12:06","modified_gmt":"2023-12-08T11:12:06","slug":"prof-dr-serdar-durdagi-receives-the-2023-turkey-academy-of-sciences-tuba-international-academy-award","status":"publish","type":"page","link":"https:\/\/tto.bau.edu.tr\/en\/prof-dr-serdar-durdagi-receives-the-2023-turkey-academy-of-sciences-tuba-international-academy-award\/","title":{"rendered":"Prof. Dr. Serdar Durda\u011f\u0131 Receives the 2023 Turkey Academy of Sciences (T\u00dcBA) International Academy Award!"},"content":{"rendered":"<div  class=\"tatsu-H1WrxK_lI6 tatsu-section  tatsu-bg-overlay   tatsu-clearfix\" data-title=\"\"  data-headerscheme=\"background--dark\"><div class='tatsu-section-pad clearfix' data-padding='{\"d\":\"90px 0px 90px 0px\"}' data-padding-top='90px'><div class=\"tatsu-row-wrap  tatsu-wrap tatsu-row-has-one-half tatsu-row-has-two-cols tatsu-medium-gutter tatsu-reg-cols  tatsu-clearfix tatsu-HyxHlYdxIp\" ><div  class=\"tatsu-row \" ><div  class=\"tatsu-column  tatsu-bg-overlay tatsu-one-half tatsu-column-image-none tatsu-column-effect-none  tatsu-HJwgFdgIp\"  data-parallax-speed=\"0\" style=\"\"><div class=\"tatsu-column-inner \" ><div class=\"tatsu-column-pad-wrap\"><div class=\"tatsu-column-pad\" ><div  class=\"tatsu-single-image tatsu-module tatsu-image-lazyload tatsu-B19xYuxIp  \" ><div class=\"tatsu-single-image-inner \" style=\"width : 1600px;\" ><div class = \"tatsu-single-image-padding-wrap\" style = \"padding-bottom : 56.25%;\" ><\/div><img class = \"tatsu-gradient-border\" alt = \"\" title = \"WhatsApp Image 2023-12-08 at 11.56.47 (1)\" data-src = \"https:\/\/tto.bau.edu.tr\/wp-content\/uploads\/2023\/12\/WhatsApp-Image-2023-12-08-at-11.56.47-1.jpeg\" src =\"data:image\/png;base64,iVBORw0KGgoAAAANSUhEUgAAAAEAAAABCAQAAAC1HAwCAAAAC0lEQVR42mNkYAAAAAYAAjCB0C8AAAAASUVORK5CYII=\"  \/><\/div><style>.tatsu-B19xYuxIp .tatsu-single-image-inner{border-style: solid;max-width: 100%;}.tatsu-B19xYuxIp.tatsu-single-image{transform: translate3d(0px,0px, 0);}<\/style><\/div><\/div><\/div><div class = \"tatsu-column-bg-image-wrap\"><div class = \"tatsu-column-bg-image tatsu-bg-lazyload\" data-src = \"\"><\/div><\/div><div class=\"tatsu-overlay tatsu-column-overlay tatsu-animate-none\" ><\/div><\/div><style>.tatsu-row > .tatsu-HJwgFdgIp.tatsu-column{width: 50%;}.tatsu-HJwgFdgIp.tatsu-column > .tatsu-column-inner > .tatsu-column-overlay{mix-blend-mode: normal;}.tatsu-HJwgFdgIp > .tatsu-column-inner > .tatsu-top-divider{z-index: 9999;}.tatsu-HJwgFdgIp > .tatsu-column-inner > .tatsu-bottom-divider{z-index: 9999;}.tatsu-HJwgFdgIp > .tatsu-column-inner > .tatsu-left-divider{z-index: 9999;}.tatsu-HJwgFdgIp > .tatsu-column-inner > .tatsu-right-divider{z-index: 9999;}@media only screen and (max-width:1377px) {.tatsu-row > .tatsu-HJwgFdgIp.tatsu-column{width: 50%;}}@media only screen and (min-width:768px) and (max-width: 1024px) {.tatsu-row > .tatsu-HJwgFdgIp.tatsu-column{width: 50%;}}@media only screen and (max-width: 767px) {.tatsu-row > .tatsu-HJwgFdgIp.tatsu-column{width: 100%;}}<\/style><\/div><div  class=\"tatsu-column  tatsu-bg-overlay tatsu-one-half tatsu-column-image-none tatsu-column-effect-none  tatsu-rkxDgYul8a\"  data-parallax-speed=\"0\" style=\"\"><div class=\"tatsu-column-inner \" ><div class=\"tatsu-column-pad-wrap\"><div class=\"tatsu-column-pad\" ><div  class=\"tatsu-module tatsu-text-block-wrap tatsu-Hk-ZKOeUa  \"><div class=\"tatsu-text-inner tatsu-align-center  clearfix\" ><style>.tatsu-Hk-ZKOeUa.tatsu-text-block-wrap .tatsu-text-inner{width: 100%;text-align: left;}<\/style>\n<p><strong>Prof. Dr. Serdar Durda\u011f\u0131 Receives the 2023 Turkey Academy of Sciences (T\u00dcBA) International Academy Award!<\/strong><\/p>\n<p>Prof. Dr. Serdar Durda\u011f\u0131, Dean of the Faculty of Pharmacy at Bah\u00e7e\u015fehir University, has been honored with the 2023 Turkey Academy of Sciences (T\u00dcBA) International Academy Award in the &#8220;Health and Life Sciences&#8221; category.<\/p>\n<p>He was recognized for his contributions to academia and the pharmaceutical industry through the development of new codes for creating ligand-based models using machine learning approaches. His work also involves the virtual screening of ultra-large molecular databases using these models and the design of new drug molecules. His notable contributions include the development of hERG1 3D potassium ion channel models, known in the literature as Durdagi\/Noskov hERG1 K Models.<\/p>\n<p>We extend our congratulations to our esteemed academician and wish him continued success in his endeavors.<\/p>\n<\/div><\/div><\/div><\/div><div class = \"tatsu-column-bg-image-wrap\"><div class = \"tatsu-column-bg-image tatsu-bg-lazyload\" data-src = \"\"><\/div><\/div><div class=\"tatsu-overlay tatsu-column-overlay tatsu-animate-none\" ><\/div><\/div><style>.tatsu-row > .tatsu-rkxDgYul8a.tatsu-column{width: 50%;}.tatsu-rkxDgYul8a.tatsu-column > .tatsu-column-inner > .tatsu-column-overlay{mix-blend-mode: normal;}.tatsu-rkxDgYul8a > .tatsu-column-inner > .tatsu-top-divider{z-index: 9999;}.tatsu-rkxDgYul8a > .tatsu-column-inner > .tatsu-bottom-divider{z-index: 9999;}.tatsu-rkxDgYul8a > .tatsu-column-inner > .tatsu-left-divider{z-index: 9999;}.tatsu-rkxDgYul8a > .tatsu-column-inner > .tatsu-right-divider{z-index: 9999;}@media only screen and (max-width:1377px) {.tatsu-row > .tatsu-rkxDgYul8a.tatsu-column{width: 50%;}}@media only screen and (min-width:768px) and (max-width: 1024px) {.tatsu-row > .tatsu-rkxDgYul8a.tatsu-column{width: 50%;}}@media only screen and (max-width: 767px) {.tatsu-row > .tatsu-rkxDgYul8a.tatsu-column{width: 100%;}}<\/style><\/div><\/div><\/div><\/div><div class=\"tatsu-section-background-wrap\"><div class = \"tatsu-section-background tatsu-bg-lazyload\" data-src = \"\"><\/div><\/div><div class=\"tatsu-overlay tatsu-section-overlay\"><\/div><style>.tatsu-H1WrxK_lI6 .tatsu-section-pad{padding: 90px 0px 90px 0px;}.tatsu-H1WrxK_lI6 .tatsu-section-offset-wrap{transform: translateY(-0px);}.tatsu-H1WrxK_lI6 > .tatsu-bottom-divider{z-index: 9999;}.tatsu-H1WrxK_lI6 > .tatsu-top-divider{z-index: 9999;}.tatsu-H1WrxK_lI6 .tatsu-section-overlay{mix-blend-mode: normal;}<\/style><\/div>\n","protected":false},"excerpt":{"rendered":"<div><a href=\"https:\/\/tto.bau.edu.tr\/en\/prof-dr-serdar-durdagi-receives-the-2023-turkey-academy-of-sciences-tuba-international-academy-award\/\" class=\"exp-read-more exp-read-more-underlined\">Read More<\/a><\/div>\n","protected":false},"author":3,"featured_media":0,"parent":0,"menu_order":0,"comment_status":"closed","ping_status":"closed","template":"","meta":{"footnotes":""},"class_list":["post-7138","page","type-page","status-publish","hentry"],"_links":{"self":[{"href":"https:\/\/tto.bau.edu.tr\/en\/wp-json\/wp\/v2\/pages\/7138","targetHints":{"allow":["GET"]}}],"collection":[{"href":"https:\/\/tto.bau.edu.tr\/en\/wp-json\/wp\/v2\/pages"}],"about":[{"href":"https:\/\/tto.bau.edu.tr\/en\/wp-json\/wp\/v2\/types\/page"}],"author":[{"embeddable":true,"href":"https:\/\/tto.bau.edu.tr\/en\/wp-json\/wp\/v2\/users\/3"}],"replies":[{"embeddable":true,"href":"https:\/\/tto.bau.edu.tr\/en\/wp-json\/wp\/v2\/comments?post=7138"}],"version-history":[{"count":0,"href":"https:\/\/tto.bau.edu.tr\/en\/wp-json\/wp\/v2\/pages\/7138\/revisions"}],"wp:attachment":[{"href":"https:\/\/tto.bau.edu.tr\/en\/wp-json\/wp\/v2\/media?parent=7138"}],"curies":[{"name":"wp","href":"https:\/\/api.w.org\/{rel}","templated":true}]}}