{"id":7061,"date":"2023-11-01T18:38:01","date_gmt":"2023-11-01T15:38:01","guid":{"rendered":"https:\/\/tto.bau.edu.tr\/?page_id=7061"},"modified":"2023-11-01T18:38:27","modified_gmt":"2023-11-01T15:38:27","slug":"bahcesehir-university-students-achieve-82-success-rate-in-tubitak-2209-a","status":"publish","type":"page","link":"https:\/\/tto.bau.edu.tr\/en\/bahcesehir-university-students-achieve-82-success-rate-in-tubitak-2209-a\/","title":{"rendered":"Bah\u00e7e\u015fehir University Students Achieve 82% Success Rate in T\u00dcB\u0130TAK 2209-A!"},"content":{"rendered":"<div  class=\"tatsu-BybVy-eemp tatsu-section  tatsu-bg-overlay   tatsu-clearfix\" data-title=\"\"  data-headerscheme=\"background--dark\"><div class='tatsu-section-pad clearfix' data-padding='{\"d\":\"90px 0px 90px 0px\"}' data-padding-top='90px'><div class=\"tatsu-row-wrap  tatsu-wrap tatsu-row-has-one-half tatsu-row-has-two-cols tatsu-medium-gutter tatsu-reg-cols  tatsu-clearfix tatsu-rkxEJbxe76\" ><div  class=\"tatsu-row \" ><div  class=\"tatsu-column  tatsu-bg-overlay tatsu-one-half tatsu-column-image-none tatsu-column-effect-none  tatsu-HJLyWgeQ6\"  data-parallax-speed=\"0\" style=\"\"><div class=\"tatsu-column-inner \" ><div class=\"tatsu-column-pad-wrap\"><div class=\"tatsu-column-pad\" ><div  class=\"tatsu-single-image tatsu-module tatsu-image-lazyload tatsu-Hyukble7T  \" ><div class=\"tatsu-single-image-inner \" style=\"width : 1920px;\" ><div class = \"tatsu-single-image-padding-wrap\" style = \"padding-bottom : 56.25%;\" ><\/div><img class = \"tatsu-gradient-border\" alt = \"\" title = \"2209A_TEBRI\u0307K_DUYURU_ENG_2023_25.10.2023\" data-src = \"https:\/\/tto.bau.edu.tr\/wp-content\/uploads\/2023\/11\/2209A_TEBRIK_DUYURU_ENG_2023_25.10.2023.jpg\" src =\"data:image\/png;base64,iVBORw0KGgoAAAANSUhEUgAAAAEAAAABCAQAAAC1HAwCAAAAC0lEQVR42mNkYAAAAAYAAjCB0C8AAAAASUVORK5CYII=\"  \/><\/div><style>.tatsu-Hyukble7T .tatsu-single-image-inner{border-style: solid;max-width: 100%;}.tatsu-Hyukble7T.tatsu-single-image{transform: translate3d(0px,0px, 0);}<\/style><\/div><\/div><\/div><div class = \"tatsu-column-bg-image-wrap\"><div class = \"tatsu-column-bg-image tatsu-bg-lazyload\" data-src = \"\"><\/div><\/div><div class=\"tatsu-overlay tatsu-column-overlay tatsu-animate-none\" ><\/div><\/div><style>.tatsu-row > .tatsu-HJLyWgeQ6.tatsu-column{width: 50%;}.tatsu-HJLyWgeQ6.tatsu-column > .tatsu-column-inner > .tatsu-column-overlay{mix-blend-mode: normal;}.tatsu-HJLyWgeQ6 > .tatsu-column-inner > .tatsu-top-divider{z-index: 9999;}.tatsu-HJLyWgeQ6 > .tatsu-column-inner > .tatsu-bottom-divider{z-index: 9999;}.tatsu-HJLyWgeQ6 > .tatsu-column-inner > .tatsu-left-divider{z-index: 9999;}.tatsu-HJLyWgeQ6 > .tatsu-column-inner > .tatsu-right-divider{z-index: 9999;}@media only screen and (max-width:1377px) {.tatsu-row > .tatsu-HJLyWgeQ6.tatsu-column{width: 50%;}}@media only screen and (min-width:768px) and (max-width: 1024px) {.tatsu-row > .tatsu-HJLyWgeQ6.tatsu-column{width: 50%;}}@media only screen and (max-width: 767px) {.tatsu-row > .tatsu-HJLyWgeQ6.tatsu-column{width: 100%;}}<\/style><\/div><div  class=\"tatsu-column  tatsu-bg-overlay tatsu-one-half tatsu-column-image-none tatsu-column-effect-none  tatsu-SJlIy-lg7a\"  data-parallax-speed=\"0\" style=\"\"><div class=\"tatsu-column-inner \" ><div class=\"tatsu-column-pad-wrap\"><div class=\"tatsu-column-pad\" ><div  class=\"tatsu-module tatsu-text-block-wrap tatsu-rJpkbexma  \"><div class=\"tatsu-text-inner tatsu-align-center  clearfix\" ><style>.tatsu-rJpkbexma.tatsu-text-block-wrap .tatsu-text-inner{width: 100%;text-align: left;}<\/style>\n<p><strong>Bah\u00e7e\u015fehir University Students Achieve 82% Success Rate in T\u00dcB\u0130TAK 2209-A!<\/strong><\/p>\n<p>Within the scope of the T\u00dcB\u0130TAK 2209-A University Students&#8217; Research Projects Support Program, the results of the 1st Term of the year 2023 revealed that our university has successfully secured funding for <strong>10<\/strong> projects from the Faculty of Engineering and Natural Sciences, <strong>7<\/strong> projects from the Faculty of Health Sciences, <strong>1<\/strong> project from the Faculty of Economics, Administrative and Social Sciences, <strong>5<\/strong> projects from the Faculty of Medicine, <strong>1<\/strong> project from the Faculty of Dentistry, <strong>1<\/strong> project from the Faculty of Law, <strong>1<\/strong> project from the Faculty of Educational Sciences, and 1 project from the Vocational School of Health Services, making a total of <strong>27<\/strong> projects.<\/p>\n<p>We congratulate our esteemed academicians and students and wish them continued success in their endeavors.<\/p>\n<\/div><\/div><\/div><\/div><div class = \"tatsu-column-bg-image-wrap\"><div class = \"tatsu-column-bg-image tatsu-bg-lazyload\" data-src = \"\"><\/div><\/div><div class=\"tatsu-overlay tatsu-column-overlay tatsu-animate-none\" ><\/div><\/div><style>.tatsu-row > .tatsu-SJlIy-lg7a.tatsu-column{width: 50%;}.tatsu-SJlIy-lg7a.tatsu-column > .tatsu-column-inner > .tatsu-column-overlay{mix-blend-mode: normal;}.tatsu-SJlIy-lg7a > .tatsu-column-inner > .tatsu-top-divider{z-index: 9999;}.tatsu-SJlIy-lg7a > .tatsu-column-inner > .tatsu-bottom-divider{z-index: 9999;}.tatsu-SJlIy-lg7a > .tatsu-column-inner > .tatsu-left-divider{z-index: 9999;}.tatsu-SJlIy-lg7a > .tatsu-column-inner > .tatsu-right-divider{z-index: 9999;}@media only screen and (max-width:1377px) {.tatsu-row > .tatsu-SJlIy-lg7a.tatsu-column{width: 50%;}}@media only screen and (min-width:768px) and (max-width: 1024px) {.tatsu-row > .tatsu-SJlIy-lg7a.tatsu-column{width: 50%;}}@media only screen and (max-width: 767px) {.tatsu-row > .tatsu-SJlIy-lg7a.tatsu-column{width: 100%;}}<\/style><\/div><\/div><\/div><\/div><div class=\"tatsu-section-background-wrap\"><div class = \"tatsu-section-background tatsu-bg-lazyload\" data-src = \"\"><\/div><\/div><div class=\"tatsu-overlay tatsu-section-overlay\"><\/div><style>.tatsu-BybVy-eemp .tatsu-section-pad{padding: 90px 0px 90px 0px;}.tatsu-BybVy-eemp .tatsu-section-offset-wrap{transform: translateY(-0px);}.tatsu-BybVy-eemp > .tatsu-bottom-divider{z-index: 9999;}.tatsu-BybVy-eemp > .tatsu-top-divider{z-index: 9999;}.tatsu-BybVy-eemp .tatsu-section-overlay{mix-blend-mode: normal;}<\/style><\/div>\n","protected":false},"excerpt":{"rendered":"<div><a href=\"https:\/\/tto.bau.edu.tr\/en\/bahcesehir-university-students-achieve-82-success-rate-in-tubitak-2209-a\/\" class=\"exp-read-more exp-read-more-underlined\">Read More<\/a><\/div>\n","protected":false},"author":3,"featured_media":0,"parent":0,"menu_order":0,"comment_status":"closed","ping_status":"closed","template":"","meta":{"footnotes":""},"class_list":["post-7061","page","type-page","status-publish","hentry"],"_links":{"self":[{"href":"https:\/\/tto.bau.edu.tr\/en\/wp-json\/wp\/v2\/pages\/7061","targetHints":{"allow":["GET"]}}],"collection":[{"href":"https:\/\/tto.bau.edu.tr\/en\/wp-json\/wp\/v2\/pages"}],"about":[{"href":"https:\/\/tto.bau.edu.tr\/en\/wp-json\/wp\/v2\/types\/page"}],"author":[{"embeddable":true,"href":"https:\/\/tto.bau.edu.tr\/en\/wp-json\/wp\/v2\/users\/3"}],"replies":[{"embeddable":true,"href":"https:\/\/tto.bau.edu.tr\/en\/wp-json\/wp\/v2\/comments?post=7061"}],"version-history":[{"count":0,"href":"https:\/\/tto.bau.edu.tr\/en\/wp-json\/wp\/v2\/pages\/7061\/revisions"}],"wp:attachment":[{"href":"https:\/\/tto.bau.edu.tr\/en\/wp-json\/wp\/v2\/media?parent=7061"}],"curies":[{"name":"wp","href":"https:\/\/api.w.org\/{rel}","templated":true}]}}