{"id":7042,"date":"2023-10-31T15:48:37","date_gmt":"2023-10-31T12:48:37","guid":{"rendered":"https:\/\/tto.bau.edu.tr\/?page_id=7042"},"modified":"2023-10-31T15:48:37","modified_gmt":"2023-10-31T12:48:37","slug":"prof-dr-serdar-durdagi-listed-among-the-worlds-most-influential-scientists","status":"publish","type":"page","link":"https:\/\/tto.bau.edu.tr\/en\/prof-dr-serdar-durdagi-listed-among-the-worlds-most-influential-scientists\/","title":{"rendered":"Prof. Dr. Serdar Durda\u011f\u0131 Listed Among the World\u2019s Most Influential Scientists!"},"content":{"rendered":"<div  class=\"tatsu-H1Wg5Pd0za tatsu-section  tatsu-bg-overlay   tatsu-clearfix\" data-title=\"\"  data-headerscheme=\"background--dark\"><div class='tatsu-section-pad clearfix' data-padding='{\"d\":\"90px 0px 90px 0px\"}' data-padding-top='90px'><div class=\"tatsu-row-wrap  tatsu-wrap tatsu-row-has-one-half tatsu-row-has-two-cols tatsu-medium-gutter tatsu-reg-cols  tatsu-clearfix tatsu-HJgg5DOAGT\" ><div  class=\"tatsu-row \" ><div  class=\"tatsu-column  tatsu-bg-overlay tatsu-one-half tatsu-column-image-none tatsu-column-effect-none  tatsu-B17cw_CG6\"  data-parallax-speed=\"0\" style=\"\"><div class=\"tatsu-column-inner \" ><div class=\"tatsu-column-pad-wrap\"><div class=\"tatsu-column-pad\" ><div  class=\"tatsu-single-image tatsu-module tatsu-image-lazyload tatsu-r1rqDOCGp  \" ><div class=\"tatsu-single-image-inner \" style=\"width : 1920px;\" ><div class = \"tatsu-single-image-padding-wrap\" style = \"padding-bottom : 56.25%;\" ><\/div><img class = \"tatsu-gradient-border\" alt = \"\" title = \"Serdar Durdag\u0306\u0131_Tebrik_Duyuru_ENG_Elsevier_31.10.2023\" data-src = \"https:\/\/tto.bau.edu.tr\/wp-content\/uploads\/2023\/10\/Serdar-Durdagi_Tebrik_Duyuru_ENG_Elsevier_31.10.2023.jpg\" src =\"data:image\/png;base64,iVBORw0KGgoAAAANSUhEUgAAAAEAAAABCAQAAAC1HAwCAAAAC0lEQVR42mNkYAAAAAYAAjCB0C8AAAAASUVORK5CYII=\"  \/><\/div><style>.tatsu-r1rqDOCGp .tatsu-single-image-inner{border-style: solid;max-width: 100%;}.tatsu-r1rqDOCGp.tatsu-single-image{transform: translate3d(0px,0px, 0);}<\/style><\/div><\/div><\/div><div class = \"tatsu-column-bg-image-wrap\"><div class = \"tatsu-column-bg-image tatsu-bg-lazyload\" data-src = \"\"><\/div><\/div><div class=\"tatsu-overlay tatsu-column-overlay tatsu-animate-none\" ><\/div><\/div><style>.tatsu-row > .tatsu-B17cw_CG6.tatsu-column{width: 50%;}.tatsu-B17cw_CG6.tatsu-column > .tatsu-column-inner > .tatsu-column-overlay{mix-blend-mode: normal;}.tatsu-B17cw_CG6 > .tatsu-column-inner > .tatsu-top-divider{z-index: 9999;}.tatsu-B17cw_CG6 > .tatsu-column-inner > .tatsu-bottom-divider{z-index: 9999;}.tatsu-B17cw_CG6 > .tatsu-column-inner > .tatsu-left-divider{z-index: 9999;}.tatsu-B17cw_CG6 > .tatsu-column-inner > .tatsu-right-divider{z-index: 9999;}@media only screen and (max-width:1377px) {.tatsu-row > .tatsu-B17cw_CG6.tatsu-column{width: 50%;}}@media only screen and (min-width:768px) and (max-width: 1024px) {.tatsu-row > .tatsu-B17cw_CG6.tatsu-column{width: 50%;}}@media only screen and (max-width: 767px) {.tatsu-row > .tatsu-B17cw_CG6.tatsu-column{width: 100%;}}<\/style><\/div><div  class=\"tatsu-column  tatsu-bg-overlay tatsu-one-half tatsu-column-image-none tatsu-column-effect-none  tatsu-HkxmqPd0fp\"  data-parallax-speed=\"0\" style=\"\"><div class=\"tatsu-column-inner \" ><div class=\"tatsu-column-pad-wrap\"><div class=\"tatsu-column-pad\" ><div  class=\"tatsu-module tatsu-text-block-wrap tatsu-BJp9v_0fp  \"><div class=\"tatsu-text-inner tatsu-align-center  clearfix\" ><style>.tatsu-BJp9v_0fp.tatsu-text-block-wrap .tatsu-text-inner{width: 100%;text-align: left;}<\/style>\n<p><strong>Prof. Dr. Serdar Durda\u011f\u0131 Listed Among the World&#8217;s Most Influential Scientists! <\/strong><\/p>\n<p>The list of the world&#8217;s most influential scientists, prepared by Prof. Dr. John P.A. Loannidis and the research team from Stanford University, has been published by Elsevier, a publishing company based in the Netherlands. The list takes into account criteria such as the h-index, the hm-index, the number of single-authored papers, the number of papers as the first or sole author, and the number of cited papers, which are used to measure their academic impact, considering the publications and the number of citations of 100,000 scientists.<\/p>\n<p>Prof. Dr. Serdar Durda\u011f\u0131 from Bah\u00e7e\u015fehir University has been included in the &#8220;World&#8217;s most influential scientists&#8221; list. We congratulate the esteemed academic and wish him continued success in his endeavors.<\/p>\n<\/div><\/div><\/div><\/div><div class = \"tatsu-column-bg-image-wrap\"><div class = \"tatsu-column-bg-image tatsu-bg-lazyload\" data-src = \"\"><\/div><\/div><div class=\"tatsu-overlay tatsu-column-overlay tatsu-animate-none\" ><\/div><\/div><style>.tatsu-row > .tatsu-HkxmqPd0fp.tatsu-column{width: 50%;}.tatsu-HkxmqPd0fp.tatsu-column > .tatsu-column-inner > .tatsu-column-overlay{mix-blend-mode: normal;}.tatsu-HkxmqPd0fp > .tatsu-column-inner > .tatsu-top-divider{z-index: 9999;}.tatsu-HkxmqPd0fp > .tatsu-column-inner > .tatsu-bottom-divider{z-index: 9999;}.tatsu-HkxmqPd0fp > .tatsu-column-inner > .tatsu-left-divider{z-index: 9999;}.tatsu-HkxmqPd0fp > .tatsu-column-inner > .tatsu-right-divider{z-index: 9999;}@media only screen and (max-width:1377px) {.tatsu-row > .tatsu-HkxmqPd0fp.tatsu-column{width: 50%;}}@media only screen and (min-width:768px) and (max-width: 1024px) {.tatsu-row > .tatsu-HkxmqPd0fp.tatsu-column{width: 50%;}}@media only screen and (max-width: 767px) {.tatsu-row > .tatsu-HkxmqPd0fp.tatsu-column{width: 100%;}}<\/style><\/div><\/div><\/div><\/div><div class=\"tatsu-section-background-wrap\"><div class = \"tatsu-section-background tatsu-bg-lazyload\" data-src = \"\"><\/div><\/div><div class=\"tatsu-overlay tatsu-section-overlay\"><\/div><style>.tatsu-H1Wg5Pd0za .tatsu-section-pad{padding: 90px 0px 90px 0px;}.tatsu-H1Wg5Pd0za .tatsu-section-offset-wrap{transform: translateY(-0px);}.tatsu-H1Wg5Pd0za > .tatsu-bottom-divider{z-index: 9999;}.tatsu-H1Wg5Pd0za > .tatsu-top-divider{z-index: 9999;}.tatsu-H1Wg5Pd0za .tatsu-section-overlay{mix-blend-mode: normal;}<\/style><\/div>\n","protected":false},"excerpt":{"rendered":"<div><a href=\"https:\/\/tto.bau.edu.tr\/en\/prof-dr-serdar-durdagi-listed-among-the-worlds-most-influential-scientists\/\" class=\"exp-read-more exp-read-more-underlined\">Read More<\/a><\/div>\n","protected":false},"author":3,"featured_media":0,"parent":0,"menu_order":0,"comment_status":"closed","ping_status":"closed","template":"","meta":{"footnotes":""},"class_list":["post-7042","page","type-page","status-publish","hentry"],"_links":{"self":[{"href":"https:\/\/tto.bau.edu.tr\/en\/wp-json\/wp\/v2\/pages\/7042","targetHints":{"allow":["GET"]}}],"collection":[{"href":"https:\/\/tto.bau.edu.tr\/en\/wp-json\/wp\/v2\/pages"}],"about":[{"href":"https:\/\/tto.bau.edu.tr\/en\/wp-json\/wp\/v2\/types\/page"}],"author":[{"embeddable":true,"href":"https:\/\/tto.bau.edu.tr\/en\/wp-json\/wp\/v2\/users\/3"}],"replies":[{"embeddable":true,"href":"https:\/\/tto.bau.edu.tr\/en\/wp-json\/wp\/v2\/comments?post=7042"}],"version-history":[{"count":0,"href":"https:\/\/tto.bau.edu.tr\/en\/wp-json\/wp\/v2\/pages\/7042\/revisions"}],"wp:attachment":[{"href":"https:\/\/tto.bau.edu.tr\/en\/wp-json\/wp\/v2\/media?parent=7042"}],"curies":[{"name":"wp","href":"https:\/\/api.w.org\/{rel}","templated":true}]}}