{"id":6995,"date":"2023-09-18T15:54:58","date_gmt":"2023-09-18T12:54:58","guid":{"rendered":"https:\/\/tto.bau.edu.tr\/?page_id=6995"},"modified":"2023-09-18T15:54:58","modified_gmt":"2023-09-18T12:54:58","slug":"buddytalkie-was-national-runner-up-for-the-james-dyson-award","status":"publish","type":"page","link":"https:\/\/tto.bau.edu.tr\/en\/buddytalkie-was-national-runner-up-for-the-james-dyson-award\/","title":{"rendered":"\u201cBuddyTalkie\u201d Was National Runner Up for the James Dyson Award!"},"content":{"rendered":"<div  class=\"tatsu-B1brDO6Sy6 tatsu-section  tatsu-bg-overlay   tatsu-clearfix\" data-title=\"\"  data-headerscheme=\"background--dark\"><div class='tatsu-section-pad clearfix' data-padding='{\"d\":\"90px 0px 90px 0px\"}' data-padding-top='90px'><div class=\"tatsu-row-wrap  tatsu-wrap tatsu-row-has-one-half tatsu-row-has-two-cols tatsu-medium-gutter tatsu-reg-cols  tatsu-clearfix tatsu-rygHPu6S1p\" ><div  class=\"tatsu-row \" ><div  class=\"tatsu-column  tatsu-bg-overlay tatsu-one-half tatsu-column-image-none tatsu-column-effect-none  tatsu-SJbudTHka\"  data-parallax-speed=\"0\" style=\"\"><div class=\"tatsu-column-inner \" ><div class=\"tatsu-column-pad-wrap\"><div class=\"tatsu-column-pad\" ><div  class=\"tatsu-single-image tatsu-module tatsu-image-lazyload tatsu-Hk4d_aBkp  \" ><div class=\"tatsu-single-image-inner \" style=\"width : 2560px;\" ><div class = \"tatsu-single-image-padding-wrap\" style = \"padding-bottom : 66.6796875%;\" ><\/div><img class = \"tatsu-gradient-border\" alt = \"\" title = \"dyson-BAU-20-min\" data-src = \"https:\/\/tto.bau.edu.tr\/wp-content\/uploads\/2023\/09\/dyson-BAU-20-min-scaled.jpg\" src =\"data:image\/png;base64,iVBORw0KGgoAAAANSUhEUgAAAAEAAAABCAQAAAC1HAwCAAAAC0lEQVR42mNkYAAAAAYAAjCB0C8AAAAASUVORK5CYII=\"  \/><\/div><style>.tatsu-Hk4d_aBkp .tatsu-single-image-inner{border-style: solid;max-width: 100%;}.tatsu-Hk4d_aBkp.tatsu-single-image{transform: translate3d(0px,0px, 0);}<\/style><\/div><\/div><\/div><div class = \"tatsu-column-bg-image-wrap\"><div class = \"tatsu-column-bg-image tatsu-bg-lazyload\" data-src = \"\"><\/div><\/div><div class=\"tatsu-overlay tatsu-column-overlay tatsu-animate-none\" ><\/div><\/div><style>.tatsu-row > .tatsu-SJbudTHka.tatsu-column{width: 50%;}.tatsu-SJbudTHka.tatsu-column > .tatsu-column-inner > .tatsu-column-overlay{mix-blend-mode: normal;}.tatsu-SJbudTHka > .tatsu-column-inner > .tatsu-top-divider{z-index: 9999;}.tatsu-SJbudTHka > .tatsu-column-inner > .tatsu-bottom-divider{z-index: 9999;}.tatsu-SJbudTHka > .tatsu-column-inner > .tatsu-left-divider{z-index: 9999;}.tatsu-SJbudTHka > .tatsu-column-inner > .tatsu-right-divider{z-index: 9999;}@media only screen and (max-width:1377px) {.tatsu-row > .tatsu-SJbudTHka.tatsu-column{width: 50%;}}@media only screen and (min-width:768px) and (max-width: 1024px) {.tatsu-row > .tatsu-SJbudTHka.tatsu-column{width: 50%;}}@media only screen and (max-width: 767px) {.tatsu-row > .tatsu-SJbudTHka.tatsu-column{width: 100%;}}<\/style><\/div><div  class=\"tatsu-column  tatsu-bg-overlay tatsu-one-half tatsu-column-image-none tatsu-column-effect-none  tatsu-HJlZ__6Bkp\"  data-parallax-speed=\"0\" style=\"\"><div class=\"tatsu-column-inner \" ><div class=\"tatsu-column-pad-wrap\"><div class=\"tatsu-column-pad\" ><div  class=\"tatsu-module tatsu-text-block-wrap tatsu-rkO9uTSJ6  \"><div class=\"tatsu-text-inner tatsu-align-center  clearfix\" ><style>.tatsu-rkO9uTSJ6.tatsu-text-block-wrap .tatsu-text-inner{width: 100%;text-align: left;}<\/style>\n<p><strong>\u201cBuddyTalkie\u201d Was National Runner Up for the James Dyson Award!<\/strong><\/p>\n<p>Kaan Alper, Mutlu D\u00fclger, Mert G\u00fcrsoy and Ka\u011fan \u0130nan, students of our university, came second in the national James Dyson Award, a sustainability-focused engineering competition, with the underwater optical voice communication device they developed under the name &#8220;BuddyTalkie&#8221;.<\/p>\n<p>We congratulate them.<\/p>\n<\/div><\/div><\/div><\/div><div class = \"tatsu-column-bg-image-wrap\"><div class = \"tatsu-column-bg-image tatsu-bg-lazyload\" data-src = \"\"><\/div><\/div><div class=\"tatsu-overlay tatsu-column-overlay tatsu-animate-none\" ><\/div><\/div><style>.tatsu-row > .tatsu-HJlZ__6Bkp.tatsu-column{width: 50%;}.tatsu-HJlZ__6Bkp.tatsu-column > .tatsu-column-inner > .tatsu-column-overlay{mix-blend-mode: normal;}.tatsu-HJlZ__6Bkp > .tatsu-column-inner > .tatsu-top-divider{z-index: 9999;}.tatsu-HJlZ__6Bkp > .tatsu-column-inner > .tatsu-bottom-divider{z-index: 9999;}.tatsu-HJlZ__6Bkp > .tatsu-column-inner > .tatsu-left-divider{z-index: 9999;}.tatsu-HJlZ__6Bkp > .tatsu-column-inner > .tatsu-right-divider{z-index: 9999;}@media only screen and (max-width:1377px) {.tatsu-row > .tatsu-HJlZ__6Bkp.tatsu-column{width: 50%;}}@media only screen and (min-width:768px) and (max-width: 1024px) {.tatsu-row > .tatsu-HJlZ__6Bkp.tatsu-column{width: 50%;}}@media only screen and (max-width: 767px) {.tatsu-row > .tatsu-HJlZ__6Bkp.tatsu-column{width: 100%;}}<\/style><\/div><\/div><\/div><\/div><div class=\"tatsu-section-background-wrap\"><div class = \"tatsu-section-background tatsu-bg-lazyload\" data-src = \"\"><\/div><\/div><div class=\"tatsu-overlay tatsu-section-overlay\"><\/div><style>.tatsu-B1brDO6Sy6 .tatsu-section-pad{padding: 90px 0px 90px 0px;}.tatsu-B1brDO6Sy6 .tatsu-section-offset-wrap{transform: translateY(-0px);}.tatsu-B1brDO6Sy6 > .tatsu-bottom-divider{z-index: 9999;}.tatsu-B1brDO6Sy6 > .tatsu-top-divider{z-index: 9999;}.tatsu-B1brDO6Sy6 .tatsu-section-overlay{mix-blend-mode: normal;}<\/style><\/div>\n","protected":false},"excerpt":{"rendered":"<div><a href=\"https:\/\/tto.bau.edu.tr\/en\/buddytalkie-was-national-runner-up-for-the-james-dyson-award\/\" class=\"exp-read-more exp-read-more-underlined\">Read More<\/a><\/div>\n","protected":false},"author":3,"featured_media":0,"parent":0,"menu_order":0,"comment_status":"closed","ping_status":"closed","template":"","meta":{"footnotes":""},"class_list":["post-6995","page","type-page","status-publish","hentry"],"_links":{"self":[{"href":"https:\/\/tto.bau.edu.tr\/en\/wp-json\/wp\/v2\/pages\/6995","targetHints":{"allow":["GET"]}}],"collection":[{"href":"https:\/\/tto.bau.edu.tr\/en\/wp-json\/wp\/v2\/pages"}],"about":[{"href":"https:\/\/tto.bau.edu.tr\/en\/wp-json\/wp\/v2\/types\/page"}],"author":[{"embeddable":true,"href":"https:\/\/tto.bau.edu.tr\/en\/wp-json\/wp\/v2\/users\/3"}],"replies":[{"embeddable":true,"href":"https:\/\/tto.bau.edu.tr\/en\/wp-json\/wp\/v2\/comments?post=6995"}],"version-history":[{"count":0,"href":"https:\/\/tto.bau.edu.tr\/en\/wp-json\/wp\/v2\/pages\/6995\/revisions"}],"wp:attachment":[{"href":"https:\/\/tto.bau.edu.tr\/en\/wp-json\/wp\/v2\/media?parent=6995"}],"curies":[{"name":"wp","href":"https:\/\/api.w.org\/{rel}","templated":true}]}}