{"id":11535,"date":"2026-05-04T13:40:26","date_gmt":"2026-05-04T10:40:26","guid":{"rendered":"https:\/\/tto.bau.edu.tr\/?page_id=11535"},"modified":"2026-05-04T14:03:27","modified_gmt":"2026-05-04T11:03:27","slug":"journey-to-innovation-ergun-kirlikovali-met-with-academics-and-students-at-bau","status":"publish","type":"page","link":"https:\/\/tto.bau.edu.tr\/en\/journey-to-innovation-ergun-kirlikovali-met-with-academics-and-students-at-bau\/","title":{"rendered":"Journey to Innovation: Erg\u00fcn K\u0131rl\u0131koval\u0131 Met with Academics and Students at BAU!"},"content":{"rendered":"<div  class=\"tatsu-rJZsBJtQU3 tatsu-section  tatsu-bg-overlay   tatsu-clearfix\" data-title=\"\"  data-headerscheme=\"background--dark\"><div class='tatsu-section-pad clearfix' data-padding='{\"d\":\"91px 0px 90px 0px\"}' data-padding-top='91px'><div class=\"tatsu-row-wrap  tatsu-wrap tatsu-row-has-one-half tatsu-row-has-two-cols tatsu-medium-gutter tatsu-reg-cols  tatsu-clearfix tatsu-BylsBJtXU2\" ><div  class=\"tatsu-row \" ><div  class=\"tatsu-column  tatsu-bg-overlay tatsu-one-half tatsu-column-image-none tatsu-column-effect-none  tatsu-Sk3ByKmUn\"  data-parallax-speed=\"0\" style=\"\"><div class=\"tatsu-column-inner \" ><div class=\"tatsu-column-pad-wrap\"><div class=\"tatsu-column-pad\" ><div  class=\"tatsu-gallery-wrap tatsu-gallery-module tatsu-module 0 tatsu-Sy9fjjN7ke   \" ><div class=\"gallery   style1-hover \"  ><div class=\"gallery-container be-grid be-row be-cols-3 clickable clearfix  \" data-aspect-ratio=\"1.6\" data-animation-target = \".gallery-thumb-img-wrap\" data-cols=\"3\" data-scroll-reveal = \"1\" data-animation = \"fadeIn\" data-gutter=\"40\" data-layout=\"metro\" ><div class=\"gallery-cell be-col be-hoverlay  not-wide no-wide-width-height style1-hover \" ><div class=\"gallery-cell-inner\"\"><a data-thumb = \"https:\/\/tto.bau.edu.tr\/wp-content\/uploads\/2026\/05\/MIM_5202-150x150.jpg\" href=\"https:\/\/tto.bau.edu.tr\/wp-content\/uploads\/2026\/05\/MIM_5202.jpg\"  class=\"thumb-anchor mobx  \" data-rel=\"my-gallerySy9fjjN7ke\" title=\"\"><div class=\"thumb-wrap\"><div style = \"padding-bottom : 100%;\" class=\"gallery-thumb-img-wrap be-grid-placeholder none-effect\"  ><img decoding=\"async\" class=\"\"  src=\"https:\/\/tto.bau.edu.tr\/wp-content\/uploads\/2026\/05\/MIM_5202-650x385.jpg\" alt=\"\" \/><\/div><\/div><div class=\"thumb-overlay\"><div class=\"thumb-bg\"><div class=\"thumb-title-wrap display-table-cell vertical-align-middle align-center fadeIn animated\"><\/div><\/div><\/div><\/a><\/div><\/div><div class=\"gallery-cell be-col be-hoverlay  not-wide no-wide-width-height style1-hover \" ><div class=\"gallery-cell-inner\"\"><a data-thumb = \"https:\/\/tto.bau.edu.tr\/wp-content\/uploads\/2026\/05\/MIM_5181-150x150.jpg\" href=\"https:\/\/tto.bau.edu.tr\/wp-content\/uploads\/2026\/05\/MIM_5181.jpg\"  class=\"thumb-anchor mobx  \" data-rel=\"my-gallerySy9fjjN7ke\" title=\"\"><div class=\"thumb-wrap\"><div style = \"padding-bottom : 100%;\" class=\"gallery-thumb-img-wrap be-grid-placeholder none-effect\"  ><img decoding=\"async\" class=\"\"  src=\"https:\/\/tto.bau.edu.tr\/wp-content\/uploads\/2026\/05\/MIM_5181-650x385.jpg\" alt=\"\" \/><\/div><\/div><div class=\"thumb-overlay\"><div class=\"thumb-bg\"><div class=\"thumb-title-wrap display-table-cell vertical-align-middle align-center fadeIn animated\"><\/div><\/div><\/div><\/a><\/div><\/div><div class=\"gallery-cell be-col be-hoverlay  not-wide no-wide-width-height style1-hover \" ><div class=\"gallery-cell-inner\"\"><a data-thumb = \"https:\/\/tto.bau.edu.tr\/wp-content\/uploads\/2026\/05\/MIM_5271-150x150.jpg\" href=\"https:\/\/tto.bau.edu.tr\/wp-content\/uploads\/2026\/05\/MIM_5271.jpg\"  class=\"thumb-anchor mobx  \" data-rel=\"my-gallerySy9fjjN7ke\" title=\"\"><div class=\"thumb-wrap\"><div style = \"padding-bottom : 100%;\" class=\"gallery-thumb-img-wrap be-grid-placeholder none-effect\"  ><img decoding=\"async\" class=\"\"  src=\"https:\/\/tto.bau.edu.tr\/wp-content\/uploads\/2026\/05\/MIM_5271-650x385.jpg\" alt=\"\" \/><\/div><\/div><div class=\"thumb-overlay\"><div class=\"thumb-bg\"><div class=\"thumb-title-wrap display-table-cell vertical-align-middle align-center fadeIn animated\"><\/div><\/div><\/div><\/a><\/div><\/div><div class=\"gallery-cell be-col be-hoverlay  not-wide no-wide-width-height style1-hover \" ><div class=\"gallery-cell-inner\"\"><a data-thumb = \"https:\/\/tto.bau.edu.tr\/wp-content\/uploads\/2026\/05\/MIM_5172-150x150.jpg\" href=\"https:\/\/tto.bau.edu.tr\/wp-content\/uploads\/2026\/05\/MIM_5172.jpg\"  class=\"thumb-anchor mobx  \" data-rel=\"my-gallerySy9fjjN7ke\" title=\"\"><div class=\"thumb-wrap\"><div style = \"padding-bottom : 100%;\" class=\"gallery-thumb-img-wrap be-grid-placeholder none-effect\"  ><img decoding=\"async\" class=\"\"  src=\"https:\/\/tto.bau.edu.tr\/wp-content\/uploads\/2026\/05\/MIM_5172-650x385.jpg\" alt=\"\" \/><\/div><\/div><div class=\"thumb-overlay\"><div class=\"thumb-bg\"><div class=\"thumb-title-wrap display-table-cell vertical-align-middle align-center fadeIn animated\"><\/div><\/div><\/div><\/a><\/div><\/div><div class=\"gallery-cell be-col be-hoverlay  not-wide no-wide-width-height style1-hover \" ><div class=\"gallery-cell-inner\"\"><a data-thumb = \"https:\/\/tto.bau.edu.tr\/wp-content\/uploads\/2026\/05\/MIM_5190-150x150.jpg\" href=\"https:\/\/tto.bau.edu.tr\/wp-content\/uploads\/2026\/05\/MIM_5190.jpg\"  class=\"thumb-anchor mobx  \" data-rel=\"my-gallerySy9fjjN7ke\" title=\"\"><div class=\"thumb-wrap\"><div style = \"padding-bottom : 100%;\" class=\"gallery-thumb-img-wrap be-grid-placeholder none-effect\"  ><img decoding=\"async\" class=\"\"  src=\"https:\/\/tto.bau.edu.tr\/wp-content\/uploads\/2026\/05\/MIM_5190-650x385.jpg\" alt=\"\" \/><\/div><\/div><div class=\"thumb-overlay\"><div class=\"thumb-bg\"><div class=\"thumb-title-wrap display-table-cell vertical-align-middle align-center fadeIn animated\"><\/div><\/div><\/div><\/a><\/div><\/div><div class=\"gallery-cell be-col be-hoverlay  not-wide no-wide-width-height style1-hover \" ><div class=\"gallery-cell-inner\"\"><a data-thumb = \"https:\/\/tto.bau.edu.tr\/wp-content\/uploads\/2026\/05\/MIM_5388-150x150.jpg\" href=\"https:\/\/tto.bau.edu.tr\/wp-content\/uploads\/2026\/05\/MIM_5388.jpg\"  class=\"thumb-anchor mobx  \" data-rel=\"my-gallerySy9fjjN7ke\" title=\"\"><div class=\"thumb-wrap\"><div style = \"padding-bottom : 100%;\" class=\"gallery-thumb-img-wrap be-grid-placeholder none-effect\"  ><img decoding=\"async\" class=\"\"  src=\"https:\/\/tto.bau.edu.tr\/wp-content\/uploads\/2026\/05\/MIM_5388-650x385.jpg\" alt=\"\" \/><\/div><\/div><div class=\"thumb-overlay\"><div class=\"thumb-bg\"><div class=\"thumb-title-wrap display-table-cell vertical-align-middle align-center fadeIn animated\"><\/div><\/div><\/div><\/a><\/div><\/div><div class=\"gallery-cell be-col be-hoverlay  not-wide no-wide-width-height style1-hover \" ><div class=\"gallery-cell-inner\"\"><a data-thumb = \"https:\/\/tto.bau.edu.tr\/wp-content\/uploads\/2026\/05\/MIM_5398-150x150.jpg\" href=\"https:\/\/tto.bau.edu.tr\/wp-content\/uploads\/2026\/05\/MIM_5398.jpg\"  class=\"thumb-anchor mobx  \" data-rel=\"my-gallerySy9fjjN7ke\" title=\"\"><div class=\"thumb-wrap\"><div style = \"padding-bottom : 100%;\" class=\"gallery-thumb-img-wrap be-grid-placeholder none-effect\"  ><img decoding=\"async\" class=\"\"  src=\"https:\/\/tto.bau.edu.tr\/wp-content\/uploads\/2026\/05\/MIM_5398-650x385.jpg\" alt=\"\" \/><\/div><\/div><div class=\"thumb-overlay\"><div class=\"thumb-bg\"><div class=\"thumb-title-wrap display-table-cell vertical-align-middle align-center fadeIn animated\"><\/div><\/div><\/div><\/a><\/div><\/div><div class=\"gallery-cell be-col be-hoverlay  not-wide no-wide-width-height style1-hover \" ><div class=\"gallery-cell-inner\"\"><a data-thumb = \"https:\/\/tto.bau.edu.tr\/wp-content\/uploads\/2026\/05\/MIM_5439-150x150.jpg\" href=\"https:\/\/tto.bau.edu.tr\/wp-content\/uploads\/2026\/05\/MIM_5439.jpg\"  class=\"thumb-anchor mobx  \" data-rel=\"my-gallerySy9fjjN7ke\" title=\"\"><div class=\"thumb-wrap\"><div style = \"padding-bottom : 100%;\" class=\"gallery-thumb-img-wrap be-grid-placeholder none-effect\"  ><img decoding=\"async\" class=\"\"  src=\"https:\/\/tto.bau.edu.tr\/wp-content\/uploads\/2026\/05\/MIM_5439-650x385.jpg\" alt=\"\" \/><\/div><\/div><div class=\"thumb-overlay\"><div class=\"thumb-bg\"><div class=\"thumb-title-wrap display-table-cell vertical-align-middle align-center fadeIn animated\"><\/div><\/div><\/div><\/a><\/div><\/div><div class=\"gallery-cell be-col be-hoverlay  not-wide no-wide-width-height style1-hover \" ><div class=\"gallery-cell-inner\"\"><a data-thumb = \"https:\/\/tto.bau.edu.tr\/wp-content\/uploads\/2026\/05\/MIM_5454-150x150.jpg\" href=\"https:\/\/tto.bau.edu.tr\/wp-content\/uploads\/2026\/05\/MIM_5454.jpg\"  class=\"thumb-anchor mobx  \" data-rel=\"my-gallerySy9fjjN7ke\" title=\"\"><div class=\"thumb-wrap\"><div style = \"padding-bottom : 100%;\" class=\"gallery-thumb-img-wrap be-grid-placeholder none-effect\"  ><img decoding=\"async\" class=\"\"  src=\"https:\/\/tto.bau.edu.tr\/wp-content\/uploads\/2026\/05\/MIM_5454-650x385.jpg\" alt=\"\" \/><\/div><\/div><div class=\"thumb-overlay\"><div class=\"thumb-bg\"><div class=\"thumb-title-wrap display-table-cell vertical-align-middle align-center fadeIn animated\"><\/div><\/div><\/div><\/a><\/div><\/div><div class=\"gallery-cell be-col be-hoverlay  not-wide no-wide-width-height style1-hover \" ><div class=\"gallery-cell-inner\"\"><a data-thumb = \"https:\/\/tto.bau.edu.tr\/wp-content\/uploads\/2026\/05\/MIM_5469-150x150.jpg\" href=\"https:\/\/tto.bau.edu.tr\/wp-content\/uploads\/2026\/05\/MIM_5469.jpg\"  class=\"thumb-anchor mobx  \" data-rel=\"my-gallerySy9fjjN7ke\" title=\"\"><div class=\"thumb-wrap\"><div style = \"padding-bottom : 100%;\" class=\"gallery-thumb-img-wrap be-grid-placeholder none-effect\"  ><img decoding=\"async\" class=\"\"  src=\"https:\/\/tto.bau.edu.tr\/wp-content\/uploads\/2026\/05\/MIM_5469-650x385.jpg\" alt=\"\" \/><\/div><\/div><div class=\"thumb-overlay\"><div class=\"thumb-bg\"><div class=\"thumb-title-wrap display-table-cell vertical-align-middle align-center fadeIn animated\"><\/div><\/div><\/div><\/a><\/div><\/div><div class=\"gallery-cell be-col be-hoverlay  not-wide no-wide-width-height style1-hover \" ><div class=\"gallery-cell-inner\"\"><a data-thumb = \"https:\/\/tto.bau.edu.tr\/wp-content\/uploads\/2026\/05\/MIM_5231-3-150x150.jpg\" href=\"https:\/\/tto.bau.edu.tr\/wp-content\/uploads\/2026\/05\/MIM_5231-3.jpg\"  class=\"thumb-anchor mobx  \" data-rel=\"my-gallerySy9fjjN7ke\" title=\"\"><div class=\"thumb-wrap\"><div style = \"padding-bottom : 100%;\" class=\"gallery-thumb-img-wrap be-grid-placeholder none-effect\"  ><img decoding=\"async\" class=\"\"  src=\"https:\/\/tto.bau.edu.tr\/wp-content\/uploads\/2026\/05\/MIM_5231-3-650x385.jpg\" alt=\"\" \/><\/div><\/div><div class=\"thumb-overlay\"><div class=\"thumb-bg\"><div class=\"thumb-title-wrap display-table-cell vertical-align-middle align-center fadeIn animated\"><\/div><\/div><\/div><\/a><\/div><\/div><div class=\"gallery-cell be-col be-hoverlay  not-wide no-wide-width-height style1-hover \" ><div class=\"gallery-cell-inner\"\"><a data-thumb = \"https:\/\/tto.bau.edu.tr\/wp-content\/uploads\/2026\/05\/MIM_5511-150x150.jpg\" href=\"https:\/\/tto.bau.edu.tr\/wp-content\/uploads\/2026\/05\/MIM_5511.jpg\"  class=\"thumb-anchor mobx  \" data-rel=\"my-gallerySy9fjjN7ke\" title=\"\"><div class=\"thumb-wrap\"><div style = \"padding-bottom : 100%;\" class=\"gallery-thumb-img-wrap be-grid-placeholder none-effect\"  ><img decoding=\"async\" class=\"\"  src=\"https:\/\/tto.bau.edu.tr\/wp-content\/uploads\/2026\/05\/MIM_5511-650x385.jpg\" alt=\"\" \/><\/div><\/div><div class=\"thumb-overlay\"><div class=\"thumb-bg\"><div class=\"thumb-title-wrap display-table-cell vertical-align-middle align-center fadeIn animated\"><\/div><\/div><\/div><\/a><\/div><\/div><\/div><\/div><style>.tatsu-Sy9fjjN7ke .gallery-container{margin: 0 -20px;}.tatsu-Sy9fjjN7ke .gallery-container .gallery-cell.be-col{margin-bottom: 40px;}.tatsu-Sy9fjjN7ke .gallery-container .gallery-cell.be-col {padding: 0 20px;}.tatsu-Sy9fjjN7ke.tatsu-gallery-module .gallery-container {margin-bottom: -40px !important;}.tatsu-Sy9fjjN7ke.tatsu-gallery-module .thumb-title{color: #fff ;}.tatsu-Sy9fjjN7ke.tatsu-gallery-module .thumb-bg{background-color: rgba(23,129,241,1);}<\/style><\/div><\/div><\/div><div class = \"tatsu-column-bg-image-wrap\"><div class = \"tatsu-column-bg-image tatsu-bg-lazyload\" data-src = \"\"><\/div><\/div><div class=\"tatsu-overlay tatsu-column-overlay tatsu-animate-none\" ><\/div><\/div><style>.tatsu-row > .tatsu-Sk3ByKmUn.tatsu-column{width: 50%;}.tatsu-Sk3ByKmUn.tatsu-column > .tatsu-column-inner > .tatsu-column-overlay{mix-blend-mode: normal;}.tatsu-Sk3ByKmUn > .tatsu-column-inner > .tatsu-top-divider{z-index: 9999;}.tatsu-Sk3ByKmUn > .tatsu-column-inner > .tatsu-bottom-divider{z-index: 9999;}.tatsu-Sk3ByKmUn > .tatsu-column-inner > .tatsu-left-divider{z-index: 9999;}.tatsu-Sk3ByKmUn > .tatsu-column-inner > .tatsu-right-divider{z-index: 9999;}@media only screen and (max-width:1377px) {.tatsu-row > .tatsu-Sk3ByKmUn.tatsu-column{width: 50%;}}@media only screen and (min-width:768px) and (max-width: 1024px) {.tatsu-row > .tatsu-Sk3ByKmUn.tatsu-column{width: 50%;}}@media only screen and (max-width: 767px) {.tatsu-row > .tatsu-Sk3ByKmUn.tatsu-column{width: 100%;}}<\/style><\/div><div  class=\"tatsu-column  tatsu-bg-overlay tatsu-one-half tatsu-column-image-none tatsu-column-effect-none  tatsu-Hyl2S1KQ8h\"  data-parallax-speed=\"0\" style=\"\"><div class=\"tatsu-column-inner \" ><div class=\"tatsu-column-pad-wrap\"><div class=\"tatsu-column-pad\" ><div  class=\"tatsu-module tatsu-text-block-wrap tatsu-SkfPkYQ83  \"><div class=\"tatsu-text-inner tatsu-align-center  clearfix\" ><style>.tatsu-SkfPkYQ83.tatsu-text-block-wrap .tatsu-text-inner{width: 100%;text-align: left;color: rgba(74,74,74,1) ;}.tatsu-SkfPkYQ83.tatsu-text-block-wrap{margin: 0px 0px 10px 0px;}.tatsu-SkfPkYQ83 .tatsu-text-inner *{color: rgba(74,74,74,1) ;}<\/style>\n<h5 class=\"p1\"><strong>Journey to Innovation: Erg\u00fcn K\u0131rl\u0131koval\u0131 Met with Academics and Students at BAU!<\/strong><\/h5>\n<\/div><\/div><div  class=\"tatsu-module tatsu-text-block-wrap tatsu-Ska3gbThZe  \"><div class=\"tatsu-text-inner tatsu-align-center  clearfix\" ><style>.tatsu-Ska3gbThZe.tatsu-text-block-wrap .tatsu-text-inner{width: 100%;text-align: left;color: rgba(74,74,74,1) ;}.tatsu-Ska3gbThZe .tatsu-text-inner *{color: rgba(74,74,74,1) ;}<\/style>\n<section class=\"text-token-text-primary w-full focus:outline-none &#091;--shadow-height:45px&#093; has-data-writing-block:pointer-events-none has-data-writing-block:-mt-(--shadow-height) has-data-writing-block:pt-(--shadow-height) &#091;&#038;:has(&#091;data-writing-block&#093;)>*]:pointer-events-auto [content-visibility:auto] supports-[content-visibility:auto]:[contain-intrinsic-size:auto_100lvh] R6Vx5W_threadScrollVars scroll-mb-[calc(var(&#8211;scroll-root-safe-area-inset-bottom,0px)+var(&#8211;thread-response-height))] scroll-mt-[calc(var(&#8211;header-height)+min(200px,max(70px,20svh)))]&#8221; dir=&#8221;auto&#8221; data-turn-id=&#8221;request-WEB:7fa0bc8a-31af-4260-8d3a-69983b576b52-1&#8243; data-testid=&#8221;conversation-turn-4&#8243; data-scroll-anchor=&#8221;false&#8221; data-turn=&#8221;assistant&#8221;><\/p>\n<div class=\"text-base my-auto mx-auto pb-10 &#091;--thread-content-margin:var(--thread-content-margin-xs,calc(var(--spacing)*4))&#093; @w-sm\/main:&#091;--thread-content-margin:var(--thread-content-margin-sm,calc(var(--spacing)*6))&#093; @w-lg\/main:&#091;--thread-content-margin:var(--thread-content-margin-lg,calc(var(--spacing)*16))&#093; px-(--thread-content-margin)\">\n<div class=\"&#091;--thread-content-max-width:40rem&#093; @w-lg\/main:&#091;--thread-content-max-width:48rem&#093; mx-auto max-w-(--thread-content-max-width) flex-1 group\/turn-messages focus-visible:outline-hidden relative flex w-full min-w-0 flex-col agent-turn\">\n<div class=\"flex max-w-full flex-col gap-4 grow\">\n<div class=\"min-h-8 text-message relative flex w-full flex-col items-end gap-2 text-start break-words whitespace-normal outline-none keyboard-focused:focus-ring &#091;.text-message+&#038;&#093;:mt-1\" dir=\"auto\" tabindex=\"0\" data-message-author-role=\"assistant\" data-message-id=\"07516360-9c8d-408f-889d-fe3d6494dc13\" data-message-model-slug=\"gpt-5-3-mini\" data-turn-start-message=\"true\">\n<div class=\"flex w-full flex-col gap-1 empty:hidden\">\n<div class=\"markdown prose dark:prose-invert w-full wrap-break-word light markdown-new-styling\">\n<p data-start=\"0\" data-end=\"255\">At Bah\u00e7e\u015fehir University, within the scope of the seminar titled \u201cAre You Ready for Innovation? What is Your Next Big Idea?\u201d, Erg\u00fcn K\u0131rl\u0131koval\u0131, who is internationally recognized for his work in advanced polymer materials, met with academics and students.<\/p>\n<p data-start=\"257\" data-end=\"847\">The event began with K\u0131rl\u0131koval\u0131\u2019s campus visit. Accompanied by the vice rector, rector\u2019s advisor, the Science Communication Office, the Student Dean\u2019s Office, and representatives of the Faculty of Economics, Administrative and Social Sciences, K\u0131rl\u0131koval\u0131 toured the BAU campus and received information about the university\u2019s academic and research ecosystem. In the following meeting, K\u0131rl\u0131koval\u0131 shared how he started his professional life, his career journey, and the experiences he gained throughout this process, engaging in a sincere, conversational interaction with the participants.<\/p>\n<p data-start=\"849\" data-end=\"1611\">In the seminar held as part of the program, K\u0131rl\u0131koval\u0131 shared his experiences in the development of polymer materials used in advanced technology projects, drawing attention to the multidimensional nature of innovation. He emphasized that innovation should not be limited only to product development, but should be addressed within a broad framework that also includes processes, business models, organizational structures, and social impact. The seminar was conducted in an interactive format with active participation from academics and students, proceeding through question-and-answer sessions. Participants created a multidimensional exchange of ideas by directly asking questions about the relationship between creativity, innovation, and entrepreneurship.<\/p>\n<p data-start=\"1613\" data-end=\"1799\" data-is-last-node=\"\" data-is-only-node=\"\">We thank Erg\u00fcn K\u0131rl\u0131koval\u0131 for sharing his valuable knowledge and experience with our academics and students. We hope that this valuable meeting will contribute to new ideas and studies.<\/p>\n<\/div>\n<\/div>\n<\/div>\n<\/div>\n<div class=\"z-0 flex min-h-&#091;46px&#093; justify-start\">\u00a0<\/div>\n<div class=\"mt-3 w-full empty:hidden\">\n<div class=\"text-center\">\u00a0<\/div>\n<\/div>\n<\/div>\n<\/div>\n<\/section>\n<p>04.05.2026<\/p>\n<\/div><\/div><\/div><\/div><div class = \"tatsu-column-bg-image-wrap\"><div class = \"tatsu-column-bg-image tatsu-bg-lazyload\" data-src = \"\"><\/div><\/div><div class=\"tatsu-overlay tatsu-column-overlay tatsu-animate-none\" ><\/div><\/div><style>.tatsu-row > .tatsu-Hyl2S1KQ8h.tatsu-column{width: 50%;}.tatsu-Hyl2S1KQ8h.tatsu-column > .tatsu-column-inner > .tatsu-column-overlay{mix-blend-mode: normal;}.tatsu-Hyl2S1KQ8h > .tatsu-column-inner > .tatsu-top-divider{z-index: 9999;}.tatsu-Hyl2S1KQ8h > .tatsu-column-inner > .tatsu-bottom-divider{z-index: 9999;}.tatsu-Hyl2S1KQ8h > .tatsu-column-inner > .tatsu-left-divider{z-index: 9999;}.tatsu-Hyl2S1KQ8h > .tatsu-column-inner > .tatsu-right-divider{z-index: 9999;}@media only screen and (max-width:1377px) {.tatsu-row > .tatsu-Hyl2S1KQ8h.tatsu-column{width: 50%;}}@media only screen and (min-width:768px) and (max-width: 1024px) {.tatsu-row > .tatsu-Hyl2S1KQ8h.tatsu-column{width: 50%;}}@media only screen and (max-width: 767px) {.tatsu-row > .tatsu-Hyl2S1KQ8h.tatsu-column{width: 100%;}}<\/style><\/div><\/div><\/div><\/div><div class=\"tatsu-section-background-wrap\"><div class = \"tatsu-section-background tatsu-bg-lazyload\" data-src = \"\"><\/div><\/div><div class=\"tatsu-overlay tatsu-section-overlay\"><\/div><style>.tatsu-rJZsBJtQU3 .tatsu-section-pad{padding: 91px 0px 90px 0px;}.tatsu-rJZsBJtQU3 .tatsu-section-offset-wrap{transform: translateY(-0px);}.tatsu-rJZsBJtQU3 > .tatsu-bottom-divider{z-index: 9999;}.tatsu-rJZsBJtQU3 > .tatsu-top-divider{z-index: 9999;}.tatsu-rJZsBJtQU3 .tatsu-section-overlay{mix-blend-mode: normal;}<\/style><\/div>\n","protected":false},"excerpt":{"rendered":"<div><a href=\"https:\/\/tto.bau.edu.tr\/en\/journey-to-innovation-ergun-kirlikovali-met-with-academics-and-students-at-bau\/\" class=\"exp-read-more exp-read-more-underlined\">Read More<\/a><\/div>\n","protected":false},"author":6,"featured_media":0,"parent":0,"menu_order":0,"comment_status":"closed","ping_status":"closed","template":"","meta":{"footnotes":""},"class_list":["post-11535","page","type-page","status-publish","hentry"],"_links":{"self":[{"href":"https:\/\/tto.bau.edu.tr\/en\/wp-json\/wp\/v2\/pages\/11535","targetHints":{"allow":["GET"]}}],"collection":[{"href":"https:\/\/tto.bau.edu.tr\/en\/wp-json\/wp\/v2\/pages"}],"about":[{"href":"https:\/\/tto.bau.edu.tr\/en\/wp-json\/wp\/v2\/types\/page"}],"author":[{"embeddable":true,"href":"https:\/\/tto.bau.edu.tr\/en\/wp-json\/wp\/v2\/users\/6"}],"replies":[{"embeddable":true,"href":"https:\/\/tto.bau.edu.tr\/en\/wp-json\/wp\/v2\/comments?post=11535"}],"version-history":[{"count":3,"href":"https:\/\/tto.bau.edu.tr\/en\/wp-json\/wp\/v2\/pages\/11535\/revisions"}],"predecessor-version":[{"id":11547,"href":"https:\/\/tto.bau.edu.tr\/en\/wp-json\/wp\/v2\/pages\/11535\/revisions\/11547"}],"wp:attachment":[{"href":"https:\/\/tto.bau.edu.tr\/en\/wp-json\/wp\/v2\/media?parent=11535"}],"curies":[{"name":"wp","href":"https:\/\/api.w.org\/{rel}","templated":true}]}}