{"id":11491,"date":"2026-04-27T18:53:49","date_gmt":"2026-04-27T15:53:49","guid":{"rendered":"https:\/\/tto.bau.edu.tr\/?page_id=11491"},"modified":"2026-04-27T18:55:54","modified_gmt":"2026-04-27T15:55:54","slug":"are-you-ready-for-innovation-what-is-your-next-big-idea-2","status":"publish","type":"page","link":"https:\/\/tto.bau.edu.tr\/en\/are-you-ready-for-innovation-what-is-your-next-big-idea-2\/","title":{"rendered":"Are You Ready for Innovation? What is Your Next Big Idea?"},"content":{"rendered":"<div  class=\"tatsu-BkbVBeRhRs tatsu-section  tatsu-bg-overlay   tatsu-clearfix\" data-title=\"\"  data-headerscheme=\"background--dark\"><div class='tatsu-section-pad clearfix' data-padding='{\"d\":\"90px 0px 90px 0px\"}' data-padding-top='90px'><div class=\"tatsu-row-wrap  tatsu-wrap tatsu-row-has-one-half tatsu-row-has-two-cols tatsu-medium-gutter tatsu-reg-cols  tatsu-clearfix tatsu-BygEHx0hRo\" ><div  class=\"tatsu-row \" ><div  class=\"tatsu-column  tatsu-bg-overlay tatsu-one-half tatsu-column-image-none tatsu-column-effect-none  tatsu-Hk9BxR2Rj\"  data-parallax-speed=\"0\" style=\"\"><div class=\"tatsu-column-inner \" ><div class=\"tatsu-column-pad-wrap\"><div class=\"tatsu-column-pad\" ><div  class=\"tatsu-single-image tatsu-module tatsu-image-lazyload tatsu-rJhHlR3As  \" ><div class=\"tatsu-single-image-inner \" style=\"width : 1080px;\" ><div class = \"tatsu-single-image-padding-wrap\" style = \"padding-bottom : 125%;\" ><\/div><a href = \"https:\/\/tto.bau.edu.tr\/en\/are-you-ready-for-innovation-what-is-your-next-big-idea-2\/\" ><img class = \"tatsu-gradient-border\" alt = \"\" title = \"Are You Ready for Innovation_Post.jpg (1)\" data-src = \"https:\/\/tto.bau.edu.tr\/wp-content\/uploads\/2026\/04\/Are-You-Ready-for-Innovation_Post.jpg-1.jpeg\" src =\"data:image\/png;base64,iVBORw0KGgoAAAANSUhEUgAAAAEAAAABCAQAAAC1HAwCAAAAC0lEQVR42mNkYAAAAAYAAjCB0C8AAAAASUVORK5CYII=\"  \/><\/a><\/div><style>.tatsu-rJhHlR3As .tatsu-single-image-inner{border-style: solid;max-width: 100%;}.tatsu-rJhHlR3As.tatsu-single-image{transform: translate3d(0px,0px, 0);}<\/style><\/div><\/div><\/div><div class = \"tatsu-column-bg-image-wrap\"><div class = \"tatsu-column-bg-image tatsu-bg-lazyload\" data-src = \"\"><\/div><\/div><div class=\"tatsu-overlay tatsu-column-overlay tatsu-animate-none\" ><\/div><\/div><style>.tatsu-row > .tatsu-Hk9BxR2Rj.tatsu-column{width: 50%;}.tatsu-Hk9BxR2Rj.tatsu-column > .tatsu-column-inner > .tatsu-column-overlay{mix-blend-mode: normal;}.tatsu-Hk9BxR2Rj > .tatsu-column-inner > .tatsu-top-divider{z-index: 9999;}.tatsu-Hk9BxR2Rj > .tatsu-column-inner > .tatsu-bottom-divider{z-index: 9999;}.tatsu-Hk9BxR2Rj > .tatsu-column-inner > .tatsu-left-divider{z-index: 9999;}.tatsu-Hk9BxR2Rj > .tatsu-column-inner > .tatsu-right-divider{z-index: 9999;}@media only screen and (max-width:1377px) {.tatsu-row > .tatsu-Hk9BxR2Rj.tatsu-column{width: 50%;}}@media only screen and (min-width:768px) and (max-width: 1024px) {.tatsu-row > .tatsu-Hk9BxR2Rj.tatsu-column{width: 50%;}}@media only screen and (max-width: 767px) {.tatsu-row > .tatsu-Hk9BxR2Rj.tatsu-column{width: 100%;}}<\/style><\/div><div  class=\"tatsu-column  tatsu-bg-overlay tatsu-one-half tatsu-column-image-none tatsu-column-effect-none  tatsu-Byg5rgC3Cj\"  data-parallax-speed=\"0\" style=\"\"><div class=\"tatsu-column-inner \" ><div class=\"tatsu-column-pad-wrap\"><div class=\"tatsu-column-pad\" ><div  class=\"tatsu-module tatsu-text-block-wrap tatsu-S1Ek1AEUbe  \"><div class=\"tatsu-text-inner tatsu-align-center  clearfix\" ><style>.tatsu-S1Ek1AEUbe.tatsu-text-block-wrap .tatsu-text-inner{width: 100%;text-align: left;}.tatsu-S1Ek1AEUbe.tatsu-text-block-wrap{margin: 0px 0px 10px 0px;}<\/style>\n<h5><strong>Are You Ready for Innovation? What is Your Next Big Idea?<\/strong><\/h5>\n<\/div><\/div><div  class=\"tatsu-module tatsu-text-block-wrap tatsu-rkaUlC3Ri  \"><div class=\"tatsu-text-inner tatsu-align-center  clearfix\" ><style>.tatsu-rkaUlC3Ri.tatsu-text-block-wrap .tatsu-text-inner{width: 100%;text-align: left;}<\/style>\n<p class=\"p1\">Erg\u00fcn K\u0131rl\u0131koval\u0131, an internationally recognized expert in advanced polymer composite materials, will meet with our students in an inspiring seminar.<\/p>\n<p class=\"p1\">As the founder of Integrated Polymer Industries, K\u0131rl\u0131koval\u0131 is known for his extensive R&amp;D experience and his pioneering role in the development of advanced polymers used in high-tech projects such as the F-35 fighter aircraft.<\/p>\n<p class=\"p1\">In this seminar titled <i>\u201cAre You Ready for Innovation? What is Your Next Big Idea?\u201d<\/i>, K\u0131rl\u0131koval\u0131 will address how innovation goes beyond product development, encompassing a broader perspective that includes processes, business models, organizational structures, and societal impact.<\/p>\n<p class=\"p1\">Participants will explore the relationship between creativity, innovation, and entrepreneurship, while learning how to systematically develop their ideas and transform them into value-creating ventures.<\/p>\n<p class=\"p1\"><b>Event Details<\/b><\/p>\n<ul class=\"ul1\">\n<li class=\"li1\"><b>Date:<\/b> April 29, 2026 (Wednesday)<\/li>\n<li class=\"li1\"><b>Time:<\/b> 11:00 \u2013 13:00<\/li>\n<li class=\"li1\"><b>Venue:<\/b> Bah\u00e7e\u015fehir University, South Campus, U Block Mini Hall 1 (-2 Floor)<\/li>\n<\/ul>\n<\/div><\/div><div  class=\"tatsu-module tatsu-text-block-wrap tatsu-r1AJNF_kZg  \"><div class=\"tatsu-text-inner tatsu-align-center  clearfix\" ><style>.tatsu-r1AJNF_kZg.tatsu-text-block-wrap .tatsu-text-inner{width: 100%;text-align: left;}.tatsu-r1AJNF_kZg.tatsu-text-block-wrap{margin: 40px 0px 30px 0px;}<\/style>\n<p><em>27.04.2026<\/em><\/p>\n<\/div><\/div><\/div><\/div><div class = \"tatsu-column-bg-image-wrap\"><div class = \"tatsu-column-bg-image tatsu-bg-lazyload\" data-src = \"\"><\/div><\/div><div class=\"tatsu-overlay tatsu-column-overlay tatsu-animate-none\" ><\/div><\/div><style>.tatsu-row > .tatsu-Byg5rgC3Cj.tatsu-column{width: 50%;}.tatsu-Byg5rgC3Cj.tatsu-column > .tatsu-column-inner > .tatsu-column-overlay{mix-blend-mode: normal;}.tatsu-Byg5rgC3Cj > .tatsu-column-inner > .tatsu-top-divider{z-index: 9999;}.tatsu-Byg5rgC3Cj > .tatsu-column-inner > .tatsu-bottom-divider{z-index: 9999;}.tatsu-Byg5rgC3Cj > .tatsu-column-inner > .tatsu-left-divider{z-index: 9999;}.tatsu-Byg5rgC3Cj > .tatsu-column-inner > .tatsu-right-divider{z-index: 9999;}@media only screen and (max-width:1377px) {.tatsu-row > .tatsu-Byg5rgC3Cj.tatsu-column{width: 50%;}}@media only screen and (min-width:768px) and (max-width: 1024px) {.tatsu-row > .tatsu-Byg5rgC3Cj.tatsu-column{width: 50%;}}@media only screen and (max-width: 767px) {.tatsu-row > .tatsu-Byg5rgC3Cj.tatsu-column{width: 100%;}}<\/style><\/div><\/div><\/div><\/div><div class=\"tatsu-section-background-wrap\"><div class = \"tatsu-section-background tatsu-bg-lazyload\" data-src = \"\"><\/div><\/div><div class=\"tatsu-overlay tatsu-section-overlay\"><\/div><style>.tatsu-BkbVBeRhRs .tatsu-section-pad{padding: 90px 0px 90px 0px;}.tatsu-BkbVBeRhRs .tatsu-section-offset-wrap{transform: translateY(-0px);}.tatsu-BkbVBeRhRs > .tatsu-bottom-divider{z-index: 9999;}.tatsu-BkbVBeRhRs > .tatsu-top-divider{z-index: 9999;}.tatsu-BkbVBeRhRs .tatsu-section-overlay{mix-blend-mode: normal;}<\/style><\/div>\n","protected":false},"excerpt":{"rendered":"<div><a href=\"https:\/\/tto.bau.edu.tr\/en\/are-you-ready-for-innovation-what-is-your-next-big-idea-2\/\" class=\"exp-read-more exp-read-more-underlined\">Read More<\/a><\/div>\n","protected":false},"author":6,"featured_media":0,"parent":0,"menu_order":0,"comment_status":"closed","ping_status":"closed","template":"","meta":{"footnotes":""},"class_list":["post-11491","page","type-page","status-publish","hentry"],"_links":{"self":[{"href":"https:\/\/tto.bau.edu.tr\/en\/wp-json\/wp\/v2\/pages\/11491","targetHints":{"allow":["GET"]}}],"collection":[{"href":"https:\/\/tto.bau.edu.tr\/en\/wp-json\/wp\/v2\/pages"}],"about":[{"href":"https:\/\/tto.bau.edu.tr\/en\/wp-json\/wp\/v2\/types\/page"}],"author":[{"embeddable":true,"href":"https:\/\/tto.bau.edu.tr\/en\/wp-json\/wp\/v2\/users\/6"}],"replies":[{"embeddable":true,"href":"https:\/\/tto.bau.edu.tr\/en\/wp-json\/wp\/v2\/comments?post=11491"}],"version-history":[{"count":3,"href":"https:\/\/tto.bau.edu.tr\/en\/wp-json\/wp\/v2\/pages\/11491\/revisions"}],"predecessor-version":[{"id":11496,"href":"https:\/\/tto.bau.edu.tr\/en\/wp-json\/wp\/v2\/pages\/11491\/revisions\/11496"}],"wp:attachment":[{"href":"https:\/\/tto.bau.edu.tr\/en\/wp-json\/wp\/v2\/media?parent=11491"}],"curies":[{"name":"wp","href":"https:\/\/api.w.org\/{rel}","templated":true}]}}