{"id":11465,"date":"2026-04-21T17:53:36","date_gmt":"2026-04-21T14:53:36","guid":{"rendered":"https:\/\/tto.bau.edu.tr\/?page_id=11465"},"modified":"2026-04-21T17:56:43","modified_gmt":"2026-04-21T14:56:43","slug":"a-strong-collaboration-between-bahcesehir-university-and-the-advertisers-association","status":"publish","type":"page","link":"https:\/\/tto.bau.edu.tr\/en\/a-strong-collaboration-between-bahcesehir-university-and-the-advertisers-association\/","title":{"rendered":"A Strong Collaboration Between Bah\u00e7e\u015fehir University and the Advertisers Association"},"content":{"rendered":"<div  class=\"tatsu-HyZmURbYSeg tatsu-section  tatsu-bg-overlay   tatsu-clearfix\" data-title=\"\"  data-headerscheme=\"background--dark\"><div class='tatsu-section-pad clearfix' data-padding='{\"d\":\"90px 0px 90px 0px\"}' data-padding-top='90px'><div class=\"tatsu-row-wrap  tatsu-wrap tatsu-row-one-col tatsu-row-has-one-cols tatsu-medium-gutter tatsu-reg-cols  tatsu-clearfix tatsu-rye7ICZKBle\" ><div  class=\"tatsu-row \" ><div  class=\"tatsu-column  tatsu-bg-overlay tatsu-one-col tatsu-column-image-none tatsu-column-effect-none  tatsu-ryX8RZtBee\"  data-parallax-speed=\"0\" style=\"\"><div class=\"tatsu-column-inner \" ><div class=\"tatsu-column-pad-wrap\"><div class=\"tatsu-column-pad\" >            <div  class = \"tatsu-media-carousel tatsu-module clearfix  tatsu-H1oURWYHex\" >\n                <style>.tatsu-H1oURWYHex .tatsu-carousel-col{padding: 0 5px;}.tatsu-H1oURWYHex .tatsu-carousel{margin: 0 -5px;}.tatsu-H1oURWYHex{margin: 0px 0px 50px 0px;}<\/style>                <div class = \"tatsu-media-carousel-inner tatsu-carousel tatsu-fixed-carousel tatsu-carousel-cols-4\" data-free-scroll = \"1\" data-infinite = \"1\" data-autoplay-speed = \"2000\" >\n                                                                                                        <div class = \"tatsu-media-slide tatsu-carousel-col\">\n                                    <div class = \"tatsu-media-slide-inner tatsu-carousel-col-inner\">\n                                                                                    <a href=\"https:\/\/tto.bau.edu.tr\/wp-content\/uploads\/2026\/04\/1-Is-Birligi.jpeg\" class = \"light_box\"><img class = \"tatsu-carousel-img\" alt = \"\" src = \"https:\/\/tto.bau.edu.tr\/wp-content\/uploads\/2026\/04\/1-Is-Birligi.jpeg\" \/><\/a>\n                                                                           <\/div>\n                                <\/div>\n                                                                                    <div class = \"tatsu-media-slide tatsu-carousel-col\">\n                                    <div class = \"tatsu-media-slide-inner tatsu-carousel-col-inner\">\n                                                                                    <a href=\"https:\/\/tto.bau.edu.tr\/wp-content\/uploads\/2026\/04\/2-Is-Birligi-.jpeg\" class = \"light_box\"><img class = \"tatsu-carousel-img\" alt = \"\" src = \"https:\/\/tto.bau.edu.tr\/wp-content\/uploads\/2026\/04\/2-Is-Birligi-.jpeg\" \/><\/a>\n                                                                           <\/div>\n                                <\/div>\n                                                                                    <div class = \"tatsu-media-slide tatsu-carousel-col\">\n                                    <div class = \"tatsu-media-slide-inner tatsu-carousel-col-inner\">\n                                                                                    <a href=\"https:\/\/tto.bau.edu.tr\/wp-content\/uploads\/2026\/04\/3-Is-birligi.jpeg\" class = \"light_box\"><img class = \"tatsu-carousel-img\" alt = \"\" src = \"https:\/\/tto.bau.edu.tr\/wp-content\/uploads\/2026\/04\/3-Is-birligi.jpeg\" \/><\/a>\n                                                                           <\/div>\n                                <\/div>\n                                                                                    <div class = \"tatsu-media-slide tatsu-carousel-col\">\n                                    <div class = \"tatsu-media-slide-inner tatsu-carousel-col-inner\">\n                                                                                    <a href=\"https:\/\/tto.bau.edu.tr\/wp-content\/uploads\/2026\/04\/4-Is-birligi.jpeg\" class = \"light_box\"><img class = \"tatsu-carousel-img\" alt = \"\" src = \"https:\/\/tto.bau.edu.tr\/wp-content\/uploads\/2026\/04\/4-Is-birligi.jpeg\" \/><\/a>\n                                                                           <\/div>\n                                <\/div>\n                                                            <\/div>\n            <\/div>\n        <div  class=\"tatsu-module tatsu-text-block-wrap tatsu-HkyzRv3_-x  \"><div class=\"tatsu-text-inner tatsu-align-center  clearfix\" ><style>.tatsu-HkyzRv3_-x.tatsu-text-block-wrap .tatsu-text-inner{width: 100%;text-align: left;color: rgba(74,74,74,1) ;}.tatsu-HkyzRv3_-x .tatsu-text-inner *{color: rgba(74,74,74,1) ;}<\/style>\n<p><strong>A Strong Collaboration Between Bah\u00e7e\u015fehir University and the Reklamverenler Derne\u011fi<\/strong><\/p>\n<\/div><\/div><div  class=\"tatsu-module tatsu-text-block-wrap tatsu-B1dM3GYBgx  \"><div class=\"tatsu-text-inner tatsu-align-center  clearfix\" ><style>.tatsu-B1dM3GYBgx.tatsu-text-block-wrap .tatsu-text-inner{width: 100%;text-align: left;}<\/style>\n<p>The cooperation protocol signed between <strong>Bah\u00e7e\u015fehir University<\/strong> and the <strong>Reklamverenler Derne\u011fi<\/strong> stands out as a significant step aimed at building a bridge between education and the industry. The protocol aims to bring together academic knowledge and sectoral experience, providing students with a more well-rounded educational process.<\/p>\n<p>Within the scope of the collaboration, it is planned to implement projects that will enable students to reinforce their theoretical knowledge through practice. In this context, the <strong>\u201cAdventure\u201d<\/strong> graduation project, integrated into the final-year process, draws attention as one of the key components of the protocol. Through this project, it is aimed for students to directly experience the communication and advertising sector and take an active role in creative processes.<\/p>\n<p>Along with this collaboration, which strengthens the interaction between academia and the industry, it is aimed to develop projects that will shape the future of the communication world through efforts carried out in line with a shared vision.<\/p>\n<\/div><\/div><div  class=\"tatsu-module tatsu-text-block-wrap tatsu-ry-DCP3_Wg  \"><div class=\"tatsu-text-inner tatsu-align-center  clearfix\" ><style>.tatsu-ry-DCP3_Wg.tatsu-text-block-wrap .tatsu-text-inner{width: 100%;text-align: left;}<\/style>\n<p><em>Tarih: 21.04.2026<\/em><\/p>\n<\/div><\/div><\/div><\/div><div class = \"tatsu-column-bg-image-wrap\"><div class = \"tatsu-column-bg-image tatsu-bg-lazyload\" data-src = \"\"><\/div><\/div><div class=\"tatsu-overlay tatsu-column-overlay tatsu-animate-none\" ><\/div><\/div><style>.tatsu-row > .tatsu-ryX8RZtBee.tatsu-column{width: 100%;}.tatsu-ryX8RZtBee.tatsu-column > .tatsu-column-inner > .tatsu-column-overlay{mix-blend-mode: normal;}.tatsu-ryX8RZtBee > .tatsu-column-inner > .tatsu-top-divider{z-index: 9999;}.tatsu-ryX8RZtBee > .tatsu-column-inner > .tatsu-bottom-divider{z-index: 9999;}.tatsu-ryX8RZtBee > .tatsu-column-inner > .tatsu-left-divider{z-index: 9999;}.tatsu-ryX8RZtBee > .tatsu-column-inner > .tatsu-right-divider{z-index: 9999;}@media only screen and (max-width:1377px) {.tatsu-row > .tatsu-ryX8RZtBee.tatsu-column{width: 100%;}}@media only screen and (min-width:768px) and (max-width: 1024px) {.tatsu-row > .tatsu-ryX8RZtBee.tatsu-column{width: 100%;}}@media only screen and (max-width: 767px) {.tatsu-row > .tatsu-ryX8RZtBee.tatsu-column{width: 100%;}}<\/style><\/div><\/div><\/div><\/div><div class=\"tatsu-section-background-wrap\"><div class = \"tatsu-section-background tatsu-bg-lazyload\" data-src = \"\"><\/div><\/div><div class=\"tatsu-overlay tatsu-section-overlay\"><\/div><style>.tatsu-HyZmURbYSeg .tatsu-section-pad{padding: 90px 0px 90px 0px;}.tatsu-HyZmURbYSeg .tatsu-section-offset-wrap{transform: translateY(-0px);}.tatsu-HyZmURbYSeg > .tatsu-bottom-divider{z-index: 9999;}.tatsu-HyZmURbYSeg > .tatsu-top-divider{z-index: 9999;}.tatsu-HyZmURbYSeg .tatsu-section-overlay{mix-blend-mode: normal;}<\/style><\/div>\n","protected":false},"excerpt":{"rendered":"<div><a href=\"https:\/\/tto.bau.edu.tr\/en\/a-strong-collaboration-between-bahcesehir-university-and-the-advertisers-association\/\" class=\"exp-read-more exp-read-more-underlined\">Read More<\/a><\/div>\n","protected":false},"author":6,"featured_media":0,"parent":0,"menu_order":0,"comment_status":"closed","ping_status":"closed","template":"","meta":{"footnotes":""},"class_list":["post-11465","page","type-page","status-publish","hentry"],"_links":{"self":[{"href":"https:\/\/tto.bau.edu.tr\/en\/wp-json\/wp\/v2\/pages\/11465","targetHints":{"allow":["GET"]}}],"collection":[{"href":"https:\/\/tto.bau.edu.tr\/en\/wp-json\/wp\/v2\/pages"}],"about":[{"href":"https:\/\/tto.bau.edu.tr\/en\/wp-json\/wp\/v2\/types\/page"}],"author":[{"embeddable":true,"href":"https:\/\/tto.bau.edu.tr\/en\/wp-json\/wp\/v2\/users\/6"}],"replies":[{"embeddable":true,"href":"https:\/\/tto.bau.edu.tr\/en\/wp-json\/wp\/v2\/comments?post=11465"}],"version-history":[{"count":3,"href":"https:\/\/tto.bau.edu.tr\/en\/wp-json\/wp\/v2\/pages\/11465\/revisions"}],"predecessor-version":[{"id":11468,"href":"https:\/\/tto.bau.edu.tr\/en\/wp-json\/wp\/v2\/pages\/11465\/revisions\/11468"}],"wp:attachment":[{"href":"https:\/\/tto.bau.edu.tr\/en\/wp-json\/wp\/v2\/media?parent=11465"}],"curies":[{"name":"wp","href":"https:\/\/api.w.org\/{rel}","templated":true}]}}