{"id":11236,"date":"2026-04-09T11:37:02","date_gmt":"2026-04-09T08:37:02","guid":{"rendered":"https:\/\/tto.bau.edu.tr\/?page_id=11236"},"modified":"2026-04-09T11:51:24","modified_gmt":"2026-04-09T08:51:24","slug":"information-conferences-on-msca-2026-calls-to-be-held-on-15-16-april-in-ankara-and-istanbulmsca-30-yil-etkinlikleri-kapsaminda-msca-2026-cagrilari-konferansi-15-ve-16-nisanda-ankara-ve-istanbu","status":"publish","type":"page","link":"https:\/\/tto.bau.edu.tr\/en\/information-conferences-on-msca-2026-calls-to-be-held-on-15-16-april-in-ankara-and-istanbulmsca-30-yil-etkinlikleri-kapsaminda-msca-2026-cagrilari-konferansi-15-ve-16-nisanda-ankara-ve-istanbu\/","title":{"rendered":"Information Conferences on MSCA 2026 Calls to Be Held on 15\u201316 April in Ankara and Istanbul"},"content":{"rendered":"<div  class=\"tatsu-BkbVBeRhRs tatsu-section  tatsu-bg-overlay   tatsu-clearfix\" data-title=\"\"  data-headerscheme=\"background--dark\"><div class='tatsu-section-pad clearfix' data-padding='{\"d\":\"90px 0px 90px 0px\"}' data-padding-top='90px'><div class=\"tatsu-row-wrap  tatsu-wrap tatsu-row-has-one-half tatsu-row-has-two-cols tatsu-medium-gutter tatsu-reg-cols  tatsu-clearfix tatsu-BygEHx0hRo\" ><div  class=\"tatsu-row \" ><div  class=\"tatsu-column  tatsu-bg-overlay tatsu-one-half tatsu-column-image-none tatsu-column-effect-none  tatsu-Hk9BxR2Rj\"  data-parallax-speed=\"0\" style=\"\"><div class=\"tatsu-column-inner \" ><div class=\"tatsu-column-pad-wrap\"><div class=\"tatsu-column-pad\" ><div  class=\"tatsu-single-image tatsu-module tatsu-image-lazyload tatsu-rJhHlR3As  \" ><div class=\"tatsu-single-image-inner \" style=\"width : 1440px;\" ><div class = \"tatsu-single-image-padding-wrap\" style = \"padding-bottom : 177.77777777778%;\" ><\/div><img class = \"tatsu-gradient-border\" alt = \"\" title = \"MSCA Duyuru -02\" data-src = \"https:\/\/tto.bau.edu.tr\/wp-content\/uploads\/2026\/04\/MSCA-Duyuru-02-scaled.jpg\" src =\"data:image\/png;base64,iVBORw0KGgoAAAANSUhEUgAAAAEAAAABCAQAAAC1HAwCAAAAC0lEQVR42mNkYAAAAAYAAjCB0C8AAAAASUVORK5CYII=\"  \/><\/div><style>.tatsu-rJhHlR3As{margin: 0px 0px 50px 0px;}.tatsu-rJhHlR3As .tatsu-single-image-inner{border-style: solid;max-width: 100%;}.tatsu-rJhHlR3As.tatsu-single-image{transform: translate3d(0px,0px, 0);}<\/style><\/div><div  class=\"tatsu-module tatsu-normal-button tatsu-button-wrap align-block block-center  tatsu-BJRUTSz3be   \"><a class=\"tatsu-shortcode blockbtn tatsu-button left-icon rounded   bg-animation-none  \" href=\"https:\/\/ufukavrupa.org.tr\/tr\/form\/horizon-europe-msca-registration-form\" style= \"\"  aria-label=\"Registration Form\" data-gdpr-atts={} target=\"_blank\">Registration Form<\/a><style>.tatsu-BJRUTSz3be .tatsu-button{background-color: rgba(32,47,119,1);color: #ffffff ;border-width: -10;}.tatsu-BJRUTSz3be .tatsu-button:hover{background-color: rgba(0,19,85,1);}<\/style><\/div><\/div><\/div><div class = \"tatsu-column-bg-image-wrap\"><div class = \"tatsu-column-bg-image tatsu-bg-lazyload\" data-src = \"\"><\/div><\/div><div class=\"tatsu-overlay tatsu-column-overlay tatsu-animate-none\" ><\/div><\/div><style>.tatsu-row > .tatsu-Hk9BxR2Rj.tatsu-column{width: 50%;}.tatsu-Hk9BxR2Rj.tatsu-column > .tatsu-column-inner > .tatsu-column-overlay{mix-blend-mode: normal;}.tatsu-Hk9BxR2Rj > .tatsu-column-inner > .tatsu-top-divider{z-index: 9999;}.tatsu-Hk9BxR2Rj > .tatsu-column-inner > .tatsu-bottom-divider{z-index: 9999;}.tatsu-Hk9BxR2Rj > .tatsu-column-inner > .tatsu-left-divider{z-index: 9999;}.tatsu-Hk9BxR2Rj > .tatsu-column-inner > .tatsu-right-divider{z-index: 9999;}@media only screen and (max-width:1377px) {.tatsu-row > .tatsu-Hk9BxR2Rj.tatsu-column{width: 50%;}}@media only screen and (min-width:768px) and (max-width: 1024px) {.tatsu-row > .tatsu-Hk9BxR2Rj.tatsu-column{width: 50%;}}@media only screen and (max-width: 767px) {.tatsu-row > .tatsu-Hk9BxR2Rj.tatsu-column{width: 100%;}}<\/style><\/div><div  class=\"tatsu-column  tatsu-bg-overlay tatsu-one-half tatsu-column-image-none tatsu-column-effect-none  tatsu-Byg5rgC3Cj\"  data-parallax-speed=\"0\" style=\"\"><div class=\"tatsu-column-inner \" ><div class=\"tatsu-column-pad-wrap\"><div class=\"tatsu-column-pad\" ><div  class=\"tatsu-module tatsu-text-block-wrap tatsu-S1Ek1AEUbe  \"><div class=\"tatsu-text-inner tatsu-align-center  clearfix\" ><style>.tatsu-S1Ek1AEUbe.tatsu-text-block-wrap .tatsu-text-inner{width: 100%;text-align: left;}.tatsu-S1Ek1AEUbe.tatsu-text-block-wrap{margin: 0px 0px 10px 0px;}<\/style>\n<h5><strong>Information Conferences on MSCA 2026 Calls to Be Held on 15\u201316 April in Ankara and Istanbul!<\/strong><\/h5>\n<\/div><\/div><div  class=\"tatsu-module tatsu-text-block-wrap tatsu-rkaUlC3Ri  \"><div class=\"tatsu-text-inner tatsu-align-center  clearfix\" ><style>.tatsu-rkaUlC3Ri.tatsu-text-block-wrap .tatsu-text-inner{width: 100%;text-align: left;}.tatsu-rkaUlC3Ri.tatsu-text-block-wrap{margin: 0px 0px 0px 0px;}<\/style>\n<p data-start=\"97\" data-end=\"186\">Dear Researchers, Representatives of Academia, Industry, and Civil Society Organizations, we are pleased to invite you to our information conferences to be organized for the <strong>MSCA 202<\/strong>6 calls.<\/p>\n<p data-start=\"97\" data-end=\"186\">On <strong>15\u201316 April 2026<\/strong>, two separate conferences will be held in <strong>Ankara<\/strong> and <strong>Istanbul<\/strong> with the participation of the <strong>European Commission<\/strong> and <strong>TARAL<\/strong> stakeholders. During the events, comprehensive information on the <strong>MSCA 2026<\/strong> calls will be shared; important insights and experiences will be delivered by a <strong>European Commission<\/strong> representative, experienced researchers, and evaluators. The first conference will take place on Wednesday,<strong> 15 April 2026<\/strong>, at <strong>T\u00dcB\u0130TAK Feza G\u00fcrsey Conference Hall<\/strong> in <strong>Ankara<\/strong>; the second will be held on <strong>Thursday<\/strong>, <strong>16 April 2026<\/strong>, at <strong>Bo\u011fazi\u00e7i University Albert Long Hall<\/strong> in <strong>Istanbul<\/strong>.<\/p>\n<p data-start=\"889\" data-end=\"1106\">Within the scope of the conference, information will be provided on the following programmes:<br \/><strong>MSCA Postdoctoral Fellowships (PF)<\/strong>, <strong>MSCA Doctoral Networks (DN)<\/strong>, <strong>MSCA Staff Exchanges (SE<\/strong>), <strong>MSCA COFUND<\/strong>, and <strong>MSCA Citizens<\/strong>.<\/p>\n<p data-start=\"1108\" data-end=\"1266\">The language of the event will be English and no interpretation services will be provided. Participation is free of charge; however, registration is required.<\/p>\n<p data-start=\"1268\" data-end=\"1467\">\ud83d\udd17 You can access the conference programme and registration link here:<br \/><a class=\"decorated-link\" href=\"https:\/\/ufukavrupa.org.tr\/tr\/haberler\/msca-30-yil-etkinlikleri-kapsaminda-msca-2026-cagrilari-konferansi-15-ve-16-nisanda-ankara\" target=\"_new\" rel=\"noopener\" data-start=\"1339\" data-end=\"1467\">https:\/\/ufukavrupa.org.tr\/tr\/haberler\/msca-30-yil-etkinlikleri-kapsaminda-msca-2026-cagrilari-konferansi-15-ve-16-nisanda-ankara<\/a><\/p>\n<p data-start=\"1469\" data-end=\"1540\">Conference presentations will be shared on the website after the event.<\/p>\n<p data-start=\"1542\" data-end=\"1589\" data-is-last-node=\"\" data-is-only-node=\"\">For your questions: <a class=\"decorated-link cursor-pointer\" rel=\"noopener\" data-start=\"1562\" data-end=\"1588\">ncpmobility@tubitak.gov.tr<\/a>.<\/p>\n<\/div><\/div><div  class=\"tatsu-module tatsu-text-block-wrap tatsu-r1AJNF_kZg  \"><div class=\"tatsu-text-inner tatsu-align-center  clearfix\" ><style>.tatsu-r1AJNF_kZg.tatsu-text-block-wrap .tatsu-text-inner{width: 100%;text-align: left;}.tatsu-r1AJNF_kZg.tatsu-text-block-wrap{margin: 71px 0px 0px 0px;}<\/style>\n<p><em>09.04.2026<\/em><\/p>\n<\/div><\/div><\/div><\/div><div class = \"tatsu-column-bg-image-wrap\"><div class = \"tatsu-column-bg-image tatsu-bg-lazyload\" data-src = \"\"><\/div><\/div><div class=\"tatsu-overlay tatsu-column-overlay tatsu-animate-none\" ><\/div><\/div><style>.tatsu-row > .tatsu-Byg5rgC3Cj.tatsu-column{width: 50%;}.tatsu-Byg5rgC3Cj.tatsu-column > .tatsu-column-inner > .tatsu-column-overlay{mix-blend-mode: normal;}.tatsu-Byg5rgC3Cj > .tatsu-column-inner > .tatsu-top-divider{z-index: 9999;}.tatsu-Byg5rgC3Cj > .tatsu-column-inner > .tatsu-bottom-divider{z-index: 9999;}.tatsu-Byg5rgC3Cj > .tatsu-column-inner > .tatsu-left-divider{z-index: 9999;}.tatsu-Byg5rgC3Cj > .tatsu-column-inner > .tatsu-right-divider{z-index: 9999;}@media only screen and (max-width:1377px) {.tatsu-row > .tatsu-Byg5rgC3Cj.tatsu-column{width: 50%;}}@media only screen and (min-width:768px) and (max-width: 1024px) {.tatsu-row > .tatsu-Byg5rgC3Cj.tatsu-column{width: 50%;}}@media only screen and (max-width: 767px) {.tatsu-row > .tatsu-Byg5rgC3Cj.tatsu-column{width: 100%;}}<\/style><\/div><\/div><\/div><\/div><div class=\"tatsu-section-background-wrap\"><div class = \"tatsu-section-background tatsu-bg-lazyload\" data-src = \"\"><\/div><\/div><div class=\"tatsu-overlay tatsu-section-overlay\"><\/div><style>.tatsu-BkbVBeRhRs .tatsu-section-pad{padding: 90px 0px 90px 0px;}.tatsu-BkbVBeRhRs .tatsu-section-offset-wrap{transform: translateY(-0px);}.tatsu-BkbVBeRhRs > .tatsu-bottom-divider{z-index: 9999;}.tatsu-BkbVBeRhRs > .tatsu-top-divider{z-index: 9999;}.tatsu-BkbVBeRhRs .tatsu-section-overlay{mix-blend-mode: normal;}<\/style><\/div>\n","protected":false},"excerpt":{"rendered":"<div><a href=\"https:\/\/tto.bau.edu.tr\/en\/information-conferences-on-msca-2026-calls-to-be-held-on-15-16-april-in-ankara-and-istanbulmsca-30-yil-etkinlikleri-kapsaminda-msca-2026-cagrilari-konferansi-15-ve-16-nisanda-ankara-ve-istanbu\/\" class=\"exp-read-more exp-read-more-underlined\">Read More<\/a><\/div>\n","protected":false},"author":6,"featured_media":0,"parent":0,"menu_order":0,"comment_status":"closed","ping_status":"closed","template":"","meta":{"footnotes":""},"class_list":["post-11236","page","type-page","status-publish","hentry"],"_links":{"self":[{"href":"https:\/\/tto.bau.edu.tr\/en\/wp-json\/wp\/v2\/pages\/11236","targetHints":{"allow":["GET"]}}],"collection":[{"href":"https:\/\/tto.bau.edu.tr\/en\/wp-json\/wp\/v2\/pages"}],"about":[{"href":"https:\/\/tto.bau.edu.tr\/en\/wp-json\/wp\/v2\/types\/page"}],"author":[{"embeddable":true,"href":"https:\/\/tto.bau.edu.tr\/en\/wp-json\/wp\/v2\/users\/6"}],"replies":[{"embeddable":true,"href":"https:\/\/tto.bau.edu.tr\/en\/wp-json\/wp\/v2\/comments?post=11236"}],"version-history":[{"count":7,"href":"https:\/\/tto.bau.edu.tr\/en\/wp-json\/wp\/v2\/pages\/11236\/revisions"}],"predecessor-version":[{"id":11243,"href":"https:\/\/tto.bau.edu.tr\/en\/wp-json\/wp\/v2\/pages\/11236\/revisions\/11243"}],"wp:attachment":[{"href":"https:\/\/tto.bau.edu.tr\/en\/wp-json\/wp\/v2\/media?parent=11236"}],"curies":[{"name":"wp","href":"https:\/\/api.w.org\/{rel}","templated":true}]}}