{"id":11091,"date":"2026-04-06T14:51:48","date_gmt":"2026-04-06T11:51:48","guid":{"rendered":"https:\/\/tto.bau.edu.tr\/?page_id=11091"},"modified":"2026-04-13T14:29:20","modified_gmt":"2026-04-13T11:29:20","slug":"dr-faculty-member-ilayda-ozturk-altuncevahirs-tubitak-ardeb-1002-short-term-support-module-has-been-entitled-to-be-supported","status":"publish","type":"page","link":"https:\/\/tto.bau.edu.tr\/en\/dr-faculty-member-ilayda-ozturk-altuncevahirs-tubitak-ardeb-1002-short-term-support-module-has-been-entitled-to-be-supported\/","title":{"rendered":"Dr. Faculty Member \u0130layda \u00d6zt\u00fcrk Altuncevahir\u2019s T\u00dcB\u0130TAK \u2013 ARDEB \u201c1002 \u2013 Short Term Support Module\u201d Has Been Entitled to Be Supported!"},"content":{"rendered":"<div  class=\"tatsu-BkbVBeRhRs tatsu-section  tatsu-bg-overlay   tatsu-clearfix\" data-title=\"\"  data-headerscheme=\"background--dark\"><div class='tatsu-section-pad clearfix' data-padding='{\"d\":\"90px 0px 90px 0px\"}' data-padding-top='90px'><div class=\"tatsu-row-wrap  tatsu-wrap tatsu-row-has-one-half tatsu-row-has-two-cols tatsu-medium-gutter tatsu-reg-cols  tatsu-clearfix tatsu-BygEHx0hRo\" ><div  class=\"tatsu-row \" ><div  class=\"tatsu-column  tatsu-bg-overlay tatsu-one-half tatsu-column-image-none tatsu-column-effect-none  tatsu-Hk9BxR2Rj\"  data-parallax-speed=\"0\" style=\"\"><div class=\"tatsu-column-inner \" ><div class=\"tatsu-column-pad-wrap\"><div class=\"tatsu-column-pad\" ><div  class=\"tatsu-single-image tatsu-module tatsu-image-lazyload tatsu-rJhHlR3As  \" ><div class=\"tatsu-single-image-inner \" style=\"width : 1080px;\" ><div class = \"tatsu-single-image-padding-wrap\" style = \"padding-bottom : 100%;\" ><\/div><a href = \"https:\/\/tto.bau.edu.tr\/en\/dr-faculty-member-ilayda-ozturk-altuncevahirs-tubitak-ardeb-1002-a-short-term-support-module-has-been-awarded-support\/\" ><img class = \"tatsu-gradient-border\" alt = \"\" title = \"Assist.-Prof.-I\u0307layda-ENG-post\" data-src = \"https:\/\/tto.bau.edu.tr\/wp-content\/uploads\/2026\/04\/Assist.-Prof.-Ilayda-ENG-post.jpg\" src =\"data:image\/png;base64,iVBORw0KGgoAAAANSUhEUgAAAAEAAAABCAQAAAC1HAwCAAAAC0lEQVR42mNkYAAAAAYAAjCB0C8AAAAASUVORK5CYII=\"  \/><\/a><\/div><style>.tatsu-rJhHlR3As .tatsu-single-image-inner{border-style: solid;max-width: 100%;}.tatsu-rJhHlR3As.tatsu-single-image{transform: translate3d(0px,0px, 0);}<\/style><\/div><\/div><\/div><div class = \"tatsu-column-bg-image-wrap\"><div class = \"tatsu-column-bg-image tatsu-bg-lazyload\" data-src = \"\"><\/div><\/div><div class=\"tatsu-overlay tatsu-column-overlay tatsu-animate-none\" ><\/div><\/div><style>.tatsu-row > .tatsu-Hk9BxR2Rj.tatsu-column{width: 50%;}.tatsu-Hk9BxR2Rj.tatsu-column > .tatsu-column-inner > .tatsu-column-overlay{mix-blend-mode: normal;}.tatsu-Hk9BxR2Rj > .tatsu-column-inner > .tatsu-top-divider{z-index: 9999;}.tatsu-Hk9BxR2Rj > .tatsu-column-inner > .tatsu-bottom-divider{z-index: 9999;}.tatsu-Hk9BxR2Rj > .tatsu-column-inner > .tatsu-left-divider{z-index: 9999;}.tatsu-Hk9BxR2Rj > .tatsu-column-inner > .tatsu-right-divider{z-index: 9999;}@media only screen and (max-width:1377px) {.tatsu-row > .tatsu-Hk9BxR2Rj.tatsu-column{width: 50%;}}@media only screen and (min-width:768px) and (max-width: 1024px) {.tatsu-row > .tatsu-Hk9BxR2Rj.tatsu-column{width: 50%;}}@media only screen and (max-width: 767px) {.tatsu-row > .tatsu-Hk9BxR2Rj.tatsu-column{width: 100%;}}<\/style><\/div><div  class=\"tatsu-column  tatsu-bg-overlay tatsu-one-half tatsu-column-image-none tatsu-column-effect-none  tatsu-Byg5rgC3Cj\"  data-parallax-speed=\"0\" style=\"\"><div class=\"tatsu-column-inner \" ><div class=\"tatsu-column-pad-wrap\"><div class=\"tatsu-column-pad\" ><div  class=\"tatsu-module tatsu-text-block-wrap tatsu-S1Ek1AEUbe  \"><div class=\"tatsu-text-inner tatsu-align-center  clearfix\" ><style>.tatsu-S1Ek1AEUbe.tatsu-text-block-wrap .tatsu-text-inner{width: 100%;text-align: left;}.tatsu-S1Ek1AEUbe.tatsu-text-block-wrap{margin: 0px 0px 10px 0px;}<\/style>\n<h5><strong>T\u00dcB\u0130TAK &#8211; ARDEB &#8220;1002 &#8211; A Short Term Support Module&#8221;<\/strong><\/h5>\n<\/div><\/div><div  class=\"tatsu-module tatsu-text-block-wrap tatsu-rkaUlC3Ri  \"><div class=\"tatsu-text-inner tatsu-align-center  clearfix\" ><style>.tatsu-rkaUlC3Ri.tatsu-text-block-wrap .tatsu-text-inner{width: 100%;text-align: left;}<\/style>\n<p data-start=\"197\" data-end=\"324\">Within the scope of the evaluation results of the <strong>T\u00dcB\u0130TAK &#8211; ARDEB &#8220;1002 &#8211; A Short Term Support Module&#8221;<\/strong> Support Program call; Our academician from <strong>BAU &#8211; Faculty of Health Sciences<\/strong>, <b>Assist. Prof.\u00a0<\/b><strong> \u0130layda \u00d6zt\u00fcrk Altuncevahir\u2019s<\/strong> project titled \u201c<strong>The Effect of Nutrition and Physical Activity Education on Anthropometry, Eating Behavior, and Quality of Life in Children with Celiac Disease: A Randomized Controlled Study<\/strong>\u201d, with a budget of<strong> 91,344 TL<\/strong>, has been awarded support for a duration of <strong>8 months<\/strong>.<\/p>\n<p data-start=\"197\" data-end=\"324\">We congratulate our esteemed academician and wish them continued success in their work.<\/p>\n<\/div><\/div><div  class=\"tatsu-module tatsu-text-block-wrap tatsu-r1AJNF_kZg  \"><div class=\"tatsu-text-inner tatsu-align-center  clearfix\" ><style>.tatsu-r1AJNF_kZg.tatsu-text-block-wrap .tatsu-text-inner{width: 100%;text-align: left;}.tatsu-r1AJNF_kZg.tatsu-text-block-wrap{margin: 150px 0px 30px 0px;}<\/style>\n<p><em>06.04.2026<\/em><\/p>\n<\/div><\/div><\/div><\/div><div class = \"tatsu-column-bg-image-wrap\"><div class = \"tatsu-column-bg-image tatsu-bg-lazyload\" data-src = \"\"><\/div><\/div><div class=\"tatsu-overlay tatsu-column-overlay tatsu-animate-none\" ><\/div><\/div><style>.tatsu-row > .tatsu-Byg5rgC3Cj.tatsu-column{width: 50%;}.tatsu-Byg5rgC3Cj.tatsu-column > .tatsu-column-inner > .tatsu-column-overlay{mix-blend-mode: normal;}.tatsu-Byg5rgC3Cj > .tatsu-column-inner > .tatsu-top-divider{z-index: 9999;}.tatsu-Byg5rgC3Cj > .tatsu-column-inner > .tatsu-bottom-divider{z-index: 9999;}.tatsu-Byg5rgC3Cj > .tatsu-column-inner > .tatsu-left-divider{z-index: 9999;}.tatsu-Byg5rgC3Cj > .tatsu-column-inner > .tatsu-right-divider{z-index: 9999;}@media only screen and (max-width:1377px) {.tatsu-row > .tatsu-Byg5rgC3Cj.tatsu-column{width: 50%;}}@media only screen and (min-width:768px) and (max-width: 1024px) {.tatsu-row > .tatsu-Byg5rgC3Cj.tatsu-column{width: 50%;}}@media only screen and (max-width: 767px) {.tatsu-row > .tatsu-Byg5rgC3Cj.tatsu-column{width: 100%;}}<\/style><\/div><\/div><\/div><\/div><div class=\"tatsu-section-background-wrap\"><div class = \"tatsu-section-background tatsu-bg-lazyload\" data-src = \"\"><\/div><\/div><div class=\"tatsu-overlay tatsu-section-overlay\"><\/div><style>.tatsu-BkbVBeRhRs .tatsu-section-pad{padding: 90px 0px 90px 0px;}.tatsu-BkbVBeRhRs .tatsu-section-offset-wrap{transform: translateY(-0px);}.tatsu-BkbVBeRhRs > .tatsu-bottom-divider{z-index: 9999;}.tatsu-BkbVBeRhRs > .tatsu-top-divider{z-index: 9999;}.tatsu-BkbVBeRhRs .tatsu-section-overlay{mix-blend-mode: normal;}<\/style><\/div>\n","protected":false},"excerpt":{"rendered":"<div><a href=\"https:\/\/tto.bau.edu.tr\/en\/dr-faculty-member-ilayda-ozturk-altuncevahirs-tubitak-ardeb-1002-short-term-support-module-has-been-entitled-to-be-supported\/\" class=\"exp-read-more exp-read-more-underlined\">Read More<\/a><\/div>\n","protected":false},"author":6,"featured_media":0,"parent":0,"menu_order":0,"comment_status":"closed","ping_status":"closed","template":"","meta":{"footnotes":""},"class_list":["post-11091","page","type-page","status-publish","hentry"],"_links":{"self":[{"href":"https:\/\/tto.bau.edu.tr\/en\/wp-json\/wp\/v2\/pages\/11091","targetHints":{"allow":["GET"]}}],"collection":[{"href":"https:\/\/tto.bau.edu.tr\/en\/wp-json\/wp\/v2\/pages"}],"about":[{"href":"https:\/\/tto.bau.edu.tr\/en\/wp-json\/wp\/v2\/types\/page"}],"author":[{"embeddable":true,"href":"https:\/\/tto.bau.edu.tr\/en\/wp-json\/wp\/v2\/users\/6"}],"replies":[{"embeddable":true,"href":"https:\/\/tto.bau.edu.tr\/en\/wp-json\/wp\/v2\/comments?post=11091"}],"version-history":[{"count":12,"href":"https:\/\/tto.bau.edu.tr\/en\/wp-json\/wp\/v2\/pages\/11091\/revisions"}],"predecessor-version":[{"id":11316,"href":"https:\/\/tto.bau.edu.tr\/en\/wp-json\/wp\/v2\/pages\/11091\/revisions\/11316"}],"wp:attachment":[{"href":"https:\/\/tto.bau.edu.tr\/en\/wp-json\/wp\/v2\/media?parent=11091"}],"curies":[{"name":"wp","href":"https:\/\/api.w.org\/{rel}","templated":true}]}}