{"id":11054,"date":"2026-03-23T15:23:12","date_gmt":"2026-03-23T12:23:12","guid":{"rendered":"https:\/\/tto.bau.edu.tr\/?page_id=11054"},"modified":"2026-03-23T15:32:55","modified_gmt":"2026-03-23T12:32:55","slug":"university-industry-collaboration-project-under-the-consultancy-of-our-academic","status":"publish","type":"page","link":"https:\/\/tto.bau.edu.tr\/en\/university-industry-collaboration-project-under-the-consultancy-of-our-academic\/","title":{"rendered":"University\u2013Industry Collaboration Project Under the Consultancy of Our Academic"},"content":{"rendered":"<div  class=\"tatsu-BkbVBeRhRs tatsu-section  tatsu-bg-overlay   tatsu-clearfix\" data-title=\"\"  data-headerscheme=\"background--dark\"><div class='tatsu-section-pad clearfix' data-padding='{\"d\":\"90px 0px 90px 0px\"}' data-padding-top='90px'><div class=\"tatsu-row-wrap  tatsu-wrap tatsu-row-has-one-half tatsu-row-has-two-cols tatsu-medium-gutter tatsu-reg-cols  tatsu-clearfix tatsu-BygEHx0hRo\" ><div  class=\"tatsu-row \" ><div  class=\"tatsu-column  tatsu-bg-overlay tatsu-one-half tatsu-column-image-none tatsu-column-effect-none  tatsu-Hk9BxR2Rj\"  data-parallax-speed=\"0\" style=\"\"><div class=\"tatsu-column-inner \" ><div class=\"tatsu-column-pad-wrap\"><div class=\"tatsu-column-pad\" ><div  class=\"tatsu-single-image tatsu-module tatsu-image-lazyload tatsu-rJhHlR3As  \" ><div class=\"tatsu-single-image-inner \" style=\"width : 1080px;\" ><div class = \"tatsu-single-image-padding-wrap\" style = \"padding-bottom : 125%;\" ><\/div><img class = \"tatsu-gradient-border\" alt = \"\" title = \"U\u0308si-1350-1080-eng&#8211;Dr.-O\u0308g\u0306r.-U\u0308yesi&#8211;Duygu-C\u0327ak\u0131r&#8212;post&#8212;(1).jpg\" data-src = \"https:\/\/tto.bau.edu.tr\/wp-content\/uploads\/2026\/03\/Usi-1350-1080-eng-Dr.-Ogr.-Uyesi-Duygu-Cakir-post-1.jpg.jpeg\" src =\"data:image\/png;base64,iVBORw0KGgoAAAANSUhEUgAAAAEAAAABCAQAAAC1HAwCAAAAC0lEQVR42mNkYAAAAAYAAjCB0C8AAAAASUVORK5CYII=\"  \/><\/div><style>.tatsu-rJhHlR3As .tatsu-single-image-inner{border-style: solid;max-width: 100%;}.tatsu-rJhHlR3As.tatsu-single-image{transform: translate3d(0px,0px, 0);}<\/style><\/div><\/div><\/div><div class = \"tatsu-column-bg-image-wrap\"><div class = \"tatsu-column-bg-image tatsu-bg-lazyload\" data-src = \"\"><\/div><\/div><div class=\"tatsu-overlay tatsu-column-overlay tatsu-animate-none\" ><\/div><\/div><style>.tatsu-row > .tatsu-Hk9BxR2Rj.tatsu-column{width: 50%;}.tatsu-Hk9BxR2Rj.tatsu-column > .tatsu-column-inner > .tatsu-column-overlay{mix-blend-mode: normal;}.tatsu-Hk9BxR2Rj > .tatsu-column-inner > .tatsu-top-divider{z-index: 9999;}.tatsu-Hk9BxR2Rj > .tatsu-column-inner > .tatsu-bottom-divider{z-index: 9999;}.tatsu-Hk9BxR2Rj > .tatsu-column-inner > .tatsu-left-divider{z-index: 9999;}.tatsu-Hk9BxR2Rj > .tatsu-column-inner > .tatsu-right-divider{z-index: 9999;}@media only screen and (max-width:1377px) {.tatsu-row > .tatsu-Hk9BxR2Rj.tatsu-column{width: 50%;}}@media only screen and (min-width:768px) and (max-width: 1024px) {.tatsu-row > .tatsu-Hk9BxR2Rj.tatsu-column{width: 50%;}}@media only screen and (max-width: 767px) {.tatsu-row > .tatsu-Hk9BxR2Rj.tatsu-column{width: 100%;}}<\/style><\/div><div  class=\"tatsu-column  tatsu-bg-overlay tatsu-one-half tatsu-column-image-none tatsu-column-effect-none  tatsu-Byg5rgC3Cj\"  data-parallax-speed=\"0\" style=\"\"><div class=\"tatsu-column-inner \" ><div class=\"tatsu-column-pad-wrap\"><div class=\"tatsu-column-pad\" ><div  class=\"tatsu-module tatsu-text-block-wrap tatsu-S1Ek1AEUbe  \"><div class=\"tatsu-text-inner tatsu-align-center  clearfix\" ><style>.tatsu-S1Ek1AEUbe.tatsu-text-block-wrap .tatsu-text-inner{width: 100%;text-align: left;}.tatsu-S1Ek1AEUbe.tatsu-text-block-wrap{margin: 0px 0px 10px 0px;}<\/style>\n<h5><strong>University\u2013Industry Collaboration Project<\/strong><\/h5>\n<\/div><\/div><div  class=\"tatsu-module tatsu-text-block-wrap tatsu-rkaUlC3Ri  \"><div class=\"tatsu-text-inner tatsu-align-center  clearfix\" ><style>.tatsu-rkaUlC3Ri.tatsu-text-block-wrap .tatsu-text-inner{width: 100%;text-align: left;}<\/style>\n<p data-end=\"483\" data-start=\"122\">Bah\u00e7e\u015fehir University has signed and brought into force a Consultancy Agreement with IBSS Teknoloji ve Yaz\u0131l\u0131m Anonim \u015eirketi within the scope of the project titled \u201c<b>Development of R&amp;D and Project Processes.<\/b>\u201d<\/p>\n<p>The project will be carried out under the consultancy of\u00a0<b>Assist. Prof.\u00a0Duygu \u00c7ak\u0131r Yenido\u011fan<\/b>, faculty member of the Faculty of Engineering and Natural Sciences at Bah\u00e7e\u015fehir University. The consultancy agreement is planned for a duration of\u00a0<b>11 months.<\/b><\/p>\n<p>The project aims to strengthen the company\u2019s R&amp;D and T\u00dcB\u0130TAK project development processes, while increasing the efficiency and outputs of its project activities. Through this collaboration, it is also intended to facilitate the transfer of Bah\u00e7e\u015fehir University\u2019s academic knowledge and research expertise in engineering to the industry.<\/p>\n<p>We would like to thank all academic and administrative stakeholders who have contributed to this process and wish the project team a successful and productive term.<\/p>\n<\/div><\/div><div  class=\"tatsu-module tatsu-text-block-wrap tatsu-r1AJNF_kZg  \"><div class=\"tatsu-text-inner tatsu-align-center  clearfix\" ><style>.tatsu-r1AJNF_kZg.tatsu-text-block-wrap .tatsu-text-inner{width: 100%;text-align: left;}.tatsu-r1AJNF_kZg.tatsu-text-block-wrap{margin: 5px 0px 0px 0px;}<\/style>\n<p><em>23.03.2026<\/em><\/p>\n<\/div><\/div><\/div><\/div><div class = \"tatsu-column-bg-image-wrap\"><div class = \"tatsu-column-bg-image tatsu-bg-lazyload\" data-src = \"\"><\/div><\/div><div class=\"tatsu-overlay tatsu-column-overlay tatsu-animate-none\" ><\/div><\/div><style>.tatsu-row > .tatsu-Byg5rgC3Cj.tatsu-column{width: 50%;}.tatsu-Byg5rgC3Cj.tatsu-column > .tatsu-column-inner > .tatsu-column-overlay{mix-blend-mode: normal;}.tatsu-Byg5rgC3Cj > .tatsu-column-inner > .tatsu-top-divider{z-index: 9999;}.tatsu-Byg5rgC3Cj > .tatsu-column-inner > .tatsu-bottom-divider{z-index: 9999;}.tatsu-Byg5rgC3Cj > .tatsu-column-inner > .tatsu-left-divider{z-index: 9999;}.tatsu-Byg5rgC3Cj > .tatsu-column-inner > .tatsu-right-divider{z-index: 9999;}@media only screen and (max-width:1377px) {.tatsu-row > .tatsu-Byg5rgC3Cj.tatsu-column{width: 50%;}}@media only screen and (min-width:768px) and (max-width: 1024px) {.tatsu-row > .tatsu-Byg5rgC3Cj.tatsu-column{width: 50%;}}@media only screen and (max-width: 767px) {.tatsu-row > .tatsu-Byg5rgC3Cj.tatsu-column{width: 100%;}}<\/style><\/div><\/div><\/div><\/div><div class=\"tatsu-section-background-wrap\"><div class = \"tatsu-section-background tatsu-bg-lazyload\" data-src = \"\"><\/div><\/div><div class=\"tatsu-overlay tatsu-section-overlay\"><\/div><style>.tatsu-BkbVBeRhRs .tatsu-section-pad{padding: 90px 0px 90px 0px;}.tatsu-BkbVBeRhRs .tatsu-section-offset-wrap{transform: translateY(-0px);}.tatsu-BkbVBeRhRs > .tatsu-bottom-divider{z-index: 9999;}.tatsu-BkbVBeRhRs > .tatsu-top-divider{z-index: 9999;}.tatsu-BkbVBeRhRs .tatsu-section-overlay{mix-blend-mode: normal;}<\/style><\/div>\n","protected":false},"excerpt":{"rendered":"<div><a href=\"https:\/\/tto.bau.edu.tr\/en\/university-industry-collaboration-project-under-the-consultancy-of-our-academic\/\" class=\"exp-read-more exp-read-more-underlined\">Read More<\/a><\/div>\n","protected":false},"author":3,"featured_media":0,"parent":0,"menu_order":0,"comment_status":"closed","ping_status":"closed","template":"","meta":{"footnotes":""},"class_list":["post-11054","page","type-page","status-publish","hentry"],"_links":{"self":[{"href":"https:\/\/tto.bau.edu.tr\/en\/wp-json\/wp\/v2\/pages\/11054","targetHints":{"allow":["GET"]}}],"collection":[{"href":"https:\/\/tto.bau.edu.tr\/en\/wp-json\/wp\/v2\/pages"}],"about":[{"href":"https:\/\/tto.bau.edu.tr\/en\/wp-json\/wp\/v2\/types\/page"}],"author":[{"embeddable":true,"href":"https:\/\/tto.bau.edu.tr\/en\/wp-json\/wp\/v2\/users\/3"}],"replies":[{"embeddable":true,"href":"https:\/\/tto.bau.edu.tr\/en\/wp-json\/wp\/v2\/comments?post=11054"}],"version-history":[{"count":4,"href":"https:\/\/tto.bau.edu.tr\/en\/wp-json\/wp\/v2\/pages\/11054\/revisions"}],"predecessor-version":[{"id":11071,"href":"https:\/\/tto.bau.edu.tr\/en\/wp-json\/wp\/v2\/pages\/11054\/revisions\/11071"}],"wp:attachment":[{"href":"https:\/\/tto.bau.edu.tr\/en\/wp-json\/wp\/v2\/media?parent=11054"}],"curies":[{"name":"wp","href":"https:\/\/api.w.org\/{rel}","templated":true}]}}