{"id":10794,"date":"2026-02-25T16:18:05","date_gmt":"2026-02-25T13:18:05","guid":{"rendered":"https:\/\/tto.bau.edu.tr\/?page_id=10794"},"modified":"2026-02-25T16:23:48","modified_gmt":"2026-02-25T13:23:48","slug":"tubitak-ardeb-project-training-for-faculty-members-of-the-faculty-of-educational-sciences-by-bautto","status":"publish","type":"page","link":"https:\/\/tto.bau.edu.tr\/en\/tubitak-ardeb-project-training-for-faculty-members-of-the-faculty-of-educational-sciences-by-bautto\/","title":{"rendered":"T\u00dcB\u0130TAK-ARDEB Project Training for Faculty Members of the Faculty of Educational Sciences by BAUTTO"},"content":{"rendered":"<div  class=\"tatsu-rJZsBJtQU3 tatsu-section  tatsu-bg-overlay   tatsu-clearfix\" data-title=\"\"  data-headerscheme=\"background--dark\"><div class='tatsu-section-pad clearfix' data-padding='{\"d\":\"90px 0px 90px 0px\"}' data-padding-top='90px'><\/div><div class=\"tatsu-section-background-wrap\"><div class = \"tatsu-section-background tatsu-bg-lazyload\" data-src = \"\"><\/div><\/div><div class=\"tatsu-overlay tatsu-section-overlay\"><\/div><style>.tatsu-rJZsBJtQU3 .tatsu-section-pad{padding: 90px 0px 90px 0px;}.tatsu-rJZsBJtQU3 .tatsu-section-offset-wrap{transform: translateY(-0px);}.tatsu-rJZsBJtQU3 > .tatsu-bottom-divider{z-index: 9999;}.tatsu-rJZsBJtQU3 > .tatsu-top-divider{z-index: 9999;}.tatsu-rJZsBJtQU3 .tatsu-section-overlay{mix-blend-mode: normal;}<\/style><\/div><div  class=\"tatsu-S1ZuvM2iaxe tatsu-section  tatsu-bg-overlay   tatsu-clearfix\" data-title=\"\"  data-headerscheme=\"background--dark\"><div class='tatsu-section-pad clearfix' data-padding='{\"d\":\"0px 0px 0px 0px\"}' data-padding-top='0px'><div class=\"tatsu-row-wrap  tatsu-wrap tatsu-row-one-col tatsu-row-has-one-cols tatsu-medium-gutter tatsu-reg-cols  tatsu-clearfix tatsu-Bke_Pf3oplx\" ><div  class=\"tatsu-row \" ><div  class=\"tatsu-column  tatsu-bg-overlay tatsu-one-col tatsu-column-image-none tatsu-column-effect-none  tatsu-HyuvG2sTlx\"  data-parallax-speed=\"0\" style=\"\"><div class=\"tatsu-column-inner \" ><div class=\"tatsu-column-pad-wrap\"><div class=\"tatsu-column-pad\" >            <div  class = \"tatsu-media-carousel tatsu-module clearfix  tatsu-rJKqV3jaxe\" >\n                <style>.tatsu-rJKqV3jaxe .tatsu-carousel-col{padding: 0 10px;}.tatsu-rJKqV3jaxe .tatsu-carousel{margin: 0 -10px;}.tatsu-rJKqV3jaxe .tatsu-carousel-col-inner{height: 150px;}.tatsu-rJKqV3jaxe .flickity-page-dots .is-selected{background: rgba(23,129,241,1);}<\/style>                <div class = \"tatsu-media-carousel-inner tatsu-carousel tatsu-variable-carousel tatsu-carousel-adaptive-image\" data-variable-width = \"1\" data-free-scroll = \"1\" data-arrows = \"1\" data-outer-arrows = \"1\" data-infinite = \"1\" data-dots = \"1\" data-autoplay = \"1\" data-autoplay-speed = \"2000\" >\n                                                                                                        <div class = \"tatsu-media-slide tatsu-carousel-col\">\n                                    <div class = \"tatsu-media-slide-inner tatsu-carousel-col-inner\">\n                                                                                    <a href=\"https:\/\/tto.bau.edu.tr\/wp-content\/uploads\/2026\/02\/3.jpg\" class = \"light_box\"><img class = \"tatsu-carousel-img\" alt = \"\" data-aspect-ratio = \"1.3333333333333\" src = \"https:\/\/tto.bau.edu.tr\/wp-content\/uploads\/2026\/02\/3.jpg\" \/><\/a>\n                                                                           <\/div>\n                                <\/div>\n                                                                                    <div class = \"tatsu-media-slide tatsu-carousel-col\">\n                                    <div class = \"tatsu-media-slide-inner tatsu-carousel-col-inner\">\n                                                                                    <a href=\"https:\/\/tto.bau.edu.tr\/wp-content\/uploads\/2026\/02\/2.jpg\" class = \"light_box\"><img class = \"tatsu-carousel-img\" alt = \"\" data-aspect-ratio = \"1.3333333333333\" src = \"https:\/\/tto.bau.edu.tr\/wp-content\/uploads\/2026\/02\/2.jpg\" \/><\/a>\n                                                                           <\/div>\n                                <\/div>\n                                                                                    <div class = \"tatsu-media-slide tatsu-carousel-col\">\n                                    <div class = \"tatsu-media-slide-inner tatsu-carousel-col-inner\">\n                                                                                    <a href=\"https:\/\/tto.bau.edu.tr\/wp-content\/uploads\/2026\/02\/1.jpg\" class = \"light_box\"><img class = \"tatsu-carousel-img\" alt = \"\" data-aspect-ratio = \"1.3333333333333\" src = \"https:\/\/tto.bau.edu.tr\/wp-content\/uploads\/2026\/02\/1.jpg\" \/><\/a>\n                                                                           <\/div>\n                                <\/div>\n                                                                                    <div class = \"tatsu-media-slide tatsu-carousel-col\">\n                                    <div class = \"tatsu-media-slide-inner tatsu-carousel-col-inner\">\n                                                                                    <a href=\"https:\/\/tto.bau.edu.tr\/wp-content\/uploads\/2026\/02\/5.jpg\" class = \"light_box\"><img class = \"tatsu-carousel-img\" alt = \"\" data-aspect-ratio = \"1.3333333333333\" src = \"https:\/\/tto.bau.edu.tr\/wp-content\/uploads\/2026\/02\/5.jpg\" \/><\/a>\n                                                                           <\/div>\n                                <\/div>\n                                                            <\/div>\n            <\/div>\n        <div  class=\"tatsu-module tatsu-text-block-wrap tatsu-BkOkvO2_Wg  \"><div class=\"tatsu-text-inner tatsu-align-center  clearfix\" ><style>.tatsu-BkOkvO2_Wg.tatsu-text-block-wrap .tatsu-text-inner{width: 100%;text-align: left;}<\/style>\n<h5><strong>T\u00dcB\u0130TAK-ARDEB Project Training for Faculty Members of the Faculty of Educational Sciences by BAUTTO<\/strong><\/h5>\n<\/div><\/div><div  class=\"tatsu-module tatsu-text-block-wrap tatsu-S1jaGnoTxx  \"><div class=\"tatsu-text-inner tatsu-align-center  clearfix\" ><style>.tatsu-S1jaGnoTxx.tatsu-text-block-wrap .tatsu-text-inner{width: 100%;text-align: left;padding: 0px 0px 20px 0px;}.tatsu-S1jaGnoTxx.tatsu-text-block-wrap{margin: 0px 0px 0px 0px;}<\/style>\n<p>On 25 February 2026, Bah\u00e7e\u015fehir University Technology Transfer Office (BAUTTO) organized a T\u00dcB\u0130TAK Research Support Programs Directorate (ARDEB) Project Training for faculty members and academics of Bah\u00e7e\u015fehir University\u2019s Faculty of Educational Sciences. The training was delivered by Hamdi Apal\u0131, BAUTTO National Projects &#038; BAP Specialist, and provided comprehensive information on T\u00dcB\u0130TAK ARDEB national academic R&#038;D support programs.<\/p>\n<p>The session covered the general structure of ARDEB support programs, prominent funding schemes such as the 1001 and 1003 programs, application and evaluation processes, and the systems available to researchers. Participants were also informed about the role of platforms such as ARB\u0130S, the T\u00dcB\u0130TAK Application Wizard, and TARAB\u0130S in project development, as well as access to past project results through the T\u00dcB\u0130TAK-funded projects database.<\/p>\n<p>Key technical requirements of the application process were addressed, including required documentation, data management plans, and intellectual property ownership procedures. Important reminders were also provided regarding the mandatory use of Qualified Electronic Certificates (NES) and e-signatures in ARDEB applications.<\/p>\n<p>In addition, the training highlighted BAUTTO\u2019s support services, including systematic monitoring of funding calls, matching academics with suitable programs based on their research areas, pre-evaluation of project proposals, and administrative coordination throughout the project lifecycle.<\/p>\n<p>BAUTTO will continue its information and project support activities to strengthen the University\u2019s research capacity and to enhance academics\u2019 effective participation in national funding programs.<\/p>\n<\/div><\/div><div  class=\"tatsu-module tatsu-text-block-wrap tatsu-i6c4rv7otaaqotzc  \"><div class=\"tatsu-text-inner tatsu-align-center  clearfix\" ><style>.tatsu-i6c4rv7otaaqotzc.tatsu-text-block-wrap .tatsu-text-inner{width: 100%;text-align: left;padding: 10px 15px 50px 0px;}.tatsu-i6c4rv7otaaqotzc.tatsu-text-block-wrap{margin: 0px 0px 0px 0px;}<\/style>\n<p style=\"text-align: left;\"><em>Date: 25.10.2026<\/em><\/p>\n<\/div><\/div><\/div><\/div><div class = \"tatsu-column-bg-image-wrap\"><div class = \"tatsu-column-bg-image tatsu-bg-lazyload\" data-src = \"\"><\/div><\/div><div class=\"tatsu-overlay tatsu-column-overlay tatsu-animate-none\" ><\/div><\/div><style>.tatsu-row > .tatsu-HyuvG2sTlx.tatsu-column{width: 100%;}.tatsu-HyuvG2sTlx.tatsu-column > .tatsu-column-inner > .tatsu-column-overlay{mix-blend-mode: normal;}.tatsu-HyuvG2sTlx > .tatsu-column-inner > .tatsu-top-divider{z-index: 9999;}.tatsu-HyuvG2sTlx > .tatsu-column-inner > .tatsu-bottom-divider{z-index: 9999;}.tatsu-HyuvG2sTlx > .tatsu-column-inner > .tatsu-left-divider{z-index: 9999;}.tatsu-HyuvG2sTlx > .tatsu-column-inner > .tatsu-right-divider{z-index: 9999;}@media only screen and (max-width:1377px) {.tatsu-row > .tatsu-HyuvG2sTlx.tatsu-column{width: 100%;}}@media only screen and (min-width:768px) and (max-width: 1024px) {.tatsu-row > .tatsu-HyuvG2sTlx.tatsu-column{width: 100%;}}@media only screen and (max-width: 767px) {.tatsu-row > .tatsu-HyuvG2sTlx.tatsu-column{width: 100%;}}<\/style><\/div><\/div><\/div><\/div><div class=\"tatsu-section-background-wrap\"><div class = \"tatsu-section-background tatsu-bg-lazyload\" data-src = \"\"><\/div><\/div><div class=\"tatsu-overlay tatsu-section-overlay\"><\/div><style>.tatsu-S1ZuvM2iaxe .tatsu-section-offset-wrap{transform: translateY(-0px);}.tatsu-S1ZuvM2iaxe > .tatsu-bottom-divider{z-index: 9999;}.tatsu-S1ZuvM2iaxe > .tatsu-top-divider{z-index: 9999;}.tatsu-S1ZuvM2iaxe .tatsu-section-overlay{mix-blend-mode: normal;}<\/style><\/div>\n","protected":false},"excerpt":{"rendered":"<div><a href=\"https:\/\/tto.bau.edu.tr\/en\/tubitak-ardeb-project-training-for-faculty-members-of-the-faculty-of-educational-sciences-by-bautto\/\" class=\"exp-read-more exp-read-more-underlined\">Read More<\/a><\/div>\n","protected":false},"author":3,"featured_media":0,"parent":0,"menu_order":0,"comment_status":"closed","ping_status":"closed","template":"","meta":{"footnotes":""},"class_list":["post-10794","page","type-page","status-publish","hentry"],"_links":{"self":[{"href":"https:\/\/tto.bau.edu.tr\/en\/wp-json\/wp\/v2\/pages\/10794","targetHints":{"allow":["GET"]}}],"collection":[{"href":"https:\/\/tto.bau.edu.tr\/en\/wp-json\/wp\/v2\/pages"}],"about":[{"href":"https:\/\/tto.bau.edu.tr\/en\/wp-json\/wp\/v2\/types\/page"}],"author":[{"embeddable":true,"href":"https:\/\/tto.bau.edu.tr\/en\/wp-json\/wp\/v2\/users\/3"}],"replies":[{"embeddable":true,"href":"https:\/\/tto.bau.edu.tr\/en\/wp-json\/wp\/v2\/comments?post=10794"}],"version-history":[{"count":3,"href":"https:\/\/tto.bau.edu.tr\/en\/wp-json\/wp\/v2\/pages\/10794\/revisions"}],"predecessor-version":[{"id":10801,"href":"https:\/\/tto.bau.edu.tr\/en\/wp-json\/wp\/v2\/pages\/10794\/revisions\/10801"}],"wp:attachment":[{"href":"https:\/\/tto.bau.edu.tr\/en\/wp-json\/wp\/v2\/media?parent=10794"}],"curies":[{"name":"wp","href":"https:\/\/api.w.org\/{rel}","templated":true}]}}