{"id":10314,"date":"2026-01-15T14:30:52","date_gmt":"2026-01-15T11:30:52","guid":{"rendered":"https:\/\/tto.bau.edu.tr\/?page_id=10314"},"modified":"2026-01-15T15:37:16","modified_gmt":"2026-01-15T12:37:16","slug":"coursegpt-workshop-took-place-at-bahcesehir-university-faculty-of-medicine","status":"publish","type":"page","link":"https:\/\/tto.bau.edu.tr\/en\/coursegpt-workshop-took-place-at-bahcesehir-university-faculty-of-medicine\/","title":{"rendered":"\u201cCourseGPT Workshop Took Place at Bah\u00e7e\u015fehir University Faculty of Medicine!\u201d"},"content":{"rendered":"<div  class=\"tatsu-rJZsBJtQU3 tatsu-section  tatsu-bg-overlay   tatsu-clearfix\" data-title=\"\"  data-headerscheme=\"background--dark\"><div class='tatsu-section-pad clearfix' data-padding='{\"d\":\"90px 0px 90px 0px\"}' data-padding-top='90px'><div class=\"tatsu-row-wrap  tatsu-wrap tatsu-row-has-one-half tatsu-row-has-two-cols tatsu-medium-gutter tatsu-reg-cols  tatsu-clearfix tatsu-BylsBJtXU2\" ><div  class=\"tatsu-row \" ><div  class=\"tatsu-column  tatsu-bg-overlay tatsu-one-half tatsu-column-image-none tatsu-column-effect-none  tatsu-Sk3ByKmUn\"  data-parallax-speed=\"0\" style=\"\"><div class=\"tatsu-column-inner \" ><div class=\"tatsu-column-pad-wrap\"><div class=\"tatsu-column-pad\" >            <div  class = \"tatsu-media-carousel tatsu-module clearfix  tatsu-SJga8d_kbx\" >\n                <style>.tatsu-SJga8d_kbx .tatsu-carousel-col{padding: 0 2.5px;}.tatsu-SJga8d_kbx .tatsu-carousel{margin: 0 -2.5px;}.tatsu-SJga8d_kbx .flickity-page-dots .is-selected{background: rgba(23,129,241,1);}.tatsu-SJga8d_kbx{padding: 0 0 0px 0;margin: -230px 0px 0px 0px;}<\/style>                <div class = \"tatsu-media-carousel-inner tatsu-carousel tatsu-client-carousel tatsu-full-screen-carousel tatsu-carousel-cols-1\" data-fullscreen = \"1\" data-free-scroll = \"1\" data-arrows = \"1\" data-outer-arrows = \"1\" data-infinite = \"1\" data-dots = \"1\" data-autoplay-speed = \"2000\" >\n                                                                                                        <div class = \"tatsu-media-slide tatsu-carousel-col\">\n                                    <div class = \"tatsu-media-slide-inner tatsu-carousel-col-inner\">\n                                                                                    <a href=\"https:\/\/tto.bau.edu.tr\/wp-content\/uploads\/2026\/01\/1-1.jpeg\" class = \"light_box\"><img class = \"tatsu-carousel-img\" alt = \"\" src = \"https:\/\/tto.bau.edu.tr\/wp-content\/uploads\/2026\/01\/1-1.jpeg\" \/><\/a>\n                                                                           <\/div>\n                                <\/div>\n                                                                                    <div class = \"tatsu-media-slide tatsu-carousel-col\">\n                                    <div class = \"tatsu-media-slide-inner tatsu-carousel-col-inner\">\n                                                                                    <a href=\"https:\/\/tto.bau.edu.tr\/wp-content\/uploads\/2026\/01\/2-1.jpeg\" class = \"light_box\"><img class = \"tatsu-carousel-img\" alt = \"\" src = \"https:\/\/tto.bau.edu.tr\/wp-content\/uploads\/2026\/01\/2-1.jpeg\" \/><\/a>\n                                                                           <\/div>\n                                <\/div>\n                                                                                    <div class = \"tatsu-media-slide tatsu-carousel-col\">\n                                    <div class = \"tatsu-media-slide-inner tatsu-carousel-col-inner\">\n                                                                                    <a href=\"https:\/\/tto.bau.edu.tr\/wp-content\/uploads\/2026\/01\/3jpeg-1.jpeg\" class = \"light_box\"><img class = \"tatsu-carousel-img\" alt = \"\" src = \"https:\/\/tto.bau.edu.tr\/wp-content\/uploads\/2026\/01\/3jpeg-1.jpeg\" \/><\/a>\n                                                                           <\/div>\n                                <\/div>\n                                                            <\/div>\n            <\/div>\n        <div  class = \"tatsu-module tatsu-multi-layer-images  tatsu-SkbGnhE8rWe  \"  ><div  class = \"tatsu-multi-layer-image  tatsu-SJMhn4ISWx    \"  style = \"width : 900px;\"><div class = \"tatsu-multi-layer-image-inner\"><div class = \"tatsu-multi-image-padding\" style = \"padding-bottom : 25.556%;\"><\/div><img class = \"img-class\" alt = \"\" src = \"https:\/\/tto.bau.edu.tr\/wp-content\/uploads\/2026\/01\/clt-logo-dark.png\" \/><\/div><style>.tatsu-SJMhn4ISWx.tatsu-multi-layer-image{transform: translate3d(0px,0px, 0);max-width: 39%;z-index: 1;}.tatsu-SJMhn4ISWx img{box-shadow: 0px 0px 0px 0px rgba(0,0,0,0);}<\/style><\/div><div  class = \"tatsu-multi-layer-image  tatsu-HylM3nE8BWx    \"  style = \"width : 2560px;\"><div class = \"tatsu-multi-layer-image-inner\"><div class = \"tatsu-multi-image-padding\" style = \"padding-bottom : 24.844%;\"><\/div><img class = \"img-class\" alt = \"\" src = \"https:\/\/tto.bau.edu.tr\/wp-content\/uploads\/2026\/01\/AI_Compenmtency-Unit_Logo1-scaled.png\" \/><\/div><style>.tatsu-HylM3nE8BWx.tatsu-multi-layer-image{transform: translate3d(314px,0px, 0);max-width: 40%;z-index: 1;}.tatsu-HylM3nE8BWx img{box-shadow: 0px 0px 0px 0px rgba(0,0,0,0);}<\/style><\/div><style>.tatsu-SkbGnhE8rWe{margin: -163px 0px 0px 0px;}<\/style><\/div><\/div><\/div><div class = \"tatsu-column-bg-image-wrap\"><div class = \"tatsu-column-bg-image tatsu-bg-lazyload\" data-src = \"\"><\/div><\/div><div class=\"tatsu-overlay tatsu-column-overlay tatsu-animate-none\" ><\/div><\/div><style>.tatsu-row > .tatsu-Sk3ByKmUn.tatsu-column{width: 50%;}.tatsu-Sk3ByKmUn.tatsu-column > .tatsu-column-inner > .tatsu-column-overlay{mix-blend-mode: normal;}.tatsu-Sk3ByKmUn > .tatsu-column-inner > .tatsu-top-divider{z-index: 9999;}.tatsu-Sk3ByKmUn > .tatsu-column-inner > .tatsu-bottom-divider{z-index: 9999;}.tatsu-Sk3ByKmUn > .tatsu-column-inner > .tatsu-left-divider{z-index: 9999;}.tatsu-Sk3ByKmUn > .tatsu-column-inner > .tatsu-right-divider{z-index: 9999;}@media only screen and (max-width:1377px) {.tatsu-row > .tatsu-Sk3ByKmUn.tatsu-column{width: 50%;}}@media only screen and (min-width:768px) and (max-width: 1024px) {.tatsu-row > .tatsu-Sk3ByKmUn.tatsu-column{width: 50%;}}@media only screen and (max-width: 767px) {.tatsu-row > .tatsu-Sk3ByKmUn.tatsu-column{width: 100%;}}<\/style><\/div><div  class=\"tatsu-column  tatsu-bg-overlay tatsu-one-half tatsu-column-image-none tatsu-column-effect-none  tatsu-Hyl2S1KQ8h\"  data-parallax-speed=\"0\" style=\"\"><div class=\"tatsu-column-inner \" ><div class=\"tatsu-column-pad-wrap\"><div class=\"tatsu-column-pad\" ><div  class=\"tatsu-module tatsu-text-block-wrap tatsu-SkfPkYQ83  \"><div class=\"tatsu-text-inner tatsu-align-center  clearfix\" ><style>.tatsu-SkfPkYQ83.tatsu-text-block-wrap .tatsu-text-inner{width: 100%;text-align: left;}<\/style>\n<p data-start=\"74\" data-end=\"130\"><strong data-start=\"74\" data-end=\"130\">\u201cCourseGPT Workshop\u201d Held at BAU Faculty of Medicine<\/strong><\/p>\n<p data-start=\"132\" data-end=\"509\">A <strong>\u201cCourseGPT Workshop\u201d<\/strong> was held at<strong> Bah\u00e7e\u015fehir University Faculty of Medicine<\/strong> in collaboration with <strong>OpenAI<\/strong>, the <strong>Artificial Intelligence Competency Unit<\/strong>, and the <strong>Center for Learning and Teaching (CLT).<\/strong> Within the scope of the workshop, faculty members of the <strong>Faculty of Medicine<\/strong> gained knowledge and competencies on the use of <strong>AI<\/strong>-powered tools in teaching and learning processes.<\/p>\n<p data-start=\"511\" data-end=\"970\">During the hands-on training sessions conducted by <strong>Dr. Sezin E\u015ffer \u00d6nd\u00fcn\u00e7<\/strong>, participants explored the potential of artificial intelligence to create effective, accessible, and inclusive learning environments in educational processes. Throughout the workshop, examples were shared on how <strong>GPT<\/strong>-based assistants can be designed in line with course objectives, content, and teaching\u2013learning processes through activities carried out using the OpenAI infrastructure.<\/p>\n<p data-start=\"972\" data-end=\"1372\" data-is-last-node=\"\" data-is-only-node=\"\">The activities conducted as part of the workshop contributed to the development of approaches that support digital transformation in educational practices. Within the framework of the university\u2019s artificial intelligence initiative, these trainings are planned to be expanded to all academic and administrative units of <strong>Bah\u00e7e\u015fehir University<\/strong> in the upcoming period, aiming to create a broader impact.<\/p>\n<\/div><\/div><div  class=\"tatsu-module tatsu-text-block-wrap tatsu-i6ax64qudt618xal  \"><div class=\"tatsu-text-inner tatsu-align-center  clearfix\" ><style>.tatsu-i6ax64qudt618xal.tatsu-text-block-wrap .tatsu-text-inner{width: 100%;text-align: left;padding: 0px 0px 10px 0px;}.tatsu-i6ax64qudt618xal.tatsu-text-block-wrap{margin: 0px 0px 0px 0px;}<\/style>\n<p style=\"text-align: left;\"><em>Tarih: 15.01.2026<\/em><\/p>\n<\/div><\/div><\/div><\/div><div class = \"tatsu-column-bg-image-wrap\"><div class = \"tatsu-column-bg-image tatsu-bg-lazyload\" data-src = \"\"><\/div><\/div><div class=\"tatsu-overlay tatsu-column-overlay tatsu-animate-none\" ><\/div><\/div><style>.tatsu-row > .tatsu-Hyl2S1KQ8h.tatsu-column{width: 50%;}.tatsu-Hyl2S1KQ8h.tatsu-column > .tatsu-column-inner > .tatsu-column-overlay{mix-blend-mode: normal;}.tatsu-Hyl2S1KQ8h > .tatsu-column-inner > .tatsu-top-divider{z-index: 9999;}.tatsu-Hyl2S1KQ8h > .tatsu-column-inner > .tatsu-bottom-divider{z-index: 9999;}.tatsu-Hyl2S1KQ8h > .tatsu-column-inner > .tatsu-left-divider{z-index: 9999;}.tatsu-Hyl2S1KQ8h > .tatsu-column-inner > .tatsu-right-divider{z-index: 9999;}@media only screen and (max-width:1377px) {.tatsu-row > .tatsu-Hyl2S1KQ8h.tatsu-column{width: 50%;}}@media only screen and (min-width:768px) and (max-width: 1024px) {.tatsu-row > .tatsu-Hyl2S1KQ8h.tatsu-column{width: 50%;}}@media only screen and (max-width: 767px) {.tatsu-row > .tatsu-Hyl2S1KQ8h.tatsu-column{width: 100%;}}<\/style><\/div><\/div><\/div><\/div><div class=\"tatsu-section-background-wrap\"><div class = \"tatsu-section-background tatsu-bg-lazyload\" data-src = \"\"><\/div><\/div><div class=\"tatsu-overlay tatsu-section-overlay\"><\/div><style>.tatsu-rJZsBJtQU3 .tatsu-section-pad{padding: 90px 0px 90px 0px;}.tatsu-rJZsBJtQU3 .tatsu-section-offset-wrap{transform: translateY(-0px);}.tatsu-rJZsBJtQU3 > .tatsu-bottom-divider{z-index: 9999;}.tatsu-rJZsBJtQU3 > .tatsu-top-divider{z-index: 9999;}.tatsu-rJZsBJtQU3 .tatsu-section-overlay{mix-blend-mode: normal;}<\/style><\/div>\n","protected":false},"excerpt":{"rendered":"<div><a href=\"https:\/\/tto.bau.edu.tr\/en\/coursegpt-workshop-took-place-at-bahcesehir-university-faculty-of-medicine\/\" class=\"exp-read-more exp-read-more-underlined\">Read More<\/a><\/div>\n","protected":false},"author":6,"featured_media":0,"parent":0,"menu_order":0,"comment_status":"closed","ping_status":"closed","template":"","meta":{"footnotes":""},"class_list":["post-10314","page","type-page","status-publish","hentry"],"_links":{"self":[{"href":"https:\/\/tto.bau.edu.tr\/en\/wp-json\/wp\/v2\/pages\/10314","targetHints":{"allow":["GET"]}}],"collection":[{"href":"https:\/\/tto.bau.edu.tr\/en\/wp-json\/wp\/v2\/pages"}],"about":[{"href":"https:\/\/tto.bau.edu.tr\/en\/wp-json\/wp\/v2\/types\/page"}],"author":[{"embeddable":true,"href":"https:\/\/tto.bau.edu.tr\/en\/wp-json\/wp\/v2\/users\/6"}],"replies":[{"embeddable":true,"href":"https:\/\/tto.bau.edu.tr\/en\/wp-json\/wp\/v2\/comments?post=10314"}],"version-history":[{"count":0,"href":"https:\/\/tto.bau.edu.tr\/en\/wp-json\/wp\/v2\/pages\/10314\/revisions"}],"wp:attachment":[{"href":"https:\/\/tto.bau.edu.tr\/en\/wp-json\/wp\/v2\/media?parent=10314"}],"curies":[{"name":"wp","href":"https:\/\/api.w.org\/{rel}","templated":true}]}}